{"id":93,"date":"2022-07-07T16:41:13","date_gmt":"2022-07-07T19:41:13","guid":{"rendered":"https:\/\/wp.ufpel.edu.br\/famedcol\/?page_id=93"},"modified":"2023-04-18T09:38:00","modified_gmt":"2023-04-18T12:38:00","slug":"mobilidade-academica-andifes","status":"publish","type":"page","link":"https:\/\/wp.ufpel.edu.br\/famedcol\/mobilidade-academica-andifes\/","title":{"rendered":"Mobilidade \/ Internato"},"content":{"rendered":"<p style=\"text-align: justify;\" align=\"center\">O Programa de Mobilidade Acad\u00eamica Nacional tem por finalidade proporcionar ao\/a discente de gradua\u00e7\u00e3o regularmente matriculado\/a, a possibilidade de cursar atividades\/componentes curriculares em outras Institui\u00e7\u00f5es Federais de Ensino Superior nacionais, sem preju\u00edzos para integraliza\u00e7\u00e3o do seu curso de origem.<\/p>\n<p style=\"text-align: justify;\">A Pr\u00f3-Reitoria de Ensino (PRE) da UFPEL, atrav\u00e9s do N\u00facleo de Programas e Projetos (NUPROP), faz a intermedia\u00e7\u00e3o das solicita\u00e7\u00f5es de mobilidade acad\u00eamica nacional, tanto como Institui\u00e7\u00e3o de origem, quanto como Institui\u00e7\u00e3o receptora.<\/p>\n<p style=\"text-align: justify;\">A mobilidade acad\u00eamica nacional na UFPel est\u00e1 regulamentada pelo COCEPE, atrav\u00e9s da\u00a0<strong><a href=\"https:\/\/wp.ufpel.edu.br\/scs\/files\/2018\/12\/Resolu%C3%A7%C3%A3o-40.2018.pdf\">Resolu\u00e7\u00e3o n\u00ba 40\/2018<\/a><\/strong>.<\/p>\n<p style=\"text-align: justify;\">A UFPel atualmente integra <strong>apenas<\/strong> o\u00a0<a href=\"http:\/\/www.andifes.org.br\/wp-content\/uploads\/2012\/04\/Convenio_Andifes_de_Mobilidade_Academica.pdf\">Conv\u00eanio Andifes de Mobilidade Acad\u00eamica<\/a>. Portanto, alunos da UFPel s\u00f3 conseguem realizar mobilidade nacional para Universidades signat\u00e1rias do referido conv\u00eanio.<\/p>\n<p><strong>Quem pode participar?<\/strong><\/p>\n<p>Discentes regularmente matriculados\/as em curso de gradua\u00e7\u00e3o em Institui\u00e7\u00e3o Federal de Ensino Superior (IFES) signat\u00e1ria do referido conv\u00eanio, desde que preencham os seguintes requisitos:<\/p>\n<p>\u2013 ter conclu\u00eddo, no ato da solicita\u00e7\u00e3o, pelo menos 20% (vinte por cento) da carga hor\u00e1ria de integraliza\u00e7\u00e3o do curso de origem;<\/p>\n<p>\u2013 ter no m\u00e1ximo duas reprova\u00e7\u00f5es acumuladas nos dois per\u00edodos letivos que antecedem o pedido de mobilidade.<\/p>\n<p>\u2013 atender aos prazos de solicita\u00e7\u00e3o previstos no\u00a0<a href=\"https:\/\/wp.ufpel.edu.br\/cra\/calendarios-academicos\/\">calend\u00e1rio acad\u00eamico da UFPel<\/a>.<\/p>\n<p>A documenta\u00e7\u00e3o necess\u00e1ria para a abertura do processo de Mobilidade Acad\u00eamica Nacional &#8211; ANDIFES <strong>(PDF)<\/strong> \u00e9:<\/p>\n<ul>\n<li>Documento de Identifica\u00e7\u00e3o: RG, Passaporte, CNH ou Carteira de Trabalho <strong>(PDF)<\/strong>;<\/li>\n<li>CPF<strong> (PDF)<\/strong>;<\/li>\n<li>Atestado de Matr\u00edcula (COBALTO em <strong>PDF<\/strong>);<\/li>\n<li>Hist\u00f3rico Acad\u00eamico (<strong>PDF<\/strong>);<\/li>\n<li>Comprovante de Vacina\u00e7\u00e3o (COVID-19) <strong>PDF<\/strong>;<\/li>\n<li>Ficha de Inscri\u00e7\u00e3o (dispon\u00edvel na p\u00e1gina da institui\u00e7\u00e3o receptora) <strong>PDF<\/strong>;<\/li>\n<li>Declara\u00e7\u00e3o de cobertura de seguro <strong>PDF<\/strong>;<\/li>\n<li>Aceite (<strong>PDF<\/strong> do e-mail de aceita\u00e7\u00e3o da candidatura onde dever\u00e1 conter o c\u00f3digo da disciplina a ser cursada; o nome da disciplina a ser cursada (e \u00e1rea no caso de est\u00e1gios optativos), bem como a data inicial e final;<\/li>\n<li>Comprovante de resid\u00eancia atualizado (<strong>PDF<\/strong>).<\/li>\n<\/ul>\n<p>Dever\u00e1 ainda ser providenciado o cadastramento no Sistema Eletr\u00f4nico de Informa\u00e7\u00f5es SEI! atrav\u00e9s do link: <a href=\"https:\/\/sei.ufpel.edu.br\/sei\/controlador_externo.php?acao=usuario_externo_enviar_cadastro&amp;id_orgao_acesso_externo=0\" target=\"_blank\" rel=\"noopener\">Acesso SEI<\/a> e o preenchimento e encaminhamento do <strong><a href=\"https:\/\/wp.ufpel.edu.br\/famedcol\/files\/2022\/08\/Termo-de-Declaracao-e-Veracidade.pdf\">Termo de Declara\u00e7\u00e3o e Veracidade<\/a> (PDF)<\/strong><\/p>\n<p><strong>* N\u00e3o ser\u00e3o aceitos documentos em outras extens\u00f5es.\u00a0<\/strong><\/p>\n<p style=\"text-align: justify;\"><strong><br \/>\n<\/strong><strong>Toda a documenta\u00e7\u00e3o dever\u00e1 ser encaminhada em arquivos individuais, devidamente preenchidos, assinados e no formato PDF para o e-mail: famedcol@ufpel.edu.br<\/strong><\/p>\n<p style=\"text-align: justify;\"><strong>* N\u00e3o \u00e9 necess\u00e1ria a entrega dos documentos f\u00edsicos no endere\u00e7o indicado ap\u00f3s a realiza\u00e7\u00e3o do cadastro no SEI!, mas devem ser encaminhados em PDF para o Colegiado.\u00a0<\/strong><\/p>\n<p><strong>Est\u00e1gios Santa Casa de Miseric\u00f3rdia de Pelotas<\/strong><\/p>\n<p style=\"text-align: justify;\">As orienta\u00e7\u00f5es relativas a est\u00e1gios desenvolvidos nas depend\u00eancias da Santa Casa de Miseric\u00f3rdia de Pelotas encontram-se nos documentos abaixo. O Termo de Compromisso de Est\u00e1gio, dever\u00e1 ser solicitado ao Colegiado e ap\u00f3s assinaturas, uma via dever\u00e1 ser entregue para que seja poss\u00edvel o in\u00edcio das atividades.<\/p>\n<p><a href=\"https:\/\/wp.ufpel.edu.br\/famedcol\/files\/2022\/07\/Santa-casa-estagio-1.pdf\">Santa casa est\u00e1gio<\/a><\/p>\n<p><a href=\"https:\/\/wp.ufpel.edu.br\/famedcol\/files\/2022\/07\/CADASTRO-ESTAGIARIO.pdf\">Cadastro Est\u00e1gio<\/a><\/p>\n<p>&nbsp;<\/p>\n<p>&nbsp;<\/p>\n","protected":false},"excerpt":{"rendered":"<p>O Programa de Mobilidade Acad\u00eamica Nacional tem por finalidade proporcionar ao\/a discente de gradua\u00e7\u00e3o regularmente matriculado\/a, a possibilidade de cursar atividades\/componentes curriculares em outras Institui\u00e7\u00f5es Federais de Ensino Superior nacionais, sem preju\u00edzos para integraliza\u00e7\u00e3o do seu curso de origem. A Pr\u00f3-Reitoria de Ensino (PRE) da UFPEL, atrav\u00e9s do N\u00facleo de Programas e Projetos (NUPROP), faz&#8230; <\/p>\n<div class=\"link-more\"><a href=\"https:\/\/wp.ufpel.edu.br\/famedcol\/mobilidade-academica-andifes\/\">Leia mais<\/a><\/div>\n","protected":false},"author":1245,"featured_media":0,"parent":0,"menu_order":7,"comment_status":"closed","ping_status":"closed","template":"","meta":{"footnotes":""},"class_list":["post-93","page","type-page","status-publish","hentry"],"_links":{"self":[{"href":"https:\/\/wp.ufpel.edu.br\/famedcol\/wp-json\/wp\/v2\/pages\/93","targetHints":{"allow":["GET"]}}],"collection":[{"href":"https:\/\/wp.ufpel.edu.br\/famedcol\/wp-json\/wp\/v2\/pages"}],"about":[{"href":"https:\/\/wp.ufpel.edu.br\/famedcol\/wp-json\/wp\/v2\/types\/page"}],"author":[{"embeddable":true,"href":"https:\/\/wp.ufpel.edu.br\/famedcol\/wp-json\/wp\/v2\/users\/1245"}],"replies":[{"embeddable":true,"href":"https:\/\/wp.ufpel.edu.br\/famedcol\/wp-json\/wp\/v2\/comments?post=93"}],"version-history":[{"count":17,"href":"https:\/\/wp.ufpel.edu.br\/famedcol\/wp-json\/wp\/v2\/pages\/93\/revisions"}],"predecessor-version":[{"id":409,"href":"https:\/\/wp.ufpel.edu.br\/famedcol\/wp-json\/wp\/v2\/pages\/93\/revisions\/409"}],"wp:attachment":[{"href":"https:\/\/wp.ufpel.edu.br\/famedcol\/wp-json\/wp\/v2\/media?parent=93"}],"curies":[{"name":"wp","href":"https:\/\/api.w.org\/{rel}","templated":true}]}}