{"id":68,"date":"2022-07-07T12:32:27","date_gmt":"2022-07-07T15:32:27","guid":{"rendered":"https:\/\/wp.ufpel.edu.br\/famedcol\/?page_id=68"},"modified":"2022-07-07T14:43:00","modified_gmt":"2022-07-07T17:43:00","slug":"grade-de-horarios","status":"publish","type":"page","link":"https:\/\/wp.ufpel.edu.br\/famedcol\/grade-de-horarios\/","title":{"rendered":"Grade de Hor\u00e1rios"},"content":{"rendered":"<p>Os hor\u00e1rios das disciplinas poder\u00e3o ser consultados em\u00a0<a href=\"https:\/\/institucional.ufpel.edu.br\/cursos\/cod\/600\">Turmas Ofertadas \/ Hor\u00e1rios<\/a><\/p>\n","protected":false},"excerpt":{"rendered":"<p>Os hor\u00e1rios das disciplinas poder\u00e3o ser consultados em\u00a0Turmas Ofertadas \/ Hor\u00e1rios<\/p>\n","protected":false},"author":1245,"featured_media":0,"parent":0,"menu_order":6,"comment_status":"closed","ping_status":"closed","template":"","meta":{"footnotes":""},"class_list":["post-68","page","type-page","status-publish","hentry"],"_links":{"self":[{"href":"https:\/\/wp.ufpel.edu.br\/famedcol\/wp-json\/wp\/v2\/pages\/68","targetHints":{"allow":["GET"]}}],"collection":[{"href":"https:\/\/wp.ufpel.edu.br\/famedcol\/wp-json\/wp\/v2\/pages"}],"about":[{"href":"https:\/\/wp.ufpel.edu.br\/famedcol\/wp-json\/wp\/v2\/types\/page"}],"author":[{"embeddable":true,"href":"https:\/\/wp.ufpel.edu.br\/famedcol\/wp-json\/wp\/v2\/users\/1245"}],"replies":[{"embeddable":true,"href":"https:\/\/wp.ufpel.edu.br\/famedcol\/wp-json\/wp\/v2\/comments?post=68"}],"version-history":[{"count":3,"href":"https:\/\/wp.ufpel.edu.br\/famedcol\/wp-json\/wp\/v2\/pages\/68\/revisions"}],"predecessor-version":[{"id":82,"href":"https:\/\/wp.ufpel.edu.br\/famedcol\/wp-json\/wp\/v2\/pages\/68\/revisions\/82"}],"wp:attachment":[{"href":"https:\/\/wp.ufpel.edu.br\/famedcol\/wp-json\/wp\/v2\/media?parent=68"}],"curies":[{"name":"wp","href":"https:\/\/api.w.org\/{rel}","templated":true}]}}