{"id":63,"date":"2022-07-07T12:19:48","date_gmt":"2022-07-07T15:19:48","guid":{"rendered":"https:\/\/wp.ufpel.edu.br\/famedcol\/?page_id=63"},"modified":"2022-07-11T12:48:37","modified_gmt":"2022-07-11T15:48:37","slug":"formas-de-ingresso","status":"publish","type":"page","link":"https:\/\/wp.ufpel.edu.br\/famedcol\/formas-de-ingresso\/","title":{"rendered":"Formas de Ingresso"},"content":{"rendered":"<p>O ingresso de candidatos (as) no Curso de Bacharelado em Medicina da Universidade Federal de Pelotas, \u00e9 realizado atrav\u00e9s do Sistema de Sele\u00e7\u00e3o Unificada (<strong>SISU<\/strong>) e atrav\u00e9s do Programa de Avalia\u00e7\u00e3o da Vida Escolar (<strong>PAVE<\/strong>), que consiste em um processo gradual e sistem\u00e1tico, que acontecer\u00e1 ao longo do Ensino M\u00e9dio, sendo realizado em tr\u00eas etapas.<\/p>\n<p><img loading=\"lazy\" decoding=\"async\" class=\"size-medium wp-image-117 aligncenter\" src=\"https:\/\/wp.ufpel.edu.br\/famedcol\/files\/2022\/07\/Vagas-400x79.jpg\" alt=\"\" width=\"400\" height=\"79\" srcset=\"https:\/\/wp.ufpel.edu.br\/famedcol\/files\/2022\/07\/Vagas-400x79.jpg 400w, https:\/\/wp.ufpel.edu.br\/famedcol\/files\/2022\/07\/Vagas.jpg 577w\" sizes=\"auto, (max-width: 400px) 100vw, 400px\" \/><\/p>\n<p>Ainda \u00e9 poss\u00edvel ingressar atrav\u00e9s dos editais de Transfer\u00eancia, Reingresso, Reop\u00e7\u00e3o e Portador de Diploma.<\/p>\n<p>A abertura de editais pode ser conferida em\u00a0<a href=\"https:\/\/wp.ufpel.edu.br\/cra\/\">https:\/\/wp.ufpel.edu.br\/cra\/<\/a><\/p>\n","protected":false},"excerpt":{"rendered":"<p>O ingresso de candidatos (as) no Curso de Bacharelado em Medicina da Universidade Federal de Pelotas, \u00e9 realizado atrav\u00e9s do Sistema de Sele\u00e7\u00e3o Unificada (SISU) e atrav\u00e9s do Programa de Avalia\u00e7\u00e3o da Vida Escolar (PAVE), que consiste em um processo gradual e sistem\u00e1tico, que acontecer\u00e1 ao longo do Ensino M\u00e9dio, sendo realizado em tr\u00eas etapas&#8230;. <\/p>\n<div class=\"link-more\"><a href=\"https:\/\/wp.ufpel.edu.br\/famedcol\/formas-de-ingresso\/\">Leia mais<\/a><\/div>\n","protected":false},"author":1245,"featured_media":0,"parent":0,"menu_order":6,"comment_status":"closed","ping_status":"closed","template":"","meta":{"footnotes":""},"class_list":["post-63","page","type-page","status-publish","hentry"],"_links":{"self":[{"href":"https:\/\/wp.ufpel.edu.br\/famedcol\/wp-json\/wp\/v2\/pages\/63","targetHints":{"allow":["GET"]}}],"collection":[{"href":"https:\/\/wp.ufpel.edu.br\/famedcol\/wp-json\/wp\/v2\/pages"}],"about":[{"href":"https:\/\/wp.ufpel.edu.br\/famedcol\/wp-json\/wp\/v2\/types\/page"}],"author":[{"embeddable":true,"href":"https:\/\/wp.ufpel.edu.br\/famedcol\/wp-json\/wp\/v2\/users\/1245"}],"replies":[{"embeddable":true,"href":"https:\/\/wp.ufpel.edu.br\/famedcol\/wp-json\/wp\/v2\/comments?post=63"}],"version-history":[{"count":2,"href":"https:\/\/wp.ufpel.edu.br\/famedcol\/wp-json\/wp\/v2\/pages\/63\/revisions"}],"predecessor-version":[{"id":118,"href":"https:\/\/wp.ufpel.edu.br\/famedcol\/wp-json\/wp\/v2\/pages\/63\/revisions\/118"}],"wp:attachment":[{"href":"https:\/\/wp.ufpel.edu.br\/famedcol\/wp-json\/wp\/v2\/media?parent=63"}],"curies":[{"name":"wp","href":"https:\/\/api.w.org\/{rel}","templated":true}]}}