{"id":57,"date":"2022-07-07T12:08:14","date_gmt":"2022-07-07T15:08:14","guid":{"rendered":"https:\/\/wp.ufpel.edu.br\/famedcol\/?page_id=57"},"modified":"2024-08-15T13:12:45","modified_gmt":"2024-08-15T16:12:45","slug":"dados-de-contato","status":"publish","type":"page","link":"https:\/\/wp.ufpel.edu.br\/famedcol\/dados-de-contato\/","title":{"rendered":"Hor\u00e1rio de Funcionamento e Contato"},"content":{"rendered":"<p><strong>Segunda-feira:<\/strong> 08h \u00e0s 21h30<br \/>\n<strong>Ter\u00e7a -Feira: <\/strong>08h \u00e0s 21h30<br \/>\n<strong>Quarta-feira:<\/strong> 08h \u00e0s 21h30<br \/>\n<strong>Quinta-feira:<\/strong> 08h \u00e0s 21h30<br \/>\n<strong>Sexta-feira: <\/strong>08h \u00e0s 21h30<\/p>\n<p>Telefone: (53) 32844103<\/p>\n<p>E-mail: famedcol@ufpel.edu.br<\/p>\n<p>atendimento.ufpel.edu.br<\/p>\n<p>Av. Duque de Caxias, n\u00ba 250<\/p>\n<p>Bairro Fragata<\/p>\n<p>Pelotas\/RS<\/p>\n<p>CEP: 96030-000<\/p>\n","protected":false},"excerpt":{"rendered":"<p>Segunda-feira: 08h \u00e0s 21h30 Ter\u00e7a -Feira: 08h \u00e0s 21h30 Quarta-feira: 08h \u00e0s 21h30 Quinta-feira: 08h \u00e0s 21h30 Sexta-feira: 08h \u00e0s 21h30 Telefone: (53) 32844103 E-mail: famedcol@ufpel.edu.br atendimento.ufpel.edu.br Av. Duque de Caxias, n\u00ba 250 Bairro Fragata Pelotas\/RS CEP: 96030-000<\/p>\n","protected":false},"author":1245,"featured_media":0,"parent":0,"menu_order":9,"comment_status":"closed","ping_status":"closed","template":"","meta":{"footnotes":""},"class_list":["post-57","page","type-page","status-publish","hentry"],"_links":{"self":[{"href":"https:\/\/wp.ufpel.edu.br\/famedcol\/wp-json\/wp\/v2\/pages\/57","targetHints":{"allow":["GET"]}}],"collection":[{"href":"https:\/\/wp.ufpel.edu.br\/famedcol\/wp-json\/wp\/v2\/pages"}],"about":[{"href":"https:\/\/wp.ufpel.edu.br\/famedcol\/wp-json\/wp\/v2\/types\/page"}],"author":[{"embeddable":true,"href":"https:\/\/wp.ufpel.edu.br\/famedcol\/wp-json\/wp\/v2\/users\/1245"}],"replies":[{"embeddable":true,"href":"https:\/\/wp.ufpel.edu.br\/famedcol\/wp-json\/wp\/v2\/comments?post=57"}],"version-history":[{"count":8,"href":"https:\/\/wp.ufpel.edu.br\/famedcol\/wp-json\/wp\/v2\/pages\/57\/revisions"}],"predecessor-version":[{"id":515,"href":"https:\/\/wp.ufpel.edu.br\/famedcol\/wp-json\/wp\/v2\/pages\/57\/revisions\/515"}],"wp:attachment":[{"href":"https:\/\/wp.ufpel.edu.br\/famedcol\/wp-json\/wp\/v2\/media?parent=57"}],"curies":[{"name":"wp","href":"https:\/\/api.w.org\/{rel}","templated":true}]}}