{"id":17,"date":"2022-07-07T10:29:00","date_gmt":"2022-07-07T13:29:00","guid":{"rendered":"https:\/\/wp.ufpel.edu.br\/famedcol\/?page_id=17"},"modified":"2022-07-07T14:47:18","modified_gmt":"2022-07-07T17:47:18","slug":"curriculo-do-curso","status":"publish","type":"page","link":"https:\/\/wp.ufpel.edu.br\/famedcol\/curriculo-do-curso\/","title":{"rendered":"Curr\u00edculo do Curso"},"content":{"rendered":"<p>O curr\u00edculo do Curso de Bacharelado em Medicina, bem como os pr\u00e9-requisitos de cada disciplina poder\u00e3o ser consultados no link abaixo:<\/p>\n<p><a href=\"https:\/\/wp.ufpel.edu.br\/famedcol\/files\/2022\/07\/Versao-Curricular-5-2019.pdf\">Vers\u00e3o Curricular 5 (2019)<\/a><\/p>\n","protected":false},"excerpt":{"rendered":"<p>O curr\u00edculo do Curso de Bacharelado em Medicina, bem como os pr\u00e9-requisitos de cada disciplina poder\u00e3o ser consultados no link abaixo: Vers\u00e3o Curricular 5 (2019)<\/p>\n","protected":false},"author":1245,"featured_media":0,"parent":0,"menu_order":2,"comment_status":"closed","ping_status":"closed","template":"","meta":{"footnotes":""},"class_list":["post-17","page","type-page","status-publish","hentry"],"_links":{"self":[{"href":"https:\/\/wp.ufpel.edu.br\/famedcol\/wp-json\/wp\/v2\/pages\/17","targetHints":{"allow":["GET"]}}],"collection":[{"href":"https:\/\/wp.ufpel.edu.br\/famedcol\/wp-json\/wp\/v2\/pages"}],"about":[{"href":"https:\/\/wp.ufpel.edu.br\/famedcol\/wp-json\/wp\/v2\/types\/page"}],"author":[{"embeddable":true,"href":"https:\/\/wp.ufpel.edu.br\/famedcol\/wp-json\/wp\/v2\/users\/1245"}],"replies":[{"embeddable":true,"href":"https:\/\/wp.ufpel.edu.br\/famedcol\/wp-json\/wp\/v2\/comments?post=17"}],"version-history":[{"count":7,"href":"https:\/\/wp.ufpel.edu.br\/famedcol\/wp-json\/wp\/v2\/pages\/17\/revisions"}],"predecessor-version":[{"id":84,"href":"https:\/\/wp.ufpel.edu.br\/famedcol\/wp-json\/wp\/v2\/pages\/17\/revisions\/84"}],"wp:attachment":[{"href":"https:\/\/wp.ufpel.edu.br\/famedcol\/wp-json\/wp\/v2\/media?parent=17"}],"curies":[{"name":"wp","href":"https:\/\/api.w.org\/{rel}","templated":true}]}}