{"id":751,"date":"2019-04-09T15:59:18","date_gmt":"2019-04-09T18:59:18","guid":{"rendered":"https:\/\/wp.ufpel.edu.br\/famed\/?page_id=751"},"modified":"2022-07-08T10:04:43","modified_gmt":"2022-07-08T13:04:43","slug":"imagens-da-leiga","status":"publish","type":"page","link":"https:\/\/wp.ufpel.edu.br\/famed\/imagens-da-leiga\/","title":{"rendered":"IMAGENS DA LEIGA&#8230;"},"content":{"rendered":"<h2 style=\"text-align: center;\">Publique aqui o seu olhar da Leiga&#8230;<\/h2>\n<p style=\"text-align: center;\">Estudantes, T\u00e9cnico Administrativos e Professores! Enviem suas imagens da FAMED <em><strong>com legenda<\/strong> explicativa<\/em> para divulga\u00e7\u00e3o no site, atrav\u00e9s do\u00a0<em> e-mail<\/em>: divulgafamed@gmail.com .\u00a0 Para a divulga\u00e7\u00e3o das imagens envie o seu nome e n\u00famero de matr\u00edcula e\/ou SIAPE, com a devida autoriza\u00e7\u00e3o para a publica\u00e7\u00e3o destas.<\/p>\n<p style=\"text-align: left;\">Vamos mostrar a nossa vis\u00e3o de diferentes \u00e2ngulos da querida <strong>Leiga<\/strong>&#8230;<\/p>\n<p>&#8230;&#8230;&#8230;&#8230;&#8230;&#8230;&#8230;&#8230;&#8230;&#8230;&#8230;&#8230;&#8230;&#8230;&#8230;&#8230;&#8230;&#8230;&#8230;&#8230;&#8230;&#8230;&#8230;&#8230;&#8230;&#8230;&#8230;&#8230;&#8230;&#8230;&#8230;&#8230;&#8230;&#8230;&#8230;&#8230;&#8230;&#8230;&#8230;&#8230;&#8230;&#8230;&#8230;&#8230;&#8230;&#8230;&#8230;&#8230;&#8230;&#8230;&#8230;&#8230;&#8230;&#8230;&#8230;&#8230;&#8230;.<\/p>\n<p>29\/06\/2021<\/p>\n<p><a href=\"https:\/\/wp.ufpel.edu.br\/famed\/files\/2021\/08\/WhatsApp-Image-2021-08-02-at-11.16.42.jpeg\"><img class=\"alignnone size-full wp-image-2037\" src=\"https:\/\/wp.ufpel.edu.br\/famed\/files\/2021\/08\/WhatsApp-Image-2021-08-02-at-11.16.42.jpeg\" alt=\"\" width=\"720\" height=\"711\" srcset=\"https:\/\/wp.ufpel.edu.br\/famed\/files\/2021\/08\/WhatsApp-Image-2021-08-02-at-11.16.42.jpeg 720w, https:\/\/wp.ufpel.edu.br\/famed\/files\/2021\/08\/WhatsApp-Image-2021-08-02-at-11.16.42-400x395.jpeg 400w\" sizes=\"(max-width: 720px) 100vw, 720px\" \/><\/a><\/p>\n<p><strong>Legenda:<\/strong> Detalhes. H\u00e1 beleza em qualquer lugar, basta saber enxergar.<\/p>\n<p><strong>Autora: <\/strong>Margarete Marques \/ Secret\u00e1ria da Dire\u00e7\u00e3o \/ FAMED<\/p>\n<p>&#8230;&#8230;&#8230;&#8230;&#8230;&#8230;&#8230;&#8230;&#8230;&#8230;&#8230;&#8230;&#8230;&#8230;&#8230;&#8230;&#8230;&#8230;&#8230;&#8230;&#8230;&#8230;&#8230;&#8230;&#8230;&#8230;&#8230;&#8230;&#8230;&#8230;&#8230;&#8230;&#8230;&#8230;&#8230;&#8230;&#8230;&#8230;&#8230;&#8230;&#8230;&#8230;&#8230;&#8230;&#8230;&#8230;&#8230;&#8230;&#8230;&#8230;&#8230;&#8230;&#8230;&#8230;&#8230;&#8230;&#8230;.<\/p>\n<p>11\/12\/2019<\/p>\n<p><a href=\"https:\/\/wp.ufpel.edu.br\/famed\/files\/2021\/08\/WhatsApp-Image-2021-08-02-at-11.24.40-e1627914635177.jpeg\"><img class=\"alignnone size-full wp-image-2040\" src=\"https:\/\/wp.ufpel.edu.br\/famed\/files\/2021\/08\/WhatsApp-Image-2021-08-02-at-11.24.40-e1627914635177.jpeg\" alt=\"\" width=\"638\" height=\"751\" srcset=\"https:\/\/wp.ufpel.edu.br\/famed\/files\/2021\/08\/WhatsApp-Image-2021-08-02-at-11.24.40-e1627914635177.jpeg 638w, https:\/\/wp.ufpel.edu.br\/famed\/files\/2021\/08\/WhatsApp-Image-2021-08-02-at-11.24.40-e1627914635177-340x400.jpeg 340w\" sizes=\"(max-width: 638px) 100vw, 638px\" \/><\/a><\/p>\n<p><strong>Legenda:<\/strong> Leiga&#8230;<\/p>\n<p><strong>Autora: <\/strong>Maiquele Schroder \/ FAMED<\/p>\n<p>&#8230;&#8230;&#8230;&#8230;&#8230;&#8230;&#8230;&#8230;&#8230;&#8230;&#8230;&#8230;&#8230;&#8230;&#8230;&#8230;&#8230;&#8230;&#8230;&#8230;&#8230;&#8230;&#8230;&#8230;&#8230;&#8230;&#8230;&#8230;&#8230;&#8230;&#8230;&#8230;&#8230;&#8230;&#8230;&#8230;&#8230;&#8230;&#8230;&#8230;&#8230;&#8230;&#8230;&#8230;&#8230;&#8230;&#8230;&#8230;&#8230;&#8230;&#8230;&#8230;&#8230;&#8230;&#8230;&#8230;&#8230;.<\/p>\n<p>17\/06\/2019<\/p>\n<p><a href=\"https:\/\/wp.ufpel.edu.br\/famed\/files\/2019\/11\/thumbnail.jpg\"><img class=\"alignnone size-large wp-image-1012\" src=\"https:\/\/wp.ufpel.edu.br\/famed\/files\/2019\/11\/thumbnail-1024x576.jpg\" alt=\"\" width=\"1024\" height=\"576\" srcset=\"https:\/\/wp.ufpel.edu.br\/famed\/files\/2019\/11\/thumbnail-1024x576.jpg 1024w, https:\/\/wp.ufpel.edu.br\/famed\/files\/2019\/11\/thumbnail-400x225.jpg 400w, https:\/\/wp.ufpel.edu.br\/famed\/files\/2019\/11\/thumbnail-768x432.jpg 768w, https:\/\/wp.ufpel.edu.br\/famed\/files\/2019\/11\/thumbnail.jpg 1280w\" sizes=\"(max-width: 1024px) 100vw, 1024px\" \/><\/a><\/p>\n<p><strong>Legenda:<\/strong> Ser\u00e1 uma coluna g\u00f3tica?<\/p>\n<p><strong>Autor:<\/strong> Prof. Samir Schneid\/Laborat\u00f3rio de Simula\u00e7\u00e3o\/FAMED<\/p>\n<p>&#8230;&#8230;&#8230;&#8230;&#8230;&#8230;&#8230;&#8230;&#8230;&#8230;&#8230;&#8230;&#8230;&#8230;&#8230;&#8230;&#8230;&#8230;&#8230;&#8230;&#8230;&#8230;&#8230;&#8230;&#8230;&#8230;&#8230;&#8230;&#8230;&#8230;&#8230;&#8230;&#8230;&#8230;&#8230;&#8230;&#8230;&#8230;&#8230;&#8230;&#8230;&#8230;&#8230;&#8230;&#8230;&#8230;&#8230;&#8230;&#8230;&#8230;&#8230;&#8230;&#8230;&#8230;&#8230;&#8230;&#8230;.<\/p>\n<p>10\/04\/2019 11:20<\/p>\n<p><a href=\"https:\/\/wp.ufpel.edu.br\/famed\/files\/2019\/04\/thumbnail-1.jpg\"><img class=\"wp-image-769 aligncenter\" src=\"https:\/\/wp.ufpel.edu.br\/famed\/files\/2019\/04\/thumbnail-1-1024x714.jpg\" alt=\"\" width=\"725\" height=\"505\" srcset=\"https:\/\/wp.ufpel.edu.br\/famed\/files\/2019\/04\/thumbnail-1-1024x714.jpg 1024w, https:\/\/wp.ufpel.edu.br\/famed\/files\/2019\/04\/thumbnail-1-400x279.jpg 400w, https:\/\/wp.ufpel.edu.br\/famed\/files\/2019\/04\/thumbnail-1-768x535.jpg 768w, https:\/\/wp.ufpel.edu.br\/famed\/files\/2019\/04\/thumbnail-1.jpg 1080w\" sizes=\"(max-width: 725px) 100vw, 725px\" \/><\/a><\/p>\n<p><strong>Legenda:<\/strong> FAMED<\/p>\n<p><strong>Autora:<\/strong> Marina Bainy\/Coordenadora do Curso de Medicina<\/p>\n<p style=\"text-align: left;\">&#8230;&#8230;&#8230;&#8230;&#8230;&#8230;&#8230;&#8230;&#8230;&#8230;&#8230;&#8230;&#8230;&#8230;&#8230;&#8230;&#8230;&#8230;&#8230;&#8230;&#8230;&#8230;&#8230;&#8230;&#8230;&#8230;&#8230;&#8230;&#8230;&#8230;&#8230;&#8230;&#8230;&#8230;&#8230;&#8230;&#8230;&#8230;&#8230;&#8230;&#8230;&#8230;&#8230;&#8230;&#8230;&#8230;&#8230;&#8230;&#8230;&#8230;&#8230;&#8230;&#8230;&#8230;&#8230;&#8230;&#8230;.<\/p>\n<p>09\/04\/2019 16:45<\/p>\n<p style=\"text-align: center;\"><a href=\"https:\/\/wp.ufpel.edu.br\/famed\/files\/2019\/04\/Leticia.jpeg\"><img class=\"alignnone wp-image-764\" src=\"https:\/\/wp.ufpel.edu.br\/famed\/files\/2019\/04\/Leticia-400x300.jpeg\" alt=\"\" width=\"636\" height=\"477\" srcset=\"https:\/\/wp.ufpel.edu.br\/famed\/files\/2019\/04\/Leticia-400x300.jpeg 400w, https:\/\/wp.ufpel.edu.br\/famed\/files\/2019\/04\/Leticia-768x576.jpeg 768w, https:\/\/wp.ufpel.edu.br\/famed\/files\/2019\/04\/Leticia-1024x768.jpeg 1024w\" sizes=\"(max-width: 636px) 100vw, 636px\" \/><\/a><\/p>\n<p><strong>Legenda:<\/strong> Leiga minha vida, Leiga minha hist\u00f3ria, Leiga meu amor!!<\/p>\n<p><strong>Autora:<\/strong> Let\u00edcia D&#8217;Avila Gon\u00e7alves\/Secret\u00e1ria da Dire\u00e7\u00e3o FAMED<\/p>\n<p>&#8230;&#8230;&#8230;&#8230;&#8230;&#8230;&#8230;&#8230;&#8230;&#8230;&#8230;&#8230;&#8230;&#8230;&#8230;&#8230;&#8230;&#8230;&#8230;&#8230;&#8230;&#8230;&#8230;&#8230;&#8230;&#8230;&#8230;&#8230;&#8230;&#8230;&#8230;&#8230;&#8230;&#8230;&#8230;&#8230;&#8230;&#8230;&#8230;&#8230;&#8230;&#8230;&#8230;&#8230;&#8230;&#8230;&#8230;&#8230;&#8230;&#8230;&#8230;&#8230;&#8230;&#8230;&#8230;&#8230;&#8230;.<\/p>\n<p>09\/04\/2019\u00a0 &#8211; 16:23<\/p>\n<p style=\"text-align: center;\"><a href=\"https:\/\/wp.ufpel.edu.br\/famed\/files\/2019\/04\/thumbnail.jpg\"><img class=\"alignnone wp-image-767\" src=\"https:\/\/wp.ufpel.edu.br\/famed\/files\/2019\/04\/thumbnail-1024x768.jpg\" alt=\"\" width=\"730\" height=\"547\" srcset=\"https:\/\/wp.ufpel.edu.br\/famed\/files\/2019\/04\/thumbnail-1024x768.jpg 1024w, https:\/\/wp.ufpel.edu.br\/famed\/files\/2019\/04\/thumbnail-400x300.jpg 400w, https:\/\/wp.ufpel.edu.br\/famed\/files\/2019\/04\/thumbnail-768x576.jpg 768w, https:\/\/wp.ufpel.edu.br\/famed\/files\/2019\/04\/thumbnail.jpg 1080w\" sizes=\"(max-width: 730px) 100vw, 730px\" \/><\/a><\/p>\n<p>&nbsp;<\/p>\n<p style=\"text-align: left;\"><strong>Legenda: <\/strong>Fim de tarde na &#8220;Leiga&#8221;&#8230;<\/p>\n<p style=\"text-align: left;\"><strong>Autor:<\/strong> Evandro Dotto Dias\/Dire\u00e7\u00e3o FAMED<\/p>\n<p>&#8230;&#8230;&#8230;&#8230;&#8230;&#8230;&#8230;&#8230;&#8230;&#8230;&#8230;&#8230;&#8230;&#8230;&#8230;&#8230;&#8230;&#8230;&#8230;&#8230;&#8230;&#8230;&#8230;&#8230;&#8230;&#8230;&#8230;&#8230;&#8230;&#8230;&#8230;&#8230;&#8230;&#8230;&#8230;&#8230;&#8230;&#8230;&#8230;&#8230;&#8230;&#8230;&#8230;&#8230;&#8230;&#8230;&#8230;&#8230;&#8230;&#8230;&#8230;&#8230;&#8230;&#8230;&#8230;&#8230;&#8230;.<\/p>\n","protected":false},"excerpt":{"rendered":"<p>Publique aqui o seu olhar da Leiga&#8230; Estudantes, T\u00e9cnico Administrativos e Professores! Enviem suas imagens da FAMED com legenda explicativa para divulga\u00e7\u00e3o no site, atrav\u00e9s do\u00a0 e-mail: divulgafamed@gmail.com .\u00a0 Para a divulga\u00e7\u00e3o das imagens envie o seu nome e n\u00famero de matr\u00edcula e\/ou SIAPE, com a devida autoriza\u00e7\u00e3o para a publica\u00e7\u00e3o destas. Vamos mostrar a [&hellip;]<\/p>\n","protected":false},"author":166,"featured_media":0,"parent":0,"menu_order":0,"comment_status":"closed","ping_status":"closed","template":"","meta":{"jetpack_post_was_ever_published":false,"footnotes":""},"class_list":["post-751","page","type-page","status-publish","hentry"],"jetpack_sharing_enabled":true,"jetpack_shortlink":"https:\/\/wp.me\/P8YhqL-c7","_links":{"self":[{"href":"https:\/\/wp.ufpel.edu.br\/famed\/wp-json\/wp\/v2\/pages\/751","targetHints":{"allow":["GET"]}}],"collection":[{"href":"https:\/\/wp.ufpel.edu.br\/famed\/wp-json\/wp\/v2\/pages"}],"about":[{"href":"https:\/\/wp.ufpel.edu.br\/famed\/wp-json\/wp\/v2\/types\/page"}],"author":[{"embeddable":true,"href":"https:\/\/wp.ufpel.edu.br\/famed\/wp-json\/wp\/v2\/users\/166"}],"replies":[{"embeddable":true,"href":"https:\/\/wp.ufpel.edu.br\/famed\/wp-json\/wp\/v2\/comments?post=751"}],"version-history":[{"count":20,"href":"https:\/\/wp.ufpel.edu.br\/famed\/wp-json\/wp\/v2\/pages\/751\/revisions"}],"predecessor-version":[{"id":2795,"href":"https:\/\/wp.ufpel.edu.br\/famed\/wp-json\/wp\/v2\/pages\/751\/revisions\/2795"}],"wp:attachment":[{"href":"https:\/\/wp.ufpel.edu.br\/famed\/wp-json\/wp\/v2\/media?parent=751"}],"curies":[{"name":"wp","href":"https:\/\/api.w.org\/{rel}","templated":true}]}}