{"id":669,"date":"2019-03-20T15:41:45","date_gmt":"2019-03-20T18:41:45","guid":{"rendered":"https:\/\/wp.ufpel.edu.br\/famed\/?page_id=669"},"modified":"2026-01-07T09:59:46","modified_gmt":"2026-01-07T12:59:46","slug":"comite-de-etica-em-pesquisa-da-famed-ufpel","status":"publish","type":"page","link":"https:\/\/wp.ufpel.edu.br\/famed\/comite-de-etica-em-pesquisa-da-famed-ufpel\/","title":{"rendered":"Comit\u00ea de \u00c9tica em Pesquisa da FAMED\/UFPel"},"content":{"rendered":"<h2 style=\"text-align: center;\">CEP &#8211; Comit\u00ea de \u00c9tica em Pesquisa<\/h2>\n<h3 style=\"text-align: center;\">Faculdade de Medicina &#8211; FAMED\/UFPel<\/h3>\n<p style=\"text-align: justify;\">O Comit\u00ea de \u00c9tica em Pesquisa da Faculdade de Medicina da Universidade Federal de Pelotas (CEP\/FAMED) constitui um colegiado interdisciplinar e independente, de car\u00e1ter consultivo, deliberativo e educativo, criado para defender os interesses dos participantes da pesquisa em sua integridade e dignidade, atrav\u00e9s da avalia\u00e7\u00e3o de projetos de pesquisa envolvendo seres humanos, al\u00e9m de contribuir no desenvolvimento da pesquisa dentro de padr\u00f5es \u00e9ticos.<\/p>\n<p>O CEP\/FAMED iniciou suas atividades em 1997 tendo como coordenador o Prof Dr Jos\u00e9 Augusto Crespo Ribeiro<strong>.<\/strong><\/p>\n<p>&nbsp;<\/p>\n<h4>Reuni\u00f5es<\/h4>\n<p style=\"text-align: left;\">As reuni\u00f5es ordin\u00e1rias s\u00e3o realizadas na \u00faltima quinta-feira de cada m\u00eas \u00e0s 17:00h. A agenda de 2026 est\u00e1 dispon\u00edvel clicando no link: <a href=\"https:\/\/wp.ufpel.edu.br\/famed\/files\/2026\/01\/Calendario-de-reunioes-CEP-2026.pdf\">Calendario-de-reunioes-CEP-2026<\/a><\/p>\n<p>Para aprecia\u00e7\u00e3o na reuni\u00e3o do m\u00eas em curso, os projetos devem ser inseridos na Plataforma Brasil at\u00e9 10 dias antes da data da reuni\u00e3o. Os projetos enviados posteriormente ser\u00e3o apreciados no m\u00eas subsequente.<\/p>\n<p>&nbsp;<\/p>\n<h4>Atendimento, informa\u00e7\u00f5es e contatos<\/h4>\n<p>Endere\u00e7o: Av Duque de Caxias, 250- 96030-000 \u2013 Fragata \u2013 Pelotas\/RS<\/p>\n<p>Pr\u00e9dio da Dire\u00e7\u00e3o \/ Faculdade de Medicina<\/p>\n<p>Hor\u00e1rio de atendimento: ter\u00e7a e quinta-feira, 09:00h \u2013 12:00h<\/p>\n<p>Telefone: (53) 3284-4102<\/p>\n<p>E-mail: cepfamed@ufpel.edu.br<\/p>\n<p>&nbsp;<\/p>\n<h4>Documentos Importantes<\/h4>\n<p>Listas de Projetos Avaliados:<\/p>\n<p><a href=\"https:\/\/wp.ufpel.edu.br\/famed\/files\/2020\/08\/Projetos-Avaliados-em-2019-site.pdf\">Projetos Avaliados em 2019<\/a><\/p>\n<p><a href=\"https:\/\/wp.ufpel.edu.br\/famed\/files\/2021\/03\/Projetos-Avaliados-em-2020.pdf\">Projetos Avaliados em 2020<\/a><\/p>\n<p><a href=\"https:\/\/wp.ufpel.edu.br\/famed\/files\/2022\/02\/Projetos-Avaliados-em-2021-FINAL.pdf\" target=\"_blank\" rel=\"noopener\">Projetos Avaliados em 2021<\/a><\/p>\n<p><a href=\"https:\/\/wp.ufpel.edu.br\/famed\/files\/2023\/03\/Projetos-Avaliados-em-2022-.pdf\">Projetos Avaliados em 2022<\/a><\/p>\n<p><a href=\"https:\/\/wp.ufpel.edu.br\/famed\/files\/2025\/04\/Projetos-Avaliados-em-2023.pdf\">Projetos Avaliados em 2023<\/a><\/p>\n<p><a href=\"https:\/\/wp.ufpel.edu.br\/famed\/files\/2025\/04\/Projetos-Avaliados-em-2024.pdf\">Projetos Avaliados em 2024<\/a><\/p>\n<p>&nbsp;<\/p>\n<p><strong>Resolu\u00e7\u00f5es<\/strong><\/p>\n<p><a href=\"https:\/\/wp.ufpel.edu.br\/famed\/files\/2024\/03\/Resolucao-506-2016-Acreditacao-do-CEP.pdf\">Resolu\u00e7\u00e3o 506 2016 Acredita\u00e7\u00e3o do CEP<\/a><\/p>\n<p><a href=\"https:\/\/wp.ufpel.edu.br\/famed\/files\/2024\/03\/Resolucao_647-2020-represent-entidades-controle-social.pdf\">Resolu\u00e7\u00e3o_647-2020 represent entidades controle social<\/a><\/p>\n<p><a href=\"https:\/\/wp.ufpel.edu.br\/famed\/files\/2024\/03\/Resolucao_706_de_30_de_maio_de_2023.pdf\">Resolucao_706_de_30_de_maio_de_2023<\/a><\/p>\n<p>&nbsp;<\/p>\n<p>&nbsp;<\/p>\n<p>Acesse, tamb\u00e9m, o\u00a0\u00a0<a href=\"https:\/\/wp.ufpel.edu.br\/famed\/files\/2021\/01\/MANUAL-DE-PENDENCIAS-CEP-FAMED.pdf\">Manual de Pend\u00eancias Mais Frequentes Observadas pelo CEP &#8211; FAMED\/UFPel<\/a>\u00a0elaborado pelos seus membros.<\/p>\n<p>&nbsp;<\/p>\n<p style=\"text-align: center;\"><a href=\"https:\/\/wp.ufpel.edu.br\/famed\/files\/2018\/11\/Leiga-3.jpg\"><img class=\"alignnone size-full wp-image-212\" src=\"https:\/\/wp.ufpel.edu.br\/famed\/files\/2018\/11\/Leiga-3.jpg\" alt=\"\" width=\"280\" height=\"180\" \/><\/a><\/p>\n","protected":false},"excerpt":{"rendered":"<p>CEP &#8211; Comit\u00ea de \u00c9tica em Pesquisa Faculdade de Medicina &#8211; FAMED\/UFPel O Comit\u00ea de \u00c9tica em Pesquisa da Faculdade de Medicina da Universidade Federal de Pelotas (CEP\/FAMED) constitui um colegiado interdisciplinar e independente, de car\u00e1ter consultivo, deliberativo e educativo, criado para defender os interesses dos participantes da pesquisa em sua integridade e dignidade, atrav\u00e9s [&hellip;]<\/p>\n","protected":false},"author":166,"featured_media":0,"parent":0,"menu_order":0,"comment_status":"closed","ping_status":"closed","template":"","meta":{"jetpack_post_was_ever_published":false,"footnotes":""},"class_list":["post-669","page","type-page","status-publish","hentry"],"jetpack_sharing_enabled":true,"jetpack_shortlink":"https:\/\/wp.me\/P8YhqL-aN","_links":{"self":[{"href":"https:\/\/wp.ufpel.edu.br\/famed\/wp-json\/wp\/v2\/pages\/669","targetHints":{"allow":["GET"]}}],"collection":[{"href":"https:\/\/wp.ufpel.edu.br\/famed\/wp-json\/wp\/v2\/pages"}],"about":[{"href":"https:\/\/wp.ufpel.edu.br\/famed\/wp-json\/wp\/v2\/types\/page"}],"author":[{"embeddable":true,"href":"https:\/\/wp.ufpel.edu.br\/famed\/wp-json\/wp\/v2\/users\/166"}],"replies":[{"embeddable":true,"href":"https:\/\/wp.ufpel.edu.br\/famed\/wp-json\/wp\/v2\/comments?post=669"}],"version-history":[{"count":4,"href":"https:\/\/wp.ufpel.edu.br\/famed\/wp-json\/wp\/v2\/pages\/669\/revisions"}],"predecessor-version":[{"id":4082,"href":"https:\/\/wp.ufpel.edu.br\/famed\/wp-json\/wp\/v2\/pages\/669\/revisions\/4082"}],"wp:attachment":[{"href":"https:\/\/wp.ufpel.edu.br\/famed\/wp-json\/wp\/v2\/media?parent=669"}],"curies":[{"name":"wp","href":"https:\/\/api.w.org\/{rel}","templated":true}]}}