{"id":353,"date":"2018-11-22T09:01:52","date_gmt":"2018-11-22T11:01:52","guid":{"rendered":"https:\/\/wp.ufpel.edu.br\/famed\/?page_id=353"},"modified":"2021-05-05T10:30:04","modified_gmt":"2021-05-05T13:30:04","slug":"projetos-de-ensino-famed","status":"publish","type":"page","link":"https:\/\/wp.ufpel.edu.br\/famed\/projetos-de-ensino-famed\/","title":{"rendered":"Projetos de Ensino FAMED"},"content":{"rendered":"<table style=\"width: 741px\" width=\"559\">\n<tbody>\n<tr style=\"height: 21px\">\n<td style=\"width: 741px;height: 21px\" width=\"559\">Acesse os detalhes dos projetos: <a href=\"https:\/\/institucional.ufpel.edu.br\/projetos\">Portal Institucional UFPel<\/a><\/td>\n<\/tr>\n<tr style=\"height: 63px\">\n<td style=\"width: 741px;height: 63px\">\n<h4 style=\"text-align: center\">Projetos de Ensino \u2013 FAMED\/UFPel<\/h4>\n<\/td>\n<\/tr>\n<tr style=\"height: 21px\">\n<td style=\"width: 741px;height: 21px\" width=\"559\">Liga Acad\u00eamica e Gastroenterologia e Hepatologia<\/td>\n<\/tr>\n<tr style=\"height: 21px\">\n<td style=\"width: 741px;height: 21px\" width=\"559\">Liga Acad\u00eamica de Sa\u00fade das Popula\u00e7\u00f5es em Vulnerabilidade Social &#8211; LASPOVUS<\/td>\n<\/tr>\n<tr style=\"height: 21px\">\n<td style=\"width: 741px;height: 21px\" width=\"559\">INICIANDO A RELA\u00c7\u00c3O M\u00c9DICO PACIENTE<\/td>\n<\/tr>\n<tr style=\"height: 21px\">\n<td style=\"width: 741px;height: 21px\" width=\"559\">Psicologia Jur\u00eddica e sua interface com a Assist\u00eancia Judici\u00e1ria<\/td>\n<\/tr>\n<tr style=\"height: 21px\">\n<td style=\"width: 741px;height: 21px\" width=\"559\">Estudos e Pesquisas em Fenomenologia: articula\u00e7\u00f5es voltadas \u00e0 pr\u00e1tica cl\u00ednica em institui\u00e7\u00f5es<\/td>\n<\/tr>\n<tr style=\"height: 21px\">\n<td style=\"width: 741px;height: 21px\" width=\"559\">Telepsiquiatria<\/td>\n<\/tr>\n<tr style=\"height: 21px\">\n<td style=\"width: 741px;height: 21px\" width=\"559\">Laborat\u00f3rio de Pr\u00e1ticas Emancipat\u00f3rias e Territoriais &#8211; LAPET<\/td>\n<\/tr>\n<tr style=\"height: 44px\">\n<td style=\"width: 741px;height: 44px\" width=\"559\">Interven\u00e7\u00f5es com jogos: contribui\u00e7\u00f5es da psicologia hist\u00f3rico-cultural para crian\u00e7as com dificuldades de aprendizagem<\/td>\n<\/tr>\n<tr style=\"height: 21px\">\n<td style=\"width: 741px;height: 21px\" width=\"559\">Orienta\u00e7\u00f5es em sa\u00fade oftalmol\u00f3gica<\/td>\n<\/tr>\n<tr style=\"height: 21px\">\n<td style=\"width: 741px;height: 21px\" width=\"559\">Atividades acad\u00eamicas atrav\u00e9s de EAD em Clinica M\u00e9dica<\/td>\n<\/tr>\n<tr style=\"height: 21px\">\n<td style=\"width: 741px;height: 21px\" width=\"559\">Liga de Endocrinologia e Metabologia<\/td>\n<\/tr>\n<tr style=\"height: 21px\">\n<td style=\"width: 741px;height: 21px\" width=\"559\">Aulas De Apoio em Oftalmologia<\/td>\n<\/tr>\n<tr style=\"height: 21px\">\n<td style=\"width: 741px;height: 21px\" width=\"559\">Grupo de Estudos InterA\u00e7\u00e3o<\/td>\n<\/tr>\n<tr style=\"height: 44px\">\n<td style=\"width: 741px;height: 44px\" width=\"559\">METODOLOGIAS ATIVAS DE APRENDIZAGEM APLICADAS AO ENSINO DE SEMIOLOGIA M\u00c9DICA<\/td>\n<\/tr>\n<tr style=\"height: 21px\">\n<td style=\"width: 741px;height: 21px\" width=\"559\">N\u00facleo de Estudos e Pesquisas \u00c9&#8217;L\u00c9\u00c9KO &#8211; Agenciamentos Epist\u00eamicos Antirracistas e Descoloniais<\/td>\n<\/tr>\n<tr style=\"height: 21px\">\n<td style=\"width: 741px;height: 21px\" width=\"559\">Aulas de Apoio em Traumatologia<\/td>\n<\/tr>\n<tr style=\"height: 21px\">\n<td style=\"width: 741px;height: 21px\" width=\"559\">Liga Acad\u00eamica de Oftalmologia<\/td>\n<\/tr>\n<tr style=\"height: 21px\">\n<td style=\"width: 741px;height: 21px\" width=\"559\">POSITHIVXS: PSICOLOGIA, SA\u00daDE E ARTIVISMO EM CONTEXTO DO HIV\/AIDS<\/td>\n<\/tr>\n<tr style=\"height: 21px\">\n<td style=\"width: 741px;height: 21px\" width=\"559\">Liga Acad\u00eamica de Ortopedia e Traumatologia<\/td>\n<\/tr>\n<tr style=\"height: 21px\">\n<td style=\"width: 741px;height: 21px\" width=\"559\">Leiga em Casa<\/td>\n<\/tr>\n<tr style=\"height: 21px\">\n<td style=\"width: 741px;height: 21px\" width=\"559\">Oficina de Escrita Cient\u00edfica<\/td>\n<\/tr>\n<tr style=\"height: 21px\">\n<td style=\"width: 741px;height: 21px\" width=\"559\">Fundamentos De Neonatologia B\u00e1sica<\/td>\n<\/tr>\n<tr style=\"height: 21px\">\n<td style=\"width: 741px;height: 21px\" width=\"559\">Quest\u00f5es em Gastroenterologia, Hepatologia e Endoscopia digestiva<\/td>\n<\/tr>\n<tr style=\"height: 21px\">\n<td style=\"width: 741px;height: 21px\" width=\"559\">Liga Academica de Oncologia<\/td>\n<\/tr>\n<tr style=\"height: 21px\">\n<td style=\"width: 741px;height: 21px\" width=\"559\">Liga Acad\u00eamica de Cirurgia Pl\u00e1stica LACIP<\/td>\n<\/tr>\n<tr style=\"height: 21px\">\n<td style=\"width: 741px;height: 21px\" width=\"559\">Liga Acad\u00eamica de Geriatria e Gerontologia<\/td>\n<\/tr>\n<tr style=\"height: 21px\">\n<td style=\"width: 741px;height: 21px\" width=\"559\">Liga Acad\u00eamica De Mastologia LAMAST<\/td>\n<\/tr>\n<tr style=\"height: 21px\">\n<td style=\"width: 741px;height: 21px\" width=\"559\">Liga Acad\u00eamica de Pneumologia LAP<\/td>\n<\/tr>\n<tr style=\"height: 21px\">\n<td style=\"width: 741px;height: 21px\" width=\"559\">Aten\u00e7\u00e3o ao Rec\u00e9m-Nascido<\/td>\n<\/tr>\n<tr style=\"height: 21px\">\n<td style=\"width: 741px;height: 21px\" width=\"559\">Liga Acad\u00eamica de Cardiologia<\/td>\n<\/tr>\n<tr style=\"height: 21px\">\n<td style=\"width: 741px;height: 21px\" width=\"559\">Liga Acad\u00eamica de Pediatria &#8211; Laped 2020<\/td>\n<\/tr>\n<tr style=\"height: 21px\">\n<td style=\"width: 741px;height: 21px\" width=\"559\">Liga Acad\u00eamica de Urologia<\/td>\n<\/tr>\n<tr style=\"height: 21px\">\n<td style=\"width: 741px;height: 21px\" width=\"559\">Liga de doa\u00e7\u00e3o de \u00f3rg\u00e3os e tecidos<\/td>\n<\/tr>\n<tr style=\"height: 21px\">\n<td style=\"width: 741px;height: 21px\" width=\"559\">Compet\u00eancias b\u00e1sicas em cirurgia<\/td>\n<\/tr>\n<tr style=\"height: 21px\">\n<td style=\"width: 741px;height: 21px\" width=\"559\">Liga Acad\u00eamica de Alergologia e Imunologia Cl\u00ednica<\/td>\n<\/tr>\n<tr style=\"height: 21px\">\n<td style=\"width: 741px;height: 21px\" width=\"559\">Liga Acad\u00eamica de Otorrinolaringologia LAORL<\/td>\n<\/tr>\n<tr style=\"height: 21px\">\n<td style=\"width: 741px;height: 21px\" width=\"559\">Liga Acad\u00eamica de Angiologia, Cirurgia Vascular e Endovascular<\/td>\n<\/tr>\n<tr style=\"height: 21px\">\n<td style=\"width: 741px;height: 21px\" width=\"559\">Pulsional &#8211; N\u00facleo de Estudos e Pesquisas em Psican\u00e1lise<\/td>\n<\/tr>\n<tr style=\"height: 21px\">\n<td style=\"width: 741px;height: 21px\" width=\"559\">LABOHETEC &#8211; Laborat\u00f3rio de Estudos da Ocupa\u00e7\u00e3o Humana e Tecnologia<\/td>\n<\/tr>\n<tr style=\"height: 21px\">\n<td style=\"width: 741px;height: 21px\" width=\"559\">Aprendizado Remoto na \u00c1rea de Ginecologia e Obstetr\u00edcia em \u00c9poca de Pandemia<\/td>\n<\/tr>\n<tr style=\"height: 21px\">\n<td style=\"width: 741px;height: 21px\" width=\"559\">LIGA ACAD\u00caMICA DE CIRURGIA GERAL \u2013 LACGE<\/td>\n<\/tr>\n<tr style=\"height: 21px\">\n<td style=\"width: 741px;height: 21px\" width=\"559\">Liga Acad\u00eamica de Dermatologia<\/td>\n<\/tr>\n<tr style=\"height: 21px\">\n<td style=\"width: 741px;height: 21px\" width=\"609\">MoviLeiga &#8211; Movimento de Aten\u00e7\u00e3o \u00e0 Sa\u00fade Global do Estudante de Medicina da Leiga\/UFPel<\/td>\n<\/tr>\n<tr style=\"height: 21px\">\n<td style=\"width: 741px;height: 21px\">Aprendizado Pr\u00e1tico em Cirurgia Ginecol\u00f3gica e Obst\u00e9trica<\/td>\n<\/tr>\n<tr style=\"height: 21px\">\n<td style=\"width: 741px;height: 21px\">Liga Acad\u00eamica de Ginecologia e Obstetr\u00edcia (LAGO-UFPel)<\/td>\n<\/tr>\n<tr style=\"height: 21px\">\n<td style=\"width: 741px;height: 21px\">Semiologia Ortop\u00e9dica: Guia de Bolso<\/td>\n<\/tr>\n<tr style=\"height: 21px\">\n<td style=\"width: 741px;height: 21px\">Traumatologia Pedi\u00e1trica: Fraturas mais comuns na inf\u00e2ncia<\/td>\n<\/tr>\n<tr style=\"height: 21px\">\n<td style=\"width: 741px;height: 21px\">Manual de Obstetr\u00edcia \u2013 FAMED<\/td>\n<\/tr>\n<tr>\n<td style=\"width: 741px\" width=\"666\" data-order=\"2022-01-01\">Hecceidades<\/td>\n<\/tr>\n<tr>\n<td style=\"width: 741px\" data-order=\"2022-12-30\">Liga Acad\u00eamica de Neuropediatria, Neurologia e Neurocirurgia<\/td>\n<\/tr>\n<tr>\n<td style=\"width: 741px\" data-order=\"2022-03-31\">Recursos terap\u00eauticos, processos criativos e Terapia Ocupacional<\/td>\n<\/tr>\n<tr>\n<td style=\"width: 741px\" data-order=\"2021-12-23\">Liga Acad\u00eamica de Patologia (LAPAT)<\/td>\n<\/tr>\n<\/tbody>\n<\/table>\n<p>&nbsp;<\/p>\n","protected":false},"excerpt":{"rendered":"<p>Acesse os detalhes dos projetos: Portal Institucional UFPel Projetos de Ensino \u2013 FAMED\/UFPel Liga Acad\u00eamica e Gastroenterologia e Hepatologia Liga Acad\u00eamica de Sa\u00fade das Popula\u00e7\u00f5es em Vulnerabilidade Social &#8211; LASPOVUS INICIANDO A RELA\u00c7\u00c3O M\u00c9DICO PACIENTE Psicologia Jur\u00eddica e sua interface com a Assist\u00eancia Judici\u00e1ria Estudos e Pesquisas em Fenomenologia: articula\u00e7\u00f5es voltadas \u00e0 pr\u00e1tica cl\u00ednica em [&hellip;]<\/p>\n","protected":false},"author":166,"featured_media":0,"parent":0,"menu_order":0,"comment_status":"closed","ping_status":"closed","template":"","meta":{"jetpack_post_was_ever_published":false,"footnotes":""},"class_list":["post-353","page","type-page","status-publish","hentry"],"jetpack_sharing_enabled":true,"jetpack_shortlink":"https:\/\/wp.me\/P8YhqL-5H","_links":{"self":[{"href":"https:\/\/wp.ufpel.edu.br\/famed\/wp-json\/wp\/v2\/pages\/353","targetHints":{"allow":["GET"]}}],"collection":[{"href":"https:\/\/wp.ufpel.edu.br\/famed\/wp-json\/wp\/v2\/pages"}],"about":[{"href":"https:\/\/wp.ufpel.edu.br\/famed\/wp-json\/wp\/v2\/types\/page"}],"author":[{"embeddable":true,"href":"https:\/\/wp.ufpel.edu.br\/famed\/wp-json\/wp\/v2\/users\/166"}],"replies":[{"embeddable":true,"href":"https:\/\/wp.ufpel.edu.br\/famed\/wp-json\/wp\/v2\/comments?post=353"}],"version-history":[{"count":18,"href":"https:\/\/wp.ufpel.edu.br\/famed\/wp-json\/wp\/v2\/pages\/353\/revisions"}],"predecessor-version":[{"id":1777,"href":"https:\/\/wp.ufpel.edu.br\/famed\/wp-json\/wp\/v2\/pages\/353\/revisions\/1777"}],"wp:attachment":[{"href":"https:\/\/wp.ufpel.edu.br\/famed\/wp-json\/wp\/v2\/media?parent=353"}],"curies":[{"name":"wp","href":"https:\/\/api.w.org\/{rel}","templated":true}]}}