{"id":337,"date":"2018-11-22T08:39:33","date_gmt":"2018-11-22T10:39:33","guid":{"rendered":"https:\/\/wp.ufpel.edu.br\/famed\/?page_id=337"},"modified":"2020-05-25T17:08:06","modified_gmt":"2020-05-25T20:08:06","slug":"projetos-famed","status":"publish","type":"page","link":"https:\/\/wp.ufpel.edu.br\/famed\/projetos-famed\/","title":{"rendered":"Projetos FAMED"},"content":{"rendered":"<h1 style=\"text-align: center\"><b>Pesquisa FAMED!<\/b><\/h1>\n<h2 style=\"text-align: center\"><b> Faculdade de Medicina, Psicologia e Terapia Ocupacional<\/b><\/h2>\n<p style=\"text-align: center\">Os projetos est\u00e3o especificados no<strong> subitem:<\/strong> Projetos de Pesquisa, Ensino e Extens\u00e3o (podem ser acessados atrav\u00e9s do Portal Institucional da UFPel).<\/p>\n<p style=\"text-align: center\">Acesse os projetos: <a href=\"https:\/\/institucional.ufpel.edu.br\/projetos\">Portal Institucional UFPel<\/a><\/p>\n<p style=\"text-align: center\"><a href=\"https:\/\/wp.ufpel.edu.br\/famed\/files\/2018\/11\/Med-Psico-TO.png\"><img class=\"alignnone wp-image-177\" src=\"https:\/\/wp.ufpel.edu.br\/famed\/files\/2018\/11\/Med-Psico-TO-400x139.png\" alt=\"\" width=\"256\" height=\"89\" srcset=\"https:\/\/wp.ufpel.edu.br\/famed\/files\/2018\/11\/Med-Psico-TO-400x139.png 400w, https:\/\/wp.ufpel.edu.br\/famed\/files\/2018\/11\/Med-Psico-TO.png 672w\" sizes=\"(max-width: 256px) 100vw, 256px\" \/><\/a><\/p>\n<p style=\"text-align: center\"><a href=\"https:\/\/wp.ufpel.edu.br\/famed\/files\/2018\/11\/Leiga-4.jpg\"><img class=\"alignnone wp-image-227\" src=\"https:\/\/wp.ufpel.edu.br\/famed\/files\/2018\/11\/Leiga-4-400x283.jpg\" alt=\"\" width=\"282\" height=\"200\" srcset=\"https:\/\/wp.ufpel.edu.br\/famed\/files\/2018\/11\/Leiga-4-400x283.jpg 400w, https:\/\/wp.ufpel.edu.br\/famed\/files\/2018\/11\/Leiga-4-768x544.jpg 768w, https:\/\/wp.ufpel.edu.br\/famed\/files\/2018\/11\/Leiga-4.jpg 1024w\" sizes=\"(max-width: 282px) 100vw, 282px\" \/><\/a><\/p>\n","protected":false},"excerpt":{"rendered":"<p>Pesquisa FAMED! Faculdade de Medicina, Psicologia e Terapia Ocupacional Os projetos est\u00e3o especificados no subitem: Projetos de Pesquisa, Ensino e Extens\u00e3o (podem ser acessados atrav\u00e9s do Portal Institucional da UFPel). Acesse os projetos: Portal Institucional UFPel<\/p>\n","protected":false},"author":166,"featured_media":0,"parent":0,"menu_order":0,"comment_status":"closed","ping_status":"closed","template":"","meta":{"jetpack_post_was_ever_published":false,"footnotes":""},"class_list":["post-337","page","type-page","status-publish","hentry"],"jetpack_sharing_enabled":true,"jetpack_shortlink":"https:\/\/wp.me\/P8YhqL-5r","_links":{"self":[{"href":"https:\/\/wp.ufpel.edu.br\/famed\/wp-json\/wp\/v2\/pages\/337","targetHints":{"allow":["GET"]}}],"collection":[{"href":"https:\/\/wp.ufpel.edu.br\/famed\/wp-json\/wp\/v2\/pages"}],"about":[{"href":"https:\/\/wp.ufpel.edu.br\/famed\/wp-json\/wp\/v2\/types\/page"}],"author":[{"embeddable":true,"href":"https:\/\/wp.ufpel.edu.br\/famed\/wp-json\/wp\/v2\/users\/166"}],"replies":[{"embeddable":true,"href":"https:\/\/wp.ufpel.edu.br\/famed\/wp-json\/wp\/v2\/comments?post=337"}],"version-history":[{"count":4,"href":"https:\/\/wp.ufpel.edu.br\/famed\/wp-json\/wp\/v2\/pages\/337\/revisions"}],"predecessor-version":[{"id":1276,"href":"https:\/\/wp.ufpel.edu.br\/famed\/wp-json\/wp\/v2\/pages\/337\/revisions\/1276"}],"wp:attachment":[{"href":"https:\/\/wp.ufpel.edu.br\/famed\/wp-json\/wp\/v2\/media?parent=337"}],"curies":[{"name":"wp","href":"https:\/\/api.w.org\/{rel}","templated":true}]}}