{"id":2784,"date":"2022-07-08T09:47:33","date_gmt":"2022-07-08T12:47:33","guid":{"rendered":"https:\/\/wp.ufpel.edu.br\/famed\/?page_id=2784"},"modified":"2022-07-08T09:47:33","modified_gmt":"2022-07-08T12:47:33","slug":"medicina","status":"publish","type":"page","link":"https:\/\/wp.ufpel.edu.br\/famed\/medicina\/","title":{"rendered":"Medicina"},"content":{"rendered":"<h4>O Curso de Bacharelado em Medicina<\/h4>\n<p>O Curso de Bacharelado em Medicina da Universidade Federal de Pelotas, tem por finalidade a forma\u00e7\u00e3o, o aperfei\u00e7oamento e a especializa\u00e7\u00e3o do (a) profissional para o desenvolvimento da medicina, propondo-se no cumprimento dos seguinte miss\u00e3o:<\/p>\n<ul>\n<li>Formar m\u00e9dicos (as) dotados (as) de conhecimentos e profici\u00eancia que os (as) habilitem a ampla concep\u00e7\u00e3o biol\u00f3gico-social de sa\u00fade e doen\u00e7a, orientando-o (a) na pr\u00e1tica de princ\u00edpios \u00e9ticos e humanit\u00e1rios, nos diferentes n\u00edveis de aten\u00e7\u00e3o, com a\u00e7\u00f5es de promo\u00e7\u00e3o, preven\u00e7\u00e3o, recupera\u00e7\u00e3o e reabilita\u00e7\u00e3o \u00e0 sa\u00fade, na perspectiva da integralidade da assist\u00eancia, com senso de responsabilidade social e compromisso com a cidadania, como promotor (a) da sa\u00fade integral do ser humano. \u2013 Promover e incentivar a pesquisa nos seus v\u00e1rios setores; \u2013 Propiciar especializa\u00e7\u00e3o e aperfei\u00e7oamento permanente, incentivando os h\u00e1bitos da educa\u00e7\u00e3o continuada.<\/li>\n<li>Formar m\u00e9dicos (as) dotados (as)\u00a0 de conhecimentos e profici\u00eancia que os habilitem a: Ampla concep\u00e7\u00e3o bio-psico-social de sa\u00fade e doen\u00e7a, orientando-o na pr\u00e1tica de princ\u00edpios \u00e9ticos e humanit\u00e1rios, nos diferentes n\u00edveis de aten\u00e7\u00e3o, com a\u00e7\u00f5es de promo\u00e7\u00e3o, preven\u00e7\u00e3o, recupera\u00e7\u00e3o e reabilita\u00e7\u00e3o \u00e0 sa\u00fade, na perspectiva da integralidade da assist\u00eancia, com senso de responsabilidade social e compromisso com a cidadania, como promotor da sa\u00fade integral do ser humano,<br \/>\nPromovendo e incentivando a pesquisa nos v\u00e1rios setores por ela abrangidos, propiciando a especializa\u00e7\u00e3o e aperfei\u00e7oamento permanente, incentivando os h\u00e1bitos de aprendizado continuado.<\/li>\n<\/ul>\n<header class=\"entry-header\">\n<h4 class=\"entry-title\">Formas de Ingresso<\/h4>\n<\/header>\n<div class=\"entry-content\">\n<p>O ingresso de candidatos (as) no Curso de Bacharelado em Medicina da Universidade Federal de Pelotas, \u00e9 realizado atrav\u00e9s do Sistema de Sele\u00e7\u00e3o Unificada (<strong>SISU<\/strong>) e atrav\u00e9s do Programa de Avalia\u00e7\u00e3o da Vida Escolar (<strong>PAVE<\/strong>), que consiste em um processo gradual e sistem\u00e1tico, que acontecer\u00e1 ao longo do Ensino M\u00e9dio, sendo realizado em tr\u00eas etapas.<\/p>\n<p>Ainda \u00e9 poss\u00edvel ingressar atrav\u00e9s dos editais de Transfer\u00eancia, Reingresso, Reop\u00e7\u00e3o e Portador de Diploma.<\/p>\n<p>Mais informa\u00e7\u00f5es no <a href=\"https:\/\/institucional.ufpel.edu.br\/cursos\/cod\/600\">Portal Institucional da UFPel<\/a>.<\/p>\n<\/div>\n","protected":false},"excerpt":{"rendered":"<p>O Curso de Bacharelado em Medicina O Curso de Bacharelado em Medicina da Universidade Federal de Pelotas, tem por finalidade a forma\u00e7\u00e3o, o aperfei\u00e7oamento e a especializa\u00e7\u00e3o do (a) profissional para o desenvolvimento da medicina, propondo-se no cumprimento dos seguinte miss\u00e3o: Formar m\u00e9dicos (as) dotados (as) de conhecimentos e profici\u00eancia que os (as) habilitem a [&hellip;]<\/p>\n","protected":false},"author":166,"featured_media":0,"parent":0,"menu_order":0,"comment_status":"closed","ping_status":"closed","template":"","meta":{"jetpack_post_was_ever_published":false,"footnotes":""},"class_list":["post-2784","page","type-page","status-publish","hentry"],"jetpack_sharing_enabled":true,"jetpack_shortlink":"https:\/\/wp.me\/P8YhqL-IU","_links":{"self":[{"href":"https:\/\/wp.ufpel.edu.br\/famed\/wp-json\/wp\/v2\/pages\/2784","targetHints":{"allow":["GET"]}}],"collection":[{"href":"https:\/\/wp.ufpel.edu.br\/famed\/wp-json\/wp\/v2\/pages"}],"about":[{"href":"https:\/\/wp.ufpel.edu.br\/famed\/wp-json\/wp\/v2\/types\/page"}],"author":[{"embeddable":true,"href":"https:\/\/wp.ufpel.edu.br\/famed\/wp-json\/wp\/v2\/users\/166"}],"replies":[{"embeddable":true,"href":"https:\/\/wp.ufpel.edu.br\/famed\/wp-json\/wp\/v2\/comments?post=2784"}],"version-history":[{"count":4,"href":"https:\/\/wp.ufpel.edu.br\/famed\/wp-json\/wp\/v2\/pages\/2784\/revisions"}],"predecessor-version":[{"id":2789,"href":"https:\/\/wp.ufpel.edu.br\/famed\/wp-json\/wp\/v2\/pages\/2784\/revisions\/2789"}],"wp:attachment":[{"href":"https:\/\/wp.ufpel.edu.br\/famed\/wp-json\/wp\/v2\/media?parent=2784"}],"curies":[{"name":"wp","href":"https:\/\/api.w.org\/{rel}","templated":true}]}}