{"id":2332,"date":"2021-11-30T15:09:25","date_gmt":"2021-11-30T18:09:25","guid":{"rendered":"https:\/\/wp.ufpel.edu.br\/famed\/?page_id=2332"},"modified":"2021-11-30T15:09:25","modified_gmt":"2021-11-30T18:09:25","slug":"psicologia","status":"publish","type":"page","link":"https:\/\/wp.ufpel.edu.br\/famed\/psicologia\/","title":{"rendered":"Psicologia"},"content":{"rendered":"<p><strong>O Curso de Bacharelado em Psicologia<\/strong><\/p>\n<p style=\"text-align: justify\">O curso de Bacharelado em Psicologia da Universidade Federal de Pelotas (UFPel) foi criado em 01\/08\/2010 e reconhecido pelo Minist\u00e9rio da Educa\u00e7\u00e3o (MEC) pela Portaria n\u00ba 306, de 23\/04\/2015, com renova\u00e7\u00e3o de reconhecimento pela Portaria n\u00ba 272, de 03\/04\/2017. O curso de Psicologia da UFPel surgiu no contexto do Programa de Apoio a Planos de Reestrutura\u00e7\u00e3o e Expans\u00e3o das Universidades Federais (REUNI), cujo objetivo central foi o de ampliar o acesso e a perman\u00eancia da popula\u00e7\u00e3o ao ensino p\u00fablico, superior e de qualidade, particularmente aquela de baixa renda. A primeira turma de bachar\u00e9is em Psicologia da UFPel se formou em 2016 e, em sua primeira participa\u00e7\u00e3o no Exame Nacional de Desempenho de Estudantes (ENADE), o curso recebeu nota 4, mesmo conceito obtido na avalia\u00e7\u00e3o do MEC. Em 2017, o curso formou um N\u00facleo Docente Estruturante (NDE) para repensar o curr\u00edculo, com o intuito de alinhar ainda mais a forma\u00e7\u00e3o \u00e0s exig\u00eancias da sociedade, com \u00eanfase em direitos humanos, quest\u00f5es \u00e9tnico-raciais, g\u00eanero e sexualidade.<\/p>\n<p>O curso possui ingresso anual cont\u00ednuo de 55 alunos desde 2011\/2 e acaba de completar 10 anos de funcionamento, com 6 turmas formadas desde agosto de 2016.<\/p>\n<p>Mais informa\u00e7\u00f5es no <a href=\"https:\/\/institucional.ufpel.edu.br\/cursos\/cod\/6600\">Portal Institucional da UFPel<\/a> .<\/p>\n","protected":false},"excerpt":{"rendered":"<p>O Curso de Bacharelado em Psicologia O curso de Bacharelado em Psicologia da Universidade Federal de Pelotas (UFPel) foi criado em 01\/08\/2010 e reconhecido pelo Minist\u00e9rio da Educa\u00e7\u00e3o (MEC) pela Portaria n\u00ba 306, de 23\/04\/2015, com renova\u00e7\u00e3o de reconhecimento pela Portaria n\u00ba 272, de 03\/04\/2017. O curso de Psicologia da UFPel surgiu no contexto do [&hellip;]<\/p>\n","protected":false},"author":166,"featured_media":0,"parent":0,"menu_order":0,"comment_status":"closed","ping_status":"closed","template":"","meta":{"jetpack_post_was_ever_published":false,"footnotes":""},"class_list":["post-2332","page","type-page","status-publish","hentry"],"jetpack_sharing_enabled":true,"jetpack_shortlink":"https:\/\/wp.me\/P8YhqL-BC","_links":{"self":[{"href":"https:\/\/wp.ufpel.edu.br\/famed\/wp-json\/wp\/v2\/pages\/2332","targetHints":{"allow":["GET"]}}],"collection":[{"href":"https:\/\/wp.ufpel.edu.br\/famed\/wp-json\/wp\/v2\/pages"}],"about":[{"href":"https:\/\/wp.ufpel.edu.br\/famed\/wp-json\/wp\/v2\/types\/page"}],"author":[{"embeddable":true,"href":"https:\/\/wp.ufpel.edu.br\/famed\/wp-json\/wp\/v2\/users\/166"}],"replies":[{"embeddable":true,"href":"https:\/\/wp.ufpel.edu.br\/famed\/wp-json\/wp\/v2\/comments?post=2332"}],"version-history":[{"count":1,"href":"https:\/\/wp.ufpel.edu.br\/famed\/wp-json\/wp\/v2\/pages\/2332\/revisions"}],"predecessor-version":[{"id":2334,"href":"https:\/\/wp.ufpel.edu.br\/famed\/wp-json\/wp\/v2\/pages\/2332\/revisions\/2334"}],"wp:attachment":[{"href":"https:\/\/wp.ufpel.edu.br\/famed\/wp-json\/wp\/v2\/media?parent=2332"}],"curies":[{"name":"wp","href":"https:\/\/api.w.org\/{rel}","templated":true}]}}