{"id":2104,"date":"2021-08-17T14:13:18","date_gmt":"2021-08-17T17:13:18","guid":{"rendered":"https:\/\/wp.ufpel.edu.br\/famed\/?page_id=2104"},"modified":"2022-03-09T12:59:45","modified_gmt":"2022-03-09T15:59:45","slug":"departamento-de-medicina-materno-infantil","status":"publish","type":"page","link":"https:\/\/wp.ufpel.edu.br\/famed\/departamento-de-medicina-materno-infantil\/","title":{"rendered":"DEPARTAMENTO DE MEDICINA MATERNO INFANTIL"},"content":{"rendered":"<p><strong>Localiza\u00e7\u00e3o:<\/strong> Avenida Duque de Caxias, 250 Fragata 96030-002 &#8211; Pelotas, RS<br \/>\n<strong>Telefone<\/strong>: (53) 3310-1816 para Pediatria \/ Recep\u00e7\u00e3o<br \/>\n.\u00a0 \u00a0 \u00a0 \u00a0 \u00a0 \u00a0 \u00a0 \u00a0 \u00a0 \u00a0 (53) 3310-1817 para Pediatria \/ Assistente Social<br \/>\n.\u00a0 \u00a0 \u00a0 \u00a0 \u00a0 \u00a0 \u00a0 \u00a0 \u00a0 \u00a0 (53) 3310-1818 para Ginecologia \/ Recep\u00e7\u00e3o<br \/>\n.\u00a0 \u00a0 \u00a0 \u00a0 \u00a0 \u00a0 \u00a0 \u00a0 \u00a0 \u00a0 (53) 3310-1819 para Ginecologia \/ Secretaria<br \/>\n<strong>E-mail:<\/strong> dmi@ufpel.edu.br<\/p>\n<p><strong>Chefe:<\/strong> Jos\u00e9 Augusto Assump\u00e7\u00e3o Crespo Ribeiro<br \/>\n<strong>Chefe Substituto:<\/strong> Denise Marques Mota<br \/>\n<strong>Secret\u00e1ria:<\/strong> Sabrina Oliveira da Costa<\/p>\n<hr \/>\n<p>&nbsp;<\/p>\n","protected":false},"excerpt":{"rendered":"<p>Localiza\u00e7\u00e3o: Avenida Duque de Caxias, 250 Fragata 96030-002 &#8211; Pelotas, RS Telefone: (53) 3310-1816 para Pediatria \/ Recep\u00e7\u00e3o .\u00a0 \u00a0 \u00a0 \u00a0 \u00a0 \u00a0 \u00a0 \u00a0 \u00a0 \u00a0 (53) 3310-1817 para Pediatria \/ Assistente Social .\u00a0 \u00a0 \u00a0 \u00a0 \u00a0 \u00a0 \u00a0 \u00a0 \u00a0 \u00a0 (53) 3310-1818 para Ginecologia \/ Recep\u00e7\u00e3o .\u00a0 \u00a0 \u00a0 \u00a0 [&hellip;]<\/p>\n","protected":false},"author":166,"featured_media":0,"parent":0,"menu_order":0,"comment_status":"closed","ping_status":"closed","template":"","meta":{"jetpack_post_was_ever_published":false,"footnotes":""},"class_list":["post-2104","page","type-page","status-publish","hentry"],"jetpack_sharing_enabled":true,"jetpack_shortlink":"https:\/\/wp.me\/P8YhqL-xW","_links":{"self":[{"href":"https:\/\/wp.ufpel.edu.br\/famed\/wp-json\/wp\/v2\/pages\/2104","targetHints":{"allow":["GET"]}}],"collection":[{"href":"https:\/\/wp.ufpel.edu.br\/famed\/wp-json\/wp\/v2\/pages"}],"about":[{"href":"https:\/\/wp.ufpel.edu.br\/famed\/wp-json\/wp\/v2\/types\/page"}],"author":[{"embeddable":true,"href":"https:\/\/wp.ufpel.edu.br\/famed\/wp-json\/wp\/v2\/users\/166"}],"replies":[{"embeddable":true,"href":"https:\/\/wp.ufpel.edu.br\/famed\/wp-json\/wp\/v2\/comments?post=2104"}],"version-history":[{"count":5,"href":"https:\/\/wp.ufpel.edu.br\/famed\/wp-json\/wp\/v2\/pages\/2104\/revisions"}],"predecessor-version":[{"id":2471,"href":"https:\/\/wp.ufpel.edu.br\/famed\/wp-json\/wp\/v2\/pages\/2104\/revisions\/2471"}],"wp:attachment":[{"href":"https:\/\/wp.ufpel.edu.br\/famed\/wp-json\/wp\/v2\/media?parent=2104"}],"curies":[{"name":"wp","href":"https:\/\/api.w.org\/{rel}","templated":true}]}}