{"id":2094,"date":"2021-08-17T14:13:18","date_gmt":"2021-08-17T17:13:18","guid":{"rendered":"https:\/\/wp.ufpel.edu.br\/famed\/?page_id=2094"},"modified":"2023-01-30T13:20:05","modified_gmt":"2023-01-30T16:20:05","slug":"departamento-de-clinica-medica","status":"publish","type":"page","link":"https:\/\/wp.ufpel.edu.br\/famed\/departamento-de-clinica-medica\/","title":{"rendered":"DEPARTAMENTO DE CL\u00cdNICA M\u00c9DICA"},"content":{"rendered":"<p><strong>Localiza\u00e7\u00e3o:<\/strong> Rua Prof. Dr. Ara\u00fajo, 538 &#8211; Centro, Pelotas &#8211; RS, 96020-360<br \/>\n<strong>E-mail:<\/strong> dep.clinicamedica@ufpel.edu.br<br \/>\n<strong>Chefe:<\/strong> Silvia Saueressig<br \/>\n<strong>Chefe substituto:<\/strong> Daniel Rios Pinto Ribeiro<\/p>\n<hr \/>\n<p>&nbsp;<\/p>\n","protected":false},"excerpt":{"rendered":"<p>Localiza\u00e7\u00e3o: Rua Prof. Dr. Ara\u00fajo, 538 &#8211; Centro, Pelotas &#8211; RS, 96020-360 E-mail: dep.clinicamedica@ufpel.edu.br Chefe: Silvia Saueressig Chefe substituto: Daniel Rios Pinto Ribeiro &nbsp;<\/p>\n","protected":false},"author":166,"featured_media":0,"parent":0,"menu_order":0,"comment_status":"closed","ping_status":"closed","template":"","meta":{"jetpack_post_was_ever_published":false,"footnotes":""},"class_list":["post-2094","page","type-page","status-publish","hentry"],"jetpack_sharing_enabled":true,"jetpack_shortlink":"https:\/\/wp.me\/P8YhqL-xM","_links":{"self":[{"href":"https:\/\/wp.ufpel.edu.br\/famed\/wp-json\/wp\/v2\/pages\/2094","targetHints":{"allow":["GET"]}}],"collection":[{"href":"https:\/\/wp.ufpel.edu.br\/famed\/wp-json\/wp\/v2\/pages"}],"about":[{"href":"https:\/\/wp.ufpel.edu.br\/famed\/wp-json\/wp\/v2\/types\/page"}],"author":[{"embeddable":true,"href":"https:\/\/wp.ufpel.edu.br\/famed\/wp-json\/wp\/v2\/users\/166"}],"replies":[{"embeddable":true,"href":"https:\/\/wp.ufpel.edu.br\/famed\/wp-json\/wp\/v2\/comments?post=2094"}],"version-history":[{"count":6,"href":"https:\/\/wp.ufpel.edu.br\/famed\/wp-json\/wp\/v2\/pages\/2094\/revisions"}],"predecessor-version":[{"id":3135,"href":"https:\/\/wp.ufpel.edu.br\/famed\/wp-json\/wp\/v2\/pages\/2094\/revisions\/3135"}],"wp:attachment":[{"href":"https:\/\/wp.ufpel.edu.br\/famed\/wp-json\/wp\/v2\/media?parent=2094"}],"curies":[{"name":"wp","href":"https:\/\/api.w.org\/{rel}","templated":true}]}}