{"id":2090,"date":"2021-08-17T14:13:18","date_gmt":"2021-08-17T17:13:18","guid":{"rendered":"https:\/\/wp.ufpel.edu.br\/famed\/?page_id=2090"},"modified":"2023-08-16T10:47:37","modified_gmt":"2023-08-16T13:47:37","slug":"departamento-de-medicina-social","status":"publish","type":"page","link":"https:\/\/wp.ufpel.edu.br\/famed\/departamento-de-medicina-social\/","title":{"rendered":"DEPARTAMENTO DE MEDICINA SOCIAL"},"content":{"rendered":"<p><strong>Localiza\u00e7\u00e3o:<\/strong> Avenida Duque de Caxias, 250, 3\u00b0 andar, Fragata 96030-001 &#8211; Pelotas, RS<br \/>\n<strong>Telefone:<\/strong> (53) 3310-1826, (53) 3310-1827<br \/>\n.\u00a0 \u00a0 \u00a0 \u00a0 \u00a0 \u00a0 \u00a0 \u00a0 \u00a0 \u00a0 (53) 3310-1814, (53) 3310-1815<br \/>\n<strong>E-mail:<\/strong> dms.famed@gmail.com<\/p>\n<p><strong>Chefe:<\/strong> Ana Maria Ferreira Borges Teixeira<br \/>\n<strong>Chefe Substituto:<\/strong> Barbara Heather Lutz<br \/>\n<strong>Secret\u00e1ria:<\/strong> Mari\u00e2ngela da Silva Garcia<\/p>\n<hr \/>\n<p><span style=\"color: #275b8c;\"><strong>UBS Areal Leste<\/strong><\/span><br \/>\n<strong>Localiza\u00e7\u00e3o<\/strong>: Av. Domingos de Almeida, 4265 Pelotas, RS. CEP 96085-470<br \/>\n<strong>Telefone:<\/strong> (53) 3284-4334<br \/>\n<a href=\"https:\/\/wp.ufpel.edu.br\/famed\/files\/2021\/11\/Horario-servidores-areal-leste-2021-FINAL.pdf\">Escala de Trabalho UBS Areal<\/a><\/p>\n<p><strong><span style=\"color: #275b8c;\">UBS Centro Social Urbano (CSU)<\/span> <\/strong><br \/>\n<strong>Localiza\u00e7\u00e3o:<\/strong> Rua Guararapes, 50 A \u2013 Bairro Areal \u2013 Pelotas\/RS<br \/>\n<strong>Telefone:<\/strong> (53) 3284-4336<br \/>\n<a href=\"https:\/\/wp.ufpel.edu.br\/famed\/files\/2021\/11\/escala-CSU.pdf\" target=\"_blank\" rel=\"noopener\">Escala de Trabalho UBS CSU<\/a><\/p>\n<p><strong><span style=\"color: #275b8c;\">UBS Vila Municipal<\/span> <\/strong><br \/>\n<strong>Localiza\u00e7\u00e3o:<\/strong> Rua: Luciano Gallet, 600 &#8211; Bairro Santos Dumont \u2013 Pelotas\/RS<br \/>\n<strong>Telefone:<\/strong> (53) 3284-4338<br \/>\n<a href=\"https:\/\/wp.ufpel.edu.br\/famed\/files\/2021\/11\/UBS_Vila_merged.pdf\" target=\"_blank\" rel=\"noopener\">Escala de Trabalho UBS Vila<\/a><\/p>\n<p><span style=\"color: #275b8c;\"><strong>UBS Obelisco<\/strong><\/span><br \/>\n<strong>Localiza\u00e7\u00e3o:<\/strong> Rua Doutor Francisco Ribeiro da Silva, 505 &#8211; Bairro Obelisco -Pelotas\/RS<br \/>\n<strong>Telefone:<\/strong> (53) 3282-2477<\/p>\n<p><span style=\"color: #275b8c;\"><strong>UBS Campus Cap\u00e3o do Le\u00e3o<\/strong><\/span><br \/>\n<strong>Localiza\u00e7\u00e3o:<\/strong> UFPel Campus Cap\u00e3o do Le\u00e3o, Pr\u00e9dio 5, Cap\u00e3o do Le\u00e3o\/RS, 96160-000<br \/>\n<strong>Telefone:<\/strong> (53) 3275-7228<\/p>\n","protected":false},"excerpt":{"rendered":"<p>Localiza\u00e7\u00e3o: Avenida Duque de Caxias, 250, 3\u00b0 andar, Fragata 96030-001 &#8211; Pelotas, RS Telefone: (53) 3310-1826, (53) 3310-1827 .\u00a0 \u00a0 \u00a0 \u00a0 \u00a0 \u00a0 \u00a0 \u00a0 \u00a0 \u00a0 (53) 3310-1814, (53) 3310-1815 E-mail: dms.famed@gmail.com Chefe: Ana Maria Ferreira Borges Teixeira Chefe Substituto: Barbara Heather Lutz Secret\u00e1ria: Mari\u00e2ngela da Silva Garcia UBS Areal Leste Localiza\u00e7\u00e3o: Av. [&hellip;]<\/p>\n","protected":false},"author":166,"featured_media":0,"parent":0,"menu_order":0,"comment_status":"closed","ping_status":"closed","template":"","meta":{"jetpack_post_was_ever_published":false,"footnotes":""},"class_list":["post-2090","page","type-page","status-publish","hentry"],"jetpack_sharing_enabled":true,"jetpack_shortlink":"https:\/\/wp.me\/P8YhqL-xI","_links":{"self":[{"href":"https:\/\/wp.ufpel.edu.br\/famed\/wp-json\/wp\/v2\/pages\/2090","targetHints":{"allow":["GET"]}}],"collection":[{"href":"https:\/\/wp.ufpel.edu.br\/famed\/wp-json\/wp\/v2\/pages"}],"about":[{"href":"https:\/\/wp.ufpel.edu.br\/famed\/wp-json\/wp\/v2\/types\/page"}],"author":[{"embeddable":true,"href":"https:\/\/wp.ufpel.edu.br\/famed\/wp-json\/wp\/v2\/users\/166"}],"replies":[{"embeddable":true,"href":"https:\/\/wp.ufpel.edu.br\/famed\/wp-json\/wp\/v2\/comments?post=2090"}],"version-history":[{"count":7,"href":"https:\/\/wp.ufpel.edu.br\/famed\/wp-json\/wp\/v2\/pages\/2090\/revisions"}],"predecessor-version":[{"id":3435,"href":"https:\/\/wp.ufpel.edu.br\/famed\/wp-json\/wp\/v2\/pages\/2090\/revisions\/3435"}],"wp:attachment":[{"href":"https:\/\/wp.ufpel.edu.br\/famed\/wp-json\/wp\/v2\/media?parent=2090"}],"curies":[{"name":"wp","href":"https:\/\/api.w.org\/{rel}","templated":true}]}}