{"id":2085,"date":"2021-08-17T14:13:18","date_gmt":"2021-08-17T17:13:18","guid":{"rendered":"https:\/\/wp.ufpel.edu.br\/famed\/?page_id=2085"},"modified":"2022-08-16T10:04:51","modified_gmt":"2022-08-16T13:04:51","slug":"departamento-de-saude-mental","status":"publish","type":"page","link":"https:\/\/wp.ufpel.edu.br\/famed\/departamento-de-saude-mental\/","title":{"rendered":"DEPARTAMENTO DE SA\u00daDE MENTAL"},"content":{"rendered":"<p><strong>Localiza\u00e7\u00e3o<\/strong>: Avenida Duque de Caxias, 250 Fragata 96030-001 &#8211; Pelotas, RS<br \/>\n<strong>Telefone:<\/strong> 53 3310-1824 para Secretaria Acad\u00eamica<br \/>\n.\u00a0\u00a0 \u00a0 \u00a0 \u00a0 \u00a0 \u00a0 \u00a0 \u00a0 \u00a0 \u00a053 3310-1825 para Recep\u00e7\u00e3o\/Agendamentos<br \/>\n<strong>E-mail:<\/strong> dsm.ufpel@gmail.com<\/p>\n<p><strong>Chefe:<\/strong> Luciana de Oliveira Marques<br \/>\n<strong>Chefe Substituto<\/strong>: Carlos Alberto Purper Bandeira<br \/>\n<strong>Secret\u00e1ria:<\/strong> Vera Lucia \u00c1vila Mello<\/p>\n<hr \/>\n<p>&nbsp;<\/p>\n","protected":false},"excerpt":{"rendered":"<p>Localiza\u00e7\u00e3o: Avenida Duque de Caxias, 250 Fragata 96030-001 &#8211; Pelotas, RS Telefone: 53 3310-1824 para Secretaria Acad\u00eamica .\u00a0\u00a0 \u00a0 \u00a0 \u00a0 \u00a0 \u00a0 \u00a0 \u00a0 \u00a0 \u00a053 3310-1825 para Recep\u00e7\u00e3o\/Agendamentos E-mail: dsm.ufpel@gmail.com Chefe: Luciana de Oliveira Marques Chefe Substituto: Carlos Alberto Purper Bandeira Secret\u00e1ria: Vera Lucia \u00c1vila Mello &nbsp;<\/p>\n","protected":false},"author":166,"featured_media":0,"parent":0,"menu_order":0,"comment_status":"closed","ping_status":"closed","template":"","meta":{"jetpack_post_was_ever_published":false,"footnotes":""},"class_list":["post-2085","page","type-page","status-publish","hentry"],"jetpack_sharing_enabled":true,"jetpack_shortlink":"https:\/\/wp.me\/P8YhqL-xD","_links":{"self":[{"href":"https:\/\/wp.ufpel.edu.br\/famed\/wp-json\/wp\/v2\/pages\/2085","targetHints":{"allow":["GET"]}}],"collection":[{"href":"https:\/\/wp.ufpel.edu.br\/famed\/wp-json\/wp\/v2\/pages"}],"about":[{"href":"https:\/\/wp.ufpel.edu.br\/famed\/wp-json\/wp\/v2\/types\/page"}],"author":[{"embeddable":true,"href":"https:\/\/wp.ufpel.edu.br\/famed\/wp-json\/wp\/v2\/users\/166"}],"replies":[{"embeddable":true,"href":"https:\/\/wp.ufpel.edu.br\/famed\/wp-json\/wp\/v2\/comments?post=2085"}],"version-history":[{"count":5,"href":"https:\/\/wp.ufpel.edu.br\/famed\/wp-json\/wp\/v2\/pages\/2085\/revisions"}],"predecessor-version":[{"id":2908,"href":"https:\/\/wp.ufpel.edu.br\/famed\/wp-json\/wp\/v2\/pages\/2085\/revisions\/2908"}],"wp:attachment":[{"href":"https:\/\/wp.ufpel.edu.br\/famed\/wp-json\/wp\/v2\/media?parent=2085"}],"curies":[{"name":"wp","href":"https:\/\/api.w.org\/{rel}","templated":true}]}}