{"id":2075,"date":"2021-08-12T09:49:52","date_gmt":"2021-08-12T12:49:52","guid":{"rendered":"https:\/\/wp.ufpel.edu.br\/famed\/?page_id=2075"},"modified":"2025-08-07T15:40:06","modified_gmt":"2025-08-07T18:40:06","slug":"gestao","status":"publish","type":"page","link":"https:\/\/wp.ufpel.edu.br\/famed\/gestao\/","title":{"rendered":"Dire\u00e7\u00e3o"},"content":{"rendered":"<p><strong>Localiza\u00e7\u00e3o:<\/strong> Avenida Duque de Caxias, 250 Fragata 96030-001 &#8211; Pelotas, RS, 1\u00ba andar, Pr\u00e9dio Hist\u00f3rico<\/p>\n<p><strong>Telefone<\/strong>: (53) 3284-4101 para dire\u00e7\u00e3o<br \/>\n.\u00a0 \u00a0 \u00a0 \u00a0 \u00a0 \u00a0 \u00a0 \u00a0 \u00a0 (53) 3284-4100 para secretaria<br \/>\n<strong>E-mail<\/strong>: famed@ufpel.edu.br<\/p>\n<p><strong>Diretora:<\/strong> Julieta Maria Carriconde Fripp<br \/>\n<strong>Vice-diretora:<\/strong> Silvia Elaine Cardozo Macedo<\/p>\n<p><strong>Chefe do N\u00facleo Administrativo:<\/strong> S\u00e9rgio Eloir Teixeira Wotter<br \/>\n<strong>Administradora:<\/strong> Luisinelli dos Santos Pires<br \/>\n<strong>Secret\u00e1ria:<\/strong> Margarete Oleiro Marques<\/p>\n","protected":false},"excerpt":{"rendered":"<p>Localiza\u00e7\u00e3o: Avenida Duque de Caxias, 250 Fragata 96030-001 &#8211; Pelotas, RS, 1\u00ba andar, Pr\u00e9dio Hist\u00f3rico Telefone: (53) 3284-4101 para dire\u00e7\u00e3o .\u00a0 \u00a0 \u00a0 \u00a0 \u00a0 \u00a0 \u00a0 \u00a0 \u00a0 (53) 3284-4100 para secretaria E-mail: famed@ufpel.edu.br Diretora: Julieta Maria Carriconde Fripp Vice-diretora: Silvia Elaine Cardozo Macedo Chefe do N\u00facleo Administrativo: S\u00e9rgio Eloir Teixeira Wotter Administradora: Luisinelli [&hellip;]<\/p>\n","protected":false},"author":166,"featured_media":0,"parent":0,"menu_order":0,"comment_status":"closed","ping_status":"closed","template":"","meta":{"jetpack_post_was_ever_published":false,"footnotes":""},"class_list":["post-2075","page","type-page","status-publish","hentry"],"jetpack_sharing_enabled":true,"jetpack_shortlink":"https:\/\/wp.me\/P8YhqL-xt","_links":{"self":[{"href":"https:\/\/wp.ufpel.edu.br\/famed\/wp-json\/wp\/v2\/pages\/2075","targetHints":{"allow":["GET"]}}],"collection":[{"href":"https:\/\/wp.ufpel.edu.br\/famed\/wp-json\/wp\/v2\/pages"}],"about":[{"href":"https:\/\/wp.ufpel.edu.br\/famed\/wp-json\/wp\/v2\/types\/page"}],"author":[{"embeddable":true,"href":"https:\/\/wp.ufpel.edu.br\/famed\/wp-json\/wp\/v2\/users\/166"}],"replies":[{"embeddable":true,"href":"https:\/\/wp.ufpel.edu.br\/famed\/wp-json\/wp\/v2\/comments?post=2075"}],"version-history":[{"count":7,"href":"https:\/\/wp.ufpel.edu.br\/famed\/wp-json\/wp\/v2\/pages\/2075\/revisions"}],"predecessor-version":[{"id":4022,"href":"https:\/\/wp.ufpel.edu.br\/famed\/wp-json\/wp\/v2\/pages\/2075\/revisions\/4022"}],"wp:attachment":[{"href":"https:\/\/wp.ufpel.edu.br\/famed\/wp-json\/wp\/v2\/media?parent=2075"}],"curies":[{"name":"wp","href":"https:\/\/api.w.org\/{rel}","templated":true}]}}