{"id":195,"date":"2018-11-19T14:20:42","date_gmt":"2018-11-19T16:20:42","guid":{"rendered":"https:\/\/wp.ufpel.edu.br\/famed\/?page_id=195"},"modified":"2018-11-23T16:26:06","modified_gmt":"2018-11-23T18:26:06","slug":"egressos-famed","status":"publish","type":"page","link":"https:\/\/wp.ufpel.edu.br\/famed\/egressos-famed\/","title":{"rendered":"Portal do Egresso"},"content":{"rendered":"<h1 style=\"text-align: center\"><strong><em>FAMED no Mundo&#8230; desde 1963<\/em>\u00a0 \u00a0\u00a0<\/strong><\/h1>\n<h2 style=\"text-align: center\"><a href=\"https:\/\/wp.ufpel.edu.br\/egresso\/\">Cadastre-se aqui!!!!!!<\/a><\/h2>\n<p><a href=\"https:\/\/wp.ufpel.edu.br\/egresso\/\"><img class=\"wp-image-264 size-medium aligncenter\" src=\"https:\/\/wp.ufpel.edu.br\/famed\/files\/2018\/11\/Portal-do-egresso-400x90.png\" alt=\"\" width=\"400\" height=\"90\" srcset=\"https:\/\/wp.ufpel.edu.br\/famed\/files\/2018\/11\/Portal-do-egresso-400x90.png 400w, https:\/\/wp.ufpel.edu.br\/famed\/files\/2018\/11\/Portal-do-egresso-768x173.png 768w, https:\/\/wp.ufpel.edu.br\/famed\/files\/2018\/11\/Portal-do-egresso.png 982w\" sizes=\"(max-width: 400px) 100vw, 400px\" \/><\/a><\/p>\n<h2 style=\"text-align: center\">Venha fazer parte desta hist\u00f3ria!!!!<\/h2>\n<h3 style=\"text-align: center\">A FAMED\/UFPel quer saber onde voc\u00ea est\u00e1! Agora \u00e9 hora de lembrar e compartilhar experi\u00eancias&#8230;<\/h3>\n<h1 style=\"text-align: center\">A<em> Leiga<\/em> n\u00e3o esqueceu de voc\u00ea!<\/h1>\n<p style=\"text-align: center\"><a href=\"https:\/\/wp.ufpel.edu.br\/famed\/files\/2018\/11\/Leiga-4.jpg\"><img class=\"alignnone size-medium wp-image-227\" src=\"https:\/\/wp.ufpel.edu.br\/famed\/files\/2018\/11\/Leiga-4-400x283.jpg\" alt=\"\" width=\"400\" height=\"283\" srcset=\"https:\/\/wp.ufpel.edu.br\/famed\/files\/2018\/11\/Leiga-4-400x283.jpg 400w, https:\/\/wp.ufpel.edu.br\/famed\/files\/2018\/11\/Leiga-4-768x544.jpg 768w, https:\/\/wp.ufpel.edu.br\/famed\/files\/2018\/11\/Leiga-4.jpg 1024w\" sizes=\"(max-width: 400px) 100vw, 400px\" \/><\/a><\/p>\n<p>&nbsp;<\/p>\n<p style=\"text-align: justify\">&#8230;&#8230;&#8230;&#8230;&#8230;&#8230;&#8230;&#8230;&#8230;&#8230;&#8230;&#8230;&#8230;&#8230;&#8230;&#8230;&#8230;&#8230;&#8230;&#8230;&#8230;&#8230;&#8230;&#8230;&#8230;&#8230;&#8230;&#8230;&#8230;&#8230;&#8230;&#8230;&#8230;&#8230;&#8230;&#8230;&#8230;&#8230;&#8230;&#8230;&#8230;&#8230;&#8230;&#8230;&#8230;&#8230;&#8230;&#8230;&#8230;&#8230;&#8230;&#8230;&#8230;&#8230;&#8230;&#8230;&#8230;&#8230;&#8230;&#8230;&#8230;&#8230;&#8230;&#8230;&#8230;&#8230;&#8230;&#8230;&#8230;.<\/p>\n","protected":false},"excerpt":{"rendered":"<p>FAMED no Mundo&#8230; desde 1963\u00a0 \u00a0\u00a0 Cadastre-se aqui!!!!!! Venha fazer parte desta hist\u00f3ria!!!! A FAMED\/UFPel quer saber onde voc\u00ea est\u00e1! Agora \u00e9 hora de lembrar e compartilhar experi\u00eancias&#8230; A Leiga n\u00e3o esqueceu de voc\u00ea! &nbsp; &#8230;&#8230;&#8230;&#8230;&#8230;&#8230;&#8230;&#8230;&#8230;&#8230;&#8230;&#8230;&#8230;&#8230;&#8230;&#8230;&#8230;&#8230;&#8230;&#8230;&#8230;&#8230;&#8230;&#8230;&#8230;&#8230;&#8230;&#8230;&#8230;&#8230;&#8230;&#8230;&#8230;&#8230;&#8230;&#8230;&#8230;&#8230;&#8230;&#8230;&#8230;&#8230;&#8230;&#8230;&#8230;&#8230;&#8230;&#8230;&#8230;&#8230;&#8230;&#8230;&#8230;&#8230;&#8230;&#8230;&#8230;&#8230;&#8230;&#8230;&#8230;&#8230;&#8230;&#8230;&#8230;&#8230;&#8230;&#8230;&#8230;.<\/p>\n","protected":false},"author":166,"featured_media":0,"parent":0,"menu_order":0,"comment_status":"closed","ping_status":"closed","template":"","meta":{"jetpack_post_was_ever_published":false,"footnotes":""},"class_list":["post-195","page","type-page","status-publish","hentry"],"jetpack_sharing_enabled":true,"jetpack_shortlink":"https:\/\/wp.me\/P8YhqL-39","_links":{"self":[{"href":"https:\/\/wp.ufpel.edu.br\/famed\/wp-json\/wp\/v2\/pages\/195","targetHints":{"allow":["GET"]}}],"collection":[{"href":"https:\/\/wp.ufpel.edu.br\/famed\/wp-json\/wp\/v2\/pages"}],"about":[{"href":"https:\/\/wp.ufpel.edu.br\/famed\/wp-json\/wp\/v2\/types\/page"}],"author":[{"embeddable":true,"href":"https:\/\/wp.ufpel.edu.br\/famed\/wp-json\/wp\/v2\/users\/166"}],"replies":[{"embeddable":true,"href":"https:\/\/wp.ufpel.edu.br\/famed\/wp-json\/wp\/v2\/comments?post=195"}],"version-history":[{"count":17,"href":"https:\/\/wp.ufpel.edu.br\/famed\/wp-json\/wp\/v2\/pages\/195\/revisions"}],"predecessor-version":[{"id":451,"href":"https:\/\/wp.ufpel.edu.br\/famed\/wp-json\/wp\/v2\/pages\/195\/revisions\/451"}],"wp:attachment":[{"href":"https:\/\/wp.ufpel.edu.br\/famed\/wp-json\/wp\/v2\/media?parent=195"}],"curies":[{"name":"wp","href":"https:\/\/api.w.org\/{rel}","templated":true}]}}