{"id":1756,"date":"2021-04-22T10:44:46","date_gmt":"2021-04-22T13:44:46","guid":{"rendered":"https:\/\/wp.ufpel.edu.br\/famed\/?page_id=1756"},"modified":"2025-10-15T08:24:49","modified_gmt":"2025-10-15T11:24:49","slug":"ambulatorio-central","status":"publish","type":"page","link":"https:\/\/wp.ufpel.edu.br\/famed\/ambulatorio-central\/","title":{"rendered":"Ambulat\u00f3rio Central"},"content":{"rendered":"<h2 style=\"text-align: center;\">Ambulat\u00f3rio da Faculdade de Medicina\/UFPel: Agendamentos, marca\u00e7\u00e3o de consultas, retornos, laborat\u00f3rio, resultados e contatos.<\/h2>\n<h1 style=\"text-align: center;\">Informa\u00e7\u00f5es: (53) 3284 4900<\/h1>\n<h3 style=\"text-align: center;\">Endere\u00e7o: Avenida Duque de Caxias, n\u00ba 104, bairro Fragata, Pelotas\/RS.<\/h3>\n<p>&nbsp;<\/p>\n","protected":false},"excerpt":{"rendered":"<p>Ambulat\u00f3rio da Faculdade de Medicina\/UFPel: Agendamentos, marca\u00e7\u00e3o de consultas, retornos, laborat\u00f3rio, resultados e contatos. Informa\u00e7\u00f5es: (53) 3284 4900 Endere\u00e7o: Avenida Duque de Caxias, n\u00ba 104, bairro Fragata, Pelotas\/RS. &nbsp;<\/p>\n","protected":false},"author":166,"featured_media":0,"parent":0,"menu_order":0,"comment_status":"closed","ping_status":"closed","template":"","meta":{"jetpack_post_was_ever_published":false,"footnotes":""},"class_list":["post-1756","page","type-page","status-publish","hentry"],"jetpack_sharing_enabled":true,"jetpack_shortlink":"https:\/\/wp.me\/P8YhqL-sk","_links":{"self":[{"href":"https:\/\/wp.ufpel.edu.br\/famed\/wp-json\/wp\/v2\/pages\/1756","targetHints":{"allow":["GET"]}}],"collection":[{"href":"https:\/\/wp.ufpel.edu.br\/famed\/wp-json\/wp\/v2\/pages"}],"about":[{"href":"https:\/\/wp.ufpel.edu.br\/famed\/wp-json\/wp\/v2\/types\/page"}],"author":[{"embeddable":true,"href":"https:\/\/wp.ufpel.edu.br\/famed\/wp-json\/wp\/v2\/users\/166"}],"replies":[{"embeddable":true,"href":"https:\/\/wp.ufpel.edu.br\/famed\/wp-json\/wp\/v2\/comments?post=1756"}],"version-history":[{"count":3,"href":"https:\/\/wp.ufpel.edu.br\/famed\/wp-json\/wp\/v2\/pages\/1756\/revisions"}],"predecessor-version":[{"id":4067,"href":"https:\/\/wp.ufpel.edu.br\/famed\/wp-json\/wp\/v2\/pages\/1756\/revisions\/4067"}],"wp:attachment":[{"href":"https:\/\/wp.ufpel.edu.br\/famed\/wp-json\/wp\/v2\/media?parent=1756"}],"curies":[{"name":"wp","href":"https:\/\/api.w.org\/{rel}","templated":true}]}}