{"id":92,"date":"2013-11-25T11:19:45","date_gmt":"2013-11-25T13:19:45","guid":{"rendered":"https:\/\/wp.ufpel.edu.br\/faem\/?page_id=92"},"modified":"2019-05-24T18:22:46","modified_gmt":"2019-05-24T21:22:46","slug":"pos-graduacao","status":"publish","type":"page","link":"https:\/\/wp.ufpel.edu.br\/faem\/pos-graduacao\/","title":{"rendered":"P\u00f3s-Gradua\u00e7\u00e3o"},"content":{"rendered":"<p style=\"text-align: justify\"><strong>Breve hist\u00f3rico<\/strong>: a FAEM tamb\u00e9m foi pioneira no aperfei\u00e7oamento profissional na P\u00f3s-gradua\u00e7\u00e3o, ofertando mestrado acad\u00eamico em sementes, desde 1974 e em zootecnia, desde 1977. \u00a0Anualmente s\u00e3o ofertadas vagas nos n\u00edveis mestrado e\/ou doutorado em 08 programas. Em 2013 foi aprovada a cria\u00e7\u00e3o do mestrado profissionalizante em Ci\u00eancia e Tecnologia Agroindustrial e em 2014 iniciou suas atividades o mestrado em Economia Aplicada.<\/p>\n<p style=\"text-align: justify\"><strong>Programas<\/strong>:<\/p>\n<p>&#8211; <span style=\"text-decoration: underline\">Agronomia<\/span><\/p>\n<p>Mestrado e Doutorado (Coord.: Prof. Paulo Celso de Mello Farias; Coord. Adjunto: Prof. Marcelo Barbosa Malgarim)<\/p>\n<p><a href=\"https:\/\/wp.ufpel.edu.br\/ppga\/\">https:\/\/wp.ufpel.edu.br\/ppga\/<\/a><\/p>\n<p>&nbsp;<\/p>\n<p>&#8211; <span style=\"text-decoration: underline\">Ci\u00eancia e Tecnologia de Alimentos<\/span><\/p>\n<p>Mestrado e Doutorado (Coord.: Profa. Elessandra da Rosa Zavareze; Coord. Adjunto: Profa. \u00c2ngela Maria Fiorentini )<\/p>\n<p>Mestrado Profissional (Coord.: Prof. Nathan Levien Vanier. Adjunta: Profa. Giniani Carla Dors)<\/p>\n<p><a href=\"http:\/\/www.ufpel.tche.br\/faem\/dcta\/ppgcta\/\">http:\/\/www.ufpel.tche.br\/faem\/dcta\/ppgcta\/<\/a><\/p>\n<p>&nbsp;<\/p>\n<p>&#8211; <span style=\"text-decoration: underline\">Desenvolvimento Territorial e Sistemas Agroindustriais (conjunto com FAT)<\/span><\/p>\n<p>Mestrado (Coord. Prof. M\u00e1rio Conil Gomes; Coord. Adjunto: Prof. Rog\u00e9rio Costa Campos)<\/p>\n<p><a href=\"https:\/\/wp.ufpel.edu.br\/dadm\/2014\/05\/07\/mestrado-em-desenvolvimento-territorial-e-sistemas-agroindustriais\/\">https:\/\/wp.ufpel.edu.br\/dadm\/2014\/05\/07\/mestrado-em-desenvolvimento-territorial-e-sistemas-agroindustriais\/<\/a><\/p>\n<p>&nbsp;<\/p>\n<p>&#8211; <span style=\"text-decoration: underline\">Fitossanidade<\/span><\/p>\n<p>Mestrado e Doutorado (Coord.: Prof. Moises Jo\u00e3o Zotti; Coord. Adjunto: Prof. Edinalvo Rabaioli Camargo)<\/p>\n<p><a href=\"http:\/\/www.ufpel.tche.br\/faem\/ppgfs\/\">http:\/\/www.ufpel.tche.br\/faem\/ppgfs\/<\/a><\/p>\n<p>&nbsp;<\/p>\n<p>&#8211;\u00a0<span style=\"text-decoration: underline\">Manejo e Conserva\u00e7\u00e3o do Solo e da \u00c1gua<\/span><\/p>\n<p>Mestrado e Doutorado (Coord.: Profa. Cl\u00e1udia Liane Rodrigues de Lima; Coord. Adjunta: Profa. Maria C\u00e2ndida Moitinho Nunes)<\/p>\n<p><a href=\"https:\/\/wp.ufpel.edu.br\/ppgmacsa\/\">https:\/\/wp.ufpel.edu.br\/ppgmacsa\/<\/a><\/p>\n<p>&nbsp;<\/p>\n<p>&#8211; \u00a0<span style=\"text-decoration: underline\">Ci\u00eancia e Tecnologia de Sementes<\/span><\/p>\n<p>Mestrado e Doutorado (Coord.: Profa. Lilian Vanussa Madruga de Tunes; Coord. Adjunto: Prof. Luis Eduardo Panozzo)<\/p>\n<p>Mestrado Profissional (Coord.: Profa. Gizele Ingrid Gadotti; Coord. Adjunta: Profa. Lillian Vanussa Madruga de Tunes)<\/p>\n<p>Especializa\u00e7\u00e3o (Coord.: Prof. Tiago Ped\u00f3)<\/p>\n<p><a href=\"http:\/\/www.ufpel.edu.br\/faem\/fitotecnia\/sementes\/\">http:\/\/www.ufpel.edu.br\/faem\/fitotecnia\/sementes\/<\/a><\/p>\n<p>&nbsp;<\/p>\n<p>&#8211; <span style=\"text-decoration: underline\">Sistemas de Prod. Agr\u00edc. Familiar <\/span><\/p>\n<p>Mestrado e Doutorado (Coord.: Profa. Ana Claudia Rodrigues de Lima; Coord. Adjunto: Prof. Roberto Trentin)<\/p>\n<p><a href=\"http:\/\/www.ufpel.edu.br\/faem\/ppgspaf\/\">http:\/\/www.ufpel.edu.br\/faem\/ppgspaf\/<\/a><\/p>\n<p>&nbsp;<\/p>\n<p>&#8211; <span style=\"text-decoration: underline\">Zootecnia<\/span><\/p>\n<p>Mestrado e Doutorado (Coord.: Prof. C\u00e1ssio Cassal Brauner; Coord. Adjunta: Profa. Arione Augusti Boligon)<\/p>\n<p><a href=\"http:\/\/www.ufpel.edu.br\/faem\/ppgz\/\">http:\/\/www.ufpel.edu.br\/faem\/ppgz\/<\/a><\/p>\n<p>&nbsp;<\/p>\n<p>&#8211; <span style=\"text-decoration: underline\">Engenharia Rural<\/span><\/p>\n<p>Especializa\u00e7\u00e3o (Coord.: Prof. Mauro Fernando Ferreira; Coord. Adjunto: Prof. Fabr\u00edcio Ardais Medeiros)<\/p>\n<p>&nbsp;<\/p>\n<p>&#8211; <span style=\"text-decoration: underline\">Organiza\u00e7\u00f5es e Mercados (junto com ICH)<\/span><\/p>\n<p>Mestrado (Coord. Prof. Felipe Garcia Ribeiro; Coord. Adjunto: Prof. Rodrigo Nobre Fernandez)<\/p>\n<p><a href=\"https:\/\/wp.ufpel.edu.br\/ppgom\/\">https:\/\/wp.ufpel.edu.br\/ppgom\/<\/a><\/p>\n<p>&nbsp;<\/p>\n<table border=\"1\" align=\"center\">\n<tbody>\n<tr>\n<td style=\"text-align: center\">\n<address><strong>Programa<\/strong><\/address>\n<\/td>\n<td style=\"text-align: center\">\n<address><strong>N\u00ba alunos<\/strong>\u00a0<\/address>\n<\/td>\n<\/tr>\n<tr>\n<td>\n<address>Agronomia<\/address>\n<\/td>\n<td style=\"text-align: center\">\n<address>\u00a0102<\/address>\n<\/td>\n<\/tr>\n<tr>\n<td>\n<address>Ci\u00eancia e Tecnol. Agroind.<\/address>\n<\/td>\n<td style=\"text-align: center\">\n<address>107\u00a0<\/address>\n<\/td>\n<\/tr>\n<tr>\n<td>\n<address>Fitossanidade<\/address>\n<\/td>\n<td style=\"text-align: center\">\n<address>76<\/address>\n<\/td>\n<\/tr>\n<tr>\n<td>\n<address>Manejo Cons. Solo e \u00c1gua<\/address>\n<\/td>\n<td style=\"text-align: center\">\n<address>50<\/address>\n<\/td>\n<\/tr>\n<tr>\n<td>\n<address>Sementes<\/address>\n<\/td>\n<td style=\"text-align: center\">\n<address>61<\/address>\n<\/td>\n<\/tr>\n<tr>\n<td>\n<address>Sistema Prod. Agric. Fam.<\/address>\n<\/td>\n<td style=\"text-align: center\">\n<address>80\u00a0<\/address>\n<\/td>\n<\/tr>\n<tr>\n<td>\n<address>Zootecnia<\/address>\n<\/td>\n<td style=\"text-align: center\">\n<address>\u00a073<\/address>\n<\/td>\n<\/tr>\n<tr>\n<td>Desenvolvimento Territorial e Sistemas Agroindustriais<\/td>\n<td style=\"text-align: center\">33<\/td>\n<\/tr>\n<\/tbody>\n<\/table>\n<h4>\u00a0Fonte: PPG da FAEM\u00a0(2017).<\/h4>\n<p>&nbsp;<\/p>\n<p style=\"text-align: center\">Visite o site dos programas de p\u00f3s-gradua\u00e7\u00e3o.<\/p>\n<p style=\"text-align: center\">Certamente uma das \u00e1reas ofertadas ser\u00e1 de seu interesse!<\/p>\n","protected":false},"excerpt":{"rendered":"<p>Breve hist\u00f3rico: a FAEM tamb\u00e9m foi pioneira no aperfei\u00e7oamento profissional na P\u00f3s-gradua\u00e7\u00e3o, ofertando mestrado acad\u00eamico em sementes, desde 1974 e em zootecnia, desde 1977. \u00a0Anualmente s\u00e3o ofertadas vagas nos n\u00edveis mestrado e\/ou doutorado em 08 programas. Em 2013 foi aprovada a cria\u00e7\u00e3o do mestrado profissionalizante em Ci\u00eancia e Tecnologia Agroindustrial e em 2014 iniciou suas [&hellip;]<\/p>\n","protected":false},"author":235,"featured_media":0,"parent":0,"menu_order":0,"comment_status":"closed","ping_status":"closed","template":"","meta":{"footnotes":""},"class_list":["post-92","page","type-page","status-publish","hentry"],"jetpack_sharing_enabled":true,"_links":{"self":[{"href":"https:\/\/wp.ufpel.edu.br\/faem\/wp-json\/wp\/v2\/pages\/92","targetHints":{"allow":["GET"]}}],"collection":[{"href":"https:\/\/wp.ufpel.edu.br\/faem\/wp-json\/wp\/v2\/pages"}],"about":[{"href":"https:\/\/wp.ufpel.edu.br\/faem\/wp-json\/wp\/v2\/types\/page"}],"author":[{"embeddable":true,"href":"https:\/\/wp.ufpel.edu.br\/faem\/wp-json\/wp\/v2\/users\/235"}],"replies":[{"embeddable":true,"href":"https:\/\/wp.ufpel.edu.br\/faem\/wp-json\/wp\/v2\/comments?post=92"}],"version-history":[{"count":38,"href":"https:\/\/wp.ufpel.edu.br\/faem\/wp-json\/wp\/v2\/pages\/92\/revisions"}],"predecessor-version":[{"id":2691,"href":"https:\/\/wp.ufpel.edu.br\/faem\/wp-json\/wp\/v2\/pages\/92\/revisions\/2691"}],"wp:attachment":[{"href":"https:\/\/wp.ufpel.edu.br\/faem\/wp-json\/wp\/v2\/media?parent=92"}],"curies":[{"name":"wp","href":"https:\/\/api.w.org\/{rel}","templated":true}]}}