{"id":90,"date":"2013-11-18T16:19:10","date_gmt":"2013-11-18T18:19:10","guid":{"rendered":"https:\/\/wp.ufpel.edu.br\/faem\/?page_id=90"},"modified":"2022-01-24T11:29:01","modified_gmt":"2022-01-24T14:29:01","slug":"tecnico-administrativo","status":"publish","type":"page","link":"https:\/\/wp.ufpel.edu.br\/faem\/tecnico-administrativo\/","title":{"rendered":"T\u00e9cnicos"},"content":{"rendered":"<p>Para dar suporte \u00e0s atividades acad\u00eamicas e administrativas, a Faculdade de Agronomia Eliseu Maciel conta com 48 servidores t\u00e9cnico-administrativos cada vez mais qualificados.<\/p>\n<p>Acompanhe abaixo os gr\u00e1ficos referentes aos anos de 2016 e 2013.<\/p>\n<p>&nbsp;<\/p>\n<p><a href=\"https:\/\/wp.ufpel.edu.br\/faem\/files\/2016\/09\/TAs-2016.jpg\"><img class=\"aligncenter size-full wp-image-704\" src=\"https:\/\/wp.ufpel.edu.br\/faem\/files\/2016\/09\/TAs-2016.jpg\" alt=\"\" width=\"500\" height=\"291\" srcset=\"https:\/\/wp.ufpel.edu.br\/faem\/files\/2016\/09\/TAs-2016.jpg 500w, https:\/\/wp.ufpel.edu.br\/faem\/files\/2016\/09\/TAs-2016-212x123.jpg 212w, https:\/\/wp.ufpel.edu.br\/faem\/files\/2016\/09\/TAs-2016-424x247.jpg 424w\" sizes=\"(max-width: 500px) 100vw, 500px\" \/><\/a><\/p>\n<p><a href=\"https:\/\/wp.ufpel.edu.br\/faem\/files\/2013\/11\/Forma\u00e7\u00e3o_TAs.jpg\"><img class=\"aligncenter size-full wp-image-125\" src=\"https:\/\/wp.ufpel.edu.br\/faem\/files\/2013\/11\/Forma\u00e7\u00e3o_TAs.jpg\" alt=\"Forma\u00e7\u00e3o_TAs\" width=\"486\" height=\"288\" srcset=\"https:\/\/wp.ufpel.edu.br\/faem\/files\/2013\/11\/Forma\u00e7\u00e3o_TAs.jpg 486w, https:\/\/wp.ufpel.edu.br\/faem\/files\/2013\/11\/Forma\u00e7\u00e3o_TAs-300x177.jpg 300w\" sizes=\"(max-width: 486px) 100vw, 486px\" \/><\/a><\/p>\n<table style=\"height: 1624px\" width=\"566\">\n<tbody>\n<tr style=\"height: 26px\">\n<td style=\"width: 326px;height: 26px;text-align: center\">T\u00e9cnico<\/td>\n<td style=\"width: 223px;height: 26px;text-align: center\">Lota\u00e7\u00e3o<\/td>\n<td style=\"width: 223px;height: 26px;text-align: center\">Local de Atividade<\/td>\n<\/tr>\n<tr style=\"height: 26px\">\n<td style=\"width: 326px;height: 26px;text-align: center\">Ad\u00e3o Luiz Domingues Silveira<\/td>\n<td style=\"width: 223px;height: 26px;text-align: center\">N\u00facleo Administrativo<\/td>\n<td style=\"width: 223px;height: 26px;text-align: center\">Lab. Horticultura\/DFT<\/td>\n<\/tr>\n<tr style=\"height: 26px\">\n<td style=\"width: 326px;height: 26px;text-align: center\">Aline Peres Krolow<\/td>\n<td style=\"width: 223px;height: 26px;text-align: center\">N\u00facleo Administrativo<\/td>\n<td style=\"width: 223px;height: 26px;text-align: center\">Lab. Fitopatologia\/DFS<\/td>\n<\/tr>\n<tr style=\"height: 26px\">\n<td style=\"width: 326px;height: 26px;text-align: center\">Ana Elice Furtado da Silva<\/td>\n<td style=\"width: 223px;height: 26px;text-align: center\">N\u00facleo Administrativo<\/td>\n<td style=\"width: 223px;height: 26px;text-align: center\">Lab. Bromatologia\/DZ<\/td>\n<\/tr>\n<tr style=\"height: 26px\">\n<td style=\"width: 326px;height: 26px;text-align: center\">Andr\u00e9 Silveira da Silva<\/td>\n<td style=\"width: 223px;height: 26px;text-align: center\">N\u00facleo Administrativo<\/td>\n<td style=\"width: 223px;height: 26px;text-align: center\">Lab. Bromatologia\/DZ<\/td>\n<\/tr>\n<tr style=\"height: 26px\">\n<td style=\"width: 326px;height: 26px;text-align: center\">Andr\u00e9ia Saldanha de Lima<\/td>\n<td style=\"width: 223px;height: 26px;text-align: center\">N\u00facleo Administrativo<\/td>\n<td style=\"width: 223px;height: 26px;text-align: center\">Lab. Microbiologia\/DCTA<\/td>\n<\/tr>\n<tr style=\"height: 26px\">\n<td style=\"width: 326px;height: 26px;text-align: center\">Bruno Oreques Fonseca<\/td>\n<td style=\"width: 223px;height: 26px;text-align: center\">N\u00facleo Administrativo<\/td>\n<td style=\"width: 223px;height: 26px;text-align: center\">Lab. Din\u00e2mica Herbicida\/DFS<\/td>\n<\/tr>\n<tr style=\"height: 26px\">\n<td style=\"width: 326px;height: 26px;text-align: center\">Carlos H. Saucedo Da Silva Junior<\/td>\n<td style=\"width: 223px;height: 26px;text-align: center\">Dire\u00e7\u00e3o<\/td>\n<td style=\"width: 223px;height: 26px;text-align: center\">Colegiado Agronomia<\/td>\n<\/tr>\n<tr style=\"height: 26px\">\n<td style=\"width: 326px;height: 26px;text-align: center\">Charles Nunes Froes<\/td>\n<td style=\"width: 223px;height: 26px;text-align: center\">N\u00facleo Administrativo<\/td>\n<td style=\"width: 223px;height: 26px;text-align: center\">Lab. Ictiologia\/DZ<\/td>\n<\/tr>\n<tr style=\"height: 26px\">\n<td style=\"width: 326px;height: 26px;text-align: center\">Claudenir da Luz Alves<\/td>\n<td style=\"width: 223px;height: 26px;text-align: center\">N\u00facleo Administrativo<\/td>\n<td style=\"width: 223px;height: 26px;text-align: center\">Lab. Horticultura \/DFT<\/td>\n<\/tr>\n<tr style=\"height: 24px\">\n<td style=\"width: 326px;height: 24px;text-align: center\">Claudio Alves de Farias<\/td>\n<td style=\"width: 223px;height: 24px;text-align: center\">N\u00facleo Administrativo<\/td>\n<td style=\"width: 223px;height: 24px;text-align: center\">Museu de Entomologia\/DFS<\/td>\n<\/tr>\n<tr style=\"height: 26px\">\n<td style=\"width: 326px;height: 26px;text-align: center\">Cristiano Haetinger Hubner<\/td>\n<td style=\"width: 223px;height: 26px;text-align: center\">N\u00facleo Administrativo<\/td>\n<td style=\"width: 223px;height: 26px;text-align: center\">Lab. L\u00e3\/DZ<\/td>\n<\/tr>\n<tr style=\"height: 26px\">\n<td style=\"width: 326px;height: 26px;text-align: center\">D\u00e1rio Luis Fagundes Knuppe<\/td>\n<td style=\"width: 223px;height: 26px;text-align: center\">Dire\u00e7\u00e3o<\/td>\n<td style=\"width: 223px;height: 26px;text-align: center\">Secretaria Unificada<\/td>\n<\/tr>\n<tr style=\"height: 26px\">\n<td style=\"width: 326px;height: 26px;text-align: center\">Eduardo Jose Ely e Silva<\/td>\n<td style=\"width: 223px;height: 26px;text-align: center\">N\u00facleo Administrativo<\/td>\n<td style=\"width: 223px;height: 26px;text-align: center\">Museu de Entomologia\/DFS<\/td>\n<\/tr>\n<tr style=\"height: 26px\">\n<td style=\"width: 326px;height: 26px;text-align: center\">Elmar Nachtigall Manke<\/td>\n<td style=\"width: 223px;height: 26px;text-align: center\">N\u00facleo Administrativo<\/td>\n<td style=\"width: 223px;height: 26px;text-align: center\">Lab. Solos\/DS<\/td>\n<\/tr>\n<tr style=\"height: 24px\">\n<td style=\"width: 326px;height: 24px;text-align: center\">Felipe Martins Santana<\/td>\n<td style=\"width: 223px;height: 24px;text-align: center\">N\u00facleo Administrativo<\/td>\n<td style=\"width: 223px;height: 24px;text-align: center\">Secret\u00e1ria FAEM<\/td>\n<\/tr>\n<tr style=\"height: 26px\">\n<td style=\"width: 326px;height: 26px;text-align: center\">Geri Eduardo Meneghello<\/td>\n<td style=\"width: 223px;height: 26px;text-align: center\">N\u00facleo Administrativo<\/td>\n<td style=\"width: 223px;height: 26px;text-align: center\">Lab. Sementes\/DFT<\/td>\n<\/tr>\n<tr style=\"height: 26px\">\n<td style=\"width: 326px;height: 26px;text-align: center\">Ianuska Ramos Oliveira<\/td>\n<td style=\"width: 223px;height: 26px;text-align: center\">N\u00facleo Administrativo<\/td>\n<td style=\"width: 223px;height: 26px;text-align: center\">Lab. Agrometeorologia<\/td>\n<\/tr>\n<tr style=\"height: 26px\">\n<td style=\"width: 326px;height: 26px;text-align: center\">Ireni Leitzke Carvalho<\/td>\n<td style=\"width: 223px;height: 26px;text-align: center\">N\u00facleo Administrativo<\/td>\n<td style=\"width: 223px;height: 26px;text-align: center\">Lab. Sementes\/DFT<\/td>\n<\/tr>\n<tr style=\"height: 26px\">\n<td style=\"width: 326px;height: 26px;text-align: center\">Jos\u00e9 Ulisses da Silva Azambuja<\/td>\n<td style=\"width: 223px;height: 26px;text-align: center\">N\u00facleo Administrativo<\/td>\n<td style=\"width: 223px;height: 26px;text-align: center\">Avi\u00e1rio\/DZ<\/td>\n<\/tr>\n<tr style=\"height: 26px\">\n<td style=\"width: 326px;height: 26px;text-align: center\">Josiele Garcia Dutra<\/td>\n<td style=\"width: 223px;height: 26px;text-align: center\">Dire\u00e7\u00e3o<\/td>\n<td style=\"width: 223px;height: 26px;text-align: center\">PPGMACSA\/ PPGCTA<\/td>\n<\/tr>\n<tr style=\"height: 26px\">\n<td style=\"width: 326px;height: 26px;text-align: center\">Ladislau Seus Silveira<\/td>\n<td style=\"width: 223px;height: 26px;text-align: center\">N\u00facleo Administrativo<\/td>\n<td style=\"width: 223px;height: 26px;text-align: center\">Avi\u00e1rio\/DZ<\/td>\n<\/tr>\n<tr style=\"height: 26px\">\n<td style=\"width: 326px;height: 26px;text-align: center\">Leandro Peter da Cruz<\/td>\n<td style=\"width: 223px;height: 26px;text-align: center\">N\u00facleo Administrativo<\/td>\n<td style=\"width: 223px;height: 26px;text-align: center\">Labs. Solos\/DS<\/td>\n<\/tr>\n<tr style=\"height: 24px\">\n<td style=\"width: 326px;height: 24px;text-align: center\">Larissa Herter Centeno<\/td>\n<td style=\"width: 223px;height: 24px;text-align: center\">N\u00facleo Administrativo<\/td>\n<td style=\"width: 223px;height: 24px;text-align: center\"><\/td>\n<\/tr>\n<tr style=\"height: 24px\">\n<td style=\"width: 326px;height: 24px;text-align: center\">Leandro Vieira Dos Santos<\/td>\n<td style=\"width: 223px;height: 24px;text-align: center\">N\u00facleo Administrativo<\/td>\n<td style=\"width: 223px;height: 24px;text-align: center\">Labs.\/DCTA<\/td>\n<\/tr>\n<tr style=\"height: 26px\">\n<td style=\"width: 326px;height: 26px;text-align: center\">Luci Nara Lima Pereira<\/td>\n<td style=\"width: 223px;height: 26px;text-align: center\">Dire\u00e7\u00e3o<\/td>\n<td style=\"width: 223px;height: 26px;text-align: center\">PPGA\/PPG SPAF<\/td>\n<\/tr>\n<tr style=\"height: 26px\">\n<td style=\"width: 326px;height: 26px;text-align: center\">Marcelo Frio Marins<\/td>\n<td style=\"width: 223px;height: 26px;text-align: center\">Dire\u00e7\u00e3o<\/td>\n<td style=\"width: 223px;height: 26px;text-align: center\">PPGFS\/PPGCTS<\/td>\n<\/tr>\n<tr style=\"height: 26px\">\n<td style=\"width: 326px;height: 26px;text-align: center\">Maria Alice da Silva de Castro<\/td>\n<td style=\"width: 223px;height: 26px;text-align: center\">N\u00facleo Administrativo<\/td>\n<td style=\"width: 223px;height: 26px;text-align: center\">Lab. Sementes\/DFT<\/td>\n<\/tr>\n<tr style=\"height: 26px\">\n<td style=\"width: 326px;height: 26px;text-align: center\">Maria Luiza Marins Machado<\/td>\n<td style=\"width: 223px;height: 26px;text-align: center\">N\u00facleo Administrativo<\/td>\n<td style=\"width: 223px;height: 26px;text-align: center\">Lab. Sementes\/DFT<\/td>\n<\/tr>\n<tr style=\"height: 26px\">\n<td style=\"width: 326px;height: 26px;text-align: center\">Mariane D Avila Rosenthal<\/td>\n<td style=\"width: 223px;height: 26px;text-align: center\">N\u00facleo Administrativo<\/td>\n<td style=\"width: 223px;height: 26px;text-align: center\">Cl\u00ednica Fitossanit\u00e1ria\/ DFS<\/td>\n<\/tr>\n<tr style=\"height: 26px\">\n<td style=\"width: 326px;height: 26px;text-align: center\">Mauro Kaster Portelinha<\/td>\n<td style=\"width: 223px;height: 26px;text-align: center\">N\u00facleo Administrativo<\/td>\n<td style=\"width: 223px;height: 26px;text-align: center\">Lab. Ictiologia\/DZ<\/td>\n<\/tr>\n<tr style=\"height: 26px\">\n<td style=\"width: 326px;height: 26px;text-align: center\">Nixon da Rosa Westendorff<\/td>\n<td style=\"width: 223px;height: 26px;text-align: center\">N\u00facleo Administrativo<\/td>\n<td style=\"width: 223px;height: 26px;text-align: center\">Lab. M\u00e1quinas\/DER<\/td>\n<\/tr>\n<tr style=\"height: 26px\">\n<td style=\"width: 326px;height: 26px;text-align: center\">Noemi Maria Lunkes<\/td>\n<td style=\"width: 223px;height: 26px;text-align: center\">N\u00facleo Administrativo<\/td>\n<td style=\"width: 223px;height: 26px;text-align: center\">Lab. Solos\/DS<\/td>\n<\/tr>\n<tr style=\"height: 26px\">\n<td style=\"width: 326px;height: 26px;text-align: center\">Norma Alessandra Islab\u00e3o Dias<\/td>\n<td style=\"width: 223px;height: 26px;text-align: center\">Dire\u00e7\u00e3o<\/td>\n<td style=\"width: 223px;height: 26px;text-align: center\">Colegiado Zootecnia\/PPGZ<\/td>\n<\/tr>\n<tr style=\"height: 26px\">\n<td style=\"width: 326px;height: 26px;text-align: center\">Paulo Lu\u00eds da Luz Antunes<\/td>\n<td style=\"width: 223px;height: 26px;text-align: center\">N\u00facleo Administrativo<\/td>\n<td style=\"width: 223px;height: 26px;text-align: center\">Lab. Solos\/DS<\/td>\n<\/tr>\n<tr style=\"height: 26px\">\n<td style=\"width: 326px;height: 26px;text-align: center\">Paulo Ricardo Costa Pires<\/td>\n<td style=\"width: 223px;height: 26px;text-align: center\">N\u00facleo Administrativo<\/td>\n<td style=\"width: 223px;height: 26px;text-align: center\">Lab. Fruticultura\/DFT<\/td>\n<\/tr>\n<tr style=\"height: 26px\">\n<td style=\"width: 326px;height: 26px;text-align: center\">Renata Peixoto Eid<\/td>\n<td style=\"width: 223px;height: 26px;text-align: center\">N\u00facleo Administrativo<\/td>\n<td style=\"width: 223px;height: 26px;text-align: center\">Lab. Solos\/DS<\/td>\n<\/tr>\n<tr style=\"height: 26px\">\n<td style=\"width: 326px;height: 26px;text-align: center\">Roger Marlon Gomes Esteves<\/td>\n<td style=\"width: 223px;height: 26px;text-align: center\">N\u00facleo Administrativo<\/td>\n<td style=\"width: 223px;height: 26px;text-align: center\">Lab. Zootecnia\/DZ<\/td>\n<\/tr>\n<tr style=\"height: 26px\">\n<td style=\"width: 326px;height: 26px;text-align: center\">Rosaria Helena Machado Azambuja<\/td>\n<td style=\"width: 223px;height: 26px;text-align: center\">N\u00facleo Administrativo<\/td>\n<td style=\"width: 223px;height: 26px;text-align: center\">Lab. Fitopatologia\/DFS<\/td>\n<\/tr>\n<tr style=\"height: 26px\">\n<td style=\"width: 326px;height: 26px;text-align: center\">Rosemeri Vieira Kosby<\/td>\n<td style=\"width: 223px;height: 26px;text-align: center\">N\u00facleo Administrativo<\/td>\n<td style=\"width: 223px;height: 26px;text-align: center\">Lab. Topografia\/DER<\/td>\n<\/tr>\n<tr style=\"height: 24px\">\n<td style=\"width: 326px;height: 24px;text-align: center\">Rosimeri Damasceno Trecha<\/td>\n<td style=\"width: 223px;height: 24px;text-align: center\">N\u00facleo Administrativo<\/td>\n<td style=\"width: 223px;height: 24px;text-align: center\">Labs. Solos\/DS<\/td>\n<\/tr>\n<tr style=\"height: 26px\">\n<td style=\"width: 326px;height: 26px;text-align: center\">Rosiane Schwantz Do Couto<\/td>\n<td style=\"width: 223px;height: 26px;text-align: center\">Dire\u00e7\u00e3o<\/td>\n<td style=\"width: 223px;height: 26px;text-align: center\">Chefe do Nadm<\/td>\n<\/tr>\n<tr style=\"height: 24px\">\n<td style=\"width: 326px;height: 24px;text-align: center\">Rudinei Da Silva Teixeira<\/td>\n<td style=\"width: 223px;height: 24px;text-align: center\">N\u00facleo Administrativo<\/td>\n<td style=\"width: 223px;height: 24px;text-align: center\">Lab. Sementes\/DFT<\/td>\n<\/tr>\n<tr>\n<td style=\"width: 326px;text-align: center\">Sergio Luis Fonseca Machado<\/td>\n<td style=\"width: 223px;text-align: center\">N\u00facleo Administrativo<\/td>\n<td style=\"width: 223px;text-align: center\">Labs.\/DS<\/td>\n<\/tr>\n<tr style=\"height: 26px\">\n<td style=\"width: 326px;height: 26px;text-align: center\">S\u00e9rgio Luis Fonseca Machado<\/td>\n<td style=\"width: 223px;height: 26px;text-align: center\">N\u00facleo Administrativo<\/td>\n<td style=\"width: 223px;height: 26px;text-align: center\">Labs. Solos\/DS<\/td>\n<\/tr>\n<tr style=\"height: 26px\">\n<td style=\"width: 326px;height: 26px;text-align: center\">S\u00e9rgio Luiz Brisolara Rosa<\/td>\n<td style=\"width: 223px;height: 26px;text-align: center\">N\u00facleo Administrativo<\/td>\n<td style=\"width: 223px;height: 26px;text-align: center\">Lab. Sementes\/DFT<\/td>\n<\/tr>\n<tr style=\"height: 24px\">\n<td style=\"width: 326px;height: 24px;text-align: center\">Sidnei Furtado Tarouco<\/td>\n<td style=\"width: 223px;height: 24px;text-align: center\">N\u00facleo Administrativo<\/td>\n<td style=\"width: 223px;height: 24px;text-align: center\">Lab. Ictiologia\/DZ<\/td>\n<\/tr>\n<tr style=\"height: 26px\">\n<td style=\"width: 326px;height: 26px;text-align: center\">Solange Machado Tonietto<\/td>\n<td style=\"width: 223px;height: 26px;text-align: center\">N\u00facleo Administrativo<\/td>\n<td style=\"width: 223px;height: 26px;text-align: center\">Labs. Solos\/DS<\/td>\n<\/tr>\n<tr style=\"height: 26px\">\n<td style=\"width: 326px;height: 26px;text-align: center\">Valdenir Vieira Xavier<\/td>\n<td style=\"width: 223px;height: 26px;text-align: center\">Dire\u00e7\u00e3o<\/td>\n<td style=\"width: 223px;height: 26px;text-align: center\">Secretaria Unificada<\/td>\n<\/tr>\n<tr style=\"height: 26px\">\n<td style=\"width: 326px;height: 26px;text-align: center\">Vera Lucia Garcia Porto<\/td>\n<td style=\"width: 223px;height: 26px;text-align: center\">Dire\u00e7\u00e3o<\/td>\n<td style=\"width: 223px;height: 26px;text-align: center\">Secretaria Unificada<\/td>\n<\/tr>\n<\/tbody>\n<\/table>\n<p>&nbsp;<\/p>\n<p>DFT=Departamento de Fitotecnia; DFS=Departamento de Fitossanidade; DCTA=Departamento de Ci\u00eancia e Tecnologia Agroindustrial; DS=Departamento dos solos; DZ=Departamento de Zootecnia; DER=Departamento de Engenharia Rural; DCSA=Departamento de Ci\u00eancias Sociais Agr\u00e1rias.<\/p>\n<p>Fonte:\u00a0<a href=\"http:\/\/www2.ufpel.edu.br\/servicos\/pessoal.php\">http:\/\/www.ufpel.edu.br\/servicos\/pessoal.php<\/a><\/p>\n<p>ASUFPEL:\u00a0<a href=\"http:\/\/asufpel.com.br\/home\">http:\/\/asufpel.com.br\/home<\/a><\/p>\n<p><a href=\"https:\/\/wp.ufpel.edu.br\/faem\/files\/2013\/11\/Asufpel.jpg\"><img class=\"aligncenter size-full wp-image-126\" src=\"https:\/\/wp.ufpel.edu.br\/faem\/files\/2013\/11\/Asufpel.jpg\" alt=\"Asufpel\" width=\"816\" height=\"108\" srcset=\"https:\/\/wp.ufpel.edu.br\/faem\/files\/2013\/11\/Asufpel.jpg 816w, https:\/\/wp.ufpel.edu.br\/faem\/files\/2013\/11\/Asufpel-300x39.jpg 300w\" sizes=\"(max-width: 816px) 100vw, 816px\" \/><\/a><\/p>\n","protected":false},"excerpt":{"rendered":"<p>Para dar suporte \u00e0s atividades acad\u00eamicas e administrativas, a Faculdade de Agronomia Eliseu Maciel conta com 48 servidores t\u00e9cnico-administrativos cada vez mais qualificados. Acompanhe abaixo os gr\u00e1ficos referentes aos anos de 2016 e 2013. &nbsp; T\u00e9cnico Lota\u00e7\u00e3o Local de Atividade Ad\u00e3o Luiz Domingues Silveira N\u00facleo Administrativo Lab. Horticultura\/DFT Aline Peres Krolow N\u00facleo Administrativo Lab. Fitopatologia\/DFS [&hellip;]<\/p>\n","protected":false},"author":235,"featured_media":0,"parent":0,"menu_order":0,"comment_status":"closed","ping_status":"closed","template":"","meta":{"footnotes":""},"class_list":["post-90","page","type-page","status-publish","hentry"],"jetpack_sharing_enabled":true,"_links":{"self":[{"href":"https:\/\/wp.ufpel.edu.br\/faem\/wp-json\/wp\/v2\/pages\/90","targetHints":{"allow":["GET"]}}],"collection":[{"href":"https:\/\/wp.ufpel.edu.br\/faem\/wp-json\/wp\/v2\/pages"}],"about":[{"href":"https:\/\/wp.ufpel.edu.br\/faem\/wp-json\/wp\/v2\/types\/page"}],"author":[{"embeddable":true,"href":"https:\/\/wp.ufpel.edu.br\/faem\/wp-json\/wp\/v2\/users\/235"}],"replies":[{"embeddable":true,"href":"https:\/\/wp.ufpel.edu.br\/faem\/wp-json\/wp\/v2\/comments?post=90"}],"version-history":[{"count":25,"href":"https:\/\/wp.ufpel.edu.br\/faem\/wp-json\/wp\/v2\/pages\/90\/revisions"}],"predecessor-version":[{"id":3488,"href":"https:\/\/wp.ufpel.edu.br\/faem\/wp-json\/wp\/v2\/pages\/90\/revisions\/3488"}],"wp:attachment":[{"href":"https:\/\/wp.ufpel.edu.br\/faem\/wp-json\/wp\/v2\/media?parent=90"}],"curies":[{"name":"wp","href":"https:\/\/api.w.org\/{rel}","templated":true}]}}