{"id":88,"date":"2013-11-22T13:52:55","date_gmt":"2013-11-22T15:52:55","guid":{"rendered":"https:\/\/wp.ufpel.edu.br\/faem\/?page_id=88"},"modified":"2024-04-02T15:38:20","modified_gmt":"2024-04-02T18:38:20","slug":"corpo-docente","status":"publish","type":"page","link":"https:\/\/wp.ufpel.edu.br\/faem\/corpo-docente\/","title":{"rendered":"Docentes"},"content":{"rendered":"<p style=\"text-align: justify;\">A Faculdade de Agronomia Eliseu Maciel possui corpo docente altamente qualificado, composto por 100 professores ativos, dos quais 101\u00a0 s\u00e3o doutores e 1 \u00e9 especialista.<\/p>\n<p>Acompanhe abaixo os gr\u00e1ficos das categorias Docentes referente aos anos de 2013, 2016 e 2021.<\/p>\n<p><a href=\"https:\/\/wp.ufpel.edu.br\/faem\/files\/2021\/07\/Docentes-Foto.jpg\"><img class=\"aligncenter wp-image-3275\" src=\"https:\/\/wp.ufpel.edu.br\/faem\/files\/2021\/07\/Docentes-Foto-1024x576.jpg\" alt=\"\" width=\"800\" height=\"450\" srcset=\"https:\/\/wp.ufpel.edu.br\/faem\/files\/2021\/07\/Docentes-Foto-1024x576.jpg 1024w, https:\/\/wp.ufpel.edu.br\/faem\/files\/2021\/07\/Docentes-Foto-400x225.jpg 400w, https:\/\/wp.ufpel.edu.br\/faem\/files\/2021\/07\/Docentes-Foto-768x432.jpg 768w, https:\/\/wp.ufpel.edu.br\/faem\/files\/2021\/07\/Docentes-Foto.jpg 1280w\" sizes=\"(max-width: 800px) 100vw, 800px\" \/><\/a><\/p>\n<p><a href=\"https:\/\/wp.ufpel.edu.br\/faem\/files\/2016\/09\/Docentes-2016.jpg\"><img class=\"wp-image-698 alignleft\" src=\"https:\/\/wp.ufpel.edu.br\/faem\/files\/2016\/09\/Docentes-2016.jpg\" alt=\"Docentes 2016\" width=\"411\" height=\"259\" srcset=\"https:\/\/wp.ufpel.edu.br\/faem\/files\/2016\/09\/Docentes-2016.jpg 509w, https:\/\/wp.ufpel.edu.br\/faem\/files\/2016\/09\/Docentes-2016-212x133.jpg 212w, https:\/\/wp.ufpel.edu.br\/faem\/files\/2016\/09\/Docentes-2016-424x267.jpg 424w\" sizes=\"(max-width: 411px) 100vw, 411px\" \/><\/a><\/p>\n<p><a href=\"https:\/\/wp.ufpel.edu.br\/faem\/files\/2013\/11\/Categorias_docentes1.jpg\"><img class=\"wp-image-121 alignright\" src=\"https:\/\/wp.ufpel.edu.br\/faem\/files\/2013\/11\/Categorias_docentes1.jpg\" alt=\"Categorias_docentes\" width=\"451\" height=\"267\" srcset=\"https:\/\/wp.ufpel.edu.br\/faem\/files\/2013\/11\/Categorias_docentes1.jpg 486w, https:\/\/wp.ufpel.edu.br\/faem\/files\/2013\/11\/Categorias_docentes1-300x177.jpg 300w\" sizes=\"(max-width: 451px) 100vw, 451px\" \/><\/a><\/p>\n<p>&nbsp;<\/p>\n<p>&nbsp;<\/p>\n<p>&nbsp;<\/p>\n<p>&nbsp;<\/p>\n<p>&nbsp;<\/p>\n<p>&nbsp;<\/p>\n<p>&nbsp;<\/p>\n<table style=\"height: 100px; width: 580px;\" width=\"580\">\n<tbody>\n<tr>\n<td style=\"width: 416px;\"><strong>DOCENTE<\/strong><\/td>\n<td style=\"width: 155px;\"><strong>DEPARTAMENTO<\/strong><\/td>\n<\/tr>\n<tr>\n<td style=\"width: 416px;\">ADRIANA DILLENBURG MEINHART<\/td>\n<td style=\"width: 155px;\">DCTA<\/td>\n<\/tr>\n<tr>\n<td style=\"width: 416px;\">ADRIANE MARINHO DE ASSIS<\/td>\n<td style=\"width: 155px;\">DFT<\/td>\n<\/tr>\n<tr>\n<td style=\"width: 416px;\">ALINE RITTER CURTI<\/td>\n<td style=\"width: 155px;\">DFT<\/td>\n<\/tr>\n<tr>\n<td style=\"width: 416px;\">ALVARO RENATO GUERRA DIAS<\/td>\n<td style=\"width: 155px;\">DCTA<\/td>\n<\/tr>\n<tr>\n<td style=\"width: 416px;\">ANDERSON DIONEI GRUTZMACHER<\/td>\n<td style=\"width: 155px;\">DFS<\/td>\n<\/tr>\n<tr>\n<td style=\"width: 416px;\">ANDREA BITTENCOURT MOURA BACCARIN<\/td>\n<td style=\"width: 155px;\">DFS<\/td>\n<\/tr>\n<tr>\n<td style=\"width: 416px;\">ANDREIA DA SILVA ALMEIDA<\/td>\n<td style=\"width: 155px;\">DFT<\/td>\n<\/tr>\n<tr>\n<td style=\"width: 416px;\">ANELISE MARIA HAMMES PIMENTEL<\/td>\n<td style=\"width: 155px;\">DZ<\/td>\n<\/tr>\n<tr>\n<td style=\"width: 416px;\">ANGELA MARIA FIORENTINI<\/td>\n<td style=\"width: 155px;\">DCTA<\/td>\n<\/tr>\n<tr>\n<td style=\"width: 416px;\">ANGELO VIEIRA DOS REIS<\/td>\n<td style=\"width: 155px;\">DER<\/td>\n<\/tr>\n<tr>\n<td style=\"width: 416px;\">ANTONIO COSTA DE OLIVEIRA<\/td>\n<td style=\"width: 155px;\">DFT<\/td>\n<\/tr>\n<tr>\n<td style=\"width: 416px;\">ANTONIO JORGE AMARAL BEZERRA<\/td>\n<td style=\"width: 155px;\">DCSA<\/td>\n<\/tr>\n<tr>\n<td style=\"width: 416px;\">ANTONIO LILLES TAVARES MACHADO<\/td>\n<td style=\"width: 155px;\">DER<\/td>\n<\/tr>\n<tr>\n<td style=\"width: 416px;\">ARIONE AUGUSTI BOLIGON<\/td>\n<td style=\"width: 155px;\">DZ<\/td>\n<\/tr>\n<tr>\n<td style=\"width: 416px;\">CAMILA PEGORARO<\/td>\n<td style=\"width: 155px;\">DFT<\/td>\n<\/tr>\n<tr>\n<td style=\"width: 416px;\">CANDIDA RENATA JACOBSEN DE FARIAS<\/td>\n<td style=\"width: 155px;\">DFS<\/td>\n<\/tr>\n<tr>\n<td style=\"width: 416px;\">CARLA JOICE HARTER<\/td>\n<td style=\"width: 155px;\">DZ<\/td>\n<\/tr>\n<tr>\n<td style=\"width: 416px;\">CARLOS EDUARDO DA SILVA PEDROSO<\/td>\n<td style=\"width: 155px;\">DFT<\/td>\n<\/tr>\n<tr>\n<td style=\"width: 416px;\">CARLOS HENRIQUE SILVEIRA RABELO<\/td>\n<td style=\"width: 155px;\">DFT<\/td>\n<\/tr>\n<tr>\n<td style=\"width: 416px;\">CARLOS ROGERIO MAUCH<\/td>\n<td style=\"width: 155px;\">DFT<\/td>\n<\/tr>\n<tr>\n<td style=\"width: 416px;\">CASSIO CASSAL BRAUNER<\/td>\n<td style=\"width: 155px;\">DZ<\/td>\n<\/tr>\n<tr>\n<td style=\"width: 416px;\">CESAR VALMOR ROMBALDI<\/td>\n<td style=\"width: 155px;\">DCTA<\/td>\n<\/tr>\n<tr>\n<td style=\"width: 416px;\">CLAUDIA LIANE RODRIGUES DE LIMA<\/td>\n<td style=\"width: 155px;\">DS<\/td>\n<\/tr>\n<tr>\n<td style=\"width: 416px;\">DANIEL BERNARDI<\/td>\n<td style=\"width: 155px;\">DFS<\/td>\n<\/tr>\n<tr>\n<td style=\"width: 416px;\">DANIELLE RIBEIRO DE BARROS<\/td>\n<td style=\"width: 155px;\">DFS<\/td>\n<\/tr>\n<tr>\n<td style=\"width: 416px;\">DANILO DUFECH CASTILHOS<\/td>\n<td style=\"width: 155px;\">DS<\/td>\n<\/tr>\n<tr>\n<td style=\"width: 416px;\">DEBORA CRISTINA NICHELLE LOPES<\/td>\n<td style=\"width: 155px;\">DZ<\/td>\n<\/tr>\n<tr>\n<td style=\"width: 416px;\">DECIO SOUZA COTRIM<\/td>\n<td style=\"width: 155px;\">DCSA<\/td>\n<\/tr>\n<tr>\n<td style=\"width: 416px;\">DIRCEU AGOSTINETTO<\/td>\n<td style=\"width: 155px;\">DFS<\/td>\n<\/tr>\n<tr>\n<td style=\"width: 416px;\">EDEMAR ANTONIO ROSSETTO<\/td>\n<td style=\"width: 155px;\">DFS<\/td>\n<\/tr>\n<tr>\n<td style=\"width: 416px;\">EDGAR RICARDO SCHOFFEL<\/td>\n<td style=\"width: 155px;\">DFT<\/td>\n<\/tr>\n<tr>\n<td style=\"width: 416px;\">EDINALVO RABAIOLI CAMARGO<\/td>\n<td style=\"width: 155px;\">DFS<\/td>\n<\/tr>\n<tr>\n<td style=\"width: 416px;\">EDUARDO GONCALVES XAVIER<\/td>\n<td style=\"width: 155px;\">DZ<\/td>\n<\/tr>\n<tr>\n<td style=\"width: 416px;\">ELESSANDRA DA ROSA ZAVAREZE<\/td>\n<td style=\"width: 155px;\">DCTA<\/td>\n<\/tr>\n<tr>\n<td style=\"width: 416px;\">FABIO CLASEN CHAVES<\/td>\n<td style=\"width: 155px;\">DCTA<\/td>\n<\/tr>\n<tr>\n<td style=\"width: 416px;\">FABRICIO ARDAIS MEDEIROS<\/td>\n<td style=\"width: 155px;\">DER<\/td>\n<\/tr>\n<tr>\n<td style=\"width: 416px;\">FERNANDO RUTZ<\/td>\n<td style=\"width: 155px;\">DZ<\/td>\n<\/tr>\n<tr>\n<td style=\"width: 416px;\">FILIPE SELAU CARLOS<\/td>\n<td style=\"width: 155px;\">DS<\/td>\n<\/tr>\n<tr>\n<td style=\"width: 416px;\">FIORAVANTE JAEKEL DOS SANTOS<\/td>\n<td style=\"width: 155px;\">DER<\/td>\n<\/tr>\n<tr>\n<td style=\"width: 416px;\">FLAVIA FONTANA FERNANDES<\/td>\n<td style=\"width: 155px;\">DS<\/td>\n<\/tr>\n<tr>\n<td style=\"width: 416px;\">FLAVIO SACCO DOS ANJOS<\/td>\n<td style=\"width: 155px;\">DCSA<\/td>\n<\/tr>\n<tr>\n<td style=\"width: 416px;\">GABRIELITO RAUTER MENEZES<\/td>\n<td style=\"width: 155px;\">DCSA<\/td>\n<\/tr>\n<tr>\n<td style=\"width: 416px;\">GINIANI CARLA DORS<\/td>\n<td style=\"width: 155px;\">DCSA<\/td>\n<\/tr>\n<tr>\n<td style=\"width: 416px;\">GIOVANI FIORENTINI<\/td>\n<td style=\"width: 155px;\">DZ<\/td>\n<\/tr>\n<tr>\n<td style=\"width: 416px;\">GRACIELA V\u00d6LZ LOPES<\/td>\n<td style=\"width: 155px;\">DCTA<\/td>\n<\/tr>\n<tr>\n<td style=\"width: 416px;\">HENRIQUE ANDRADE FURTADO DE MENDONCA<\/td>\n<td style=\"width: 155px;\">DCSA<\/td>\n<\/tr>\n<tr>\n<td style=\"width: 416px;\">HERO ALFAYA JUNIOR<\/td>\n<td style=\"width: 155px;\">DZ<\/td>\n<\/tr>\n<tr>\n<td style=\"width: 416px;\">ISABELLA DIAS BARBOSA SILVEIRA<\/td>\n<td style=\"width: 155px;\">DZ<\/td>\n<\/tr>\n<tr>\n<td style=\"width: 416px;\">JERONIMO VIEIRA DE ARAUJO FILHO<\/td>\n<td style=\"width: 155px;\">DFS<\/td>\n<\/tr>\n<tr>\n<td style=\"width: 416px;\">JERRI TEIXEIRA ZANUSSO<\/td>\n<td style=\"width: 155px;\">DZ<\/td>\n<\/tr>\n<tr>\n<td style=\"width: 416px;\">JUVENCIO LUIS OSORIO FERNANDES POUEY<\/td>\n<td style=\"width: 155px;\">DZ<\/td>\n<\/tr>\n<tr>\n<td style=\"width: 416px;\">KATIUSCIA FONSECA DOS SANTOS STRASSBURG<\/td>\n<td style=\"width: 155px;\">DER<\/td>\n<\/tr>\n<tr>\n<td style=\"width: 416px;\">LEANDRO JOSE DALLAGNOL<\/td>\n<td style=\"width: 155px;\">DFS<\/td>\n<\/tr>\n<tr>\n<td style=\"width: 416px;\">LEONARDO NORA<\/td>\n<td style=\"width: 155px;\">DCTA<\/td>\n<\/tr>\n<tr>\n<td style=\"width: 416px;\">LILIAN VANUSSA MADRUGA DE TUNES<\/td>\n<td style=\"width: 155px;\">DFT<\/td>\n<\/tr>\n<tr>\n<td style=\"width: 416px;\">LIZETE STUMPF<\/td>\n<td style=\"width: 155px;\">DS<\/td>\n<\/tr>\n<tr>\n<td style=\"width: 416px;\">LUCIANA MARINI KOPP<\/td>\n<td style=\"width: 155px;\">DER<\/td>\n<\/tr>\n<tr>\n<td style=\"width: 416px;\">LUCIANO CARLOS DA MAIA<\/td>\n<td style=\"width: 155px;\">DFT<\/td>\n<\/tr>\n<tr>\n<td style=\"width: 416px;\">LUCIO ANDRE DE OLIVEIRA FERNANDES<\/td>\n<td style=\"width: 155px;\">DCSA<\/td>\n<\/tr>\n<tr>\n<td style=\"width: 416px;\">LUIS ANTONIO DE AVILA<\/td>\n<td style=\"width: 155px;\">DFS<\/td>\n<\/tr>\n<tr>\n<td style=\"width: 416px;\">LUIS CARLOS TIMM<\/td>\n<td style=\"width: 155px;\">DER<\/td>\n<\/tr>\n<tr>\n<td style=\"width: 416px;\">LUIS EDUARDO PANOZZO<\/td>\n<td style=\"width: 155px;\">DFT<\/td>\n<\/tr>\n<tr>\n<td style=\"width: 416px;\">LUIZ FERNANDO SPINELLI PINTO<\/td>\n<td style=\"width: 155px;\">DS<\/td>\n<\/tr>\n<tr>\n<td style=\"width: 416px;\">MARCELO BARBOSA MALGARIM<\/td>\n<td style=\"width: 155px;\">DFT<\/td>\n<\/tr>\n<tr>\n<td style=\"width: 416px;\">MARCELO FERNANDES PACHECO DIAS<\/td>\n<td style=\"width: 155px;\">DCSA<\/td>\n<\/tr>\n<tr>\n<td style=\"width: 416px;\">MARIA CANDIDA MOITINHO NUNES<\/td>\n<td style=\"width: 155px;\">DS<\/td>\n<\/tr>\n<tr>\n<td style=\"width: 416px;\">MARIO CONILL GOMES<\/td>\n<td style=\"width: 155px;\">DCSA<\/td>\n<\/tr>\n<tr>\n<td style=\"width: 416px;\">MARIO DUARTE CANEVER<\/td>\n<td style=\"width: 155px;\">DCSA<\/td>\n<\/tr>\n<tr>\n<td style=\"width: 416px;\">MATEUS DA SILVEIRA PASA<\/td>\n<td style=\"width: 155px;\">DFT<\/td>\n<\/tr>\n<tr>\n<td style=\"width: 416px;\">MAURICIO DE OLIVEIRA<\/td>\n<td style=\"width: 155px;\">DCTA<\/td>\n<\/tr>\n<tr>\n<td style=\"width: 416px;\">MAURO FERNANDO FERREIRA<\/td>\n<td style=\"width: 155px;\">DS<\/td>\n<\/tr>\n<tr>\n<td style=\"width: 416px;\">MOACIR CARDOSO ELIAS<\/td>\n<td style=\"width: 155px;\">DCTA<\/td>\n<\/tr>\n<tr>\n<td style=\"width: 416px;\">MOISES JOAO ZOTTI<\/td>\n<td style=\"width: 155px;\">DFS<\/td>\n<\/tr>\n<tr>\n<td style=\"width: 416px;\">NADIA VELLEDA CALDAS<\/td>\n<td style=\"width: 155px;\">DCSA<\/td>\n<\/tr>\n<tr>\n<td style=\"width: 416px;\">NATHAN LEVIEN VANIER<\/td>\n<td style=\"width: 155px;\">DCTA<\/td>\n<\/tr>\n<tr>\n<td style=\"width: 416px;\">OTONIEL GETER LAUZ FERREIRA<\/td>\n<td style=\"width: 155px;\">DZ<\/td>\n<\/tr>\n<tr>\n<td style=\"width: 416px;\">PABLO MIGUEL<\/td>\n<td style=\"width: 155px;\">DS<\/td>\n<\/tr>\n<tr>\n<td style=\"width: 416px;\">PATR\u00cdCIA MARTINS DA SILVA<\/td>\n<td style=\"width: 155px;\">DCSA<\/td>\n<\/tr>\n<tr>\n<td style=\"width: 416px;\">PAULO CELSO DE MELLO FARIAS<\/td>\n<td style=\"width: 155px;\">DFT<\/td>\n<\/tr>\n<tr>\n<td style=\"width: 416px;\">PAULO RIGATTO<\/td>\n<td style=\"width: 155px;\">DCSA<\/td>\n<\/tr>\n<tr>\n<td style=\"width: 416px;\">PAULO ROBERTO GROLLI<\/td>\n<td style=\"width: 155px;\">DFT<\/td>\n<\/tr>\n<tr>\n<td style=\"width: 416px;\">RAFAEL ALDRIGHI TAVARES<\/td>\n<td style=\"width: 155px;\">DZ<\/td>\n<\/tr>\n<tr>\n<td style=\"width: 416px;\">ROBERTA MARINS NOGUEIRA PEIL<\/td>\n<td style=\"width: 155px;\">DFT<\/td>\n<\/tr>\n<tr>\n<td style=\"width: 416px;\">ROBERTO LILLES TAVARES MACHADO<\/td>\n<td style=\"width: 155px;\">DER<\/td>\n<\/tr>\n<tr>\n<td style=\"width: 416px;\">ROBERTO TRENTIN<\/td>\n<td style=\"width: 155px;\">DFT<\/td>\n<\/tr>\n<tr>\n<td style=\"width: 416px;\">RODRIGO RIZZI<\/td>\n<td style=\"width: 155px;\">DER<\/td>\n<\/tr>\n<tr>\n<td style=\"width: 416px;\">ROGERIO FOLHA BERMUDES<\/td>\n<td style=\"width: 155px;\">DZ<\/td>\n<\/tr>\n<tr>\n<td style=\"width: 416px;\">ROGERIO OLIVEIRA DE SOUSA<\/td>\n<td style=\"width: 155px;\">DS<\/td>\n<\/tr>\n<tr>\n<td style=\"width: 416px;\">ROGERS ADEMIR DRUNN PEREIRA<\/td>\n<td style=\"width: 155px;\">DER<\/td>\n<\/tr>\n<tr>\n<td style=\"width: 416px;\">ROSA MARIA VARGAS CASTILHOS<\/td>\n<td style=\"width: 155px;\">DS<\/td>\n<\/tr>\n<tr>\n<td style=\"width: 416px;\">SERGIO LEAL FERNANDES<\/td>\n<td style=\"width: 155px;\">DZ<\/td>\n<\/tr>\n<tr>\n<td style=\"width: 416px;\">SERGIO RENATO NOGUEZ PIEDRAS<\/td>\n<td style=\"width: 155px;\">DZ<\/td>\n<\/tr>\n<tr>\n<td style=\"width: 416px;\">STEFANI MACARI<\/td>\n<td style=\"width: 155px;\">DZ<\/td>\n<\/tr>\n<tr>\n<td style=\"width: 416px;\">SUELEN CRISTINA MOVIO HUINCA<\/td>\n<td style=\"width: 155px;\">DER<\/td>\n<\/tr>\n<tr>\n<td style=\"width: 416px;\">TIAGO PEDO<\/td>\n<td style=\"width: 155px;\">DFT<\/td>\n<\/tr>\n<tr>\n<td style=\"width: 416px;\">TIAGO ZANATTA AUMONDE<\/td>\n<td style=\"width: 155px;\">DFT<\/td>\n<\/tr>\n<tr>\n<td style=\"width: 416px;\">TONISMAR DOS SANTOS PEREIRA<\/td>\n<td style=\"width: 155px;\">DER<\/td>\n<\/tr>\n<tr>\n<td style=\"width: 416px;\">UEMERSON SILVA DA CUNHA<\/td>\n<td style=\"width: 155px;\">DFS<\/td>\n<\/tr>\n<tr>\n<td style=\"width: 416px;\">VAGNER BRASIL COSTA<\/td>\n<td style=\"width: 155px;\">DFT<\/td>\n<\/tr>\n<tr>\n<td style=\"width: 416px;\">VICTOR FERNANDO BUTTOW ROLL<\/td>\n<td style=\"width: 155px;\">DZ<\/td>\n<\/tr>\n<tr>\n<td style=\"width: 416px;\">VITOR EMANUEL QUEVEDO TAVARES<\/td>\n<td style=\"width: 155px;\">DER<\/td>\n<\/tr>\n<tr>\n<td style=\"width: 416px;\">WLADIMIR PADILHA DA SILVA<\/td>\n<td style=\"width: 155px;\">DCTA<\/td>\n<\/tr>\n<\/tbody>\n<\/table>\n<p>DFT=Departamento de Fitotecnia;<\/p>\n<p>DFS=Departamento de Fitossanidade;<\/p>\n<p>DCTA=Departamento de Ci\u00eancia e Tecnologia Agroindustrial;<\/p>\n<p>DS=Departamento dos solos; DZ=Departamento de Zootecnia;<\/p>\n<p>DER=Departamento de Engenharia Rural;<\/p>\n<p>DCSA=Departamento de Ci\u00eancias Sociais Agr\u00e1rias.<\/p>\n<p>Fonte:\u00a0<a href=\"http:\/\/www2.ufpel.edu.br\/servicos\/pessoal.php\">http:\/\/www.ufpel.edu.br\/servicos\/pessoal.php<\/a><\/p>\n<p><strong>ADUFPEL<\/strong>:\u00a0<a href=\"http:\/\/www.adufpel.org.br\/\">http:\/\/www.adufpel.org.br\/<\/a><\/p>\n<p><a href=\"https:\/\/wp.ufpel.edu.br\/faem\/files\/2013\/11\/cab_adufpel_andes.gif\"><img class=\"aligncenter size-full wp-image-122\" src=\"https:\/\/wp.ufpel.edu.br\/faem\/files\/2013\/11\/cab_adufpel_andes.gif\" alt=\"cab_adufpel_andes\" width=\"784\" height=\"122\" \/><\/a><\/p>\n","protected":false},"excerpt":{"rendered":"<p>A Faculdade de Agronomia Eliseu Maciel possui corpo docente altamente qualificado, composto por 100 professores ativos, dos quais 101\u00a0 s\u00e3o doutores e 1 \u00e9 especialista. Acompanhe abaixo os gr\u00e1ficos das categorias Docentes referente aos anos de 2013, 2016 e 2021. &nbsp; &nbsp; &nbsp; &nbsp; &nbsp; &nbsp; &nbsp; DOCENTE DEPARTAMENTO ADRIANA DILLENBURG MEINHART DCTA ADRIANE MARINHO [&hellip;]<\/p>\n","protected":false},"author":235,"featured_media":0,"parent":0,"menu_order":0,"comment_status":"closed","ping_status":"closed","template":"","meta":{"footnotes":""},"class_list":["post-88","page","type-page","status-publish","hentry"],"jetpack_sharing_enabled":true,"_links":{"self":[{"href":"https:\/\/wp.ufpel.edu.br\/faem\/wp-json\/wp\/v2\/pages\/88","targetHints":{"allow":["GET"]}}],"collection":[{"href":"https:\/\/wp.ufpel.edu.br\/faem\/wp-json\/wp\/v2\/pages"}],"about":[{"href":"https:\/\/wp.ufpel.edu.br\/faem\/wp-json\/wp\/v2\/types\/page"}],"author":[{"embeddable":true,"href":"https:\/\/wp.ufpel.edu.br\/faem\/wp-json\/wp\/v2\/users\/235"}],"replies":[{"embeddable":true,"href":"https:\/\/wp.ufpel.edu.br\/faem\/wp-json\/wp\/v2\/comments?post=88"}],"version-history":[{"count":39,"href":"https:\/\/wp.ufpel.edu.br\/faem\/wp-json\/wp\/v2\/pages\/88\/revisions"}],"predecessor-version":[{"id":5268,"href":"https:\/\/wp.ufpel.edu.br\/faem\/wp-json\/wp\/v2\/pages\/88\/revisions\/5268"}],"wp:attachment":[{"href":"https:\/\/wp.ufpel.edu.br\/faem\/wp-json\/wp\/v2\/media?parent=88"}],"curies":[{"name":"wp","href":"https:\/\/api.w.org\/{rel}","templated":true}]}}