{"id":82,"date":"2013-11-21T17:16:37","date_gmt":"2013-11-21T19:16:37","guid":{"rendered":"https:\/\/wp.ufpel.edu.br\/faem\/?page_id=82"},"modified":"2023-12-11T08:15:13","modified_gmt":"2023-12-11T11:15:13","slug":"historico","status":"publish","type":"page","link":"https:\/\/wp.ufpel.edu.br\/faem\/historico\/","title":{"rendered":"Hist\u00f3rico"},"content":{"rendered":"<p style=\"text-align: justify;\">\u00a0 \u00a0 \u00a0Abaixo seguem alguns fatos marcantes da hist\u00f3ria da FAEM, da sua funda\u00e7\u00e3o at\u00e9 o ano de comemora\u00e7\u00e3o dos seus 140 anos:<\/p>\n<p>&nbsp;<\/p>\n<p style=\"text-align: justify;\"><strong>Denomina\u00e7\u00f5es<\/strong>: Imperial Escola de Medicina Veterin\u00e1ria e de Agricultura Pr\u00e1tica (1883); Lyceu de Agronomia, Artes e Off\u00edcios (1887); Liceu Rio-Grandense de Agronomia e Veterin\u00e1ria (1889); Escola de Agronomia e Veterin\u00e1ria (1909); Escola de Agronomia e Veterin\u00e1ria Eliseu Maciel (1926); Escola de Agronomia Eliseu Maciel (1934), Escola de Agronomia da Universidade Rural do Sul ( 1960); Faculdade de Agronomia da Universidade Rural do Sul (1967); Faculdade de Agronomia da universidade Federal de Pelotas (1969).<\/p>\n<p style=\"text-align: justify;\"><b><i>1883<\/i><\/b><i><br \/>\n<\/i><i style=\"line-height: 24px;\">Atrav\u00e9s de um decreto do Imperador, em 08 de dezembro foi criada a<\/i><i>\u00a0Imperial Escola de Medicina Veterin\u00e1ria e de Agricultura Practica. Assume a dire\u00e7\u00e3o o Dr. Claude Marie Rebourgeon, oriundo da famosa Escola de Alfort (Fran\u00e7a) <\/i><i>e disc\u00edpulo de Pasteur e que tinha como miss\u00e3o desenvolver vacinas no Brasil. \u00a0<\/i><\/p>\n<p><b><i>1887\u00a0<\/i><\/b><\/p>\n<p><i> Funda\u00e7\u00e3o do Lyceu de Agronomia, Artes e Officios.<\/i><\/p>\n<p><i style=\"line-height: 24px; font-size: 16px;\"><b><i>1889<\/i><\/b><\/i><\/p>\n<p><i style=\"line-height: 24px; font-size: 16px;\"><b><i><\/i><\/b><\/i><i style=\"line-height: 24px;\"><i>Nova denomina\u00e7\u00e3o do Instituto: Lyceu Rio-Grandense de Agronomia e Veterin\u00e1ria, passando efetivamente a curso superior.<\/i><\/i><\/p>\n<p><i style=\"line-height: 24px;\"><i>\u00a0<\/i><\/i><b><i>1890\u00a0<\/i><\/b><i><br \/>\n<\/i><i>\u00a0<\/i><i>Nomeada nova delega\u00e7\u00e3o para administrar o Liceu. Reestabelece-se o curso suprimido em 1885 por decreto.<\/i><\/p>\n<p><b style=\"color: #444444;\"><i><b><i>1891<\/i><\/b><i><br \/>\n<\/i><\/i><\/b><i><i>Inscri\u00e7\u00e3o do primeiro aluno.<\/i><\/i><\/p>\n<p><span style=\"color: #000000;\"><i>\u00a0<\/i><i><b><i>1895<\/i><\/b><i><br \/>\nCola\u00e7\u00e3o de Grau da Primeira turma de engenheiros agr\u00f4nomos, Jos\u00e9 Vaz Bento e Victor Leivas.<br \/>\n<\/i><\/i><\/span><\/p>\n<p><b><i>1897<\/i><\/b><i><br \/>\nProfessores do Lyceu criam a primeira revista de agricultura cient\u00edfica: Revista Agr\u00edcola do Rio Grande do Sul, com tiragem de 400 exemplares e distribu\u00edda em 31 de janeiro de 1898.\u00a0<\/i><b><i>\u00a0<\/i><\/b><i>Assume a dire\u00e7\u00e3o do Lyceu, o Sr. Jos\u00e9 Cypriano Nunes Vieira.<\/i><\/p>\n<p><b><i>1898<\/i><\/b><i><br \/>\nEm 12 de outubro, um grupo de professores da Escola de Agronomia e Veterin\u00e1ria, funda a Sociedade Agr\u00edcola Pastoril do Rio Grande do Sul, tendo na sua diretoria o Prof. Jos\u00e9 Cypriano Nunes Vieira (Gest\u00e3o 1897 \u2013 1908). <\/i><i>No ano de 1922, a Sociedade Agr\u00edcola Pastoril do Rio Grande do Sul passa a denominar-se Sociedade Agr\u00edcola de Pelotas, ocupando uma \u00e1rea de mais de 43 hectares, no bairro Tr\u00eas Vendas. Em 1967 passa a denominar-se Associa\u00e7\u00e3o Rural de Pelotas.<\/i><\/p>\n<p><i><\/i><i>\u00a0<b><i>1899\u00a0<\/i><\/b><i><br \/>\nRealiza-se a primeira exposi\u00e7\u00e3o pecu\u00e1ria do estado na Pra\u00e7a do Mercado, defronte ao Liceu.<br \/>\n<\/i><\/i><\/p>\n<p><i>\u00a0<\/i><b><i>1908\u00a0<\/i><\/b><i>\u00a0<\/i><i><br \/>\n1\u00ba Congresso Agron\u00f4mico do Rio Grande do Sul promovido pela Institui\u00e7\u00e3o. Em 03\/dezembro\/1908, o Sr. Jos\u00e9 Cypriano Nunes Vieira declina do cargo de diretor.<\/i><\/p>\n<p><b><i>1909<\/i><\/b><\/p>\n<p><i>Assume a dire\u00e7\u00e3o o Dr. Manuel Lu\u00eds Os\u00f3rio. Novamente ocorre troca de nome, agora chamando-se Escola de Agronomia e Veterin\u00e1ria.<\/i><\/p>\n<p><i>\u00a0<\/i><b><i>1913\u00a0<\/i><\/b><i><\/i><\/p>\n<p><i>\u00a0Cola grau uma turma de 06 alunos, com o quadro de formatura esculpido pelo artista Giovanonni.<\/i><\/p>\n<p><i>\u00a0<\/i><b><i>1915<\/i><\/b><i>\u00a0<\/i><\/p>\n<p>Fato hist\u00f3rico no sistema educacional brasileiro: forma-se a primeira agr\u00f4noma do Brasil, Maria Eul\u00e1lia da Costa.<\/p>\n<p><i><\/i><b><i>1918<\/i><\/b><\/p>\n<p><i> Registro da Escola no Minist\u00e9rio da Agricultura, Ind\u00fastria e Com\u00e9rcio, conferindo o t\u00edtulo de engenheiro Agr\u00f4nomo. Cria\u00e7\u00e3o do Gr\u00eamio estudantil da Agronomia e Veterin\u00e1ria, em 15\/abril\/1918, tendo como primeiro presidente Jo\u00e3o Garcia de Arruda.\u00a0<\/i><\/p>\n<p><b><i>1926<\/i><\/b><i>\u00a0<\/i><\/p>\n<p><i><i>Acrescenta-se, ao nome da Escola, o nome Eliseu Maciel, agora oficialmente Escola de Agronomia e Veterin\u00e1ria Eliseu Maciel.\u00a0<\/i><\/i><\/p>\n<p><strong><em>1928\u00a0<\/em><\/strong><\/p>\n<p><em>O Gr\u00eamio estudantil, na data de 05\/julho\/1928, passa a chamar-se Diret\u00f3rio Acad\u00eamico Nunes Vieira\u00a0(DANV) homenageando seu patrono Jos\u00e9 Cypriano <strong>Nunes Vieira<\/strong>, diretor entre 1897-1908 e falecido em 07\/setembro\/1917.<\/em><\/p>\n<p><b><i>1933<\/i><\/b><i>\u00a0<\/i><\/p>\n<p><i>\u00a0<i>Ano do cinq\u00fcenten\u00e1rio. Promove-se um Congresso Agron\u00f4mico de \u00e2mbito estadual, de expressivo significado.\u00a0<\/i><\/i><\/p>\n<p><i>\u00a0<\/i><b><i>1934<\/i><\/b><i>\u00a0<\/i><\/p>\n<p><i><i>Independ\u00eancia dos cursos de Agronomia e Veterin\u00e1ria. \u00a0A escola agora passa a chamar-se Escola de Agronomia Eliseu Maciel.\u00a0<\/i><\/i><\/p>\n<p><i><br \/>\n<\/i><b><i>1941<\/i><\/b><i><br \/>\nDr. Jo\u00e3o Rouget Perez, ingressa como docente e assume a dire\u00e7\u00e3o da escola. Comunica o oferecimento da Fazenda da Palma \u00e0 congrega\u00e7\u00e3o. Estabelece-se na regi\u00e3o a Esta\u00e7\u00e3o experimental de Arroz, subordinada ao Minist\u00e9rio da Agricultura.<\/i><\/p>\n<p><b><i>1943\u00a0<\/i><\/b><\/p>\n<p><i>\u00a0<i>Cria\u00e7\u00e3o do Instituto Agron\u00f4mico do Sul, localizado na fazenda Gomes da Costa.\u00a0<\/i>Abaixo, foto do antigo p\u00f3rtico do atual \u201cCampus Cap\u00e3o do Le\u00e3o\u201d.<\/i><\/p>\n<p><i>\u00a0<\/i><b><i>1945<\/i><\/b><i>\u00a0<\/i><\/p>\n<p><i><i>Funda\u00e7\u00e3o do Horto Florestal de Pelotas. Integra\u00e7\u00e3o da Escola de Agronomia ao Instituto Agron\u00f4mico, incluindo a Fazenda da Palma.\u00a0<\/i><\/i><\/p>\n<p><b><i>1947<\/i><\/b><i>\u00a0<\/i><\/p>\n<p><i>\u00a0<\/i><i>A Escola passa a ser regida pelo regulamento da Escola Nacional de Agricultura, modelo para as demais cong\u00eaneres do Pa\u00eds.\u00a0<\/i><\/p>\n<p><b><i>1948<\/i><\/b><i><br \/>\nIn\u00edcio dos concursos para professor catedr\u00e1tico.<\/i><\/p>\n<p><b><i>1950\u00a0<\/i><\/b><i><br \/>\nIniciam-se as obras do novo pr\u00e9dio (atual Campus Cap\u00e3o do Le\u00e3o).<\/i><\/p>\n<p><b><i>1956<\/i><\/b><i><br \/>\nSess\u00e3o solene comemorativa ao 72\u00ba anivers\u00e1rio, entrega os diplomas de doutor em agronomia aos primeiros catedr\u00e1ticos concursados.<\/i><\/p>\n<p><i><br \/>\n<\/i><b><i>1959<\/i><\/b><i><br \/>\nInaugura\u00e7\u00e3o do novo pr\u00e9dio, com uma \u00e1rea total de 15.360 m<sup>2<\/sup>, em dois pavimentos. \u00c9 o maior monobloco constru\u00eddo no pa\u00eds, espec\u00edfico para o ensino de agronomia. Presen\u00e7a do Presidente da Rep\u00fablica, Juscelino Kubitschek de Oliveira, como paraninfo da turma de 1958.<\/i><\/p>\n<p><i><br \/>\n<b><i>1960<\/i><\/b><i><br \/>\nPrimeira greve dos alunos da FAEM, inconformados pela falta de recursos. Neste mesmo ano, \u00e9 criada, por decreto, a Universidade Rural do Sul, composta pela Escola de Agronomia Eliseu Maciel, um escola de veterin\u00e1ria e uma escola de p\u00f3s-gradua\u00e7\u00e3o, um centro de treinamento e informa\u00e7\u00e3o do sul., um curso de sociologia rural e um curso de ci\u00eancias domesticas.<br \/>\n<\/i><\/i><b><i><br \/>\n<\/i><\/b><\/p>\n<p><i>\u00a0<\/i><b><i>1967<\/i><\/b><i><br \/>\nA Universidade Rural do Sul passa a pertencer ao Minist\u00e9rio da Educa\u00e7\u00e3o e Cultura. A Escola passa a se chamar Faculdade de Agronomia Eliseu Maciel.<\/i><i>\u00a0<\/i><\/p>\n<p><b><i>1969<\/i><\/b><i><br \/>\nAno de implanta\u00e7\u00e3o da Universidade Federal de Pelotas, compreendendo diversas unidades e a Faculdade de Agronomia Eliseu Maciel.<\/i><\/p>\n<p><b><i>1973<\/i><\/b><i><br \/>\nPor iniciativa do Departamento de Engenharia Rural, foi criado o primeiro curso de Engenharia agr\u00edcola do Brasil.<\/i><\/p>\n<p><b><i>1983<\/i><\/b><i><br \/>\n<b>Celebra\u00e7\u00e3o do Centen\u00e1rio da Institui\u00e7\u00e3o\u00a0<\/b><\/i><\/p>\n<p><i>Diretor: Prof. \u00a0Gilberto Azambuja Centeno (Gest\u00e3o 1982-1985). Usava-se o trocadilho \u201cCenteno no centen\u00e1rio\u201d. <\/i><\/p>\n<p><i>Formandos em dezembro: 96 alunos.<\/i><\/p>\n<p><i>Paraninfo: Prof. Luiz Antonio Ver\u00edssimo Corr\u00eaa<\/i><\/p>\n<p><i>Patrono: Prof. Moacir Cardoso Elias<\/i><\/p>\n<p><i>Nome da turma: Prof. Ariovaldo Luiz Turatti<\/i><i>\u00a0<\/i><\/p>\n<p><b><i>1993<\/i><\/b><\/p>\n<p><b><i>110 anos<\/i><\/b><\/p>\n<p><i>Diretor: Prof. Jos\u00e9 Carlos Fachinello (Gest\u00e3o 1993 \u2013 1997).<\/i><i>\u00a0<\/i><\/p>\n<p><b><i>1995<\/i><\/b><\/p>\n<p><i>In\u00edcio das atividades da Revista Brasileira de Agroci\u00eancia (RBA).<\/i><i>\u00a0<\/i><\/p>\n<p><b><i>2003<\/i><\/b><\/p>\n<p><b><i>120 anos<\/i><\/b><\/p>\n<p><i>Diretor: Prof. C\u00e9sar Valmor Rombaldi (Gest\u00e3o 2001 \u2013 2005).<\/i><i>\u00a0<\/i><\/p>\n<p><b><i>2005<\/i><\/b><\/p>\n<p><i>Outro fato hist\u00f3rico: primeira \u00a0diretora da FAEM.<\/i><\/p>\n<p><i>Prof.a. T\u00e2nia Beatriz Gamboa Morselli (Gest\u00e3o 2005 \u2013 2010).<\/i><i>\u00a0<\/i><\/p>\n<p><b><i>2008<\/i><\/b><\/p>\n<p><i>Dentro do programa do governo federal, REUNI, a UFPEL expande a oferta de vagas em novos cursos, criando o Curso de Zootecnia proposto pelo Departamento de Zootecnia (DZ).<\/i><\/p>\n<p><i>Em agosto a FAEM passa a abrigar dois cursos, ofertando semestralmente mais 35 vagas.<\/i><\/p>\n<p><i>Primeiro coordenador do Curso de Zootecnia: Prof. Jerri Teixeira Zanusso, que atuava como sub-chefe no DZ.<\/i><b><i>\u00a0<\/i><\/b><\/p>\n<p><b><i>2012<\/i><\/b><\/p>\n<p><i>Cria\u00e7\u00e3o do diret\u00f3rio acad\u00eamico do Curso de Zootecnia \u201cLuiz Alberto Fries\u201d \u2013 DALAF, in memorian ao ex-professor da FAEM, \u00edcone em melhoramento animal.<\/i><\/p>\n<p><i>A Revista Brasileira de Agroci\u00eancia passa a chamar-se \u201cCurrent Agricultural Science and Technology (CAST), vislumbrando inser\u00e7\u00e3o internacional, com artigos publicados somente na l\u00edngua inglesa. Tem como editor-chefe o Prof. F\u00e1bio Clasen Chaves e associados os profs. Leandro Jos\u00e9 Dallagnol e Paulo Celso de Mello Farias, nomeados em 25 de outubro (Portaria n\u00ba 138).<\/i><b><i>\u00a0<\/i><\/b><\/p>\n<p><b><i>2013<\/i><\/b><\/p>\n<p><b><i>130 anos<\/i><\/b><\/p>\n<p><i>Dire\u00e7\u00e3o: Prof. Ledemar Carlos Vahl (DS) e vice-diretor: Paulo Dejalma Zimmer (DFT) (Gest\u00e3o 2010 \u2013 2014). <\/i><\/p>\n<p><i>Em 2013 o vice-diretor pede exonera\u00e7\u00e3o do cargo, sendo indicada a substitui\u00e7\u00e3o pelo prof. Eduardo Gon\u00e7alves Xavier (DZ), que mais tarde assumiria a dire\u00e7\u00e3o devido ao pedido de afastamento do diretor. Na sequ\u00eancia, o novo diretor convoca, em agosto, \u00a0nova elei\u00e7\u00e3o para a dire\u00e7\u00e3o da FAEM.<\/i><i>\u00a0<\/i><\/p>\n<p><i>Em 31 de outubro s\u00e3o empossados como diretor: Prof. Manoel Luiz Brenner de Moraes e como vice-diretor: Prof. Jerri Teixeira Zanusso (Gest\u00e3o 2013-2017).<\/i><\/p>\n<p><i>Cola grau a primeira turma do Curso de Zootecnia, composta por 11 alunos formando-se no tempo regular de 05 anos. Coordena\u00e7\u00e3o do Colegiado do Curso de Zootecnia: Prof.a. Zootecnista Isabella Dias Barbosa Silveira, tamb\u00e9m paraninfa da turma. Patrono: Prof. S\u00e9rgio Renato Noguez Piedras.\u00a0<\/i><\/p>\n<p style=\"text-align: center;\">Ao longo de seus 138 anos, a FAEM titulou 7361 agr\u00f4nomos, sendo que entre o centen\u00e1rio e os trinta anos seguintes, o n\u00famero de titulados mais que triplicou!<\/p>\n<p>&nbsp;<\/p>\n<p><a href=\"https:\/\/wp.ufpel.edu.br\/faem\/files\/2022\/01\/Titulados_1903_2021-scaled.jpg\"><img class=\"alignnone wp-image-3481\" src=\"https:\/\/wp.ufpel.edu.br\/faem\/files\/2022\/01\/Titulados_1903_2021-400x240.jpg\" alt=\"\" width=\"713\" height=\"428\" srcset=\"https:\/\/wp.ufpel.edu.br\/faem\/files\/2022\/01\/Titulados_1903_2021-400x240.jpg 400w, https:\/\/wp.ufpel.edu.br\/faem\/files\/2022\/01\/Titulados_1903_2021-1024x613.jpg 1024w, https:\/\/wp.ufpel.edu.br\/faem\/files\/2022\/01\/Titulados_1903_2021-768x460.jpg 768w, https:\/\/wp.ufpel.edu.br\/faem\/files\/2022\/01\/Titulados_1903_2021-1536x920.jpg 1536w, https:\/\/wp.ufpel.edu.br\/faem\/files\/2022\/01\/Titulados_1903_2021-2048x1226.jpg 2048w\" sizes=\"(max-width: 713px) 100vw, 713px\" \/><\/a><\/p>\n<p>&nbsp;<\/p>\n<p>&nbsp;<\/p>\n<p>Refer\u00eancias:<\/p>\n<p style=\"text-align: justify;\">COLEGIADO. Livro de registro de titulados. 1803-2021.<\/p>\n<p style=\"text-align: justify;\">FIOCRUZ<strong>.<\/strong>\u00a0<strong>Dicion\u00e1rio hist\u00f3rico-biogr\u00e1fico das ci\u00eancias da sa\u00fade no Brasil (1832-1930)<\/strong>. In: www.dichistoriasaude.coc.fiocruz.br<\/p>\n<p style=\"text-align: justify;\">MAGALH\u00c3ES, M.O. <strong>Faculdade de Agronomia Eliseu Maciel (1883-1983)<\/strong>. 117p. 1983.<\/p>\n","protected":false},"excerpt":{"rendered":"<p>\u00a0 \u00a0 \u00a0Abaixo seguem alguns fatos marcantes da hist\u00f3ria da FAEM, da sua funda\u00e7\u00e3o at\u00e9 o ano de comemora\u00e7\u00e3o dos seus 140 anos: &nbsp; Denomina\u00e7\u00f5es: Imperial Escola de Medicina Veterin\u00e1ria e de Agricultura Pr\u00e1tica (1883); Lyceu de Agronomia, Artes e Off\u00edcios (1887); Liceu Rio-Grandense de Agronomia e Veterin\u00e1ria (1889); Escola de Agronomia e Veterin\u00e1ria (1909); [&hellip;]<\/p>\n","protected":false},"author":235,"featured_media":0,"parent":0,"menu_order":0,"comment_status":"closed","ping_status":"closed","template":"","meta":{"footnotes":""},"class_list":["post-82","page","type-page","status-publish","hentry"],"jetpack_sharing_enabled":true,"_links":{"self":[{"href":"https:\/\/wp.ufpel.edu.br\/faem\/wp-json\/wp\/v2\/pages\/82","targetHints":{"allow":["GET"]}}],"collection":[{"href":"https:\/\/wp.ufpel.edu.br\/faem\/wp-json\/wp\/v2\/pages"}],"about":[{"href":"https:\/\/wp.ufpel.edu.br\/faem\/wp-json\/wp\/v2\/types\/page"}],"author":[{"embeddable":true,"href":"https:\/\/wp.ufpel.edu.br\/faem\/wp-json\/wp\/v2\/users\/235"}],"replies":[{"embeddable":true,"href":"https:\/\/wp.ufpel.edu.br\/faem\/wp-json\/wp\/v2\/comments?post=82"}],"version-history":[{"count":12,"href":"https:\/\/wp.ufpel.edu.br\/faem\/wp-json\/wp\/v2\/pages\/82\/revisions"}],"predecessor-version":[{"id":5076,"href":"https:\/\/wp.ufpel.edu.br\/faem\/wp-json\/wp\/v2\/pages\/82\/revisions\/5076"}],"wp:attachment":[{"href":"https:\/\/wp.ufpel.edu.br\/faem\/wp-json\/wp\/v2\/media?parent=82"}],"curies":[{"name":"wp","href":"https:\/\/api.w.org\/{rel}","templated":true}]}}