{"id":608,"date":"2016-08-29T14:05:48","date_gmt":"2016-08-29T17:05:48","guid":{"rendered":"https:\/\/wp.ufpel.edu.br\/faem\/?page_id=608"},"modified":"2022-05-27T11:45:58","modified_gmt":"2022-05-27T14:45:58","slug":"pos-graduacao-em-manejo-e-conservacao-do-solo-e-da-agua","status":"publish","type":"page","link":"https:\/\/wp.ufpel.edu.br\/faem\/pos-graduacao-em-manejo-e-conservacao-do-solo-e-da-agua\/","title":{"rendered":"P\u00f3s-Gradua\u00e7\u00e3o em Manejo e Conserva\u00e7\u00e3o do Solo e da \u00c1gua"},"content":{"rendered":"<p style=\"line-height: 19.0pt;\"><span style=\"font-size: 12.5pt; font-family: 'Georgia','serif'; color: #333333;\">Entrega de diplomas:<\/span><\/p>\n<p style=\"line-height: 19.0pt; text-align: start;\"><span style=\"font-size: 12.5pt; font-family: 'Georgia','serif'; color: #333333;\"><span style=\"font-size: 12.5pt; font-family: 'Georgia','serif'; color: #333333;\">Os diplomas de p\u00f3s-gradua\u00e7\u00e3o s\u00e3o entregues na Dire\u00e7\u00e3o\u00a0da FAEM.<\/span><\/span><\/p>\n<p style=\"line-height: 19.0pt; text-align: start;\"><span style=\"font-size: 12.5pt; font-family: 'Georgia','serif'; color: #333333;\"><span style=\"font-size: 12.5pt; font-family: 'Georgia','serif'; color: #333333;\">Entrega de diplomas com procura\u00e7\u00e3o:<\/span><\/span><\/p>\n<p style=\"line-height: 19.0pt; text-align: start;\"><span style=\"font-size: 12.5pt; font-family: 'Georgia','serif'; color: #333333;\"><span style=\"font-size: 12.5pt; font-family: 'Georgia','serif'; color: #333333;\">O procurador deve apresentar-se com a procura\u00e7\u00e3o original, com assinatura reconhecida em\u00a0cart\u00f3rio, e com documento com foto. Na procura\u00e7\u00e3o deve constar o nome, CPF, CI e endere\u00e7o do procurador e do diplomado, bem como o nome do<span class=\"apple-converted-space\">\u00a0<\/span>programa\u00a0e o n\u00edvel da p\u00f3s-gradua\u00e7\u00e3o.<\/span><\/span><\/p>\n<p style=\"line-height: 19.0pt; text-align: start;\"><a href=\"https:\/\/wp.ufpel.edu.br\/faem\/files\/2022\/05\/POS-MACSA.pdf\">Confira a lista de diplomas dispon\u00edveis para entrega.<\/a><\/p>\n<p>Lista atualizada dia 27\/05\/2022.<\/p>\n<p>&nbsp;<\/p>\n","protected":false},"excerpt":{"rendered":"<p>Entrega de diplomas: Os diplomas de p\u00f3s-gradua\u00e7\u00e3o s\u00e3o entregues na Dire\u00e7\u00e3o\u00a0da FAEM. Entrega de diplomas com procura\u00e7\u00e3o: O procurador deve apresentar-se com a procura\u00e7\u00e3o original, com assinatura reconhecida em\u00a0cart\u00f3rio, e com documento com foto. Na procura\u00e7\u00e3o deve constar o nome, CPF, CI e endere\u00e7o do procurador e do diplomado, bem como o nome do\u00a0programa\u00a0e o [&hellip;]<\/p>\n","protected":false},"author":235,"featured_media":0,"parent":0,"menu_order":0,"comment_status":"closed","ping_status":"closed","template":"","meta":{"footnotes":""},"class_list":["post-608","page","type-page","status-publish","hentry"],"jetpack_sharing_enabled":true,"_links":{"self":[{"href":"https:\/\/wp.ufpel.edu.br\/faem\/wp-json\/wp\/v2\/pages\/608","targetHints":{"allow":["GET"]}}],"collection":[{"href":"https:\/\/wp.ufpel.edu.br\/faem\/wp-json\/wp\/v2\/pages"}],"about":[{"href":"https:\/\/wp.ufpel.edu.br\/faem\/wp-json\/wp\/v2\/types\/page"}],"author":[{"embeddable":true,"href":"https:\/\/wp.ufpel.edu.br\/faem\/wp-json\/wp\/v2\/users\/235"}],"replies":[{"embeddable":true,"href":"https:\/\/wp.ufpel.edu.br\/faem\/wp-json\/wp\/v2\/comments?post=608"}],"version-history":[{"count":26,"href":"https:\/\/wp.ufpel.edu.br\/faem\/wp-json\/wp\/v2\/pages\/608\/revisions"}],"predecessor-version":[{"id":3896,"href":"https:\/\/wp.ufpel.edu.br\/faem\/wp-json\/wp\/v2\/pages\/608\/revisions\/3896"}],"wp:attachment":[{"href":"https:\/\/wp.ufpel.edu.br\/faem\/wp-json\/wp\/v2\/media?parent=608"}],"curies":[{"name":"wp","href":"https:\/\/api.w.org\/{rel}","templated":true}]}}