{"id":589,"date":"2016-08-29T13:56:14","date_gmt":"2016-08-29T16:56:14","guid":{"rendered":"https:\/\/wp.ufpel.edu.br\/faem\/?page_id=589"},"modified":"2023-06-13T09:46:03","modified_gmt":"2023-06-13T12:46:03","slug":"pos-graduacao-em-zootecnia","status":"publish","type":"page","link":"https:\/\/wp.ufpel.edu.br\/faem\/pos-graduacao-em-zootecnia\/","title":{"rendered":"P\u00f3s-Gradua\u00e7\u00e3o em Zootecnia"},"content":{"rendered":"<p style=\"line-height: 19.0pt;\"><span style=\"font-size: 12.5pt; font-family: 'Georgia','serif'; color: #333333;\">Entrega de diplomas:<\/span><\/p>\n<p style=\"line-height: 19.0pt; text-align: start;\"><span style=\"font-size: 12.5pt; font-family: 'Georgia','serif'; color: #333333;\"><span style=\"font-size: 12.5pt; font-family: 'Georgia','serif'; color: #333333;\">Os diplomas de p\u00f3s-gradua\u00e7\u00e3o s\u00e3o entregues na Dire\u00e7\u00e3o\u00a0da FAEM.<\/span><\/span><\/p>\n<p style=\"line-height: 19.0pt; text-align: start;\"><span style=\"font-size: 12.5pt; font-family: 'Georgia','serif'; color: #333333;\"><span style=\"font-size: 12.5pt; font-family: 'Georgia','serif'; color: #333333;\">Entrega de diplomas com procura\u00e7\u00e3o:<\/span><\/span><\/p>\n<p style=\"line-height: 19.0pt; text-align: start;\"><span style=\"font-size: 12.5pt; font-family: 'Georgia','serif'; color: #333333;\"><span style=\"font-size: 12.5pt; font-family: 'Georgia','serif'; color: #333333;\">O procurador deve apresentar-se com a procura\u00e7\u00e3o original e com documento com foto. Na procura\u00e7\u00e3o deve constar o nome, CPF, CI e endere\u00e7o do procurador e do diplomado, bem como o nome do<span class=\"apple-converted-space\">\u00a0<\/span>programa\u00a0e o n\u00edvel da p\u00f3s-gradua\u00e7\u00e3o.<\/span><\/span><\/p>\n<p>&nbsp;<\/p>\n","protected":false},"excerpt":{"rendered":"<p>Entrega de diplomas: Os diplomas de p\u00f3s-gradua\u00e7\u00e3o s\u00e3o entregues na Dire\u00e7\u00e3o\u00a0da FAEM. Entrega de diplomas com procura\u00e7\u00e3o: O procurador deve apresentar-se com a procura\u00e7\u00e3o original e com documento com foto. Na procura\u00e7\u00e3o deve constar o nome, CPF, CI e endere\u00e7o do procurador e do diplomado, bem como o nome do\u00a0programa\u00a0e o n\u00edvel da p\u00f3s-gradua\u00e7\u00e3o. &nbsp;<\/p>\n","protected":false},"author":235,"featured_media":0,"parent":0,"menu_order":0,"comment_status":"closed","ping_status":"closed","template":"","meta":{"footnotes":""},"class_list":["post-589","page","type-page","status-publish","hentry"],"jetpack_sharing_enabled":true,"_links":{"self":[{"href":"https:\/\/wp.ufpel.edu.br\/faem\/wp-json\/wp\/v2\/pages\/589","targetHints":{"allow":["GET"]}}],"collection":[{"href":"https:\/\/wp.ufpel.edu.br\/faem\/wp-json\/wp\/v2\/pages"}],"about":[{"href":"https:\/\/wp.ufpel.edu.br\/faem\/wp-json\/wp\/v2\/types\/page"}],"author":[{"embeddable":true,"href":"https:\/\/wp.ufpel.edu.br\/faem\/wp-json\/wp\/v2\/users\/235"}],"replies":[{"embeddable":true,"href":"https:\/\/wp.ufpel.edu.br\/faem\/wp-json\/wp\/v2\/comments?post=589"}],"version-history":[{"count":37,"href":"https:\/\/wp.ufpel.edu.br\/faem\/wp-json\/wp\/v2\/pages\/589\/revisions"}],"predecessor-version":[{"id":4682,"href":"https:\/\/wp.ufpel.edu.br\/faem\/wp-json\/wp\/v2\/pages\/589\/revisions\/4682"}],"wp:attachment":[{"href":"https:\/\/wp.ufpel.edu.br\/faem\/wp-json\/wp\/v2\/media?parent=589"}],"curies":[{"name":"wp","href":"https:\/\/api.w.org\/{rel}","templated":true}]}}