{"id":5564,"date":"2025-02-26T16:32:47","date_gmt":"2025-02-26T19:32:47","guid":{"rendered":"https:\/\/wp.ufpel.edu.br\/faem\/?page_id=5564"},"modified":"2025-02-26T16:33:56","modified_gmt":"2025-02-26T19:33:56","slug":"recursos-gastos-exercicio-2023","status":"publish","type":"page","link":"https:\/\/wp.ufpel.edu.br\/faem\/recursos-gastos-exercicio-2023\/","title":{"rendered":"Recursos\/Gastos Exerc\u00edcio 2023"},"content":{"rendered":"<p><strong>Presta\u00e7\u00e3o de contas dos recursos recebidos pela Unidade FAEM no ano de 2023<\/strong><\/p>\n<p style=\"text-align: center;\"><a href=\"https:\/\/wp.ufpel.edu.br\/faem\/files\/2025\/02\/2023.png\"><img class=\"alignnone size-medium wp-image-5568\" src=\"https:\/\/wp.ufpel.edu.br\/faem\/files\/2025\/02\/2023-400x316.png\" alt=\"\" width=\"400\" height=\"316\" srcset=\"https:\/\/wp.ufpel.edu.br\/faem\/files\/2025\/02\/2023-400x316.png 400w, https:\/\/wp.ufpel.edu.br\/faem\/files\/2025\/02\/2023.png 512w\" sizes=\"(max-width: 400px) 100vw, 400px\" \/><\/a><\/p>\n<p style=\"text-align: center;\"><a href=\"https:\/\/wp.ufpel.edu.br\/faem\/files\/2025\/02\/Faem-2023.png\"><img class=\"alignnone size-medium wp-image-5563\" src=\"https:\/\/wp.ufpel.edu.br\/faem\/files\/2025\/02\/Faem-2023-400x192.png\" alt=\"\" width=\"400\" height=\"192\" srcset=\"https:\/\/wp.ufpel.edu.br\/faem\/files\/2025\/02\/Faem-2023-400x192.png 400w, https:\/\/wp.ufpel.edu.br\/faem\/files\/2025\/02\/Faem-2023-1024x492.png 1024w, https:\/\/wp.ufpel.edu.br\/faem\/files\/2025\/02\/Faem-2023-768x369.png 768w, https:\/\/wp.ufpel.edu.br\/faem\/files\/2025\/02\/Faem-2023-1536x738.png 1536w, https:\/\/wp.ufpel.edu.br\/faem\/files\/2025\/02\/Faem-2023-2048x984.png 2048w\" sizes=\"(max-width: 400px) 100vw, 400px\" \/><\/a> <a href=\"https:\/\/wp.ufpel.edu.br\/faem\/files\/2025\/02\/Faem-2023_01.png\"><img class=\"alignnone size-medium wp-image-5562\" src=\"https:\/\/wp.ufpel.edu.br\/faem\/files\/2025\/02\/Faem-2023_01-400x217.png\" alt=\"\" width=\"400\" height=\"217\" srcset=\"https:\/\/wp.ufpel.edu.br\/faem\/files\/2025\/02\/Faem-2023_01-400x217.png 400w, https:\/\/wp.ufpel.edu.br\/faem\/files\/2025\/02\/Faem-2023_01-1024x555.png 1024w, https:\/\/wp.ufpel.edu.br\/faem\/files\/2025\/02\/Faem-2023_01-768x416.png 768w, https:\/\/wp.ufpel.edu.br\/faem\/files\/2025\/02\/Faem-2023_01-1536x833.png 1536w, https:\/\/wp.ufpel.edu.br\/faem\/files\/2025\/02\/Faem-2023_01-2048x1111.png 2048w\" sizes=\"(max-width: 400px) 100vw, 400px\" \/><\/a><\/p>\n","protected":false},"excerpt":{"rendered":"<p>Presta\u00e7\u00e3o de contas dos recursos recebidos pela Unidade FAEM no ano de 2023<\/p>\n","protected":false},"author":235,"featured_media":0,"parent":0,"menu_order":0,"comment_status":"closed","ping_status":"closed","template":"","meta":{"footnotes":""},"class_list":["post-5564","page","type-page","status-publish","hentry"],"jetpack_sharing_enabled":true,"_links":{"self":[{"href":"https:\/\/wp.ufpel.edu.br\/faem\/wp-json\/wp\/v2\/pages\/5564","targetHints":{"allow":["GET"]}}],"collection":[{"href":"https:\/\/wp.ufpel.edu.br\/faem\/wp-json\/wp\/v2\/pages"}],"about":[{"href":"https:\/\/wp.ufpel.edu.br\/faem\/wp-json\/wp\/v2\/types\/page"}],"author":[{"embeddable":true,"href":"https:\/\/wp.ufpel.edu.br\/faem\/wp-json\/wp\/v2\/users\/235"}],"replies":[{"embeddable":true,"href":"https:\/\/wp.ufpel.edu.br\/faem\/wp-json\/wp\/v2\/comments?post=5564"}],"version-history":[{"count":2,"href":"https:\/\/wp.ufpel.edu.br\/faem\/wp-json\/wp\/v2\/pages\/5564\/revisions"}],"predecessor-version":[{"id":5569,"href":"https:\/\/wp.ufpel.edu.br\/faem\/wp-json\/wp\/v2\/pages\/5564\/revisions\/5569"}],"wp:attachment":[{"href":"https:\/\/wp.ufpel.edu.br\/faem\/wp-json\/wp\/v2\/media?parent=5564"}],"curies":[{"name":"wp","href":"https:\/\/api.w.org\/{rel}","templated":true}]}}