{"id":5325,"date":"2024-05-20T19:54:15","date_gmt":"2024-05-20T22:54:15","guid":{"rendered":"https:\/\/wp.ufpel.edu.br\/faem\/?page_id=5325"},"modified":"2024-05-20T20:23:15","modified_gmt":"2024-05-20T23:23:15","slug":"regimentos-internos-dos-laboratorios-dz","status":"publish","type":"page","link":"https:\/\/wp.ufpel.edu.br\/faem\/regimentos-internos-dos-laboratorios-dz\/","title":{"rendered":"Regimentos Internos dos Laborat\u00f3rios &#8211; DZ"},"content":{"rendered":"<p>Regimentos Internos dos Laborat\u00f3rios do Departamento de Zootecnia<\/p>\n<p>&nbsp;<\/p>\n<ul>\n<li><a href=\"https:\/\/wp.ufpel.edu.br\/faem\/files\/2024\/05\/Regimento_interno_laboratorio_de_ictiologia.pdf\">Laboratorio de Ictiologia<\/a><\/li>\n<li><a href=\"https:\/\/wp.ufpel.edu.br\/faem\/files\/2024\/05\/Regimento_Interno_LNA.pdf\">Laborat\u00f3rio de Nutri\u00e7\u00e3o Animal<\/a><\/li>\n<li><a href=\"https:\/\/wp.ufpel.edu.br\/faem\/files\/2024\/05\/Regimento_LABORATORIO_DE_LAS_2023.pdf\">Laborat\u00f3rio de L\u00e3s<\/a><\/li>\n<li><a href=\"https:\/\/wp.ufpel.edu.br\/faem\/files\/2024\/05\/Regimento_LABORATORIO_DE_CARNES_2018.pdf\">Laborat\u00f3rio de Carnes<\/a><\/li>\n<li><a href=\"https:\/\/wp.ufpel.edu.br\/faem\/files\/2024\/05\/Regimento_LABORATORIO_DE_FORRAGICULTURA_2024.pdf\">Laborat\u00f3rio de Forragicultura<\/a><\/li>\n<li><a href=\"https:\/\/wp.ufpel.edu.br\/faem\/files\/2024\/05\/Regimento_LEEZO.pdf\">Laborat\u00f3rio de Experimenta\u00e7\u00e3o Zoot\u00e9cnica Renato Rodrigues Peixto<\/a><\/li>\n<\/ul>\n","protected":false},"excerpt":{"rendered":"<p>Regimentos Internos dos Laborat\u00f3rios do Departamento de Zootecnia &nbsp; Laboratorio de Ictiologia Laborat\u00f3rio de Nutri\u00e7\u00e3o Animal Laborat\u00f3rio de L\u00e3s Laborat\u00f3rio de Carnes Laborat\u00f3rio de Forragicultura Laborat\u00f3rio de Experimenta\u00e7\u00e3o Zoot\u00e9cnica Renato Rodrigues Peixto<\/p>\n","protected":false},"author":235,"featured_media":0,"parent":0,"menu_order":0,"comment_status":"closed","ping_status":"closed","template":"","meta":{"footnotes":""},"class_list":["post-5325","page","type-page","status-publish","hentry"],"jetpack_sharing_enabled":true,"_links":{"self":[{"href":"https:\/\/wp.ufpel.edu.br\/faem\/wp-json\/wp\/v2\/pages\/5325","targetHints":{"allow":["GET"]}}],"collection":[{"href":"https:\/\/wp.ufpel.edu.br\/faem\/wp-json\/wp\/v2\/pages"}],"about":[{"href":"https:\/\/wp.ufpel.edu.br\/faem\/wp-json\/wp\/v2\/types\/page"}],"author":[{"embeddable":true,"href":"https:\/\/wp.ufpel.edu.br\/faem\/wp-json\/wp\/v2\/users\/235"}],"replies":[{"embeddable":true,"href":"https:\/\/wp.ufpel.edu.br\/faem\/wp-json\/wp\/v2\/comments?post=5325"}],"version-history":[{"count":5,"href":"https:\/\/wp.ufpel.edu.br\/faem\/wp-json\/wp\/v2\/pages\/5325\/revisions"}],"predecessor-version":[{"id":5331,"href":"https:\/\/wp.ufpel.edu.br\/faem\/wp-json\/wp\/v2\/pages\/5325\/revisions\/5331"}],"wp:attachment":[{"href":"https:\/\/wp.ufpel.edu.br\/faem\/wp-json\/wp\/v2\/media?parent=5325"}],"curies":[{"name":"wp","href":"https:\/\/api.w.org\/{rel}","templated":true}]}}