{"id":4364,"date":"2023-02-05T22:39:04","date_gmt":"2023-02-06T01:39:04","guid":{"rendered":"https:\/\/wp.ufpel.edu.br\/faem\/?page_id=4364"},"modified":"2023-02-06T11:25:56","modified_gmt":"2023-02-06T14:25:56","slug":"pdu-faem","status":"publish","type":"page","link":"https:\/\/wp.ufpel.edu.br\/faem\/pdu-faem\/","title":{"rendered":"PDU FAEM"},"content":{"rendered":"<p>Clique no link\u00a0 para acessar o <a href=\"https:\/\/wp.ufpel.edu.br\/faem\/files\/2023\/02\/PDU-FAEM-final.pdf\">PDU FAEM\u00a0 2023-2024 na \u00edntegra. \u00a0\u00a0<\/a><\/p>\n<p>&nbsp;<\/p>\n<p>Acesse o <a href=\"https:\/\/wp.ufpel.edu.br\/faem\/files\/2023\/02\/PDU-FAEM.pdf\">PDU FAEM 2019_2020<\/a> (Prorrogado at\u00e9 2022 em fun\u00e7\u00e3o da Pandemia)<\/p>\n<p>&nbsp;<\/p>\n","protected":false},"excerpt":{"rendered":"<p>Clique no link\u00a0 para acessar o PDU FAEM\u00a0 2023-2024 na \u00edntegra. \u00a0\u00a0 &nbsp; Acesse o PDU FAEM 2019_2020 (Prorrogado at\u00e9 2022 em fun\u00e7\u00e3o da Pandemia) &nbsp;<\/p>\n","protected":false},"author":235,"featured_media":0,"parent":0,"menu_order":0,"comment_status":"closed","ping_status":"closed","template":"","meta":{"footnotes":""},"class_list":["post-4364","page","type-page","status-publish","hentry"],"jetpack_sharing_enabled":true,"_links":{"self":[{"href":"https:\/\/wp.ufpel.edu.br\/faem\/wp-json\/wp\/v2\/pages\/4364","targetHints":{"allow":["GET"]}}],"collection":[{"href":"https:\/\/wp.ufpel.edu.br\/faem\/wp-json\/wp\/v2\/pages"}],"about":[{"href":"https:\/\/wp.ufpel.edu.br\/faem\/wp-json\/wp\/v2\/types\/page"}],"author":[{"embeddable":true,"href":"https:\/\/wp.ufpel.edu.br\/faem\/wp-json\/wp\/v2\/users\/235"}],"replies":[{"embeddable":true,"href":"https:\/\/wp.ufpel.edu.br\/faem\/wp-json\/wp\/v2\/comments?post=4364"}],"version-history":[{"count":6,"href":"https:\/\/wp.ufpel.edu.br\/faem\/wp-json\/wp\/v2\/pages\/4364\/revisions"}],"predecessor-version":[{"id":4376,"href":"https:\/\/wp.ufpel.edu.br\/faem\/wp-json\/wp\/v2\/pages\/4364\/revisions\/4376"}],"wp:attachment":[{"href":"https:\/\/wp.ufpel.edu.br\/faem\/wp-json\/wp\/v2\/media?parent=4364"}],"curies":[{"name":"wp","href":"https:\/\/api.w.org\/{rel}","templated":true}]}}