{"id":3130,"date":"2021-02-08T21:59:56","date_gmt":"2021-02-09T00:59:56","guid":{"rendered":"https:\/\/wp.ufpel.edu.br\/faem\/?page_id=3130"},"modified":"2021-02-08T22:42:14","modified_gmt":"2021-02-09T01:42:14","slug":"recursos-gastos-exercicio-2020","status":"publish","type":"page","link":"https:\/\/wp.ufpel.edu.br\/faem\/recursos-gastos-exercicio-2020\/","title":{"rendered":"Recursos\/Gastos Exerc\u00edcio 2020"},"content":{"rendered":"<p>Acesse a especifica\u00e7\u00e3o da gest\u00e3o de recursos disponibilizados no ano de 2020 para a Faculdade de Agronomia Eliseu Maciel. <img class=\"aligncenter size-full wp-image-3135\" src=\"https:\/\/wp.ufpel.edu.br\/faem\/files\/2021\/02\/Planilha-1.jpg\" alt=\"\" width=\"1280\" height=\"720\" srcset=\"https:\/\/wp.ufpel.edu.br\/faem\/files\/2021\/02\/Planilha-1.jpg 1280w, https:\/\/wp.ufpel.edu.br\/faem\/files\/2021\/02\/Planilha-1-400x225.jpg 400w, https:\/\/wp.ufpel.edu.br\/faem\/files\/2021\/02\/Planilha-1-1024x576.jpg 1024w, https:\/\/wp.ufpel.edu.br\/faem\/files\/2021\/02\/Planilha-1-768x432.jpg 768w\" sizes=\"(max-width: 1280px) 100vw, 1280px\" \/><a href=\"https:\/\/wp.ufpel.edu.br\/faem\/files\/2021\/02\/Plan-2-1.jpg\"><img class=\"aligncenter size-full wp-image-3139\" src=\"https:\/\/wp.ufpel.edu.br\/faem\/files\/2021\/02\/Plan-2-1.jpg\" alt=\"\" width=\"1280\" height=\"720\" srcset=\"https:\/\/wp.ufpel.edu.br\/faem\/files\/2021\/02\/Plan-2-1.jpg 1280w, https:\/\/wp.ufpel.edu.br\/faem\/files\/2021\/02\/Plan-2-1-400x225.jpg 400w, https:\/\/wp.ufpel.edu.br\/faem\/files\/2021\/02\/Plan-2-1-1024x576.jpg 1024w, https:\/\/wp.ufpel.edu.br\/faem\/files\/2021\/02\/Plan-2-1-768x432.jpg 768w\" sizes=\"(max-width: 1280px) 100vw, 1280px\" \/><\/a><a href=\"https:\/\/wp.ufpel.edu.br\/faem\/files\/2021\/02\/FAEM.pdf\">Acesse o arquivo em PDF<\/a><\/p>\n","protected":false},"excerpt":{"rendered":"<p>Acesse a especifica\u00e7\u00e3o da gest\u00e3o de recursos disponibilizados no ano de 2020 para a Faculdade de Agronomia Eliseu Maciel. Acesse o arquivo em PDF<\/p>\n","protected":false},"author":235,"featured_media":0,"parent":0,"menu_order":0,"comment_status":"closed","ping_status":"closed","template":"","meta":{"footnotes":""},"class_list":["post-3130","page","type-page","status-publish","hentry"],"jetpack_sharing_enabled":true,"_links":{"self":[{"href":"https:\/\/wp.ufpel.edu.br\/faem\/wp-json\/wp\/v2\/pages\/3130","targetHints":{"allow":["GET"]}}],"collection":[{"href":"https:\/\/wp.ufpel.edu.br\/faem\/wp-json\/wp\/v2\/pages"}],"about":[{"href":"https:\/\/wp.ufpel.edu.br\/faem\/wp-json\/wp\/v2\/types\/page"}],"author":[{"embeddable":true,"href":"https:\/\/wp.ufpel.edu.br\/faem\/wp-json\/wp\/v2\/users\/235"}],"replies":[{"embeddable":true,"href":"https:\/\/wp.ufpel.edu.br\/faem\/wp-json\/wp\/v2\/comments?post=3130"}],"version-history":[{"count":5,"href":"https:\/\/wp.ufpel.edu.br\/faem\/wp-json\/wp\/v2\/pages\/3130\/revisions"}],"predecessor-version":[{"id":3142,"href":"https:\/\/wp.ufpel.edu.br\/faem\/wp-json\/wp\/v2\/pages\/3130\/revisions\/3142"}],"wp:attachment":[{"href":"https:\/\/wp.ufpel.edu.br\/faem\/wp-json\/wp\/v2\/media?parent=3130"}],"curies":[{"name":"wp","href":"https:\/\/api.w.org\/{rel}","templated":true}]}}