{"id":276,"date":"2014-09-19T17:58:00","date_gmt":"2014-09-19T20:58:00","guid":{"rendered":"https:\/\/wp.ufpel.edu.br\/faem\/?page_id=276"},"modified":"2014-09-19T17:58:00","modified_gmt":"2014-09-19T20:58:00","slug":"identidade-visual-faem","status":"publish","type":"page","link":"https:\/\/wp.ufpel.edu.br\/faem\/identidade-visual-faem\/","title":{"rendered":"Identidade Visual (FAEM)"},"content":{"rendered":"<p>Fachada da FAEM (P&amp;B) utilizado no cabe\u00e7alho de documentos ou trabalhos acad\u00eamicos representando a institui\u00e7\u00e3o<\/p>\n<p><a href=\"https:\/\/wp.ufpel.edu.br\/faem\/files\/2014\/09\/Fachada_FAEM_documentos.jpg\"><img class=\"aligncenter size-full wp-image-277\" src=\"https:\/\/wp.ufpel.edu.br\/faem\/files\/2014\/09\/Fachada_FAEM_documentos.jpg\" alt=\"Fachada_FAEM_documentos\" width=\"768\" height=\"290\" srcset=\"https:\/\/wp.ufpel.edu.br\/faem\/files\/2014\/09\/Fachada_FAEM_documentos.jpg 768w, https:\/\/wp.ufpel.edu.br\/faem\/files\/2014\/09\/Fachada_FAEM_documentos-212x80.jpg 212w, https:\/\/wp.ufpel.edu.br\/faem\/files\/2014\/09\/Fachada_FAEM_documentos-424x160.jpg 424w\" sizes=\"(max-width: 768px) 100vw, 768px\" \/><\/a><\/p>\n","protected":false},"excerpt":{"rendered":"<p>Fachada da FAEM (P&amp;B) utilizado no cabe\u00e7alho de documentos ou trabalhos acad\u00eamicos representando a institui\u00e7\u00e3o<\/p>\n","protected":false},"author":235,"featured_media":0,"parent":0,"menu_order":0,"comment_status":"closed","ping_status":"closed","template":"","meta":{"footnotes":""},"class_list":["post-276","page","type-page","status-publish","hentry"],"jetpack_sharing_enabled":true,"_links":{"self":[{"href":"https:\/\/wp.ufpel.edu.br\/faem\/wp-json\/wp\/v2\/pages\/276","targetHints":{"allow":["GET"]}}],"collection":[{"href":"https:\/\/wp.ufpel.edu.br\/faem\/wp-json\/wp\/v2\/pages"}],"about":[{"href":"https:\/\/wp.ufpel.edu.br\/faem\/wp-json\/wp\/v2\/types\/page"}],"author":[{"embeddable":true,"href":"https:\/\/wp.ufpel.edu.br\/faem\/wp-json\/wp\/v2\/users\/235"}],"replies":[{"embeddable":true,"href":"https:\/\/wp.ufpel.edu.br\/faem\/wp-json\/wp\/v2\/comments?post=276"}],"version-history":[{"count":1,"href":"https:\/\/wp.ufpel.edu.br\/faem\/wp-json\/wp\/v2\/pages\/276\/revisions"}],"predecessor-version":[{"id":278,"href":"https:\/\/wp.ufpel.edu.br\/faem\/wp-json\/wp\/v2\/pages\/276\/revisions\/278"}],"wp:attachment":[{"href":"https:\/\/wp.ufpel.edu.br\/faem\/wp-json\/wp\/v2\/media?parent=276"}],"curies":[{"name":"wp","href":"https:\/\/api.w.org\/{rel}","templated":true}]}}