{"id":2599,"date":"2019-01-04T12:52:15","date_gmt":"2019-01-04T14:52:15","guid":{"rendered":"https:\/\/wp.ufpel.edu.br\/faem\/?page_id=2599"},"modified":"2019-01-04T12:52:15","modified_gmt":"2019-01-04T14:52:15","slug":"informacoes-referentes-a-alteracao-de-ferias-agendadas","status":"publish","type":"page","link":"https:\/\/wp.ufpel.edu.br\/faem\/informacoes-referentes-a-alteracao-de-ferias-agendadas\/","title":{"rendered":"Informa\u00e7\u00f5es Referentes \u00e0 Altera\u00e7\u00e3o de F\u00e9rias Agendadas"},"content":{"rendered":"<ul>\n<li><strong>Informa\u00e7\u00f5es Referentes \u00e0 Altera\u00e7\u00e3o de F\u00e9rias Agendadas<\/strong><\/li>\n<\/ul>\n<p><strong>1 \u2013 <\/strong>Quando a altera\u00e7\u00e3o das f\u00e9rias for realizada anteriormente ao fechamento da folha, o que ocorre normalmente no dia 5 do m\u00eas anterior (Ex.: F\u00e9rias de 10 \u00e0 25\/08, fechamento da folha dia 05\/07), a altera\u00e7\u00e3o deve ser feita via sistema SIGEPE.<\/p>\n<p><strong>2 \u2013<\/strong> Quando a altera\u00e7\u00e3o for realizada posteriormente ao fechamento da folha, at\u00e9 o final do m\u00eas anterior ao de in\u00edcio das f\u00e9rias (Ex.: F\u00e9rias de 10 \u00e0 25\/08,\u00a0 at\u00e9 31\/07), a altera\u00e7\u00e3o \u00e9 feita pelo SEI, atrav\u00e9s do formul\u00e1rio \u201cPROGEP Formul\u00e1rio de Altera\u00e7\u00e3o de F\u00e9rias (novo)\u201d, devendo o in\u00edcio das f\u00e9rias ocorrer dentro do m\u00eas anteriormente programado. Ap\u00f3s preenchido e assinado o formul\u00e1rio, este deve ser encaminhado para a chefia imediata que assina e encaminha \u00e0 dire\u00e7\u00e3o da FAEM para assinar e, ap\u00f3s, envia para o N\u00facleo de Benef\u00edcios (NUB).<\/p>\n<p><strong>3 \u2013 <\/strong>Quando iniciado o per\u00edodo de f\u00e9rias, a interrup\u00e7\u00e3o deve ser feita via SEI, atrav\u00e9s do formul\u00e1rio espec\u00edfico \u201cPROGEP Interrup\u00e7\u00e3o de F\u00e9rias\u201d, e encaminhada a chefia imediata que assina e encaminha \u00e0 dire\u00e7\u00e3o da FAEM, que ap\u00f3s a assinatura enviar\u00e1 ao Gabinete do Reitor. Se o requerente tiver outra parcela de f\u00e9rias programada, o per\u00edodo interrompido dever\u00e1 ser remarcado para data anterior \u00e0 parcela j\u00e1 programada. A interrup\u00e7\u00e3o dever\u00e1 ser feita no dia ou a partir da interrup\u00e7\u00e3o e ainda tamb\u00e9m ap\u00f3s um dia de gozo das f\u00e9rias. Ainda, a Segundo o &#8220;Art. 80 da Lei 8.112 de 11 de dezembro de 1990, as f\u00e9rias somente poder\u00e3o ser interrompidas por motivo de calamidade p\u00fablica, como\u00e7\u00e3o interna, convoca\u00e7\u00e3o para j\u00fari, servi\u00e7o militar ou eleitoral, ou por necessidade do servi\u00e7o declarada pela autoridade m\u00e1xima do \u00f3rg\u00e3o ou entidade&#8221;. Caso a interrup\u00e7\u00e3o seja decorrente de uma medida excepcional, faz-se necess\u00e1ria a apresenta\u00e7\u00e3o de justificativa plaus\u00edvel para o seu deferimento, e que embase o n\u00e3o pedido de altera\u00e7\u00e3o de f\u00e9rias em per\u00edodo h\u00e1bil.<\/p>\n","protected":false},"excerpt":{"rendered":"<p>Informa\u00e7\u00f5es Referentes \u00e0 Altera\u00e7\u00e3o de F\u00e9rias Agendadas 1 \u2013 Quando a altera\u00e7\u00e3o das f\u00e9rias for realizada anteriormente ao fechamento da folha, o que ocorre normalmente no dia 5 do m\u00eas anterior (Ex.: F\u00e9rias de 10 \u00e0 25\/08, fechamento da folha dia 05\/07), a altera\u00e7\u00e3o deve ser feita via sistema SIGEPE. 2 \u2013 Quando a altera\u00e7\u00e3o [&hellip;]<\/p>\n","protected":false},"author":235,"featured_media":0,"parent":0,"menu_order":0,"comment_status":"closed","ping_status":"closed","template":"","meta":{"footnotes":""},"class_list":["post-2599","page","type-page","status-publish","hentry"],"jetpack_sharing_enabled":true,"_links":{"self":[{"href":"https:\/\/wp.ufpel.edu.br\/faem\/wp-json\/wp\/v2\/pages\/2599","targetHints":{"allow":["GET"]}}],"collection":[{"href":"https:\/\/wp.ufpel.edu.br\/faem\/wp-json\/wp\/v2\/pages"}],"about":[{"href":"https:\/\/wp.ufpel.edu.br\/faem\/wp-json\/wp\/v2\/types\/page"}],"author":[{"embeddable":true,"href":"https:\/\/wp.ufpel.edu.br\/faem\/wp-json\/wp\/v2\/users\/235"}],"replies":[{"embeddable":true,"href":"https:\/\/wp.ufpel.edu.br\/faem\/wp-json\/wp\/v2\/comments?post=2599"}],"version-history":[{"count":1,"href":"https:\/\/wp.ufpel.edu.br\/faem\/wp-json\/wp\/v2\/pages\/2599\/revisions"}],"predecessor-version":[{"id":2601,"href":"https:\/\/wp.ufpel.edu.br\/faem\/wp-json\/wp\/v2\/pages\/2599\/revisions\/2601"}],"wp:attachment":[{"href":"https:\/\/wp.ufpel.edu.br\/faem\/wp-json\/wp\/v2\/media?parent=2599"}],"curies":[{"name":"wp","href":"https:\/\/api.w.org\/{rel}","templated":true}]}}