{"id":2417,"date":"2018-12-10T11:28:41","date_gmt":"2018-12-10T13:28:41","guid":{"rendered":"https:\/\/wp.ufpel.edu.br\/faem\/?page_id=2417"},"modified":"2018-12-14T13:34:42","modified_gmt":"2018-12-14T15:34:42","slug":"atas-cd-faem-2012","status":"publish","type":"page","link":"https:\/\/wp.ufpel.edu.br\/faem\/atas-cd-faem-2012\/","title":{"rendered":"Atas CD FAEM &#8211; 2012"},"content":{"rendered":"<p>Atas das reuni\u00f5es do Conselho Departamental da FAEM em 2012:<\/p>\n<p><a href=\"https:\/\/wp.ufpel.edu.br\/faem\/files\/2018\/12\/ATA-01.12.pdf\">Ata Reuni\u00e3o CD 01.2012<\/a><\/p>\n<p><a href=\"https:\/\/wp.ufpel.edu.br\/faem\/files\/2018\/12\/ATA-02.12.pdf\">Ata Reuni\u00e3o CD 02.2012<\/a><\/p>\n<p><a href=\"https:\/\/wp.ufpel.edu.br\/faem\/files\/2018\/12\/ATA-03.12.pdf\">Ata Reuni\u00e3o CD 03.2012<\/a><\/p>\n<p><a href=\"https:\/\/wp.ufpel.edu.br\/faem\/files\/2018\/12\/ATA-04.12.pdf\">Ata Reuni\u00e3o CD 04.2012<\/a><\/p>\n<p><a href=\"https:\/\/wp.ufpel.edu.br\/faem\/files\/2018\/12\/ATA-05.12.pdf\">Ata Reuni\u00e3o CD 05.2012<\/a><\/p>\n<p>&nbsp;<\/p>\n","protected":false},"excerpt":{"rendered":"<p>Atas das reuni\u00f5es do Conselho Departamental da FAEM em 2012: Ata Reuni\u00e3o CD 01.2012 Ata Reuni\u00e3o CD 02.2012 Ata Reuni\u00e3o CD 03.2012 Ata Reuni\u00e3o CD 04.2012 Ata Reuni\u00e3o CD 05.2012 &nbsp;<\/p>\n","protected":false},"author":235,"featured_media":0,"parent":0,"menu_order":0,"comment_status":"closed","ping_status":"closed","template":"","meta":{"footnotes":""},"class_list":["post-2417","page","type-page","status-publish","hentry"],"jetpack_sharing_enabled":true,"_links":{"self":[{"href":"https:\/\/wp.ufpel.edu.br\/faem\/wp-json\/wp\/v2\/pages\/2417","targetHints":{"allow":["GET"]}}],"collection":[{"href":"https:\/\/wp.ufpel.edu.br\/faem\/wp-json\/wp\/v2\/pages"}],"about":[{"href":"https:\/\/wp.ufpel.edu.br\/faem\/wp-json\/wp\/v2\/types\/page"}],"author":[{"embeddable":true,"href":"https:\/\/wp.ufpel.edu.br\/faem\/wp-json\/wp\/v2\/users\/235"}],"replies":[{"embeddable":true,"href":"https:\/\/wp.ufpel.edu.br\/faem\/wp-json\/wp\/v2\/comments?post=2417"}],"version-history":[{"count":2,"href":"https:\/\/wp.ufpel.edu.br\/faem\/wp-json\/wp\/v2\/pages\/2417\/revisions"}],"predecessor-version":[{"id":2549,"href":"https:\/\/wp.ufpel.edu.br\/faem\/wp-json\/wp\/v2\/pages\/2417\/revisions\/2549"}],"wp:attachment":[{"href":"https:\/\/wp.ufpel.edu.br\/faem\/wp-json\/wp\/v2\/media?parent=2417"}],"curies":[{"name":"wp","href":"https:\/\/api.w.org\/{rel}","templated":true}]}}