{"id":2405,"date":"2018-12-10T11:21:57","date_gmt":"2018-12-10T13:21:57","guid":{"rendered":"https:\/\/wp.ufpel.edu.br\/faem\/?page_id=2405"},"modified":"2018-12-17T09:12:06","modified_gmt":"2018-12-17T11:12:06","slug":"atas-cd-faem-2016","status":"publish","type":"page","link":"https:\/\/wp.ufpel.edu.br\/faem\/atas-cd-faem-2016\/","title":{"rendered":"Atas CD FAEM &#8211; 2016"},"content":{"rendered":"<p>Atas das reuni\u00f5es do Conselho Departamental da FAEM em 2016:<\/p>\n<p><a href=\"https:\/\/wp.ufpel.edu.br\/faem\/files\/2018\/12\/ATA-01.2016-Reuni\u00e3o-CD.pdf\">Ata Reuni\u00e3o CD 01-2016<\/a><\/p>\n<p><a href=\"https:\/\/wp.ufpel.edu.br\/faem\/files\/2018\/12\/ATA-02.2016-Reuni\u00e3o-Extraordin\u00e1ria-do-CD.pdf\">Ata Reuni\u00e3o CD 02-2016<\/a><\/p>\n<p><a href=\"https:\/\/wp.ufpel.edu.br\/faem\/files\/2018\/12\/ATA-03.2016-Reuni\u00e3o-do-CD.pdf\">Ata Reuni\u00e3o CD 03-2016<\/a><\/p>\n<p><a href=\"https:\/\/wp.ufpel.edu.br\/faem\/files\/2018\/12\/ATA-05.2016-Reuni\u00e3o-do-CD_23-09-16-1.pdf\">Ata Reuni\u00e3o CD 04-2016<\/a><\/p>\n<p><a href=\"https:\/\/wp.ufpel.edu.br\/faem\/files\/2018\/12\/ATA-05.2016-Reuni\u00e3o-do-CD_23-09-16.pdf\">Ata Reuni\u00e3o CD 05-2016<\/a><\/p>\n<p><a href=\"https:\/\/wp.ufpel.edu.br\/faem\/files\/2018\/12\/ATA-Reuni\u00e3o-CD-06-16.pdf\">Ata Reuni\u00e3o CD 06-2016<\/a><\/p>\n<p><a href=\"https:\/\/wp.ufpel.edu.br\/faem\/files\/2018\/12\/ATA-07.2016-Reuni\u00e3o-EXTRA-do-CD-20.12.16.pdf\">Ata Reuni\u00e3o CD 07-2016<\/a><\/p>\n","protected":false},"excerpt":{"rendered":"<p>Atas das reuni\u00f5es do Conselho Departamental da FAEM em 2016: Ata Reuni\u00e3o CD 01-2016 Ata Reuni\u00e3o CD 02-2016 Ata Reuni\u00e3o CD 03-2016 Ata Reuni\u00e3o CD 04-2016 Ata Reuni\u00e3o CD 05-2016 Ata Reuni\u00e3o CD 06-2016 Ata Reuni\u00e3o CD 07-2016<\/p>\n","protected":false},"author":235,"featured_media":0,"parent":0,"menu_order":0,"comment_status":"closed","ping_status":"closed","template":"","meta":{"footnotes":""},"class_list":["post-2405","page","type-page","status-publish","hentry"],"jetpack_sharing_enabled":true,"_links":{"self":[{"href":"https:\/\/wp.ufpel.edu.br\/faem\/wp-json\/wp\/v2\/pages\/2405","targetHints":{"allow":["GET"]}}],"collection":[{"href":"https:\/\/wp.ufpel.edu.br\/faem\/wp-json\/wp\/v2\/pages"}],"about":[{"href":"https:\/\/wp.ufpel.edu.br\/faem\/wp-json\/wp\/v2\/types\/page"}],"author":[{"embeddable":true,"href":"https:\/\/wp.ufpel.edu.br\/faem\/wp-json\/wp\/v2\/users\/235"}],"replies":[{"embeddable":true,"href":"https:\/\/wp.ufpel.edu.br\/faem\/wp-json\/wp\/v2\/comments?post=2405"}],"version-history":[{"count":3,"href":"https:\/\/wp.ufpel.edu.br\/faem\/wp-json\/wp\/v2\/pages\/2405\/revisions"}],"predecessor-version":[{"id":2562,"href":"https:\/\/wp.ufpel.edu.br\/faem\/wp-json\/wp\/v2\/pages\/2405\/revisions\/2562"}],"wp:attachment":[{"href":"https:\/\/wp.ufpel.edu.br\/faem\/wp-json\/wp\/v2\/media?parent=2405"}],"curies":[{"name":"wp","href":"https:\/\/api.w.org\/{rel}","templated":true}]}}