{"id":2318,"date":"2018-10-31T10:34:51","date_gmt":"2018-10-31T13:34:51","guid":{"rendered":"https:\/\/wp.ufpel.edu.br\/faem\/?page_id=2318"},"modified":"2022-05-27T11:39:48","modified_gmt":"2022-05-27T14:39:48","slug":"diplomas-do-curso-de-zootecnia","status":"publish","type":"page","link":"https:\/\/wp.ufpel.edu.br\/faem\/diplomas-do-curso-de-zootecnia\/","title":{"rendered":"Diplomas do Curso de Gradua\u00e7\u00e3o em Zootecnia"},"content":{"rendered":"<p>Entrega de diplomas:<\/p>\n<p>Os diplomas de gradua\u00e7\u00e3o s\u00e3o entregues na Dire\u00e7\u00e3o\u00a0da FAEM.<\/p>\n<p>Entrega de diplomas com procura\u00e7\u00e3o:<\/p>\n<p>O procurador deve apresentar-se com a procura\u00e7\u00e3o original e com documento com foto. Na procura\u00e7\u00e3o deve constar o nome, CPF, CI e endere\u00e7o do procurador e do diplomado, bem como o nome do curso.<\/p>\n<p><a href=\"https:\/\/wp.ufpel.edu.br\/faem\/files\/2022\/05\/GRADUACAO-EM-ZOOTECNIA.pdf\">Confira a lista de diplomas dispon\u00edveis para entrega.<\/a><\/p>\n<p>Lista atualizada dia 27\/05\/2022.<\/p>\n<p>Obs: Para os formandos que Colaram Grau a partir de Janeiro de 2022, o diploma ser\u00e1 disponibilizado pelo Cobalto.<\/p>\n<p>&nbsp;<\/p>\n<p>&nbsp;<\/p>\n","protected":false},"excerpt":{"rendered":"<p>Entrega de diplomas: Os diplomas de gradua\u00e7\u00e3o s\u00e3o entregues na Dire\u00e7\u00e3o\u00a0da FAEM. Entrega de diplomas com procura\u00e7\u00e3o: O procurador deve apresentar-se com a procura\u00e7\u00e3o original e com documento com foto. Na procura\u00e7\u00e3o deve constar o nome, CPF, CI e endere\u00e7o do procurador e do diplomado, bem como o nome do curso. Confira a lista de [&hellip;]<\/p>\n","protected":false},"author":235,"featured_media":0,"parent":0,"menu_order":0,"comment_status":"closed","ping_status":"closed","template":"","meta":{"footnotes":""},"class_list":["post-2318","page","type-page","status-publish","hentry"],"jetpack_sharing_enabled":true,"_links":{"self":[{"href":"https:\/\/wp.ufpel.edu.br\/faem\/wp-json\/wp\/v2\/pages\/2318","targetHints":{"allow":["GET"]}}],"collection":[{"href":"https:\/\/wp.ufpel.edu.br\/faem\/wp-json\/wp\/v2\/pages"}],"about":[{"href":"https:\/\/wp.ufpel.edu.br\/faem\/wp-json\/wp\/v2\/types\/page"}],"author":[{"embeddable":true,"href":"https:\/\/wp.ufpel.edu.br\/faem\/wp-json\/wp\/v2\/users\/235"}],"replies":[{"embeddable":true,"href":"https:\/\/wp.ufpel.edu.br\/faem\/wp-json\/wp\/v2\/comments?post=2318"}],"version-history":[{"count":17,"href":"https:\/\/wp.ufpel.edu.br\/faem\/wp-json\/wp\/v2\/pages\/2318\/revisions"}],"predecessor-version":[{"id":3886,"href":"https:\/\/wp.ufpel.edu.br\/faem\/wp-json\/wp\/v2\/pages\/2318\/revisions\/3886"}],"wp:attachment":[{"href":"https:\/\/wp.ufpel.edu.br\/faem\/wp-json\/wp\/v2\/media?parent=2318"}],"curies":[{"name":"wp","href":"https:\/\/api.w.org\/{rel}","templated":true}]}}