{"id":2215,"date":"2018-09-21T13:52:05","date_gmt":"2018-09-21T16:52:05","guid":{"rendered":"https:\/\/wp.ufpel.edu.br\/faem\/?page_id=2215"},"modified":"2018-09-21T14:05:40","modified_gmt":"2018-09-21T17:05:40","slug":"regimentos-internos-dos-laboratorios-dft","status":"publish","type":"page","link":"https:\/\/wp.ufpel.edu.br\/faem\/regimentos-internos-dos-laboratorios-dft\/","title":{"rendered":"Regimentos Internos dos Laborat\u00f3rios &#8211; DFT"},"content":{"rendered":"<p>Regimentos Internos dos Laborat\u00f3rios do Departamento de Fitotecnia:<\/p>\n<p><a href=\"https:\/\/wp.ufpel.edu.br\/faem\/files\/2018\/09\/Lab.-Biosementes.pdf\">Lab. Biosementes<\/a><\/p>\n<p><a href=\"https:\/\/wp.ufpel.edu.br\/faem\/files\/2018\/09\/Lab.-Qualidade-de-Frutas.pdf\">Lab. Qualidade de Frutas<\/a><\/p>\n<p><a href=\"https:\/\/wp.ufpel.edu.br\/faem\/files\/2018\/09\/Lab.-Propaga\u00e7\u00e3o-de-Plantas-Frut\u00edferas.pdf\">Lab. Propaga\u00e7\u00e3o de Plantas Frut\u00edferas<\/a><\/p>\n<p><a href=\"https:\/\/wp.ufpel.edu.br\/faem\/files\/2018\/09\/Lab.-Plantas.pdf\">Lab. Plantas<\/a><\/p>\n<p><a href=\"https:\/\/wp.ufpel.edu.br\/faem\/files\/2018\/09\/Lab.-Gen\u00f4mica-e-Fitomelhoramento.pdf\">Lab. Gen\u00f4mica e Fitomelhoramento<\/a><\/p>\n<p><a href=\"https:\/\/wp.ufpel.edu.br\/faem\/files\/2018\/09\/Lab.-Fisiologia-de-Plantas-Frut\u00edferas.pdf\">Lab. Fisiologia de Plantas Frut\u00edferas<\/a><\/p>\n<p><a href=\"https:\/\/wp.ufpel.edu.br\/faem\/files\/2018\/09\/Lab.-Esta\u00e7\u00e3o-Agroclimatol\u00f3gica-de-Pelotas.pdf\">Lab. Esta\u00e7\u00e3o Agroclimatol\u00f3gica de Pelotas<\/a><\/p>\n<p><a href=\"https:\/\/wp.ufpel.edu.br\/faem\/files\/2018\/09\/Lab.-Did\u00e1tico-de-Sementes.pdf\">Lab. Did\u00e1tico de Sementes<\/a><\/p>\n<p><a href=\"https:\/\/wp.ufpel.edu.br\/faem\/files\/2018\/09\/Lab.-Ci\u00eancias-Florestais.pdf\">Lab. Ci\u00eancias Florestais<\/a><\/p>\n","protected":false},"excerpt":{"rendered":"<p>Regimentos Internos dos Laborat\u00f3rios do Departamento de Fitotecnia: Lab. Biosementes Lab. Qualidade de Frutas Lab. Propaga\u00e7\u00e3o de Plantas Frut\u00edferas Lab. Plantas Lab. Gen\u00f4mica e Fitomelhoramento Lab. Fisiologia de Plantas Frut\u00edferas Lab. Esta\u00e7\u00e3o Agroclimatol\u00f3gica de Pelotas Lab. Did\u00e1tico de Sementes Lab. Ci\u00eancias Florestais<\/p>\n","protected":false},"author":235,"featured_media":0,"parent":0,"menu_order":0,"comment_status":"closed","ping_status":"closed","template":"","meta":{"footnotes":""},"class_list":["post-2215","page","type-page","status-publish","hentry"],"jetpack_sharing_enabled":true,"_links":{"self":[{"href":"https:\/\/wp.ufpel.edu.br\/faem\/wp-json\/wp\/v2\/pages\/2215","targetHints":{"allow":["GET"]}}],"collection":[{"href":"https:\/\/wp.ufpel.edu.br\/faem\/wp-json\/wp\/v2\/pages"}],"about":[{"href":"https:\/\/wp.ufpel.edu.br\/faem\/wp-json\/wp\/v2\/types\/page"}],"author":[{"embeddable":true,"href":"https:\/\/wp.ufpel.edu.br\/faem\/wp-json\/wp\/v2\/users\/235"}],"replies":[{"embeddable":true,"href":"https:\/\/wp.ufpel.edu.br\/faem\/wp-json\/wp\/v2\/comments?post=2215"}],"version-history":[{"count":3,"href":"https:\/\/wp.ufpel.edu.br\/faem\/wp-json\/wp\/v2\/pages\/2215\/revisions"}],"predecessor-version":[{"id":2256,"href":"https:\/\/wp.ufpel.edu.br\/faem\/wp-json\/wp\/v2\/pages\/2215\/revisions\/2256"}],"wp:attachment":[{"href":"https:\/\/wp.ufpel.edu.br\/faem\/wp-json\/wp\/v2\/media?parent=2215"}],"curies":[{"name":"wp","href":"https:\/\/api.w.org\/{rel}","templated":true}]}}