{"id":2209,"date":"2018-09-21T13:51:20","date_gmt":"2018-09-21T16:51:20","guid":{"rendered":"https:\/\/wp.ufpel.edu.br\/faem\/?page_id=2209"},"modified":"2018-09-21T14:00:12","modified_gmt":"2018-09-21T17:00:12","slug":"regimentos-internos-dos-laboratorios-dcta","status":"publish","type":"page","link":"https:\/\/wp.ufpel.edu.br\/faem\/regimentos-internos-dos-laboratorios-dcta\/","title":{"rendered":"Regimentos Internos dos Laborat\u00f3rios &#8211; DCTA"},"content":{"rendered":"<p>Regimentos Internos dos Laborat\u00f3rios do\u00a0Departamento de Ci\u00eancia e Tecnologia Agroindustrial:<\/p>\n<p><a href=\"https:\/\/wp.ufpel.edu.br\/faem\/files\/2018\/09\/Lab.-Aulas-Pr\u00e1ticas.pdf\">Lab. Aulas Pr\u00e1ticas<\/a><\/p>\n<p><a href=\"https:\/\/wp.ufpel.edu.br\/faem\/files\/2018\/09\/Lab.-Processamento-de-Produtos-de-Origem-Animal-\u2013-LPOA.pdf\">Lab. Processamento de Produtos de Origem Animal \u2013 LPOA<\/a><\/p>\n<p><a href=\"https:\/\/wp.ufpel.edu.br\/faem\/files\/2018\/09\/Lab.-Microbiologia-de-Alimentos.pdf\">Lab. Microbiologia de Alimentos<\/a> <a href=\"https:\/\/wp.ufpel.edu.br\/faem\/files\/2018\/09\/Lab.-Metabolismo-Secund\u00e1rio-LabMS.pdf\">Lab. Metabolismo Secund\u00e1rio (LabMS)<\/a><\/p>\n<p><a href=\"https:\/\/wp.ufpel.edu.br\/faem\/files\/2018\/09\/Lab.-Gr\u00e3os-Setor-de-Pesquisas-An\u00e1lises-e-Classifica\u00e7\u00e3o-de-Gr\u00e3os.pdf\">Lab. Gr\u00e3os- Setor de Pesquisas, An\u00e1lises e Classifica\u00e7\u00e3o de Gr\u00e3os<\/a><\/p>\n<p><a href=\"https:\/\/wp.ufpel.edu.br\/faem\/files\/2018\/09\/Lab.-Gr\u00e3os-Setor-de-Pesquisas-e-An\u00e1lises-Tecnol\u00f3gicas.pdf\">Lab. Gr\u00e3os- Setor de Pesquisas e An\u00e1lises Tecnol\u00f3gicas<\/a><\/p>\n<p><a href=\"https:\/\/wp.ufpel.edu.br\/faem\/files\/2018\/09\/Lab.-Gr\u00e3os-Setor-de-An\u00e1lises-Qu\u00edmicas-Tecnologia-e-Planta-Piloto-de-Amidos-Fibras-e-Derivados.pdf\">Lab. Gr\u00e3os- Setor de An\u00e1lises Qu\u00edmicas, Tecnologia e Planta-Piloto de Amidos, Fibras e Derivados<\/a><\/p>\n<p><a href=\"https:\/\/wp.ufpel.edu.br\/faem\/files\/2018\/09\/Lab.-Gr\u00e3os-Setor-de-An\u00e1lises-e-Planta-Piloto-de-Industrializa\u00e7\u00e3o-e-Opera\u00e7\u00f5es-Hidrot\u00e9rmicas.pdf\">Lab. Gr\u00e3os- Setor de An\u00e1lises e Planta-Piloto de Industrializa\u00e7\u00e3o e Opera\u00e7\u00f5es Hidrot\u00e9rmicas<\/a><\/p>\n<p><a href=\"https:\/\/wp.ufpel.edu.br\/faem\/files\/2018\/09\/Lab.-Gr\u00e3os-\u2013-Setor-de-An\u00e1lises-de-Qualidade-e-Planta-Piloto-de-Secagem-Armazenamento-Aera\u00e7\u00e3o-e-Industrializa\u00e7\u00e3o-de-Gr\u00e3os-e-Derivados.pdf\">Lab. Gr\u00e3os \u2013 Setor de An\u00e1lises de Qualidade e Planta-Piloto de Secagem, Armazenamento, Aera\u00e7\u00e3o e Industrializa\u00e7\u00e3o de Gr\u00e3os e Derivados<\/a><\/p>\n<p><a href=\"https:\/\/wp.ufpel.edu.br\/faem\/files\/2018\/09\/Lab.-Fisiologia-de-P\u00f3s-Colheita-de-Frutos-e-Hortali\u00e7as.pdf\">Lab. Fisiologia de P\u00f3s-Colheita de Frutos e Hortali\u00e7as<\/a><\/p>\n<p><a href=\"https:\/\/wp.ufpel.edu.br\/faem\/files\/2018\/09\/Lab.-Cromatografia-e-Espectrometria-de-Massas-LaCEM.pdf\">Lab. Cromatografia e Espectrometria de Massas (LaCEM)<\/a><\/p>\n<p><a href=\"https:\/\/wp.ufpel.edu.br\/faem\/files\/2018\/09\/Lab.-Cromatografia-de-Alimentos.pdf\">Lab. Cromatografia de Alimentos<\/a><\/p>\n","protected":false},"excerpt":{"rendered":"<p>Regimentos Internos dos Laborat\u00f3rios do\u00a0Departamento de Ci\u00eancia e Tecnologia Agroindustrial: Lab. Aulas Pr\u00e1ticas Lab. Processamento de Produtos de Origem Animal \u2013 LPOA Lab. Microbiologia de Alimentos Lab. Metabolismo Secund\u00e1rio (LabMS) Lab. Gr\u00e3os- Setor de Pesquisas, An\u00e1lises e Classifica\u00e7\u00e3o de Gr\u00e3os Lab. Gr\u00e3os- Setor de Pesquisas e An\u00e1lises Tecnol\u00f3gicas Lab. Gr\u00e3os- Setor de An\u00e1lises Qu\u00edmicas, Tecnologia [&hellip;]<\/p>\n","protected":false},"author":235,"featured_media":0,"parent":0,"menu_order":0,"comment_status":"closed","ping_status":"closed","template":"","meta":{"footnotes":""},"class_list":["post-2209","page","type-page","status-publish","hentry"],"jetpack_sharing_enabled":true,"_links":{"self":[{"href":"https:\/\/wp.ufpel.edu.br\/faem\/wp-json\/wp\/v2\/pages\/2209","targetHints":{"allow":["GET"]}}],"collection":[{"href":"https:\/\/wp.ufpel.edu.br\/faem\/wp-json\/wp\/v2\/pages"}],"about":[{"href":"https:\/\/wp.ufpel.edu.br\/faem\/wp-json\/wp\/v2\/types\/page"}],"author":[{"embeddable":true,"href":"https:\/\/wp.ufpel.edu.br\/faem\/wp-json\/wp\/v2\/users\/235"}],"replies":[{"embeddable":true,"href":"https:\/\/wp.ufpel.edu.br\/faem\/wp-json\/wp\/v2\/comments?post=2209"}],"version-history":[{"count":3,"href":"https:\/\/wp.ufpel.edu.br\/faem\/wp-json\/wp\/v2\/pages\/2209\/revisions"}],"predecessor-version":[{"id":2226,"href":"https:\/\/wp.ufpel.edu.br\/faem\/wp-json\/wp\/v2\/pages\/2209\/revisions\/2226"}],"wp:attachment":[{"href":"https:\/\/wp.ufpel.edu.br\/faem\/wp-json\/wp\/v2\/media?parent=2209"}],"curies":[{"name":"wp","href":"https:\/\/api.w.org\/{rel}","templated":true}]}}