{"id":1987,"date":"2018-06-11T14:42:02","date_gmt":"2018-06-11T17:42:02","guid":{"rendered":"https:\/\/wp.ufpel.edu.br\/faem\/?page_id=1987"},"modified":"2018-12-26T11:36:40","modified_gmt":"2018-12-26T13:36:40","slug":"atas-cd-faem-2018","status":"publish","type":"page","link":"https:\/\/wp.ufpel.edu.br\/faem\/atas-cd-faem-2018\/","title":{"rendered":"Atas CD FAEM &#8211; 2018"},"content":{"rendered":"<p>Atas das reuni\u00f5es do Conselho Departamental da FAEM em 2018:<\/p>\n<p><a href=\"https:\/\/wp.ufpel.edu.br\/faem\/files\/2018\/02\/Ata-01-2018-SEI.pdf\">Ata Reuni\u00e3o CD 01-2018<\/a><\/p>\n<p><a href=\"https:\/\/wp.ufpel.edu.br\/faem\/files\/2018\/06\/Ata-02-2018-SEI.pdf\">Ata Reuni\u00e3o CD 02-2018<\/a><\/p>\n<p><a href=\"https:\/\/wp.ufpel.edu.br\/faem\/files\/2018\/06\/Ata-03-2018.pdf\">Ata Reuni\u00e3o CD 03-2018<\/a><\/p>\n<p><a href=\"https:\/\/wp.ufpel.edu.br\/faem\/files\/2018\/06\/Ata-04-2018-SEI.pdf\">Ata Reuni\u00e3o CD 04-2018<\/a><\/p>\n<p><a href=\"https:\/\/wp.ufpel.edu.br\/faem\/files\/2018\/09\/Ata-05-2018-SEI.pdf\">Ata Reuni\u00e3o CD 05-2018<\/a><\/p>\n<p><a href=\"https:\/\/wp.ufpel.edu.br\/faem\/files\/2018\/09\/Ata_06_2018.pdf\">Ata Reuni\u00e3o CD 06-2018<\/a><\/p>\n<p><a href=\"https:\/\/wp.ufpel.edu.br\/faem\/files\/2018\/09\/Ata-07-2018-assinada.pdf\">Ata Reuni\u00e3o CD 07-2018<\/a><\/p>\n<p><a href=\"https:\/\/wp.ufpel.edu.br\/faem\/files\/2018\/10\/Ata-08-2018.pdf\">Ata Reuni\u00e3o CD 08-2018<\/a><\/p>\n<p><a href=\"https:\/\/wp.ufpel.edu.br\/faem\/files\/2018\/10\/Ata-09-2018-assinada.pdf\">Ata Reuni\u00e3o CD 09-2018<\/a><\/p>\n<p><a href=\"https:\/\/wp.ufpel.edu.br\/faem\/files\/2018\/11\/Ata-10-2018.pdf\">Ata Reuni\u00e3o CD 10-2018<\/a><\/p>\n<p><a href=\"https:\/\/wp.ufpel.edu.br\/faem\/files\/2018\/12\/Ata_11_2018.pdf\">Ata Reuni\u00e3o CD 11-2018<\/a><\/p>\n<p><a href=\"https:\/\/wp.ufpel.edu.br\/faem\/files\/2018\/12\/Ata-01-Reuni\u00e3o-Extraordin\u00e1ria-2018-SEI.pdf\">Ata Reuni\u00e3o Extraordin\u00e1ria CD 01-2018<\/a><\/p>\n<p><a href=\"https:\/\/wp.ufpel.edu.br\/faem\/files\/2018\/12\/Ata-02-Reuni\u00e3o-Extraordin\u00e1ria-2018-SEI.pdf\">Ata Reuni\u00e3o Extraordin\u00e1ria CD 02-2018<\/a><\/p>\n<p><a href=\"https:\/\/wp.ufpel.edu.br\/faem\/files\/2018\/12\/Ata-03-Reuni\u00e3o-Extraordin\u00e1ria-2018.pdf\">Ata Reuni\u00e3o Extraordin\u00e1ria CD 03-2018<\/a><\/p>\n","protected":false},"excerpt":{"rendered":"<p>Atas das reuni\u00f5es do Conselho Departamental da FAEM em 2018: Ata Reuni\u00e3o CD 01-2018 Ata Reuni\u00e3o CD 02-2018 Ata Reuni\u00e3o CD 03-2018 Ata Reuni\u00e3o CD 04-2018 Ata Reuni\u00e3o CD 05-2018 Ata Reuni\u00e3o CD 06-2018 Ata Reuni\u00e3o CD 07-2018 Ata Reuni\u00e3o CD 08-2018 Ata Reuni\u00e3o CD 09-2018 Ata Reuni\u00e3o CD 10-2018 Ata Reuni\u00e3o CD 11-2018 Ata [&hellip;]<\/p>\n","protected":false},"author":235,"featured_media":0,"parent":0,"menu_order":0,"comment_status":"closed","ping_status":"closed","template":"","meta":{"footnotes":""},"class_list":["post-1987","page","type-page","status-publish","hentry"],"jetpack_sharing_enabled":true,"_links":{"self":[{"href":"https:\/\/wp.ufpel.edu.br\/faem\/wp-json\/wp\/v2\/pages\/1987","targetHints":{"allow":["GET"]}}],"collection":[{"href":"https:\/\/wp.ufpel.edu.br\/faem\/wp-json\/wp\/v2\/pages"}],"about":[{"href":"https:\/\/wp.ufpel.edu.br\/faem\/wp-json\/wp\/v2\/types\/page"}],"author":[{"embeddable":true,"href":"https:\/\/wp.ufpel.edu.br\/faem\/wp-json\/wp\/v2\/users\/235"}],"replies":[{"embeddable":true,"href":"https:\/\/wp.ufpel.edu.br\/faem\/wp-json\/wp\/v2\/comments?post=1987"}],"version-history":[{"count":11,"href":"https:\/\/wp.ufpel.edu.br\/faem\/wp-json\/wp\/v2\/pages\/1987\/revisions"}],"predecessor-version":[{"id":2595,"href":"https:\/\/wp.ufpel.edu.br\/faem\/wp-json\/wp\/v2\/pages\/1987\/revisions\/2595"}],"wp:attachment":[{"href":"https:\/\/wp.ufpel.edu.br\/faem\/wp-json\/wp\/v2\/media?parent=1987"}],"curies":[{"name":"wp","href":"https:\/\/api.w.org\/{rel}","templated":true}]}}