{"id":1983,"date":"2018-06-11T14:33:33","date_gmt":"2018-06-11T17:33:33","guid":{"rendered":"https:\/\/wp.ufpel.edu.br\/faem\/?page_id=1983"},"modified":"2018-09-21T17:07:29","modified_gmt":"2018-09-21T20:07:29","slug":"atas-cd-faem-2017","status":"publish","type":"page","link":"https:\/\/wp.ufpel.edu.br\/faem\/atas-cd-faem-2017\/","title":{"rendered":"Atas CD FAEM &#8211; 2017"},"content":{"rendered":"<p>Atas das reuni\u00f5es do Conselho Departamental da FAEM em 2017:<\/p>\n<p><a href=\"https:\/\/wp.ufpel.edu.br\/faem\/files\/2017\/07\/ATA-Reuni\u00e3o-CD-01.2017.pdf\">ATA Reuni\u00e3o CD 01.2017<\/a><\/p>\n<p><a href=\"https:\/\/wp.ufpel.edu.br\/faem\/files\/2017\/07\/ATA-02.2017-Reuni\u00e3o-CD.pdf\">ATA Reuni\u00e3o CD\u00a0<\/a><a href=\"https:\/\/wp.ufpel.edu.br\/faem\/files\/2017\/07\/ATA-02.2017-Reuni\u00e3o-CD.pdf\">02.2017 <\/a><\/p>\n<p><a href=\"https:\/\/wp.ufpel.edu.br\/faem\/files\/2017\/07\/ATA-Reuni\u00e3o-CD-03.2017.pdf\">ATA Reuni\u00e3o CD 03.2017<\/a><\/p>\n<p><a href=\"https:\/\/wp.ufpel.edu.br\/faem\/files\/2017\/07\/ATA-Reuni\u00e3o-CD-04.2017.pdf\">ATA Reuni\u00e3o CD 04.2017<\/a><\/p>\n<p><a href=\"https:\/\/wp.ufpel.edu.br\/faem\/files\/2017\/07\/ATA-Reuni\u00e3o-CD-05.2017.pdf\">ATA Reuni\u00e3o CD 05.2017<\/a><\/p>\n<p><a href=\"https:\/\/wp.ufpel.edu.br\/faem\/files\/2017\/07\/ATA-Reuni\u00e3o-CD-06.2017.pdf\">ATA Reuni\u00e3o CD 06.2017<\/a><\/p>\n<p><a href=\"https:\/\/wp.ufpel.edu.br\/faem\/files\/2018\/02\/ATA-Reuni\u00e3o-CD-07.2017.pdf\">ATA Reuni\u00e3o CD 07.2017<\/a><\/p>\n<p><a href=\"https:\/\/wp.ufpel.edu.br\/faem\/files\/2018\/02\/ATA-Reuni\u00e3o-CD-08.2017.pdf\">ATA Reuni\u00e3o CD 08.2017<\/a><\/p>\n<p><a href=\"https:\/\/wp.ufpel.edu.br\/faem\/files\/2018\/02\/ATA-Reuni\u00e3o-CD-09.2017.pdf\">ATA Reuni\u00e3o CD 09.2017<\/a><\/p>\n<p><a href=\"https:\/\/wp.ufpel.edu.br\/faem\/files\/2018\/02\/ATA-Reuni\u00e3o-CD-10.2017.pdf\">ATA Reuni\u00e3o CD 10.2017<\/a><\/p>\n<p><a href=\"https:\/\/wp.ufpel.edu.br\/faem\/files\/2018\/02\/ATA-Reuni\u00e3o-CD-11.2017.pdf\">ATA Reuni\u00e3o CD 11.2017<\/a><\/p>\n<p><a href=\"https:\/\/wp.ufpel.edu.br\/faem\/files\/2018\/02\/ATA-Reuni\u00e3o-CD-12.2017.pdf\">ATA Reuni\u00e3o CD 12.2017<\/a><\/p>\n<p><a href=\"https:\/\/wp.ufpel.edu.br\/faem\/files\/2018\/02\/ATA-Reuni\u00e3o-CD-13.2017.pdf\">ATA Reuni\u00e3o CD 13.2017<\/a><\/p>\n<p><a href=\"https:\/\/wp.ufpel.edu.br\/faem\/files\/2018\/02\/ATA-Reuni\u00e3o-CD-14.2017.pdf\">ATA Reuni\u00e3o CD 14.2017<\/a><\/p>\n<p><a href=\"https:\/\/wp.ufpel.edu.br\/faem\/files\/2018\/02\/ATA-Reuni\u00e3o-CD-15.2017.pdf\">ATA Reuni\u00e3o CD 15.2017<\/a><\/p>\n<p>&nbsp;<\/p>\n","protected":false},"excerpt":{"rendered":"<p>Atas das reuni\u00f5es do Conselho Departamental da FAEM em 2017: ATA Reuni\u00e3o CD 01.2017 ATA Reuni\u00e3o CD\u00a002.2017 ATA Reuni\u00e3o CD 03.2017 ATA Reuni\u00e3o CD 04.2017 ATA Reuni\u00e3o CD 05.2017 ATA Reuni\u00e3o CD 06.2017 ATA Reuni\u00e3o CD 07.2017 ATA Reuni\u00e3o CD 08.2017 ATA Reuni\u00e3o CD 09.2017 ATA Reuni\u00e3o CD 10.2017 ATA Reuni\u00e3o CD 11.2017 ATA Reuni\u00e3o [&hellip;]<\/p>\n","protected":false},"author":235,"featured_media":0,"parent":0,"menu_order":0,"comment_status":"closed","ping_status":"closed","template":"","meta":{"footnotes":""},"class_list":["post-1983","page","type-page","status-publish","hentry"],"jetpack_sharing_enabled":true,"_links":{"self":[{"href":"https:\/\/wp.ufpel.edu.br\/faem\/wp-json\/wp\/v2\/pages\/1983","targetHints":{"allow":["GET"]}}],"collection":[{"href":"https:\/\/wp.ufpel.edu.br\/faem\/wp-json\/wp\/v2\/pages"}],"about":[{"href":"https:\/\/wp.ufpel.edu.br\/faem\/wp-json\/wp\/v2\/types\/page"}],"author":[{"embeddable":true,"href":"https:\/\/wp.ufpel.edu.br\/faem\/wp-json\/wp\/v2\/users\/235"}],"replies":[{"embeddable":true,"href":"https:\/\/wp.ufpel.edu.br\/faem\/wp-json\/wp\/v2\/comments?post=1983"}],"version-history":[{"count":2,"href":"https:\/\/wp.ufpel.edu.br\/faem\/wp-json\/wp\/v2\/pages\/1983\/revisions"}],"predecessor-version":[{"id":2275,"href":"https:\/\/wp.ufpel.edu.br\/faem\/wp-json\/wp\/v2\/pages\/1983\/revisions\/2275"}],"wp:attachment":[{"href":"https:\/\/wp.ufpel.edu.br\/faem\/wp-json\/wp\/v2\/media?parent=1983"}],"curies":[{"name":"wp","href":"https:\/\/api.w.org\/{rel}","templated":true}]}}