{"id":1970,"date":"2018-06-11T12:55:28","date_gmt":"2018-06-11T15:55:28","guid":{"rendered":"https:\/\/wp.ufpel.edu.br\/faem\/?page_id=1970"},"modified":"2019-09-18T08:45:44","modified_gmt":"2019-09-18T11:45:44","slug":"achados-e-perdidos","status":"publish","type":"page","link":"https:\/\/wp.ufpel.edu.br\/faem\/achados-e-perdidos\/","title":{"rendered":"Achados e Perdidos"},"content":{"rendered":"<p>&nbsp;<\/p>\n<p>Os seguintes objetos foram encontrados no pr\u00e9dio da FAEM e est\u00e3o na sala da Dire\u00e7\u00e3o para retirada pelos seus respectivos donos:<\/p>\n<p><a href=\"https:\/\/wp.ufpel.edu.br\/faem\/files\/2018\/06\/IMG_20180608_100717593.jpg\"><img class=\"alignleft wp-image-1974 size-medium\" src=\"https:\/\/wp.ufpel.edu.br\/faem\/files\/2018\/06\/IMG_20180608_100717593-400x300.jpg\" alt=\"\" width=\"400\" height=\"300\" srcset=\"https:\/\/wp.ufpel.edu.br\/faem\/files\/2018\/06\/IMG_20180608_100717593-400x300.jpg 400w, https:\/\/wp.ufpel.edu.br\/faem\/files\/2018\/06\/IMG_20180608_100717593-768x576.jpg 768w, https:\/\/wp.ufpel.edu.br\/faem\/files\/2018\/06\/IMG_20180608_100717593-1024x768.jpg 1024w\" sizes=\"(max-width: 400px) 100vw, 400px\" \/><\/a><\/p>\n<p style=\"text-align: justify\">\n<p><a href=\"https:\/\/wp.ufpel.edu.br\/faem\/files\/2018\/06\/IMG_20180608_100755912.jpg\"><img class=\"alignnone wp-image-1973 size-medium\" src=\"https:\/\/wp.ufpel.edu.br\/faem\/files\/2018\/06\/IMG_20180608_100755912-400x300.jpg\" alt=\"\" width=\"400\" height=\"300\" srcset=\"https:\/\/wp.ufpel.edu.br\/faem\/files\/2018\/06\/IMG_20180608_100755912-400x300.jpg 400w, https:\/\/wp.ufpel.edu.br\/faem\/files\/2018\/06\/IMG_20180608_100755912-768x576.jpg 768w, https:\/\/wp.ufpel.edu.br\/faem\/files\/2018\/06\/IMG_20180608_100755912-1024x768.jpg 1024w\" sizes=\"(max-width: 400px) 100vw, 400px\" \/><\/a><a href=\"https:\/\/wp.ufpel.edu.br\/faem\/files\/2019\/09\/20190918_083308.jpg\"><img class=\"alignleft wp-image-2873 size-medium\" src=\"https:\/\/wp.ufpel.edu.br\/faem\/files\/2019\/09\/20190918_083308-400x300.jpg\" alt=\"\" width=\"400\" height=\"300\" srcset=\"https:\/\/wp.ufpel.edu.br\/faem\/files\/2019\/09\/20190918_083308-400x300.jpg 400w, https:\/\/wp.ufpel.edu.br\/faem\/files\/2019\/09\/20190918_083308-768x576.jpg 768w, https:\/\/wp.ufpel.edu.br\/faem\/files\/2019\/09\/20190918_083308-1024x768.jpg 1024w\" sizes=\"(max-width: 400px) 100vw, 400px\" \/><\/a><\/p>\n<p style=\"text-align: justify\"><a href=\"https:\/\/wp.ufpel.edu.br\/faem\/files\/2019\/09\/20190918_082131.jpg\"><img class=\"wp-image-2874 size-medium alignleft\" src=\"https:\/\/wp.ufpel.edu.br\/faem\/files\/2019\/09\/20190918_082131-400x300.jpg\" alt=\"\" width=\"400\" height=\"300\" srcset=\"https:\/\/wp.ufpel.edu.br\/faem\/files\/2019\/09\/20190918_082131-400x300.jpg 400w, https:\/\/wp.ufpel.edu.br\/faem\/files\/2019\/09\/20190918_082131-768x576.jpg 768w, https:\/\/wp.ufpel.edu.br\/faem\/files\/2019\/09\/20190918_082131-1024x768.jpg 1024w\" sizes=\"(max-width: 400px) 100vw, 400px\" \/><\/a><a href=\"https:\/\/wp.ufpel.edu.br\/faem\/files\/2018\/06\/IMG_20180608_100926362.jpg\"><img class=\"alignnone wp-image-1977 size-medium\" src=\"https:\/\/wp.ufpel.edu.br\/faem\/files\/2018\/06\/IMG_20180608_100926362-400x300.jpg\" alt=\"\" width=\"400\" height=\"300\" srcset=\"https:\/\/wp.ufpel.edu.br\/faem\/files\/2018\/06\/IMG_20180608_100926362-400x300.jpg 400w, https:\/\/wp.ufpel.edu.br\/faem\/files\/2018\/06\/IMG_20180608_100926362-768x576.jpg 768w, https:\/\/wp.ufpel.edu.br\/faem\/files\/2018\/06\/IMG_20180608_100926362-1024x768.jpg 1024w\" sizes=\"(max-width: 400px) 100vw, 400px\" \/> <\/a><a href=\"https:\/\/wp.ufpel.edu.br\/faem\/files\/2019\/09\/20190918_082038.jpg\"><img class=\"wp-image-2875 size-medium alignleft\" src=\"https:\/\/wp.ufpel.edu.br\/faem\/files\/2019\/09\/20190918_082038-400x300.jpg\" alt=\"\" width=\"400\" height=\"300\" srcset=\"https:\/\/wp.ufpel.edu.br\/faem\/files\/2019\/09\/20190918_082038-400x300.jpg 400w, https:\/\/wp.ufpel.edu.br\/faem\/files\/2019\/09\/20190918_082038-768x576.jpg 768w, https:\/\/wp.ufpel.edu.br\/faem\/files\/2019\/09\/20190918_082038-1024x768.jpg 1024w\" sizes=\"(max-width: 400px) 100vw, 400px\" \/><\/a><\/p>\n<p><a href=\"https:\/\/wp.ufpel.edu.br\/faem\/files\/2018\/06\/IMG_20180608_100935871.jpg\"><img class=\"alignnone wp-image-1975 size-medium\" src=\"https:\/\/wp.ufpel.edu.br\/faem\/files\/2018\/06\/IMG_20180608_100935871-400x300.jpg\" alt=\"\" width=\"400\" height=\"300\" srcset=\"https:\/\/wp.ufpel.edu.br\/faem\/files\/2018\/06\/IMG_20180608_100935871-400x300.jpg 400w, https:\/\/wp.ufpel.edu.br\/faem\/files\/2018\/06\/IMG_20180608_100935871-768x576.jpg 768w, https:\/\/wp.ufpel.edu.br\/faem\/files\/2018\/06\/IMG_20180608_100935871-1024x768.jpg 1024w\" sizes=\"(max-width: 400px) 100vw, 400px\" \/><\/a><img class=\"alignleft wp-image-2015 size-medium\" src=\"https:\/\/wp.ufpel.edu.br\/faem\/files\/2018\/06\/IMG_20180608_100834875-400x300.jpg\" alt=\"\" width=\"400\" height=\"300\" srcset=\"https:\/\/wp.ufpel.edu.br\/faem\/files\/2018\/06\/IMG_20180608_100834875-400x300.jpg 400w, https:\/\/wp.ufpel.edu.br\/faem\/files\/2018\/06\/IMG_20180608_100834875-768x576.jpg 768w, https:\/\/wp.ufpel.edu.br\/faem\/files\/2018\/06\/IMG_20180608_100834875-1024x768.jpg 1024w\" sizes=\"(max-width: 400px) 100vw, 400px\" \/><a href=\"https:\/\/wp.ufpel.edu.br\/faem\/files\/2019\/09\/20190918_082025.jpg\"><img class=\"wp-image-2876 size-medium alignleft\" src=\"https:\/\/wp.ufpel.edu.br\/faem\/files\/2019\/09\/20190918_082025-400x300.jpg\" alt=\"\" width=\"400\" height=\"300\" srcset=\"https:\/\/wp.ufpel.edu.br\/faem\/files\/2019\/09\/20190918_082025-400x300.jpg 400w, https:\/\/wp.ufpel.edu.br\/faem\/files\/2019\/09\/20190918_082025-768x576.jpg 768w, https:\/\/wp.ufpel.edu.br\/faem\/files\/2019\/09\/20190918_082025-1024x768.jpg 1024w\" sizes=\"(max-width: 400px) 100vw, 400px\" \/><\/a><\/p>\n<p><a href=\"https:\/\/wp.ufpel.edu.br\/faem\/files\/2018\/06\/IMG_20180608_100746420-1-1.jpg\"><img class=\"alignleft wp-image-2018 size-medium\" src=\"https:\/\/wp.ufpel.edu.br\/faem\/files\/2018\/06\/IMG_20180608_100746420-1-1-400x300.jpg\" alt=\"\" width=\"400\" height=\"300\" srcset=\"https:\/\/wp.ufpel.edu.br\/faem\/files\/2018\/06\/IMG_20180608_100746420-1-1-400x300.jpg 400w, https:\/\/wp.ufpel.edu.br\/faem\/files\/2018\/06\/IMG_20180608_100746420-1-1-768x576.jpg 768w, https:\/\/wp.ufpel.edu.br\/faem\/files\/2018\/06\/IMG_20180608_100746420-1-1-1024x768.jpg 1024w\" sizes=\"(max-width: 400px) 100vw, 400px\" \/><\/a><\/p>\n<p><img class=\"alignleft wp-image-2016 size-medium\" src=\"https:\/\/wp.ufpel.edu.br\/faem\/files\/2018\/06\/IMG_20180608_100816161-400x300.jpg\" alt=\"\" width=\"400\" height=\"300\" srcset=\"https:\/\/wp.ufpel.edu.br\/faem\/files\/2018\/06\/IMG_20180608_100816161-400x300.jpg 400w, https:\/\/wp.ufpel.edu.br\/faem\/files\/2018\/06\/IMG_20180608_100816161-768x576.jpg 768w, https:\/\/wp.ufpel.edu.br\/faem\/files\/2018\/06\/IMG_20180608_100816161-1024x768.jpg 1024w\" sizes=\"(max-width: 400px) 100vw, 400px\" \/><\/p>\n<p><a href=\"https:\/\/wp.ufpel.edu.br\/faem\/files\/2018\/07\/IMG_20180621_170525343.jpg\"><img class=\"alignnone wp-image-2025 size-medium\" src=\"https:\/\/wp.ufpel.edu.br\/faem\/files\/2018\/07\/IMG_20180621_170525343-400x300.jpg\" alt=\"\" width=\"400\" height=\"300\" srcset=\"https:\/\/wp.ufpel.edu.br\/faem\/files\/2018\/07\/IMG_20180621_170525343-400x300.jpg 400w, https:\/\/wp.ufpel.edu.br\/faem\/files\/2018\/07\/IMG_20180621_170525343-768x576.jpg 768w, https:\/\/wp.ufpel.edu.br\/faem\/files\/2018\/07\/IMG_20180621_170525343-1024x768.jpg 1024w\" sizes=\"(max-width: 400px) 100vw, 400px\" \/><\/a><\/p>\n<p>&nbsp;<\/p>\n<p><a href=\"https:\/\/wp.ufpel.edu.br\/faem\/files\/2018\/06\/IMG_20180608_100902094.jpg\"><img class=\"alignleft wp-image-2017 size-medium\" src=\"https:\/\/wp.ufpel.edu.br\/faem\/files\/2018\/06\/IMG_20180608_100902094-400x300.jpg\" alt=\"\" width=\"400\" height=\"300\" srcset=\"https:\/\/wp.ufpel.edu.br\/faem\/files\/2018\/06\/IMG_20180608_100902094-400x300.jpg 400w, https:\/\/wp.ufpel.edu.br\/faem\/files\/2018\/06\/IMG_20180608_100902094-768x576.jpg 768w, https:\/\/wp.ufpel.edu.br\/faem\/files\/2018\/06\/IMG_20180608_100902094-1024x768.jpg 1024w\" sizes=\"(max-width: 400px) 100vw, 400px\" \/><\/a><img class=\"alignleft wp-image-2133 size-medium\" src=\"https:\/\/wp.ufpel.edu.br\/faem\/files\/2018\/08\/IMG_20180730_140433984-400x300.jpg\" alt=\"\" width=\"400\" height=\"300\" srcset=\"https:\/\/wp.ufpel.edu.br\/faem\/files\/2018\/08\/IMG_20180730_140433984-400x300.jpg 400w, https:\/\/wp.ufpel.edu.br\/faem\/files\/2018\/08\/IMG_20180730_140433984-768x576.jpg 768w, https:\/\/wp.ufpel.edu.br\/faem\/files\/2018\/08\/IMG_20180730_140433984-1024x768.jpg 1024w, https:\/\/wp.ufpel.edu.br\/faem\/files\/2018\/08\/IMG_20180730_140433984.jpg 1600w\" sizes=\"(max-width: 400px) 100vw, 400px\" \/><\/p>\n<p>&nbsp;<\/p>\n<p><a href=\"https:\/\/wp.ufpel.edu.br\/faem\/files\/2018\/07\/IMG_20180620_172901450.jpg\"><img class=\"alignleft wp-image-2024 size-medium\" src=\"https:\/\/wp.ufpel.edu.br\/faem\/files\/2018\/07\/IMG_20180620_172901450-400x300.jpg\" alt=\"\" width=\"400\" height=\"300\" srcset=\"https:\/\/wp.ufpel.edu.br\/faem\/files\/2018\/07\/IMG_20180620_172901450-400x300.jpg 400w, https:\/\/wp.ufpel.edu.br\/faem\/files\/2018\/07\/IMG_20180620_172901450-768x576.jpg 768w, https:\/\/wp.ufpel.edu.br\/faem\/files\/2018\/07\/IMG_20180620_172901450-1024x768.jpg 1024w\" sizes=\"(max-width: 400px) 100vw, 400px\" \/><\/a><\/p>\n<p>&nbsp;<\/p>\n<p>&nbsp;<\/p>\n<p>&nbsp;<\/p>\n<p>&nbsp;<\/p>\n<p style=\"text-align: left\">\n<p style=\"text-align: left\">\n<p><a href=\"https:\/\/wp.ufpel.edu.br\/faem\/files\/2018\/07\/IMG_20180620_155822481.jpg\"><img class=\"alignleft wp-image-2026 size-medium\" src=\"https:\/\/wp.ufpel.edu.br\/faem\/files\/2018\/07\/IMG_20180620_155822481-400x300.jpg\" alt=\"\" width=\"400\" height=\"300\" srcset=\"https:\/\/wp.ufpel.edu.br\/faem\/files\/2018\/07\/IMG_20180620_155822481-400x300.jpg 400w, https:\/\/wp.ufpel.edu.br\/faem\/files\/2018\/07\/IMG_20180620_155822481-768x576.jpg 768w, https:\/\/wp.ufpel.edu.br\/faem\/files\/2018\/07\/IMG_20180620_155822481-1024x768.jpg 1024w\" sizes=\"(max-width: 400px) 100vw, 400px\" \/><\/a><\/p>\n<p>&nbsp;<\/p>\n<p>&nbsp;<\/p>\n<p>&nbsp;<\/p>\n<p>&nbsp;<\/p>\n<p><img class=\"alignleft wp-image-2131 size-medium\" src=\"https:\/\/wp.ufpel.edu.br\/faem\/files\/2018\/08\/IMG_20180807_125257722-400x300.jpg\" alt=\"\" width=\"400\" height=\"300\" srcset=\"https:\/\/wp.ufpel.edu.br\/faem\/files\/2018\/08\/IMG_20180807_125257722-400x300.jpg 400w, https:\/\/wp.ufpel.edu.br\/faem\/files\/2018\/08\/IMG_20180807_125257722-768x576.jpg 768w, https:\/\/wp.ufpel.edu.br\/faem\/files\/2018\/08\/IMG_20180807_125257722-1024x768.jpg 1024w, https:\/\/wp.ufpel.edu.br\/faem\/files\/2018\/08\/IMG_20180807_125257722.jpg 1600w\" sizes=\"(max-width: 400px) 100vw, 400px\" \/><\/p>\n<p>&nbsp;<\/p>\n<p><a href=\"https:\/\/wp.ufpel.edu.br\/faem\/files\/2018\/08\/IMG_20180718_141636906.jpg\"><img class=\"alignleft wp-image-2132 size-medium\" src=\"https:\/\/wp.ufpel.edu.br\/faem\/files\/2018\/08\/IMG_20180718_141636906-400x300.jpg\" alt=\"\" width=\"400\" height=\"300\" srcset=\"https:\/\/wp.ufpel.edu.br\/faem\/files\/2018\/08\/IMG_20180718_141636906-400x300.jpg 400w, https:\/\/wp.ufpel.edu.br\/faem\/files\/2018\/08\/IMG_20180718_141636906-768x576.jpg 768w, https:\/\/wp.ufpel.edu.br\/faem\/files\/2018\/08\/IMG_20180718_141636906-1024x768.jpg 1024w, https:\/\/wp.ufpel.edu.br\/faem\/files\/2018\/08\/IMG_20180718_141636906.jpg 1600w\" sizes=\"(max-width: 400px) 100vw, 400px\" \/><\/a><\/p>\n","protected":false},"excerpt":{"rendered":"<p>&nbsp; Os seguintes objetos foram encontrados no pr\u00e9dio da FAEM e est\u00e3o na sala da Dire\u00e7\u00e3o para retirada pelos seus respectivos donos: &nbsp; &nbsp; &nbsp; &nbsp; &nbsp; &nbsp; &nbsp; &nbsp; &nbsp; &nbsp; &nbsp;<\/p>\n","protected":false},"author":235,"featured_media":0,"parent":0,"menu_order":0,"comment_status":"closed","ping_status":"closed","template":"","meta":{"footnotes":""},"class_list":["post-1970","page","type-page","status-publish","hentry"],"jetpack_sharing_enabled":true,"_links":{"self":[{"href":"https:\/\/wp.ufpel.edu.br\/faem\/wp-json\/wp\/v2\/pages\/1970","targetHints":{"allow":["GET"]}}],"collection":[{"href":"https:\/\/wp.ufpel.edu.br\/faem\/wp-json\/wp\/v2\/pages"}],"about":[{"href":"https:\/\/wp.ufpel.edu.br\/faem\/wp-json\/wp\/v2\/types\/page"}],"author":[{"embeddable":true,"href":"https:\/\/wp.ufpel.edu.br\/faem\/wp-json\/wp\/v2\/users\/235"}],"replies":[{"embeddable":true,"href":"https:\/\/wp.ufpel.edu.br\/faem\/wp-json\/wp\/v2\/comments?post=1970"}],"version-history":[{"count":11,"href":"https:\/\/wp.ufpel.edu.br\/faem\/wp-json\/wp\/v2\/pages\/1970\/revisions"}],"predecessor-version":[{"id":2877,"href":"https:\/\/wp.ufpel.edu.br\/faem\/wp-json\/wp\/v2\/pages\/1970\/revisions\/2877"}],"wp:attachment":[{"href":"https:\/\/wp.ufpel.edu.br\/faem\/wp-json\/wp\/v2\/media?parent=1970"}],"curies":[{"name":"wp","href":"https:\/\/api.w.org\/{rel}","templated":true}]}}