{"id":1778,"date":"2018-02-26T16:38:02","date_gmt":"2018-02-26T19:38:02","guid":{"rendered":"https:\/\/wp.ufpel.edu.br\/faem\/?page_id=1778"},"modified":"2018-02-26T16:40:12","modified_gmt":"2018-02-26T19:40:12","slug":"1778-2","status":"publish","type":"page","link":"https:\/\/wp.ufpel.edu.br\/faem\/1778-2\/","title":{"rendered":"LIG &#8211; Laborat\u00f3rio de Inform\u00e1tica"},"content":{"rendered":"<p>&nbsp;<\/p>\n<table style=\"height: 1570px\" width=\"910\">\n<tbody>\n<tr>\n<td width=\"152\">LIG<\/td>\n<td width=\"152\"><\/td>\n<td width=\"152\"><\/td>\n<td width=\"152\"><\/td>\n<td width=\"152\"><\/td>\n<td width=\"152\"><\/td>\n<\/tr>\n<tr>\n<td>Disponibilidade:<\/td>\n<td colspan=\"3\">segunda (M, T), ter\u00e7a (M, T), quarta (M, T), quinta (M, T)<\/td>\n<td><\/td>\n<td><\/td>\n<\/tr>\n<tr>\n<td>Capacidade:<\/td>\n<td><\/td>\n<td><\/td>\n<td><\/td>\n<td><\/td>\n<td><\/td>\n<\/tr>\n<tr>\n<td>Caracter\u00edsticas:<\/td>\n<td><\/td>\n<td><\/td>\n<td><\/td>\n<td><\/td>\n<td><\/td>\n<\/tr>\n<tr>\n<td><\/td>\n<td><\/td>\n<td><\/td>\n<td><\/td>\n<td><\/td>\n<td><\/td>\n<\/tr>\n<tr>\n<td colspan=\"6\">FEVEREIRO 2018<\/td>\n<\/tr>\n<tr>\n<td>SEG<\/td>\n<td>TER<\/td>\n<td>QUA<\/td>\n<td>QUI<\/td>\n<td>SEX<\/td>\n<td>S\u00c1B<\/td>\n<\/tr>\n<tr>\n<td><\/td>\n<td><\/td>\n<td><\/td>\n<td>1<\/td>\n<td>2<\/td>\n<td>3<\/td>\n<\/tr>\n<tr>\n<td>5<\/td>\n<td>6<\/td>\n<td>7<\/td>\n<td>8<\/td>\n<td>9<\/td>\n<td>10<\/td>\n<\/tr>\n<tr>\n<td>12<\/td>\n<td>13<\/td>\n<td>14<\/td>\n<td>15<\/td>\n<td>16<\/td>\n<td>17<\/td>\n<\/tr>\n<tr>\n<td>19<\/td>\n<td>20<\/td>\n<td>21<\/td>\n<td>22<\/td>\n<td>23<\/td>\n<td>24<\/td>\n<\/tr>\n<tr>\n<td>26<\/td>\n<td>27<\/td>\n<td>28<\/td>\n<td><\/td>\n<td><\/td>\n<td><\/td>\n<\/tr>\n<tr>\n<td><\/td>\n<td><\/td>\n<td><\/td>\n<td><\/td>\n<td><\/td>\n<td><\/td>\n<\/tr>\n<tr>\n<td><\/td>\n<td><\/td>\n<td><\/td>\n<td><\/td>\n<td><\/td>\n<td><\/td>\n<\/tr>\n<tr>\n<td colspan=\"6\">MAR\u00c7O 2018<\/td>\n<\/tr>\n<tr>\n<td>SEG<\/td>\n<td>TER<\/td>\n<td>QUA<\/td>\n<td>QUI<\/td>\n<td>SEX<\/td>\n<td>S\u00c1B<\/td>\n<\/tr>\n<tr>\n<td><\/td>\n<td><\/td>\n<td><\/td>\n<td>1<\/td>\n<td>2<\/td>\n<td>3<\/td>\n<\/tr>\n<tr>\n<td>5<\/td>\n<td>6<\/td>\n<td>7<\/td>\n<td>8<\/td>\n<td>9<\/td>\n<td>10<\/td>\n<\/tr>\n<tr>\n<td>12<\/td>\n<td>13<\/td>\n<td>14<\/td>\n<td>15<\/td>\n<td>16<\/td>\n<td>17<\/td>\n<\/tr>\n<tr>\n<td>19<\/td>\n<td>20<\/td>\n<td>21<\/td>\n<td>22<\/td>\n<td>23<\/td>\n<td>24<\/td>\n<\/tr>\n<tr>\n<td>26<\/td>\n<td>27<\/td>\n<td>28<\/td>\n<td>29<\/td>\n<td>30<\/td>\n<td>31<\/td>\n<\/tr>\n<tr>\n<td><\/td>\n<td><\/td>\n<td><\/td>\n<td><\/td>\n<td><\/td>\n<td><\/td>\n<\/tr>\n<tr>\n<td colspan=\"6\">ABRIL 2018<\/td>\n<\/tr>\n<tr>\n<td>SEG<\/td>\n<td>TER<\/td>\n<td>QUA<\/td>\n<td>QUI<\/td>\n<td>SEX<\/td>\n<td>S\u00c1B<\/td>\n<\/tr>\n<tr>\n<td>2<\/td>\n<td>3<\/td>\n<td>4<\/td>\n<td>5<\/td>\n<td>6<\/td>\n<td>7<\/td>\n<\/tr>\n<tr>\n<td>9<\/td>\n<td>10<\/td>\n<td>11<\/td>\n<td>12<\/td>\n<td>13<\/td>\n<td>14<\/td>\n<\/tr>\n<tr>\n<td>16<\/td>\n<td>17<\/td>\n<td>18<\/td>\n<td>19<\/td>\n<td>20<\/td>\n<td>21<\/td>\n<\/tr>\n<tr>\n<td>23<\/td>\n<td>24<\/td>\n<td>25<\/td>\n<td>26<\/td>\n<td>27<\/td>\n<td>28<\/td>\n<\/tr>\n<tr>\n<td>30<\/td>\n<td>31<\/td>\n<td><\/td>\n<td><\/td>\n<td><\/td>\n<td><\/td>\n<\/tr>\n<tr>\n<td><\/td>\n<td><\/td>\n<td><\/td>\n<td><\/td>\n<td><\/td>\n<td><\/td>\n<\/tr>\n<tr>\n<td colspan=\"6\">MAIO 2018<\/td>\n<\/tr>\n<tr>\n<td>SEG<\/td>\n<td>TER<\/td>\n<td>QUA<\/td>\n<td>QUI<\/td>\n<td>SEX<\/td>\n<td>S\u00c1B<\/td>\n<\/tr>\n<tr>\n<td><\/td>\n<td>1<\/td>\n<td>2<\/td>\n<td>3<\/td>\n<td>4<\/td>\n<td>5<\/td>\n<\/tr>\n<tr>\n<td>7<\/td>\n<td>8<\/td>\n<td>9<\/td>\n<td>10<\/td>\n<td>11<\/td>\n<td>12<\/td>\n<\/tr>\n<tr>\n<td>14<\/td>\n<td>15<\/td>\n<td>16<\/td>\n<td>17<\/td>\n<td>18<\/td>\n<td>19<\/td>\n<\/tr>\n<tr>\n<td>21<\/td>\n<td>22<\/td>\n<td>23<\/td>\n<td>24<\/td>\n<td>25<\/td>\n<td>26<\/td>\n<\/tr>\n<tr>\n<td>28<\/td>\n<td>29<\/td>\n<td>30<\/td>\n<td>31<\/td>\n<td><\/td>\n<td><\/td>\n<\/tr>\n<tr>\n<td><\/td>\n<td><\/td>\n<td><\/td>\n<td><\/td>\n<td><\/td>\n<td><\/td>\n<\/tr>\n<tr>\n<td colspan=\"6\">JUNHO 2018<\/td>\n<\/tr>\n<tr>\n<td>SEG<\/td>\n<td>TER<\/td>\n<td>QUA<\/td>\n<td>QUI<\/td>\n<td>SEX<\/td>\n<td>S\u00c1B<\/td>\n<\/tr>\n<tr>\n<td><\/td>\n<td><\/td>\n<td><\/td>\n<td><\/td>\n<td>1<\/td>\n<td>2<\/td>\n<\/tr>\n<tr>\n<td>4<\/td>\n<td>5<\/td>\n<td>6<\/td>\n<td>7<\/td>\n<td>8<\/td>\n<td>9<\/td>\n<\/tr>\n<tr>\n<td>11<\/td>\n<td>12<\/td>\n<td>13<\/td>\n<td>14<\/td>\n<td>15<\/td>\n<td>16<\/td>\n<\/tr>\n<tr>\n<td>18<\/td>\n<td>19<\/td>\n<td>20<\/td>\n<td>21<\/td>\n<td>22<\/td>\n<td>23<\/td>\n<\/tr>\n<tr>\n<td>25<\/td>\n<td>26<\/td>\n<td>27<\/td>\n<td>28<\/td>\n<td>29<\/td>\n<td>30<\/td>\n<\/tr>\n<tr>\n<td><\/td>\n<td><\/td>\n<td><\/td>\n<td><\/td>\n<td><\/td>\n<td><\/td>\n<\/tr>\n<tr>\n<td colspan=\"6\">JULHO 2018<\/td>\n<\/tr>\n<tr>\n<td>SEG<\/td>\n<td>TER<\/td>\n<td>QUA<\/td>\n<td>QUI<\/td>\n<td>SEX<\/td>\n<td>S\u00c1B<\/td>\n<\/tr>\n<tr>\n<td>2<\/td>\n<td>3<\/td>\n<td>4<\/td>\n<td>5<\/td>\n<td>6<\/td>\n<td>7<\/td>\n<\/tr>\n<tr>\n<td>9<\/td>\n<td>10<\/td>\n<td>11<\/td>\n<td>12<\/td>\n<td>13<\/td>\n<td>14<\/td>\n<\/tr>\n<tr>\n<td>16<\/td>\n<td>17<\/td>\n<td>18<\/td>\n<td>19<\/td>\n<td>20<\/td>\n<td>21<\/td>\n<\/tr>\n<tr>\n<td>23<\/td>\n<td>24<\/td>\n<td>25<\/td>\n<td>26<\/td>\n<td>27<\/td>\n<td>28<\/td>\n<\/tr>\n<tr>\n<td>30<\/td>\n<td>31<\/td>\n<td><\/td>\n<td><\/td>\n<td><\/td>\n<td><\/td>\n<\/tr>\n<\/tbody>\n<\/table>\n<p>&nbsp;<\/p>\n","protected":false},"excerpt":{"rendered":"<p>&nbsp; LIG Disponibilidade: segunda (M, T), ter\u00e7a (M, T), quarta (M, T), quinta (M, T) Capacidade: Caracter\u00edsticas: FEVEREIRO 2018 SEG TER QUA QUI SEX S\u00c1B 1 2 3 5 6 7 8 9 10 12 13 14 15 16 17 19 20 21 22 23 24 26 27 28 MAR\u00c7O 2018 SEG TER QUA QUI [&hellip;]<\/p>\n","protected":false},"author":235,"featured_media":0,"parent":0,"menu_order":0,"comment_status":"closed","ping_status":"closed","template":"","meta":{"footnotes":""},"class_list":["post-1778","page","type-page","status-publish","hentry"],"jetpack_sharing_enabled":true,"_links":{"self":[{"href":"https:\/\/wp.ufpel.edu.br\/faem\/wp-json\/wp\/v2\/pages\/1778","targetHints":{"allow":["GET"]}}],"collection":[{"href":"https:\/\/wp.ufpel.edu.br\/faem\/wp-json\/wp\/v2\/pages"}],"about":[{"href":"https:\/\/wp.ufpel.edu.br\/faem\/wp-json\/wp\/v2\/types\/page"}],"author":[{"embeddable":true,"href":"https:\/\/wp.ufpel.edu.br\/faem\/wp-json\/wp\/v2\/users\/235"}],"replies":[{"embeddable":true,"href":"https:\/\/wp.ufpel.edu.br\/faem\/wp-json\/wp\/v2\/comments?post=1778"}],"version-history":[{"count":2,"href":"https:\/\/wp.ufpel.edu.br\/faem\/wp-json\/wp\/v2\/pages\/1778\/revisions"}],"predecessor-version":[{"id":1782,"href":"https:\/\/wp.ufpel.edu.br\/faem\/wp-json\/wp\/v2\/pages\/1778\/revisions\/1782"}],"wp:attachment":[{"href":"https:\/\/wp.ufpel.edu.br\/faem\/wp-json\/wp\/v2\/media?parent=1778"}],"curies":[{"name":"wp","href":"https:\/\/api.w.org\/{rel}","templated":true}]}}