{"id":1696,"date":"2018-02-01T11:39:16","date_gmt":"2018-02-01T13:39:16","guid":{"rendered":"https:\/\/wp.ufpel.edu.br\/faem\/?page_id=1696"},"modified":"2018-05-07T15:07:18","modified_gmt":"2018-05-07T18:07:18","slug":"claf-4","status":"publish","type":"page","link":"https:\/\/wp.ufpel.edu.br\/faem\/claf-4\/","title":{"rendered":"CLAF 4"},"content":{"rendered":"<table style=\"height: 70px\" width=\"821\">\n<tbody>\n<tr>\n<td style=\"text-align: center\" colspan=\"2\" width=\"290\">SALA 4 CLAF<\/td>\n<\/tr>\n<tr>\n<td>Disponibilidade:<\/td>\n<td>Segunda (manh\u00e3 e tarde), Ter\u00e7a (manh\u00e3), Quarta (manh\u00e3 e tarde), Sexta (manh\u00e3 e tarde)<\/td>\n<\/tr>\n<tr>\n<td>Capacidade:<\/td>\n<td>30\/30<\/td>\n<\/tr>\n<tr>\n<td>Caracter\u00edsticas:<\/td>\n<td>Quadro branco.<\/td>\n<\/tr>\n<\/tbody>\n<\/table>\n<p>&nbsp;<\/p>\n<table width=\"725\">\n<tbody>\n<tr>\n<td colspan=\"5\" width=\"725\">MAIO 2018<\/td>\n<\/tr>\n<tr>\n<td>SEG<\/td>\n<td>TER<\/td>\n<td>QUA<\/td>\n<td>QUI<\/td>\n<td>SEX<\/td>\n<\/tr>\n<tr>\n<td><\/td>\n<td>1<\/td>\n<td>2<\/td>\n<td>3<\/td>\n<td>4<\/td>\n<\/tr>\n<tr>\n<td>7<\/td>\n<td>8<\/td>\n<td>9<\/td>\n<td>10<\/td>\n<td>11<\/td>\n<\/tr>\n<tr>\n<td>14<\/td>\n<td>15<\/td>\n<td>16<\/td>\n<td>17<\/td>\n<td>18<\/td>\n<\/tr>\n<tr>\n<td>21<\/td>\n<td>22<\/td>\n<td>23<\/td>\n<td>24<\/td>\n<td>25<\/td>\n<\/tr>\n<tr>\n<td>28<\/td>\n<td>29<\/td>\n<td>30<\/td>\n<td>31<\/td>\n<td><\/td>\n<\/tr>\n<tr>\n<td colspan=\"5\">JUNHO 2018<\/td>\n<\/tr>\n<tr>\n<td>SEG<\/td>\n<td>TER<\/td>\n<td>QUA<\/td>\n<td>QUI<\/td>\n<td>SEX<\/td>\n<\/tr>\n<tr>\n<td><\/td>\n<td><\/td>\n<td><\/td>\n<td><\/td>\n<td>1<\/td>\n<\/tr>\n<tr>\n<td>4<\/td>\n<td>5<\/td>\n<td>6<\/td>\n<td>7<\/td>\n<td>8<\/td>\n<\/tr>\n<tr>\n<td>11<\/td>\n<td>12<\/td>\n<td>13<\/td>\n<td>14<\/td>\n<td>15<\/td>\n<\/tr>\n<tr>\n<td>18<\/td>\n<td>19<\/td>\n<td>20<\/td>\n<td>21<\/td>\n<td>22<\/td>\n<\/tr>\n<tr>\n<td>25<\/td>\n<td>26<\/td>\n<td>27<\/td>\n<td>28<\/td>\n<td>29<\/td>\n<\/tr>\n<tr>\n<td colspan=\"5\">JULHO 2018<\/td>\n<\/tr>\n<tr>\n<td>SEG<\/td>\n<td>TER<\/td>\n<td>QUA<\/td>\n<td>QUI<\/td>\n<td>SEX<\/td>\n<\/tr>\n<tr>\n<td>2<\/td>\n<td>3<\/td>\n<td>4<\/td>\n<td>5<\/td>\n<td>6<\/td>\n<\/tr>\n<tr>\n<td>9<\/td>\n<td>10<\/td>\n<td>11<\/td>\n<td>12<\/td>\n<td>13<\/td>\n<\/tr>\n<tr>\n<td>16<\/td>\n<td>17<\/td>\n<td>18<\/td>\n<td>19<\/td>\n<td>20<\/td>\n<\/tr>\n<tr>\n<td>23<\/td>\n<td>24<\/td>\n<td>25<\/td>\n<td>26<\/td>\n<td>27<\/td>\n<\/tr>\n<tr>\n<td>30<\/td>\n<td>31<\/td>\n<td><\/td>\n<td><\/td>\n<td><\/td>\n<\/tr>\n<tr>\n<td colspan=\"5\">AGOSTO 2018<\/td>\n<\/tr>\n<tr>\n<td>SEG<\/td>\n<td>TER<\/td>\n<td>QUA<\/td>\n<td>QUI<\/td>\n<td>SEX<\/td>\n<\/tr>\n<tr>\n<td><\/td>\n<td><\/td>\n<td>1<\/td>\n<td>2<\/td>\n<td>3<\/td>\n<\/tr>\n<tr>\n<td>6<\/td>\n<td>7<\/td>\n<td>8<\/td>\n<td>9<\/td>\n<td>10<\/td>\n<\/tr>\n<tr>\n<td>13<\/td>\n<td>14<\/td>\n<td>15<\/td>\n<td>16<\/td>\n<td>17<\/td>\n<\/tr>\n<tr>\n<td>20<\/td>\n<td>21<\/td>\n<td>22<\/td>\n<td>23<\/td>\n<td>24<\/td>\n<\/tr>\n<tr>\n<td>27<\/td>\n<td>28<\/td>\n<td>29<\/td>\n<td>30<\/td>\n<td>31<\/td>\n<\/tr>\n<\/tbody>\n<\/table>\n<p>&nbsp;<\/p>\n","protected":false},"excerpt":{"rendered":"<p>SALA 4 CLAF Disponibilidade: Segunda (manh\u00e3 e tarde), Ter\u00e7a (manh\u00e3), Quarta (manh\u00e3 e tarde), Sexta (manh\u00e3 e tarde) Capacidade: 30\/30 Caracter\u00edsticas: Quadro branco. &nbsp; MAIO 2018 SEG TER QUA QUI SEX 1 2 3 4 7 8 9 10 11 14 15 16 17 18 21 22 23 24 25 28 29 30 31 JUNHO [&hellip;]<\/p>\n","protected":false},"author":235,"featured_media":0,"parent":0,"menu_order":0,"comment_status":"closed","ping_status":"closed","template":"","meta":{"footnotes":""},"class_list":["post-1696","page","type-page","status-publish","hentry"],"jetpack_sharing_enabled":true,"_links":{"self":[{"href":"https:\/\/wp.ufpel.edu.br\/faem\/wp-json\/wp\/v2\/pages\/1696","targetHints":{"allow":["GET"]}}],"collection":[{"href":"https:\/\/wp.ufpel.edu.br\/faem\/wp-json\/wp\/v2\/pages"}],"about":[{"href":"https:\/\/wp.ufpel.edu.br\/faem\/wp-json\/wp\/v2\/types\/page"}],"author":[{"embeddable":true,"href":"https:\/\/wp.ufpel.edu.br\/faem\/wp-json\/wp\/v2\/users\/235"}],"replies":[{"embeddable":true,"href":"https:\/\/wp.ufpel.edu.br\/faem\/wp-json\/wp\/v2\/comments?post=1696"}],"version-history":[{"count":2,"href":"https:\/\/wp.ufpel.edu.br\/faem\/wp-json\/wp\/v2\/pages\/1696\/revisions"}],"predecessor-version":[{"id":1892,"href":"https:\/\/wp.ufpel.edu.br\/faem\/wp-json\/wp\/v2\/pages\/1696\/revisions\/1892"}],"wp:attachment":[{"href":"https:\/\/wp.ufpel.edu.br\/faem\/wp-json\/wp\/v2\/media?parent=1696"}],"curies":[{"name":"wp","href":"https:\/\/api.w.org\/{rel}","templated":true}]}}