{"id":1693,"date":"2018-02-01T11:37:27","date_gmt":"2018-02-01T13:37:27","guid":{"rendered":"https:\/\/wp.ufpel.edu.br\/faem\/?page_id=1693"},"modified":"2018-07-25T14:51:35","modified_gmt":"2018-07-25T17:51:35","slug":"claf-3","status":"publish","type":"page","link":"https:\/\/wp.ufpel.edu.br\/faem\/claf-3\/","title":{"rendered":"CLAF 3"},"content":{"rendered":"<table style=\"height: 33px\" width=\"762\">\n<tbody>\n<tr>\n<td style=\"text-align: center\" colspan=\"2\" width=\"290\">SALA 3 CLAF<\/td>\n<\/tr>\n<tr>\n<td>Disponibilidade:<\/td>\n<td>Segunda (manh\u00e3 e tarde), Ter\u00e7a (manh\u00e3), Quarta (tarde), Sexta (tarde)<\/td>\n<\/tr>\n<tr>\n<td>Capacidade:<\/td>\n<td>42\/50<\/td>\n<\/tr>\n<tr>\n<td>Caracter\u00edsticas:<\/td>\n<td>Quadro branco.<\/td>\n<\/tr>\n<\/tbody>\n<\/table>\n<p>&nbsp;<\/p>\n<p>&nbsp;<\/p>\n<table width=\"725\">\n<tbody>\n<tr>\n<td style=\"text-align: center\" colspan=\"5\" width=\"725\">MAIO 2018<\/td>\n<\/tr>\n<tr>\n<td style=\"text-align: center\">SEG<\/td>\n<td style=\"text-align: center\">TER<\/td>\n<td style=\"text-align: center\">QUA<\/td>\n<td style=\"text-align: center\">QUI<\/td>\n<td style=\"text-align: center\">SEX<\/td>\n<\/tr>\n<tr>\n<td style=\"text-align: center\"><\/td>\n<td style=\"text-align: center\">1<\/td>\n<td style=\"text-align: center\">2<\/td>\n<td style=\"text-align: center\">3<\/td>\n<td style=\"text-align: center\">4<\/td>\n<\/tr>\n<tr>\n<td style=\"text-align: center\">7<\/td>\n<td style=\"text-align: center\">8<\/td>\n<td style=\"text-align: center\">9<\/td>\n<td style=\"text-align: center\">10<\/td>\n<td style=\"text-align: center\">11<\/td>\n<\/tr>\n<tr>\n<td style=\"text-align: center\">14<\/td>\n<td style=\"text-align: center\">15<\/td>\n<td style=\"text-align: center\">16<\/td>\n<td style=\"text-align: center\">17<\/td>\n<td style=\"text-align: center\">18<\/td>\n<\/tr>\n<tr>\n<td style=\"text-align: center\">21<\/td>\n<td style=\"text-align: center\">22<\/td>\n<td style=\"text-align: center\">23<\/td>\n<td style=\"text-align: center\">24<\/td>\n<td style=\"text-align: center\">25<\/td>\n<\/tr>\n<tr>\n<td style=\"text-align: center\">28<\/td>\n<td style=\"text-align: center\">29<\/td>\n<td style=\"text-align: center\">30<\/td>\n<td style=\"text-align: center\">31<\/td>\n<td style=\"text-align: center\"><\/td>\n<\/tr>\n<tr>\n<td style=\"text-align: center\" colspan=\"5\">JUNHO 2018<\/td>\n<\/tr>\n<tr>\n<td style=\"text-align: center\">SEG<\/td>\n<td style=\"text-align: center\">TER<\/td>\n<td style=\"text-align: center\">QUA<\/td>\n<td style=\"text-align: center\">QUI<\/td>\n<td style=\"text-align: center\">SEX<\/td>\n<\/tr>\n<tr>\n<td style=\"text-align: center\"><\/td>\n<td style=\"text-align: center\"><\/td>\n<td style=\"text-align: center\"><\/td>\n<td style=\"text-align: center\"><\/td>\n<td style=\"text-align: center\">1<\/td>\n<\/tr>\n<tr>\n<td style=\"text-align: center\">4<\/td>\n<td style=\"text-align: center\">5<\/td>\n<td style=\"text-align: center\">6<\/td>\n<td style=\"text-align: center\">7<\/td>\n<td style=\"text-align: center\">8<\/td>\n<\/tr>\n<tr>\n<td style=\"text-align: center\">11<\/td>\n<td style=\"text-align: center\">12<\/td>\n<td style=\"text-align: center\">13<\/td>\n<td style=\"text-align: center\">14<\/td>\n<td style=\"text-align: center\">15<\/td>\n<\/tr>\n<tr>\n<td style=\"text-align: center\">18<\/td>\n<td style=\"text-align: center\">19<\/td>\n<td style=\"text-align: center\">20<\/td>\n<td style=\"text-align: center\">21<\/td>\n<td style=\"text-align: center\">22<\/td>\n<\/tr>\n<tr>\n<td style=\"text-align: center\">25<\/td>\n<td style=\"text-align: center\">26<\/td>\n<td style=\"text-align: center\">27<\/td>\n<td style=\"text-align: center\">28<\/td>\n<td style=\"text-align: center\">29<\/td>\n<\/tr>\n<tr>\n<td style=\"text-align: center\" colspan=\"5\">JULHO 2018<\/td>\n<\/tr>\n<tr>\n<td style=\"text-align: center\">SEG<\/td>\n<td style=\"text-align: center\">TER<\/td>\n<td style=\"text-align: center\">QUA<\/td>\n<td style=\"text-align: center\">QUI<\/td>\n<td style=\"text-align: center\">SEX<\/td>\n<\/tr>\n<tr>\n<td style=\"text-align: center\" width=\"145\">2<\/td>\n<td style=\"text-align: center\" width=\"145\">3<\/td>\n<td style=\"text-align: center\" width=\"145\">4 &#8211; Manh\u00e3 &#8211; Prof\u00aa Ana &#8211; Ecologia &#8211; Biologia<\/td>\n<td style=\"text-align: center\" width=\"145\">5<\/td>\n<td style=\"text-align: center\" width=\"145\">6<\/td>\n<\/tr>\n<tr>\n<td style=\"text-align: center\" width=\"145\">9<\/td>\n<td style=\"text-align: center\" width=\"145\">10<\/td>\n<td style=\"text-align: center\" width=\"145\">11 &#8211; Manh\u00e3 &#8211; Prof\u00aa Ana &#8211; Ecologia &#8211; Biologia &#8212; 14h-16h \/ ATA 2019\/1 &#8211; Ivan Marques<\/td>\n<td style=\"text-align: center\" width=\"145\">12<\/td>\n<td style=\"text-align: center\" width=\"145\">13<\/td>\n<\/tr>\n<tr>\n<td style=\"text-align: center\" width=\"145\">16<\/td>\n<td style=\"text-align: center\" width=\"145\">17<\/td>\n<td style=\"text-align: center\" width=\"145\">18 &#8211; Manh\u00e3 &#8211;\u00a0 Prof\u00aa Ana &#8211; Ecologia &#8211; Biologia<\/td>\n<td style=\"text-align: center\" width=\"145\">19<\/td>\n<td style=\"text-align: center\" width=\"145\">20<\/td>\n<\/tr>\n<tr>\n<td style=\"text-align: center\" width=\"145\">23<\/td>\n<td style=\"text-align: center\" width=\"145\">24<\/td>\n<td style=\"text-align: center\" width=\"145\">25 &#8211; Manh\u00e3 &#8211;\u00a0 Prof\u00aa Ana &#8211; Ecologia &#8211; Biologia<\/td>\n<td style=\"text-align: center\" width=\"145\">26<\/td>\n<td style=\"text-align: center\" width=\"145\">27<\/td>\n<\/tr>\n<tr>\n<td style=\"text-align: center\" width=\"145\">30<\/td>\n<td style=\"text-align: center\" width=\"145\">31<\/td>\n<td style=\"text-align: center\" width=\"145\"><\/td>\n<td style=\"text-align: center\" width=\"145\"><\/td>\n<td style=\"text-align: center\" width=\"145\"><\/td>\n<\/tr>\n<tr>\n<td style=\"text-align: center\" colspan=\"5\" width=\"725\">AGOSTO 2018<\/td>\n<\/tr>\n<tr>\n<td style=\"text-align: center\" width=\"145\">SEG<\/td>\n<td style=\"text-align: center\" width=\"145\">TER<\/td>\n<td style=\"text-align: center\" width=\"145\">QUA<\/td>\n<td style=\"text-align: center\" width=\"145\">QUI<\/td>\n<td style=\"text-align: center\" width=\"145\">SEX<\/td>\n<\/tr>\n<tr>\n<td style=\"text-align: center\" width=\"145\"><\/td>\n<td style=\"text-align: center\" width=\"145\"><\/td>\n<td style=\"text-align: center\" width=\"145\">1 &#8211; Manh\u00e3 &#8211;\u00a0 Prof\u00aa Ana &#8211; Ecologia &#8211; Biologia<\/td>\n<td style=\"text-align: center\" width=\"145\">2<\/td>\n<td style=\"text-align: center\" width=\"145\">3<\/td>\n<\/tr>\n<tr>\n<td style=\"text-align: center\" width=\"145\">6<\/td>\n<td style=\"text-align: center\" width=\"145\">7<\/td>\n<td style=\"text-align: center\" width=\"145\">8 &#8211; Manh\u00e3 &#8211;\u00a0 Prof\u00aa Ana &#8211; Ecologia &#8211; Biologia<\/td>\n<td style=\"text-align: center\" width=\"145\">9<\/td>\n<td style=\"text-align: center\" width=\"145\">10<\/td>\n<\/tr>\n<tr>\n<td style=\"text-align: center\" width=\"145\">13<\/td>\n<td style=\"text-align: center\" width=\"145\">14<\/td>\n<td style=\"text-align: center\" width=\"145\">15 &#8211; Manh\u00e3 &#8211;\u00a0 Prof\u00aa Ana &#8211; Ecologia &#8211; Biologia<\/td>\n<td style=\"text-align: center\" width=\"145\">16<\/td>\n<td style=\"text-align: center\" width=\"145\">17<\/td>\n<\/tr>\n<tr>\n<td style=\"text-align: center\" width=\"145\">20<\/td>\n<td style=\"text-align: center\" width=\"145\">21<\/td>\n<td style=\"text-align: center\" width=\"145\">22 &#8211; Manh\u00e3 &#8211;\u00a0 Prof\u00aa Ana &#8211; Ecologia &#8211; Biologia<\/td>\n<td style=\"text-align: center\" width=\"145\">23<\/td>\n<td style=\"text-align: center\" width=\"145\">24<\/td>\n<\/tr>\n<tr>\n<td style=\"text-align: center\" width=\"145\">27<\/td>\n<td style=\"text-align: center\" width=\"145\">28<\/td>\n<td style=\"text-align: center\" width=\"145\">29 &#8211; Manh\u00e3 &#8211;\u00a0 Prof\u00aa Ana &#8211; Ecologia &#8211; Biologia<\/td>\n<td style=\"text-align: center\" width=\"145\">30<\/td>\n<td style=\"text-align: center\" width=\"145\">31<\/td>\n<\/tr>\n<\/tbody>\n<\/table>\n<p>&nbsp;<\/p>\n","protected":false},"excerpt":{"rendered":"<p>SALA 3 CLAF Disponibilidade: Segunda (manh\u00e3 e tarde), Ter\u00e7a (manh\u00e3), Quarta (tarde), Sexta (tarde) Capacidade: 42\/50 Caracter\u00edsticas: Quadro branco. &nbsp; &nbsp; MAIO 2018 SEG TER QUA QUI SEX 1 2 3 4 7 8 9 10 11 14 15 16 17 18 21 22 23 24 25 28 29 30 31 JUNHO 2018 SEG TER [&hellip;]<\/p>\n","protected":false},"author":235,"featured_media":0,"parent":0,"menu_order":0,"comment_status":"closed","ping_status":"closed","template":"","meta":{"footnotes":""},"class_list":["post-1693","page","type-page","status-publish","hentry"],"jetpack_sharing_enabled":true,"_links":{"self":[{"href":"https:\/\/wp.ufpel.edu.br\/faem\/wp-json\/wp\/v2\/pages\/1693","targetHints":{"allow":["GET"]}}],"collection":[{"href":"https:\/\/wp.ufpel.edu.br\/faem\/wp-json\/wp\/v2\/pages"}],"about":[{"href":"https:\/\/wp.ufpel.edu.br\/faem\/wp-json\/wp\/v2\/types\/page"}],"author":[{"embeddable":true,"href":"https:\/\/wp.ufpel.edu.br\/faem\/wp-json\/wp\/v2\/users\/235"}],"replies":[{"embeddable":true,"href":"https:\/\/wp.ufpel.edu.br\/faem\/wp-json\/wp\/v2\/comments?post=1693"}],"version-history":[{"count":4,"href":"https:\/\/wp.ufpel.edu.br\/faem\/wp-json\/wp\/v2\/pages\/1693\/revisions"}],"predecessor-version":[{"id":2073,"href":"https:\/\/wp.ufpel.edu.br\/faem\/wp-json\/wp\/v2\/pages\/1693\/revisions\/2073"}],"wp:attachment":[{"href":"https:\/\/wp.ufpel.edu.br\/faem\/wp-json\/wp\/v2\/media?parent=1693"}],"curies":[{"name":"wp","href":"https:\/\/api.w.org\/{rel}","templated":true}]}}