{"id":167,"date":"2013-12-02T15:55:21","date_gmt":"2013-12-02T17:55:21","guid":{"rendered":"https:\/\/wp.ufpel.edu.br\/faem\/?page_id=167"},"modified":"2022-01-24T22:45:11","modified_gmt":"2022-01-25T01:45:11","slug":"contato","status":"publish","type":"page","link":"https:\/\/wp.ufpel.edu.br\/faem\/contato\/","title":{"rendered":"Contato"},"content":{"rendered":"<p>Caso precise de mais informa\u00e7\u00f5es, entre em contato via<em> e-mail<\/em> ou atrav\u00e9s de um dos telefones:<\/p>\n<table style=\"height: 174px\" width=\"737\">\n<tbody>\n<tr>\n<td style=\"font-style: inherit;width: 406px\">Secretaria Unificada (aberta de segunda \u00e0 sexta, das 8h00 \u00e0s 20h00)<\/td>\n<td style=\"font-style: inherit;width: 315px;text-align: left\">3275-7394<\/td>\n<\/tr>\n<tr style=\"font-style: inherit;font-weight: inherit\">\n<td style=\"font-style: inherit;width: 406px;height: 28px\">Secretaria da Dire\u00e7\u00e3o<\/td>\n<td style=\"font-style: inherit;width: 315px;height: 28px;text-align: left\">3275-7250 ou 3275-7251 ou 3275-7223<\/td>\n<\/tr>\n<tr style=\"font-style: inherit;font-weight: inherit\">\n<td style=\"font-style: inherit;width: 406px;height: 28px\">Colegiado da Gradua\u00e7\u00e3o em Agronomia<\/td>\n<td style=\"font-style: inherit;width: 315px;height: 28px;text-align: left\">3275-7253 ou 3275-7348<\/td>\n<\/tr>\n<tr style=\"font-style: inherit;font-weight: inherit\">\n<td style=\"font-style: inherit;width: 406px;height: 28px\">Colegiado da Gradua\u00e7\u00e3o em Zootecnia<\/td>\n<td style=\"font-style: inherit;width: 315px;height: 28px;text-align: left\">3275-7270 ou 3275-7274<\/td>\n<\/tr>\n<tr style=\"font-style: inherit;font-weight: inherit\">\n<td style=\"font-style: inherit;width: 406px;height: 28px\">Laborat\u00f3rio de Inform\u00e1tica<\/td>\n<td style=\"font-style: inherit;width: 315px;height: 28px;text-align: left\">3275-7252<\/td>\n<\/tr>\n<tr style=\"font-style: inherit;font-weight: inherit\">\n<td style=\"font-style: inherit;width: 406px;height: 28px\">Biblioteca da FAEM<\/td>\n<td style=\"font-style: inherit;width: 315px;height: 28px;text-align: left\">3275-7151<\/td>\n<\/tr>\n<\/tbody>\n<\/table>\n<p>&nbsp;<\/p>\n<p>&nbsp;<\/p>\n<p>Cursos de P\u00f3s-Gradua\u00e7\u00e3o:<\/p>\n<table style=\"height: 446px\" width=\"584\">\n<tbody>\n<tr style=\"height: 34px\">\n<td style=\"width: 460px;height: 34px\">P\u00f3s-Gradua\u00e7\u00e3o &#8211; Curso de Especializa\u00e7\u00e3o em Engenharia Rural<\/td>\n<td style=\"width: 108px;text-align: center;height: 34px\">32757126<\/td>\n<\/tr>\n<tr style=\"height: 58px\">\n<td style=\"width: 460px;height: 58px\">P\u00f3s-Gradua\u00e7\u00e3o &#8211; Curso de Mestrado e Doutorado de Ci\u00eancia e Tecnologia de Sementes<\/td>\n<td style=\"width: 108px;text-align: center;height: 58px\">32757462<\/td>\n<\/tr>\n<tr style=\"height: 34px\">\n<td style=\"width: 460px;height: 34px\">P\u00f3s-Gradua\u00e7\u00e3o &#8211; Curso de Mestrado e Doutorado em Agronomia<\/td>\n<td style=\"width: 108px;text-align: center;height: 34px\">32757158<\/td>\n<\/tr>\n<tr style=\"height: 58px\">\n<td style=\"width: 460px;height: 58px\">P\u00f3s-Gradua\u00e7\u00e3o &#8211; Curso de Mestrado e Doutorado em Ci\u00eancia e Tecnologia de Alimentos<\/td>\n<td style=\"width: 108px;text-align: center;height: 58px\">32757258<\/td>\n<\/tr>\n<tr style=\"height: 58px\">\n<td style=\"width: 460px;height: 58px\">P\u00f3s-Gradua\u00e7\u00e3o &#8211; Curso de Mestrado e Doutorado em Fitossanidade<\/td>\n<td style=\"width: 108px;text-align: center;height: 58px\">32757391<\/td>\n<\/tr>\n<tr style=\"height: 58px\">\n<td style=\"width: 460px;height: 58px\">P\u00f3s-Gradua\u00e7\u00e3o &#8211; Curso de Mestrado e Doutorado em Manejo e Conserva\u00e7\u00e3o do Solo e da \u00c1gua<\/td>\n<td style=\"width: 108px;text-align: center;height: 58px\">32757267<\/td>\n<\/tr>\n<tr style=\"height: 59px\">\n<td style=\"width: 460px;height: 59px\">P\u00f3s-Gradua\u00e7\u00e3o &#8211; Curso de Mestrado e Doutorado em Sistemas de Produ\u00e7\u00e3o Agr\u00edcola Familiar<\/td>\n<td style=\"width: 108px;text-align: center;height: 59px\">32757581<\/td>\n<\/tr>\n<tr style=\"height: 36px\">\n<td style=\"width: 460px;height: 36px\">P\u00f3s-Gradua\u00e7\u00e3o &#8211; Curso de Mestrado e Doutorado em Zootecnia<\/td>\n<td style=\"width: 108px;text-align: center;height: 36px\">32757274<\/td>\n<\/tr>\n<\/tbody>\n<\/table>\n<p>&nbsp;<\/p>\n<p>&nbsp;<\/p>\n<p>Departamentos:<\/p>\n<table style=\"width: 608px\" width=\"797\">\n<tbody>\n<tr>\n<td style=\"width: 446px\" width=\"585\">Departamento de Ciencia e Tecnologia de Alimentos<\/td>\n<td style=\"width: 162px;text-align: center\" width=\"212\">32757284<\/td>\n<\/tr>\n<tr>\n<td style=\"width: 446px\" width=\"585\">Departamento de Ciencias Sociais Agr\u00e1rias<\/td>\n<td style=\"width: 162px;text-align: center\" width=\"212\">32757256<\/td>\n<\/tr>\n<tr>\n<td style=\"width: 446px\" width=\"585\">Departamento de Engenharia Rural<\/td>\n<td style=\"width: 162px;text-align: center\" width=\"212\">32757259<\/td>\n<\/tr>\n<tr>\n<td style=\"width: 446px\" width=\"585\">Departamento de Fitotecnia<\/td>\n<td style=\"width: 162px;text-align: center\" width=\"212\">32757261 \/ 7123<\/td>\n<\/tr>\n<tr>\n<td style=\"width: 446px\" width=\"585\">Departamento de Fitossanidade<\/td>\n<td style=\"width: 162px;text-align: center\" width=\"212\">32757391<\/td>\n<\/tr>\n<tr>\n<td style=\"width: 446px\" width=\"585\">Departamento de Zootecnia<\/td>\n<td style=\"width: 162px;text-align: center\" width=\"212\">32757270<\/td>\n<\/tr>\n<tr>\n<td style=\"width: 446px\" width=\"585\">Departamento de Solos<\/td>\n<td style=\"width: 162px;text-align: center\" width=\"212\">32757267<\/td>\n<\/tr>\n<\/tbody>\n<\/table>\n<p>&nbsp;<\/p>\n<p><strong>E-mails: <\/strong>faem@ufpel.edu.br ou\u00a0 secretariafaem@gmail.com<\/p>\n<p>&nbsp;<\/p>\n\n<div class=\"wpcf7 no-js\" id=\"wpcf7-f180-o1\" lang=\"\" dir=\"ltr\" data-wpcf7-id=\"180\">\n<div class=\"screen-reader-response\"><p role=\"status\" aria-live=\"polite\" aria-atomic=\"true\"><\/p> <ul><\/ul><\/div>\n<form action=\"\/faem\/wp-json\/wp\/v2\/pages\/167#wpcf7-f180-o1\" method=\"post\" class=\"wpcf7-form init\" aria-label=\"Formul\u00e1rios de contato\" novalidate=\"novalidate\" data-status=\"init\">\n<fieldset class=\"hidden-fields-container\"><input type=\"hidden\" name=\"_wpcf7\" value=\"180\" \/><input type=\"hidden\" name=\"_wpcf7_version\" value=\"6.1.4\" \/><input type=\"hidden\" name=\"_wpcf7_locale\" value=\"\" \/><input type=\"hidden\" name=\"_wpcf7_unit_tag\" value=\"wpcf7-f180-o1\" \/><input type=\"hidden\" name=\"_wpcf7_container_post\" value=\"0\" \/><input type=\"hidden\" name=\"_wpcf7_posted_data_hash\" value=\"\" \/>\n<\/fieldset>\n<p>Seu nome (obrigat\u00f3rio)\n<\/p>\n<p><span class=\"wpcf7-form-control-wrap\" data-name=\"your-name\"><input size=\"40\" maxlength=\"400\" class=\"wpcf7-form-control wpcf7-text wpcf7-validates-as-required\" aria-required=\"true\" aria-invalid=\"false\" value=\"\" type=\"text\" name=\"your-name\" \/><\/span>\n<\/p>\n<p>Seu e-mail (obrigat\u00f3rio)\n<\/p>\n<p><span class=\"wpcf7-form-control-wrap\" data-name=\"your-email\"><input size=\"40\" maxlength=\"400\" class=\"wpcf7-form-control wpcf7-email wpcf7-validates-as-required wpcf7-text wpcf7-validates-as-email\" aria-required=\"true\" aria-invalid=\"false\" value=\"\" type=\"email\" name=\"your-email\" \/><\/span>\n<\/p>\n<p>Assunto\n<\/p>\n<p><span class=\"wpcf7-form-control-wrap\" data-name=\"your-subject\"><input size=\"40\" maxlength=\"400\" class=\"wpcf7-form-control wpcf7-text\" aria-invalid=\"false\" value=\"\" type=\"text\" name=\"your-subject\" \/><\/span>\n<\/p>\n<p>Sua mensagem\n<\/p>\n<p><span class=\"wpcf7-form-control-wrap\" data-name=\"your-message\"><textarea cols=\"40\" rows=\"10\" maxlength=\"2000\" class=\"wpcf7-form-control wpcf7-textarea\" aria-invalid=\"false\" name=\"your-message\"><\/textarea><\/span>\n<\/p>\n<p><label style=\"display: inline\">Imagem de seguran\u00e7a<\/label><br \/>\n<input type=\"hidden\" name=\"_wpcf7_captcha_challenge_captcha-1\" value=\"3154043950\" \/><img class=\"wpcf7-form-control wpcf7-captchac wpcf7-captcha-captcha-1\" width=\"72\" height=\"24\" alt=\"captcha\" src=\"https:\/\/wp.ufpel.edu.br\/faem\/files\/wpcf7_captcha\/3154043950.png\" \/><span class=\"wpcf7-form-control-wrap\" data-name=\"captcha-1\"><input size=\"8\" class=\"wpcf7-form-control wpcf7-captchar\" autocomplete=\"off\" aria-invalid=\"false\" value=\"\" type=\"text\" name=\"captcha-1\" \/><\/span>\n<\/p>\n<p><input class=\"wpcf7-form-control wpcf7-submit has-spinner\" type=\"submit\" value=\"Enviar\" \/>\n<\/p><p style=\"display: none !important;\" class=\"akismet-fields-container\" data-prefix=\"_wpcf7_ak_\"><label>&#916;<textarea name=\"_wpcf7_ak_hp_textarea\" cols=\"45\" rows=\"8\" maxlength=\"100\"><\/textarea><\/label><input type=\"hidden\" id=\"ak_js_1\" name=\"_wpcf7_ak_js\" value=\"205\"\/><script>document.getElementById( \"ak_js_1\" ).setAttribute( \"value\", ( new Date() ).getTime() );<\/script><\/p><div class=\"wpcf7-response-output\" aria-hidden=\"true\"><\/div>\n<\/form>\n<\/div>\n\n","protected":false},"excerpt":{"rendered":"<p>Caso precise de mais informa\u00e7\u00f5es, entre em contato via e-mail ou atrav\u00e9s de um dos telefones: Secretaria Unificada (aberta de segunda \u00e0 sexta, das 8h00 \u00e0s 20h00) 3275-7394 Secretaria da Dire\u00e7\u00e3o 3275-7250 ou 3275-7251 ou 3275-7223 Colegiado da Gradua\u00e7\u00e3o em Agronomia 3275-7253 ou 3275-7348 Colegiado da Gradua\u00e7\u00e3o em Zootecnia 3275-7270 ou 3275-7274 Laborat\u00f3rio de Inform\u00e1tica [&hellip;]<\/p>\n","protected":false},"author":235,"featured_media":0,"parent":0,"menu_order":0,"comment_status":"closed","ping_status":"closed","template":"","meta":{"footnotes":""},"class_list":["post-167","page","type-page","status-publish","hentry"],"jetpack_sharing_enabled":true,"_links":{"self":[{"href":"https:\/\/wp.ufpel.edu.br\/faem\/wp-json\/wp\/v2\/pages\/167","targetHints":{"allow":["GET"]}}],"collection":[{"href":"https:\/\/wp.ufpel.edu.br\/faem\/wp-json\/wp\/v2\/pages"}],"about":[{"href":"https:\/\/wp.ufpel.edu.br\/faem\/wp-json\/wp\/v2\/types\/page"}],"author":[{"embeddable":true,"href":"https:\/\/wp.ufpel.edu.br\/faem\/wp-json\/wp\/v2\/users\/235"}],"replies":[{"embeddable":true,"href":"https:\/\/wp.ufpel.edu.br\/faem\/wp-json\/wp\/v2\/comments?post=167"}],"version-history":[{"count":23,"href":"https:\/\/wp.ufpel.edu.br\/faem\/wp-json\/wp\/v2\/pages\/167\/revisions"}],"predecessor-version":[{"id":3490,"href":"https:\/\/wp.ufpel.edu.br\/faem\/wp-json\/wp\/v2\/pages\/167\/revisions\/3490"}],"wp:attachment":[{"href":"https:\/\/wp.ufpel.edu.br\/faem\/wp-json\/wp\/v2\/media?parent=167"}],"curies":[{"name":"wp","href":"https:\/\/api.w.org\/{rel}","templated":true}]}}