{"id":1663,"date":"2018-02-01T11:10:19","date_gmt":"2018-02-01T13:10:19","guid":{"rendered":"https:\/\/wp.ufpel.edu.br\/faem\/?page_id=1663"},"modified":"2018-07-25T14:31:48","modified_gmt":"2018-07-25T17:31:48","slug":"sala-310","status":"publish","type":"page","link":"https:\/\/wp.ufpel.edu.br\/faem\/sala-310\/","title":{"rendered":"Sala 310"},"content":{"rendered":"<table style=\"height: 116px\" width=\"536\">\n<tbody>\n<tr>\n<td style=\"text-align: center\" colspan=\"2\" width=\"290\">SALA 310<\/td>\n<\/tr>\n<tr>\n<td>Disponibilidade:<\/td>\n<td>Segunda (tarde), Quinta (manh\u00e3 e tarde)<\/td>\n<\/tr>\n<tr>\n<td>Capacidade:<\/td>\n<td>61<\/td>\n<\/tr>\n<tr>\n<td>Caracter\u00edsticas:<\/td>\n<td>Quadro verde, ar.<\/td>\n<\/tr>\n<\/tbody>\n<\/table>\n<p>&nbsp;<\/p>\n<table width=\"811\">\n<tbody>\n<tr>\n<td style=\"width: 797px;text-align: center\" colspan=\"5\" width=\"811\">MAIO 2018<\/td>\n<\/tr>\n<tr>\n<td style=\"width: 209px;text-align: center\">SEG<\/td>\n<td style=\"width: 149px;text-align: center\">TER<\/td>\n<td style=\"width: 136px;text-align: center\">QUA<\/td>\n<td style=\"width: 157px;text-align: center\">QUI<\/td>\n<td style=\"width: 146px;text-align: center\">SEX<\/td>\n<\/tr>\n<tr>\n<td style=\"width: 209px;text-align: center\"><\/td>\n<td style=\"width: 149px;text-align: center\">1<\/td>\n<td style=\"width: 136px;text-align: center\">2<\/td>\n<td style=\"width: 157px;text-align: center\">3<\/td>\n<td style=\"width: 146px;text-align: center\">4<\/td>\n<\/tr>\n<tr>\n<td style=\"width: 209px;text-align: center\">7<\/td>\n<td style=\"width: 149px;text-align: center\">8<\/td>\n<td style=\"width: 136px;text-align: center\">9<\/td>\n<td style=\"width: 157px;text-align: center\">10<\/td>\n<td style=\"width: 146px;text-align: center\">11<\/td>\n<\/tr>\n<tr>\n<td style=\"width: 209px;text-align: center\">14<\/td>\n<td style=\"width: 149px;text-align: center\">15<\/td>\n<td style=\"width: 136px;text-align: center\">16<\/td>\n<td style=\"width: 157px;text-align: center\">17<\/td>\n<td style=\"width: 146px;text-align: center\">18<\/td>\n<\/tr>\n<tr>\n<td style=\"width: 209px;text-align: center\">21<\/td>\n<td style=\"width: 149px;text-align: center\">22<\/td>\n<td style=\"width: 136px;text-align: center\">23<\/td>\n<td style=\"width: 157px;text-align: center\">24<\/td>\n<td style=\"width: 146px;text-align: center\">25<\/td>\n<\/tr>\n<tr>\n<td style=\"width: 209px;text-align: center\">28<\/td>\n<td style=\"width: 149px;text-align: center\">29<\/td>\n<td style=\"width: 136px;text-align: center\">30<\/td>\n<td style=\"width: 157px;text-align: center\">31<\/td>\n<td style=\"width: 146px;text-align: center\"><\/td>\n<\/tr>\n<tr>\n<td style=\"width: 797px;text-align: center\" colspan=\"5\">JUNHO 2018<\/td>\n<\/tr>\n<tr>\n<td style=\"width: 209px;text-align: center\">SEG<\/td>\n<td style=\"width: 149px;text-align: center\">TER<\/td>\n<td style=\"width: 136px;text-align: center\">QUA<\/td>\n<td style=\"width: 157px;text-align: center\">QUI<\/td>\n<td style=\"width: 146px;text-align: center\">SEX<\/td>\n<\/tr>\n<tr>\n<td style=\"width: 209px;text-align: center\"><\/td>\n<td style=\"width: 149px;text-align: center\"><\/td>\n<td style=\"width: 136px;text-align: center\"><\/td>\n<td style=\"width: 157px;text-align: center\"><\/td>\n<td style=\"width: 146px;text-align: center\">1<\/td>\n<\/tr>\n<tr>\n<td style=\"width: 209px;text-align: center\">4<\/td>\n<td style=\"width: 149px;text-align: center\">5<\/td>\n<td style=\"width: 136px;text-align: center\">6<\/td>\n<td style=\"width: 157px;text-align: center\">7<\/td>\n<td style=\"width: 146px;text-align: center\">8<\/td>\n<\/tr>\n<tr>\n<td style=\"width: 209px;text-align: center\">11 &#8211; Prof. F\u00e1bio de Souza<\/td>\n<td style=\"width: 149px;text-align: center\">12<\/td>\n<td style=\"width: 136px;text-align: center\">13<\/td>\n<td style=\"width: 157px;text-align: center\">14<\/td>\n<td style=\"width: 146px;text-align: center\">15<\/td>\n<\/tr>\n<tr>\n<td style=\"width: 209px;text-align: center\">18<\/td>\n<td style=\"width: 149px;text-align: center\">19<\/td>\n<td style=\"width: 136px;text-align: center\">20<\/td>\n<td style=\"width: 157px;text-align: center\">21<\/td>\n<td style=\"width: 146px;text-align: center\">22<\/td>\n<\/tr>\n<tr>\n<td style=\"width: 209px;text-align: center\">25<\/td>\n<td style=\"width: 149px;text-align: center\">26<\/td>\n<td style=\"width: 136px;text-align: center\">27<\/td>\n<td style=\"width: 157px;text-align: center\">28<\/td>\n<td style=\"width: 146px;text-align: center\">29<\/td>\n<\/tr>\n<tr>\n<td style=\"width: 797px;text-align: center\" colspan=\"5\">JULHO 2018<\/td>\n<\/tr>\n<tr>\n<td style=\"width: 209px;text-align: center\">SEG<\/td>\n<td style=\"width: 149px;text-align: center\">TER<\/td>\n<td style=\"width: 136px;text-align: center\">QUA<\/td>\n<td style=\"width: 157px;text-align: center\">QUI<\/td>\n<td style=\"width: 146px;text-align: center\">SEX<\/td>\n<\/tr>\n<tr>\n<td style=\"width: 209px;text-align: center\">2<\/td>\n<td style=\"width: 149px;text-align: center\">3<\/td>\n<td style=\"width: 136px;text-align: center\">4<\/td>\n<td style=\"width: 157px;text-align: center\">5<\/td>\n<td style=\"width: 146px;text-align: center\">6<\/td>\n<\/tr>\n<tr>\n<td style=\"width: 209px;text-align: center\">9<\/td>\n<td style=\"width: 149px;text-align: center\">10<\/td>\n<td style=\"width: 136px;text-align: center\">11<\/td>\n<td style=\"width: 157px;text-align: center\">12<\/td>\n<td style=\"width: 146px;text-align: center\">13<\/td>\n<\/tr>\n<tr>\n<td style=\"width: 209px;text-align: center\">16<\/td>\n<td style=\"width: 149px;text-align: center\">17<\/td>\n<td style=\"width: 136px;text-align: center\">18<\/td>\n<td style=\"width: 157px;text-align: center\" width=\"145\">19 &#8211; Todo dia &#8211; Prof. Anelise &#8211; DZ<\/td>\n<td style=\"width: 146px;text-align: center\">20<\/td>\n<\/tr>\n<tr>\n<td style=\"width: 209px;text-align: center\">23<\/td>\n<td style=\"width: 149px;text-align: center\">24<\/td>\n<td style=\"width: 136px;text-align: center\">25<\/td>\n<td style=\"width: 157px;text-align: center\" width=\"145\">26 &#8211; Manh\u00e3 &#8211; Prof. Jer\u00f4nimo &#8211; Defesa de Est\u00e1gio &#8211; Fabricio Seger<\/td>\n<td style=\"width: 146px;text-align: center\">27<\/td>\n<\/tr>\n<tr>\n<td style=\"width: 209px;text-align: center\">30<\/td>\n<td style=\"width: 149px;text-align: center\">31<\/td>\n<td style=\"width: 136px;text-align: center\"><\/td>\n<td style=\"width: 157px;text-align: center\"><\/td>\n<td style=\"width: 146px;text-align: center\"><\/td>\n<\/tr>\n<tr>\n<td style=\"width: 797px;text-align: center\" colspan=\"5\">AGOSTO 2018<\/td>\n<\/tr>\n<tr>\n<td style=\"width: 209px;text-align: center\">SEG<\/td>\n<td style=\"width: 149px;text-align: center\">TER<\/td>\n<td style=\"width: 136px;text-align: center\">QUA<\/td>\n<td style=\"width: 157px;text-align: center\">QUI<\/td>\n<td style=\"width: 146px;text-align: center\">SEX<\/td>\n<\/tr>\n<tr>\n<td style=\"width: 209px;text-align: center\"><\/td>\n<td style=\"width: 149px;text-align: center\"><\/td>\n<td style=\"width: 136px;text-align: center\">1<\/td>\n<td style=\"width: 157px;text-align: center\">2<\/td>\n<td style=\"width: 146px;text-align: center\">3<\/td>\n<\/tr>\n<tr>\n<td style=\"width: 209px;text-align: center\">6<\/td>\n<td style=\"width: 149px;text-align: center\">7<\/td>\n<td style=\"width: 136px;text-align: center\">8<\/td>\n<td style=\"width: 157px;text-align: center\">9<\/td>\n<td style=\"width: 146px;text-align: center\">10<\/td>\n<\/tr>\n<tr>\n<td style=\"width: 209px;text-align: center\">13<\/td>\n<td style=\"width: 149px;text-align: center\">14<\/td>\n<td style=\"width: 136px;text-align: center\">15<\/td>\n<td style=\"width: 157px;text-align: center\">16<\/td>\n<td style=\"width: 146px;text-align: center\">17<\/td>\n<\/tr>\n<tr>\n<td style=\"width: 209px;text-align: center\">20<\/td>\n<td style=\"width: 149px;text-align: center\">21<\/td>\n<td style=\"width: 136px;text-align: center\">22<\/td>\n<td style=\"width: 157px;text-align: center\">23<\/td>\n<td style=\"width: 146px;text-align: center\">24<\/td>\n<\/tr>\n<tr>\n<td style=\"width: 209px;text-align: center\">27<\/td>\n<td style=\"width: 149px;text-align: center\">28<\/td>\n<td style=\"width: 136px;text-align: center\">29<\/td>\n<td style=\"width: 157px;text-align: center\">30<\/td>\n<td style=\"width: 146px;text-align: center\">31<\/td>\n<\/tr>\n<\/tbody>\n<\/table>\n<p>&nbsp;<\/p>\n<p>&nbsp;<\/p>\n","protected":false},"excerpt":{"rendered":"<p>SALA 310 Disponibilidade: Segunda (tarde), Quinta (manh\u00e3 e tarde) Capacidade: 61 Caracter\u00edsticas: Quadro verde, ar. &nbsp; MAIO 2018 SEG TER QUA QUI SEX 1 2 3 4 7 8 9 10 11 14 15 16 17 18 21 22 23 24 25 28 29 30 31 JUNHO 2018 SEG TER QUA QUI SEX 1 4 [&hellip;]<\/p>\n","protected":false},"author":235,"featured_media":0,"parent":0,"menu_order":0,"comment_status":"closed","ping_status":"closed","template":"","meta":{"footnotes":""},"class_list":["post-1663","page","type-page","status-publish","hentry"],"jetpack_sharing_enabled":true,"_links":{"self":[{"href":"https:\/\/wp.ufpel.edu.br\/faem\/wp-json\/wp\/v2\/pages\/1663","targetHints":{"allow":["GET"]}}],"collection":[{"href":"https:\/\/wp.ufpel.edu.br\/faem\/wp-json\/wp\/v2\/pages"}],"about":[{"href":"https:\/\/wp.ufpel.edu.br\/faem\/wp-json\/wp\/v2\/types\/page"}],"author":[{"embeddable":true,"href":"https:\/\/wp.ufpel.edu.br\/faem\/wp-json\/wp\/v2\/users\/235"}],"replies":[{"embeddable":true,"href":"https:\/\/wp.ufpel.edu.br\/faem\/wp-json\/wp\/v2\/comments?post=1663"}],"version-history":[{"count":5,"href":"https:\/\/wp.ufpel.edu.br\/faem\/wp-json\/wp\/v2\/pages\/1663\/revisions"}],"predecessor-version":[{"id":2059,"href":"https:\/\/wp.ufpel.edu.br\/faem\/wp-json\/wp\/v2\/pages\/1663\/revisions\/2059"}],"wp:attachment":[{"href":"https:\/\/wp.ufpel.edu.br\/faem\/wp-json\/wp\/v2\/media?parent=1663"}],"curies":[{"name":"wp","href":"https:\/\/api.w.org\/{rel}","templated":true}]}}