{"id":1660,"date":"2018-02-01T11:08:17","date_gmt":"2018-02-01T13:08:17","guid":{"rendered":"https:\/\/wp.ufpel.edu.br\/faem\/?page_id=1660"},"modified":"2018-02-01T11:08:17","modified_gmt":"2018-02-01T13:08:17","slug":"sala-308","status":"publish","type":"page","link":"https:\/\/wp.ufpel.edu.br\/faem\/sala-308\/","title":{"rendered":"Sala 308"},"content":{"rendered":"<table style=\"height: 1594px\" width=\"948\">\n<tbody>\n<tr>\n<td width=\"152\">SALA 308<\/td>\n<td width=\"152\"><\/td>\n<td width=\"152\"><\/td>\n<td width=\"152\"><\/td>\n<td width=\"152\"><\/td>\n<td width=\"152\"><\/td>\n<\/tr>\n<tr>\n<td>Disponibilidade:<\/td>\n<td colspan=\"2\">segunda (M), ter\u00e7a (T), quinta (T), sexta (T)<\/td>\n<td><\/td>\n<td><\/td>\n<td><\/td>\n<\/tr>\n<tr>\n<td>Capacidade:<\/td>\n<td>69\/70<\/td>\n<td><\/td>\n<td><\/td>\n<td><\/td>\n<td><\/td>\n<\/tr>\n<tr>\n<td>Caracter\u00edsticas:<\/td>\n<td>Quadro verde, ar.<\/td>\n<td><\/td>\n<td><\/td>\n<td><\/td>\n<td><\/td>\n<\/tr>\n<tr>\n<td><\/td>\n<td><\/td>\n<td><\/td>\n<td><\/td>\n<td><\/td>\n<td><\/td>\n<\/tr>\n<tr>\n<td colspan=\"6\">FEVEREIRO 2018<\/td>\n<\/tr>\n<tr>\n<td>SEG<\/td>\n<td>TER<\/td>\n<td>QUA<\/td>\n<td>QUI<\/td>\n<td>SEX<\/td>\n<td>S\u00c1B<\/td>\n<\/tr>\n<tr>\n<td><\/td>\n<td><\/td>\n<td><\/td>\n<td>1<\/td>\n<td>2<\/td>\n<td>3<\/td>\n<\/tr>\n<tr>\n<td>5<\/td>\n<td>6<\/td>\n<td>7<\/td>\n<td>8<\/td>\n<td>9<\/td>\n<td>10<\/td>\n<\/tr>\n<tr>\n<td>12<\/td>\n<td>13<\/td>\n<td>14<\/td>\n<td>15<\/td>\n<td>16<\/td>\n<td>17<\/td>\n<\/tr>\n<tr>\n<td>19<\/td>\n<td>20<\/td>\n<td>21<\/td>\n<td>22<\/td>\n<td>23<\/td>\n<td>24<\/td>\n<\/tr>\n<tr>\n<td>26<\/td>\n<td>27<\/td>\n<td>28<\/td>\n<td><\/td>\n<td><\/td>\n<td><\/td>\n<\/tr>\n<tr>\n<td><\/td>\n<td><\/td>\n<td><\/td>\n<td><\/td>\n<td><\/td>\n<td><\/td>\n<\/tr>\n<tr>\n<td><\/td>\n<td><\/td>\n<td><\/td>\n<td><\/td>\n<td><\/td>\n<td><\/td>\n<\/tr>\n<tr>\n<td colspan=\"6\">MAR\u00c7O 2018<\/td>\n<\/tr>\n<tr>\n<td>SEG<\/td>\n<td>TER<\/td>\n<td>QUA<\/td>\n<td>QUI<\/td>\n<td>SEX<\/td>\n<td>S\u00c1B<\/td>\n<\/tr>\n<tr>\n<td><\/td>\n<td><\/td>\n<td><\/td>\n<td>1<\/td>\n<td>2<\/td>\n<td>3<\/td>\n<\/tr>\n<tr>\n<td>5<\/td>\n<td>6<\/td>\n<td>7<\/td>\n<td>8<\/td>\n<td>9<\/td>\n<td>10<\/td>\n<\/tr>\n<tr>\n<td>12<\/td>\n<td>13<\/td>\n<td>14<\/td>\n<td>15<\/td>\n<td>16<\/td>\n<td>17<\/td>\n<\/tr>\n<tr>\n<td>19<\/td>\n<td>20<\/td>\n<td>21<\/td>\n<td>22<\/td>\n<td>23<\/td>\n<td>24<\/td>\n<\/tr>\n<tr>\n<td>26<\/td>\n<td>27<\/td>\n<td>28<\/td>\n<td>29<\/td>\n<td>30<\/td>\n<td>31<\/td>\n<\/tr>\n<tr>\n<td><\/td>\n<td><\/td>\n<td><\/td>\n<td><\/td>\n<td><\/td>\n<td><\/td>\n<\/tr>\n<tr>\n<td colspan=\"6\">ABRIL 2018<\/td>\n<\/tr>\n<tr>\n<td>SEG<\/td>\n<td>TER<\/td>\n<td>QUA<\/td>\n<td>QUI<\/td>\n<td>SEX<\/td>\n<td>S\u00c1B<\/td>\n<\/tr>\n<tr>\n<td>2<\/td>\n<td>3<\/td>\n<td>4<\/td>\n<td>5<\/td>\n<td>6<\/td>\n<td>7<\/td>\n<\/tr>\n<tr>\n<td>9<\/td>\n<td>10<\/td>\n<td>11<\/td>\n<td>12<\/td>\n<td>13<\/td>\n<td>14<\/td>\n<\/tr>\n<tr>\n<td>16<\/td>\n<td>17<\/td>\n<td>18<\/td>\n<td>19<\/td>\n<td>20<\/td>\n<td>21<\/td>\n<\/tr>\n<tr>\n<td>23<\/td>\n<td>24<\/td>\n<td>25<\/td>\n<td>26<\/td>\n<td>27<\/td>\n<td>28<\/td>\n<\/tr>\n<tr>\n<td>30<\/td>\n<td>31<\/td>\n<td><\/td>\n<td><\/td>\n<td><\/td>\n<td><\/td>\n<\/tr>\n<tr>\n<td><\/td>\n<td><\/td>\n<td><\/td>\n<td><\/td>\n<td><\/td>\n<td><\/td>\n<\/tr>\n<tr>\n<td colspan=\"6\">MAIO 2018<\/td>\n<\/tr>\n<tr>\n<td>SEG<\/td>\n<td>TER<\/td>\n<td>QUA<\/td>\n<td>QUI<\/td>\n<td>SEX<\/td>\n<td>S\u00c1B<\/td>\n<\/tr>\n<tr>\n<td><\/td>\n<td>1<\/td>\n<td>2<\/td>\n<td>3<\/td>\n<td>4<\/td>\n<td>5<\/td>\n<\/tr>\n<tr>\n<td>7<\/td>\n<td>8<\/td>\n<td>9<\/td>\n<td>10<\/td>\n<td>11<\/td>\n<td>12<\/td>\n<\/tr>\n<tr>\n<td>14<\/td>\n<td>15<\/td>\n<td>16<\/td>\n<td>17<\/td>\n<td>18<\/td>\n<td>19<\/td>\n<\/tr>\n<tr>\n<td>21<\/td>\n<td>22<\/td>\n<td>23<\/td>\n<td>24<\/td>\n<td>25<\/td>\n<td>26<\/td>\n<\/tr>\n<tr>\n<td>28<\/td>\n<td>29<\/td>\n<td>30<\/td>\n<td>31<\/td>\n<td><\/td>\n<td><\/td>\n<\/tr>\n<tr>\n<td><\/td>\n<td><\/td>\n<td><\/td>\n<td><\/td>\n<td><\/td>\n<td><\/td>\n<\/tr>\n<tr>\n<td colspan=\"6\">JUNHO 2018<\/td>\n<\/tr>\n<tr>\n<td>SEG<\/td>\n<td>TER<\/td>\n<td>QUA<\/td>\n<td>QUI<\/td>\n<td>SEX<\/td>\n<td>S\u00c1B<\/td>\n<\/tr>\n<tr>\n<td><\/td>\n<td><\/td>\n<td><\/td>\n<td><\/td>\n<td>1<\/td>\n<td>2<\/td>\n<\/tr>\n<tr>\n<td>4<\/td>\n<td>5<\/td>\n<td>6<\/td>\n<td>7<\/td>\n<td>8<\/td>\n<td>9<\/td>\n<\/tr>\n<tr>\n<td>11<\/td>\n<td>12<\/td>\n<td>13<\/td>\n<td>14<\/td>\n<td>15<\/td>\n<td>16<\/td>\n<\/tr>\n<tr>\n<td>18<\/td>\n<td>19<\/td>\n<td>20<\/td>\n<td>21<\/td>\n<td>22<\/td>\n<td>23<\/td>\n<\/tr>\n<tr>\n<td>25<\/td>\n<td>26<\/td>\n<td>27<\/td>\n<td>28<\/td>\n<td>29<\/td>\n<td>30<\/td>\n<\/tr>\n<tr>\n<td><\/td>\n<td><\/td>\n<td><\/td>\n<td><\/td>\n<td><\/td>\n<td><\/td>\n<\/tr>\n<tr>\n<td colspan=\"6\">JULHO 2018<\/td>\n<\/tr>\n<tr>\n<td>SEG<\/td>\n<td>TER<\/td>\n<td>QUA<\/td>\n<td>QUI<\/td>\n<td>SEX<\/td>\n<td>S\u00c1B<\/td>\n<\/tr>\n<tr>\n<td>2<\/td>\n<td>3<\/td>\n<td>4<\/td>\n<td>5<\/td>\n<td>6<\/td>\n<td>7<\/td>\n<\/tr>\n<tr>\n<td>9<\/td>\n<td>10<\/td>\n<td>11<\/td>\n<td>12<\/td>\n<td>13<\/td>\n<td>14<\/td>\n<\/tr>\n<tr>\n<td>16<\/td>\n<td>17<\/td>\n<td>18<\/td>\n<td>19<\/td>\n<td>20<\/td>\n<td>21<\/td>\n<\/tr>\n<tr>\n<td>23<\/td>\n<td>24<\/td>\n<td>25<\/td>\n<td>26<\/td>\n<td>27<\/td>\n<td>28<\/td>\n<\/tr>\n<tr>\n<td>30<\/td>\n<td>31<\/td>\n<td><\/td>\n<td><\/td>\n<td><\/td>\n<td><\/td>\n<\/tr>\n<\/tbody>\n<\/table>\n<p><\/p>\n","protected":false},"excerpt":{"rendered":"<p>SALA 308 Disponibilidade: segunda (M), ter\u00e7a (T), quinta (T), sexta (T) Capacidade: 69\/70 Caracter\u00edsticas: Quadro verde, ar. FEVEREIRO 2018 SEG TER QUA QUI SEX S\u00c1B 1 2 3 5 6 7 8 9 10 12 13 14 15 16 17 19 20 21 22 23 24 26 27 28 MAR\u00c7O 2018 SEG TER QUA QUI [&hellip;]<\/p>\n","protected":false},"author":235,"featured_media":0,"parent":0,"menu_order":0,"comment_status":"closed","ping_status":"closed","template":"","meta":{"footnotes":""},"class_list":["post-1660","page","type-page","status-publish","hentry"],"jetpack_sharing_enabled":true,"_links":{"self":[{"href":"https:\/\/wp.ufpel.edu.br\/faem\/wp-json\/wp\/v2\/pages\/1660","targetHints":{"allow":["GET"]}}],"collection":[{"href":"https:\/\/wp.ufpel.edu.br\/faem\/wp-json\/wp\/v2\/pages"}],"about":[{"href":"https:\/\/wp.ufpel.edu.br\/faem\/wp-json\/wp\/v2\/types\/page"}],"author":[{"embeddable":true,"href":"https:\/\/wp.ufpel.edu.br\/faem\/wp-json\/wp\/v2\/users\/235"}],"replies":[{"embeddable":true,"href":"https:\/\/wp.ufpel.edu.br\/faem\/wp-json\/wp\/v2\/comments?post=1660"}],"version-history":[{"count":1,"href":"https:\/\/wp.ufpel.edu.br\/faem\/wp-json\/wp\/v2\/pages\/1660\/revisions"}],"predecessor-version":[{"id":1662,"href":"https:\/\/wp.ufpel.edu.br\/faem\/wp-json\/wp\/v2\/pages\/1660\/revisions\/1662"}],"wp:attachment":[{"href":"https:\/\/wp.ufpel.edu.br\/faem\/wp-json\/wp\/v2\/media?parent=1660"}],"curies":[{"name":"wp","href":"https:\/\/api.w.org\/{rel}","templated":true}]}}