{"id":1402,"date":"2017-07-27T14:06:32","date_gmt":"2017-07-27T17:06:32","guid":{"rendered":"https:\/\/wp.ufpel.edu.br\/faem\/?page_id=1402"},"modified":"2022-01-25T19:41:53","modified_gmt":"2022-01-25T22:41:53","slug":"aplicacao-dos-recursos-da-faem","status":"publish","type":"page","link":"https:\/\/wp.ufpel.edu.br\/faem\/aplicacao-dos-recursos-da-faem\/","title":{"rendered":"Aplica\u00e7\u00e3o dos recursos da FAEM"},"content":{"rendered":"<p>EM ATUALIZA\u00c7\u00c3O!!!<\/p>\n<p>&nbsp;<\/p>\n","protected":false},"excerpt":{"rendered":"<p>EM ATUALIZA\u00c7\u00c3O!!! &nbsp;<\/p>\n","protected":false},"author":235,"featured_media":0,"parent":0,"menu_order":0,"comment_status":"closed","ping_status":"closed","template":"","meta":{"footnotes":""},"class_list":["post-1402","page","type-page","status-publish","hentry"],"jetpack_sharing_enabled":true,"_links":{"self":[{"href":"https:\/\/wp.ufpel.edu.br\/faem\/wp-json\/wp\/v2\/pages\/1402","targetHints":{"allow":["GET"]}}],"collection":[{"href":"https:\/\/wp.ufpel.edu.br\/faem\/wp-json\/wp\/v2\/pages"}],"about":[{"href":"https:\/\/wp.ufpel.edu.br\/faem\/wp-json\/wp\/v2\/types\/page"}],"author":[{"embeddable":true,"href":"https:\/\/wp.ufpel.edu.br\/faem\/wp-json\/wp\/v2\/users\/235"}],"replies":[{"embeddable":true,"href":"https:\/\/wp.ufpel.edu.br\/faem\/wp-json\/wp\/v2\/comments?post=1402"}],"version-history":[{"count":11,"href":"https:\/\/wp.ufpel.edu.br\/faem\/wp-json\/wp\/v2\/pages\/1402\/revisions"}],"predecessor-version":[{"id":3502,"href":"https:\/\/wp.ufpel.edu.br\/faem\/wp-json\/wp\/v2\/pages\/1402\/revisions\/3502"}],"wp:attachment":[{"href":"https:\/\/wp.ufpel.edu.br\/faem\/wp-json\/wp\/v2\/media?parent=1402"}],"curies":[{"name":"wp","href":"https:\/\/api.w.org\/{rel}","templated":true}]}}