{"id":1261,"date":"2017-06-07T16:59:45","date_gmt":"2017-06-07T19:59:45","guid":{"rendered":"https:\/\/wp.ufpel.edu.br\/faem\/?page_id=1261"},"modified":"2017-07-25T14:53:08","modified_gmt":"2017-07-25T17:53:08","slug":"solicitacoes","status":"publish","type":"page","link":"https:\/\/wp.ufpel.edu.br\/faem\/solicitacoes\/","title":{"rendered":"Solicita\u00e7\u00f5es"},"content":{"rendered":"<p><strong>Solicita\u00e7\u00e3o de di\u00e1rias e passagens:<\/strong><\/p>\n<p>Entregar os formul\u00e1rios e documentos digitalizados at\u00e9 <strong>15 dias<\/strong> antes da viagem.<\/p>\n<p>Preencher formul\u00e1rio: <a href=\"https:\/\/wp.ufpel.edu.br\/faem\/files\/2017\/06\/Formul\u00e1rio-de-solicita\u00e7\u00e3o-de-di\u00e1rias-e-passagens.doc\">Formul\u00e1rio de solicita\u00e7\u00e3o de di\u00e1rias e passagens<\/a>.<\/p>\n<p>Obs: a solicita\u00e7\u00e3o n\u00e3o pode ser atendida quando o proposto encontra-se em f\u00e9rias, nem quando encontra-se com presta\u00e7\u00e3o de contas pendente em virtude de outra viagem realizada e que n\u00e3o foi prestado contas.<\/p>\n<p>Documentos necess\u00e1rios para solicita\u00e7\u00e3o de di\u00e1rias e passagens (digitalizados): Documento de identifica\u00e7\u00e3o, curr\u00edculo resumido, aceite de trabalho*, convite*, programa\u00e7\u00e3o do evento*, nota t\u00e9cnica (quando colaborador eventual=n\u00e3o servidor).<\/p>\n<p>Quando o proposto ir\u00e1 utilizar ve\u00edculo pr\u00f3prio, preencher o formul\u00e1rio: <a href=\"https:\/\/wp.ufpel.edu.br\/faem\/files\/2017\/06\/Ve\u00edculo-Pr\u00f3prio.doc\">Ve\u00edculo Pr\u00f3prio<\/a>.<\/p>\n<p>Documentos necess\u00e1rios para a presta\u00e7\u00e3o de contas (at\u00e9 5 dias ap\u00f3s a viagem): Passagens rodovi\u00e1rias* originais, Certificado de participa\u00e7\u00e3o no evento.<\/p>\n<p>*Quando aplic\u00e1vel.<\/p>\n<p>&nbsp;<\/p>\n<p><strong>Solicita\u00e7\u00f5es de compras:<\/strong><\/p>\n<p><strong>1\u00b0- Verificar a disponibilidade no almoxarifado:<\/strong><\/p>\n<p><a href=\"https:\/\/buddhi.ufpel.edu.br\/sistemas\/estoque\/\">https:\/\/buddhi.ufpel.edu.br\/sistemas\/estoque\/<\/a><\/p>\n<p>Caso tenha o item requerido, fazer o pedido ao almoxarifado da FAEM via Memorando (indicando o\u00a0<u>n\u00famero\u00a0<\/u>e\u00a0<u>nome<\/u>\u00a0da mercadoria desejada)\u00a0<strong>at\u00e9 o dia 05 de cada m\u00eas<\/strong>.<\/p>\n<p>Caso n\u00e3o haja disponibilidade do item requerido, verifique o item 2.<\/p>\n<p>&nbsp;<\/p>\n<p><strong>2\u00b0- Verificar disponibilidade no Preg\u00e3o Vigente:<\/strong><\/p>\n<p><a href=\"https:\/\/wp.ufpel.edu.br\/pra\/cmp\/material\/consulta-pregoes-srp\/\">https:\/\/wp.ufpel.edu.br\/pra\/cmp\/material\/consulta-pregoes-srp\/<\/a><\/p>\n<p>Caso tenha o item requerido, fazer o pedido ao almoxarifado da FAEM via Memorando observando os prazos da p\u00e1gina 5 da <a href=\"https:\/\/wp.ufpel.edu.br\/faem\/files\/2017\/06\/Agenda-de-compras-2017.pdf\">Agenda de compras 2017<\/a> (indicar o\u00a0<u>n\u00famero do Preg\u00e3o<\/u>, o <u>n\u00famero do item<\/u>\u00a0e o\u00a0<u>nome do material requerido<\/u>).<\/p>\n<p>Pedimos que enviem os pedidos ao almoxarifado no prazo m\u00e1ximo da\u00a0<strong>semana que antecede a abertura dos pedidos pela <a href=\"https:\/\/wp.ufpel.edu.br\/faem\/files\/2017\/06\/Agenda-de-compras-2017.pdf\">Agenda de compras 2017<\/a><\/strong>, pois s\u00e3o necess\u00e1rios alguns tr\u00e2mites internos que demandam tempo.<\/p>\n<p>Caso n\u00e3o haja disponibilidade do item requerido, verifique o item 3.<\/p>\n<p>&nbsp;<\/p>\n<p><strong>3- Pedir abertura de novo Preg\u00e3o:<\/strong><\/p>\n<p>Caso n\u00e3o haja disponibilidade do item desejado no almoxarifado e nos Preg\u00f5es Vigentes, faz-se necess\u00e1rio a abertura de um novo Preg\u00e3o. Para isso, o interessado dever\u00e1 adquirir tr\u00eas or\u00e7amentos do item de seu interesse (com prazo de validade m\u00ednimo de 60 dias e diferen\u00e7a de valores de no m\u00e1ximo 30%), atentando aos prazos da <a href=\"https:\/\/wp.ufpel.edu.br\/faem\/files\/2017\/06\/Agenda-de-compras-2017.pdf\">Agenda de compras 2017<\/a><a href=\"https:\/\/wp.ufpel.edu.br\/faem\/files\/2017\/06\/Agenda-de-compras-2017.pdf\">\u00a0<\/a>\u00a0(p\u00e1ginas 1-5). Tamb\u00e9m \u00e9 necess\u00e1rio que o interessado apresente a justificativa da abertura de preg\u00e3o para o item de interesse, sendo que a justificativa deve basear-se no interesse fim da universidade, para que o pedido de abertura desse novo Preg\u00e3o tenha maior chance de ser aceito pela CMP.<\/p>\n<p>Pedimos que enviem o\u00a0<u>pedido de abertura de novo Preg\u00e3o<\/u>\u00a0via Memorando ao almoxarifado juntamente com os\u00a0<u>tr\u00eas or\u00e7amentos<\/u>\u00a0e com a\u00a0<u>justificativa<\/u>\u00a0de abertura de novo Preg\u00e3o at\u00e9 a\u00a0<strong>semana que antecede a abertura dos pedidos pela <a href=\"https:\/\/wp.ufpel.edu.br\/faem\/files\/2017\/06\/Agenda-de-compras-2017.pdf\">Agenda de compras 2017<\/a><\/strong>\u00a0(p\u00e1ginas 1-5), pois s\u00e3o necess\u00e1rios alguns tr\u00e2mites internos que demandam tempo.<\/p>\n<p><strong>Observa\u00e7\u00f5es importantes:<\/strong><\/p>\n<p>a &#8211; Com rela\u00e7\u00e3o ao pedido de\u00a0<strong>Servi\u00e7os Eventuais<\/strong>\u00a0(p\u00e1gina 6 da <a href=\"https:\/\/wp.ufpel.edu.br\/faem\/files\/2017\/06\/Agenda-de-compras-2017.pdf\">Agenda de compras 2017<\/a>), aqui se enquadram servi\u00e7os que a Universidade (prefeitura) n\u00e3o realiza.<\/p>\n<p>Para solicitar Servi\u00e7os Eventuais, o interessado dever\u00e1 adquirir tr\u00eas or\u00e7amentos do servi\u00e7o de seu interesse (com prazo de validade m\u00ednimo de 60 dias), contendo CNPJ e Raz\u00e3o Social das empresas.<\/p>\n<p>b &#8211; O or\u00e7amento da FAEM somente est\u00e1 dispon\u00edvel para itens de CONSUMO e n\u00e3o PERMANENTE. Caso haja interesse em itens permanentes \u00e9 necess\u00e1rio a autoriza\u00e7\u00e3o da PROPLAN.<\/p>\n<p>&nbsp;<\/p>\n<p><strong>Solicita\u00e7\u00e3o de transporte:<\/strong><\/p>\n<p>Preencher o formul\u00e1rio: <a href=\"https:\/\/wp.ufpel.edu.br\/faem\/files\/2017\/06\/Solicita\u00e7\u00e3o-de-Transporte-da-UFPel-1.docx\">Solicita\u00e7\u00e3o de Transporte da UFPel<\/a>.<\/p>\n<p><strong>\u00a0<\/strong><\/p>\n<p><strong>Solicita\u00e7\u00e3o de hospedagem:<\/strong><\/p>\n<p>Preencher o formul\u00e1rio: <a href=\"https:\/\/wp.ufpel.edu.br\/faem\/files\/2017\/06\/Solicita\u00e7\u00e3o-de-hospedagem.docx\">Solicita\u00e7\u00e3o de hospedagem<\/a>.<\/p>\n","protected":false},"excerpt":{"rendered":"<p>Solicita\u00e7\u00e3o de di\u00e1rias e passagens: Entregar os formul\u00e1rios e documentos digitalizados at\u00e9 15 dias antes da viagem. Preencher formul\u00e1rio: Formul\u00e1rio de solicita\u00e7\u00e3o de di\u00e1rias e passagens. Obs: a solicita\u00e7\u00e3o n\u00e3o pode ser atendida quando o proposto encontra-se em f\u00e9rias, nem quando encontra-se com presta\u00e7\u00e3o de contas pendente em virtude de outra viagem realizada e que [&hellip;]<\/p>\n","protected":false},"author":235,"featured_media":0,"parent":0,"menu_order":0,"comment_status":"closed","ping_status":"closed","template":"","meta":{"footnotes":""},"class_list":["post-1261","page","type-page","status-publish","hentry"],"jetpack_sharing_enabled":true,"_links":{"self":[{"href":"https:\/\/wp.ufpel.edu.br\/faem\/wp-json\/wp\/v2\/pages\/1261","targetHints":{"allow":["GET"]}}],"collection":[{"href":"https:\/\/wp.ufpel.edu.br\/faem\/wp-json\/wp\/v2\/pages"}],"about":[{"href":"https:\/\/wp.ufpel.edu.br\/faem\/wp-json\/wp\/v2\/types\/page"}],"author":[{"embeddable":true,"href":"https:\/\/wp.ufpel.edu.br\/faem\/wp-json\/wp\/v2\/users\/235"}],"replies":[{"embeddable":true,"href":"https:\/\/wp.ufpel.edu.br\/faem\/wp-json\/wp\/v2\/comments?post=1261"}],"version-history":[{"count":8,"href":"https:\/\/wp.ufpel.edu.br\/faem\/wp-json\/wp\/v2\/pages\/1261\/revisions"}],"predecessor-version":[{"id":1374,"href":"https:\/\/wp.ufpel.edu.br\/faem\/wp-json\/wp\/v2\/pages\/1261\/revisions\/1374"}],"wp:attachment":[{"href":"https:\/\/wp.ufpel.edu.br\/faem\/wp-json\/wp\/v2\/media?parent=1261"}],"curies":[{"name":"wp","href":"https:\/\/api.w.org\/{rel}","templated":true}]}}