{"id":3041,"date":"2025-10-03T15:33:24","date_gmt":"2025-10-03T18:33:24","guid":{"rendered":"https:\/\/wp.ufpel.edu.br\/fae\/?page_id=3041"},"modified":"2026-01-22T19:39:28","modified_gmt":"2026-01-22T22:39:28","slug":"base-de-conhecimento","status":"publish","type":"page","link":"https:\/\/wp.ufpel.edu.br\/fae\/interno\/base-de-conhecimento\/","title":{"rendered":"Base de Conhecimento"},"content":{"rendered":"<p><a href=\"https:\/\/wp.ufpel.edu.br\/progep\/afastamento-para-pos-graduacao-pos-doutorado\/\">Afastamento e prorroga\u00e7\u00e3o para p\u00f3s-gradua\u00e7\u00e3o \u2013 Docentes<\/a><\/p>\n<p><a href=\"https:\/\/wp.ufpel.edu.br\/fae\/files\/2025\/10\/Solicitacao-de-Autorizacao-para-Afastamento-Internacional.pdf\">Solicita\u00e7\u00e3o de Afastamento Internacional<\/a><\/p>\n<p><a href=\"https:\/\/wp.ufpel.edu.br\/progep\/licenca-para-capacitacao-2\/\">Licen\u00e7a capacita\u00e7\u00e3o \u2013 Docentes e TAEs<\/a><\/p>\n<p><a href=\"https:\/\/wp.ufpel.edu.br\/escritoriodeprocessos\/files\/2023\/05\/Acao-de-Desenvolvimento-em-Servico.pdf\">A\u00e7\u00e3o de Desenvolvimento em Servi\u00e7o<\/a><\/p>\n<p><a href=\"https:\/\/wp.ufpel.edu.br\/escritoriodeprocessos\/files\/2023\/01\/Alteracao-de-Ferias.pdf\">Altera\u00e7\u00e3o de F\u00e9rias<\/a><\/p>\n<p><a href=\"https:\/\/wp.ufpel.edu.br\/escritoriodeprocessos\/files\/2023\/03\/Interrupcao-de-Ferias.pdf\">Interrup\u00e7\u00e3o de F\u00e9rias<\/a><\/p>\n<p><a href=\"https:\/\/wp.ufpel.edu.br\/escritoriodeprocessos\/files\/2023\/03\/Aposentadoria.pdf\">Aposentadoria<\/a><\/p>\n<p><a href=\"https:\/\/wp.ufpel.edu.br\/progep\/csqv\/licenca-para-tratamento-de-saude-servidor-a\/\">Licen\u00e7a para tratamento de sa\u00fade<\/a><\/p>\n<p><a href=\"https:\/\/wp.ufpel.edu.br\/progep\/cdp\/progressao-e-promocao-funcional-de-docentes\/\">Progress\u00e3o e Promo\u00e7\u00e3o \u2013 Docentes<\/a><\/p>\n<p>Projeto de Ensino \u2013<\/p>\n<ul>\n<li><a href=\"https:\/\/wp.ufpel.edu.br\/escritoriodeprocessos\/files\/2018\/07\/Projeto-de-Ensino-Proposi%C3%A7%C3%A3o.pdf\">Proposi\u00e7\u00e3o<\/a><\/li>\n<li><a href=\"https:\/\/wp.ufpel.edu.br\/escritoriodeprocessos\/files\/2018\/07\/Projeto-de-Ensino-Prorroga%C3%A7%C3%A3o.pdf\">Prorroga\u00e7\u00e3o<\/a><\/li>\n<li><a href=\"https:\/\/wp.ufpel.edu.br\/escritoriodeprocessos\/files\/2018\/07\/Projeto-de-Ensino-Relat%C3%B3rio-Final.pdf\">Relat\u00f3rio Final<\/a><\/li>\n<\/ul>\n<p><a href=\"https:\/\/wp.ufpel.edu.br\/sei\/files\/2023\/02\/Estagio-Probatorio-de-Servidor-Docente.pdf\">Est\u00e1gio Probat\u00f3rio de Servidor Docente<\/a><\/p>\n<p><a href=\"https:\/\/wp.ufpel.edu.br\/sei\/files\/2023\/01\/Licenca-Gestante-e-Prorrogacao.pdf\">Licen\u00e7a Gestante e Prorroga\u00e7\u00e3o<\/a><\/p>\n<p><a href=\"https:\/\/wp.ufpel.edu.br\/sei\/files\/2023\/10\/Licenca-Paternidade-e-Prorrogacao.pdf\">Licen\u00e7a Paternidade e Prorroga\u00e7\u00e3o<\/a><\/p>\n<p><a href=\"https:\/\/wp.ufpel.edu.br\/sei\/files\/2023\/03\/Solicitacao-de-Incentivo-a-Qualificacao.pdf\">Solicita\u00e7\u00e3o de Incentivo \u00e0 Qualifica\u00e7\u00e3o<\/a><\/p>\n<p><a href=\"https:\/\/wp.ufpel.edu.br\/sei\/files\/2021\/10\/Votacao-Eletronica-via-Sistema-Helios-Voting-Direcao-Unidade-BDC.pdf\">Vota\u00e7\u00e3o Eletr\u00f4nica via Sistema Helios Voting (Dire\u00e7\u00e3o da Unidade)<\/a><\/p>\n<p><a href=\"https:\/\/wp.ufpel.edu.br\/sei\/files\/2021\/10\/Votacao-Eletronica-Via-Sistema-Helios-Voting-Outros-Cargos-da-UA.pdf\">Vota\u00e7\u00e3o Eletr\u00f4nica Via Sistema Helios Voting (Outros Cargos da Unidade Acad\u00eamica)<\/a><\/p>\n","protected":false},"excerpt":{"rendered":"<p>Afastamento e prorroga\u00e7\u00e3o para p\u00f3s-gradua\u00e7\u00e3o \u2013 Docentes Solicita\u00e7\u00e3o de Afastamento Internacional Licen\u00e7a capacita\u00e7\u00e3o \u2013 Docentes e TAEs A\u00e7\u00e3o de Desenvolvimento em Servi\u00e7o Altera\u00e7\u00e3o de F\u00e9rias Interrup\u00e7\u00e3o de F\u00e9rias Aposentadoria Licen\u00e7a para tratamento de sa\u00fade Progress\u00e3o e Promo\u00e7\u00e3o \u2013 Docentes Projeto de Ensino \u2013 Proposi\u00e7\u00e3o Prorroga\u00e7\u00e3o Relat\u00f3rio Final Est\u00e1gio Probat\u00f3rio de Servidor Docente Licen\u00e7a Gestante e [&hellip;]<\/p>\n","protected":false},"author":325,"featured_media":0,"parent":3079,"menu_order":1,"comment_status":"closed","ping_status":"closed","template":"","meta":{"jetpack_post_was_ever_published":false,"footnotes":""},"class_list":["post-3041","page","type-page","status-publish","hentry"],"yoast_head":"<!-- This site is optimized with the Yoast SEO plugin v26.7 - https:\/\/yoast.com\/wordpress\/plugins\/seo\/ -->\n<title>Base de Conhecimento - FACULDADE DE EDUCA\u00c7\u00c3O - Ufpel<\/title>\n<meta name=\"robots\" content=\"index, follow, max-snippet:-1, max-image-preview:large, max-video-preview:-1\" \/>\n<link rel=\"canonical\" href=\"https:\/\/wp.ufpel.edu.br\/fae\/interno\/base-de-conhecimento\/\" \/>\n<meta property=\"og:locale\" content=\"pt_BR\" \/>\n<meta property=\"og:type\" content=\"article\" \/>\n<meta property=\"og:title\" content=\"Base de Conhecimento - FACULDADE DE EDUCA\u00c7\u00c3O - Ufpel\" \/>\n<meta property=\"og:description\" content=\"Afastamento e prorroga\u00e7\u00e3o para p\u00f3s-gradua\u00e7\u00e3o \u2013 Docentes Solicita\u00e7\u00e3o de Afastamento Internacional Licen\u00e7a capacita\u00e7\u00e3o \u2013 Docentes e TAEs A\u00e7\u00e3o de Desenvolvimento em Servi\u00e7o Altera\u00e7\u00e3o de F\u00e9rias Interrup\u00e7\u00e3o de F\u00e9rias Aposentadoria Licen\u00e7a para tratamento de sa\u00fade Progress\u00e3o e Promo\u00e7\u00e3o \u2013 Docentes Projeto de Ensino \u2013 Proposi\u00e7\u00e3o Prorroga\u00e7\u00e3o Relat\u00f3rio Final Est\u00e1gio Probat\u00f3rio de Servidor Docente Licen\u00e7a Gestante e [&hellip;]\" \/>\n<meta property=\"og:url\" content=\"https:\/\/wp.ufpel.edu.br\/fae\/interno\/base-de-conhecimento\/\" \/>\n<meta property=\"og:site_name\" content=\"FACULDADE DE EDUCA\u00c7\u00c3O - Ufpel\" \/>\n<meta property=\"article:modified_time\" content=\"2026-01-22T22:39:28+00:00\" \/>\n<meta name=\"twitter:card\" content=\"summary_large_image\" \/>\n<meta name=\"twitter:label1\" content=\"Est. tempo de leitura\" \/>\n\t<meta name=\"twitter:data1\" content=\"1 minuto\" \/>\n<script type=\"application\/ld+json\" class=\"yoast-schema-graph\">{\"@context\":\"https:\/\/schema.org\",\"@graph\":[{\"@type\":\"WebPage\",\"@id\":\"https:\/\/wp.ufpel.edu.br\/fae\/interno\/base-de-conhecimento\/\",\"url\":\"https:\/\/wp.ufpel.edu.br\/fae\/interno\/base-de-conhecimento\/\",\"name\":\"Base de Conhecimento - FACULDADE DE EDUCA\u00c7\u00c3O - Ufpel\",\"isPartOf\":{\"@id\":\"https:\/\/wp.ufpel.edu.br\/fae\/#website\"},\"datePublished\":\"2025-10-03T18:33:24+00:00\",\"dateModified\":\"2026-01-22T22:39:28+00:00\",\"breadcrumb\":{\"@id\":\"https:\/\/wp.ufpel.edu.br\/fae\/interno\/base-de-conhecimento\/#breadcrumb\"},\"inLanguage\":\"pt-BR\",\"potentialAction\":[{\"@type\":\"ReadAction\",\"target\":[\"https:\/\/wp.ufpel.edu.br\/fae\/interno\/base-de-conhecimento\/\"]}]},{\"@type\":\"BreadcrumbList\",\"@id\":\"https:\/\/wp.ufpel.edu.br\/fae\/interno\/base-de-conhecimento\/#breadcrumb\",\"itemListElement\":[{\"@type\":\"ListItem\",\"position\":1,\"name\":\"In\u00edcio\",\"item\":\"https:\/\/wp.ufpel.edu.br\/fae\/\"},{\"@type\":\"ListItem\",\"position\":2,\"name\":\"INTERNO\",\"item\":\"https:\/\/wp.ufpel.edu.br\/fae\/interno\/\"},{\"@type\":\"ListItem\",\"position\":3,\"name\":\"Base de Conhecimento\"}]},{\"@type\":\"WebSite\",\"@id\":\"https:\/\/wp.ufpel.edu.br\/fae\/#website\",\"url\":\"https:\/\/wp.ufpel.edu.br\/fae\/\",\"name\":\"FACULDADE DE EDUCA\u00c7\u00c3O - Ufpel\",\"description\":\"\",\"potentialAction\":[{\"@type\":\"SearchAction\",\"target\":{\"@type\":\"EntryPoint\",\"urlTemplate\":\"https:\/\/wp.ufpel.edu.br\/fae\/?s={search_term_string}\"},\"query-input\":{\"@type\":\"PropertyValueSpecification\",\"valueRequired\":true,\"valueName\":\"search_term_string\"}}],\"inLanguage\":\"pt-BR\"}]}<\/script>\n<!-- \/ Yoast SEO plugin. -->","yoast_head_json":{"title":"Base de Conhecimento - FACULDADE DE EDUCA\u00c7\u00c3O - Ufpel","robots":{"index":"index","follow":"follow","max-snippet":"max-snippet:-1","max-image-preview":"max-image-preview:large","max-video-preview":"max-video-preview:-1"},"canonical":"https:\/\/wp.ufpel.edu.br\/fae\/interno\/base-de-conhecimento\/","og_locale":"pt_BR","og_type":"article","og_title":"Base de Conhecimento - FACULDADE DE EDUCA\u00c7\u00c3O - Ufpel","og_description":"Afastamento e prorroga\u00e7\u00e3o para p\u00f3s-gradua\u00e7\u00e3o \u2013 Docentes Solicita\u00e7\u00e3o de Afastamento Internacional Licen\u00e7a capacita\u00e7\u00e3o \u2013 Docentes e TAEs A\u00e7\u00e3o de Desenvolvimento em Servi\u00e7o Altera\u00e7\u00e3o de F\u00e9rias Interrup\u00e7\u00e3o de F\u00e9rias Aposentadoria Licen\u00e7a para tratamento de sa\u00fade Progress\u00e3o e Promo\u00e7\u00e3o \u2013 Docentes Projeto de Ensino \u2013 Proposi\u00e7\u00e3o Prorroga\u00e7\u00e3o Relat\u00f3rio Final Est\u00e1gio Probat\u00f3rio de Servidor Docente Licen\u00e7a Gestante e [&hellip;]","og_url":"https:\/\/wp.ufpel.edu.br\/fae\/interno\/base-de-conhecimento\/","og_site_name":"FACULDADE DE EDUCA\u00c7\u00c3O - Ufpel","article_modified_time":"2026-01-22T22:39:28+00:00","twitter_card":"summary_large_image","twitter_misc":{"Est. tempo de leitura":"1 minuto"},"schema":{"@context":"https:\/\/schema.org","@graph":[{"@type":"WebPage","@id":"https:\/\/wp.ufpel.edu.br\/fae\/interno\/base-de-conhecimento\/","url":"https:\/\/wp.ufpel.edu.br\/fae\/interno\/base-de-conhecimento\/","name":"Base de Conhecimento - FACULDADE DE EDUCA\u00c7\u00c3O - Ufpel","isPartOf":{"@id":"https:\/\/wp.ufpel.edu.br\/fae\/#website"},"datePublished":"2025-10-03T18:33:24+00:00","dateModified":"2026-01-22T22:39:28+00:00","breadcrumb":{"@id":"https:\/\/wp.ufpel.edu.br\/fae\/interno\/base-de-conhecimento\/#breadcrumb"},"inLanguage":"pt-BR","potentialAction":[{"@type":"ReadAction","target":["https:\/\/wp.ufpel.edu.br\/fae\/interno\/base-de-conhecimento\/"]}]},{"@type":"BreadcrumbList","@id":"https:\/\/wp.ufpel.edu.br\/fae\/interno\/base-de-conhecimento\/#breadcrumb","itemListElement":[{"@type":"ListItem","position":1,"name":"In\u00edcio","item":"https:\/\/wp.ufpel.edu.br\/fae\/"},{"@type":"ListItem","position":2,"name":"INTERNO","item":"https:\/\/wp.ufpel.edu.br\/fae\/interno\/"},{"@type":"ListItem","position":3,"name":"Base de Conhecimento"}]},{"@type":"WebSite","@id":"https:\/\/wp.ufpel.edu.br\/fae\/#website","url":"https:\/\/wp.ufpel.edu.br\/fae\/","name":"FACULDADE DE EDUCA\u00c7\u00c3O - Ufpel","description":"","potentialAction":[{"@type":"SearchAction","target":{"@type":"EntryPoint","urlTemplate":"https:\/\/wp.ufpel.edu.br\/fae\/?s={search_term_string}"},"query-input":{"@type":"PropertyValueSpecification","valueRequired":true,"valueName":"search_term_string"}}],"inLanguage":"pt-BR"}]}},"jetpack_sharing_enabled":true,"jetpack_shortlink":"https:\/\/wp.me\/P6QmCH-N3","jetpack_likes_enabled":true,"_links":{"self":[{"href":"https:\/\/wp.ufpel.edu.br\/fae\/wp-json\/wp\/v2\/pages\/3041","targetHints":{"allow":["GET"]}}],"collection":[{"href":"https:\/\/wp.ufpel.edu.br\/fae\/wp-json\/wp\/v2\/pages"}],"about":[{"href":"https:\/\/wp.ufpel.edu.br\/fae\/wp-json\/wp\/v2\/types\/page"}],"author":[{"embeddable":true,"href":"https:\/\/wp.ufpel.edu.br\/fae\/wp-json\/wp\/v2\/users\/325"}],"replies":[{"embeddable":true,"href":"https:\/\/wp.ufpel.edu.br\/fae\/wp-json\/wp\/v2\/comments?post=3041"}],"version-history":[{"count":3,"href":"https:\/\/wp.ufpel.edu.br\/fae\/wp-json\/wp\/v2\/pages\/3041\/revisions"}],"predecessor-version":[{"id":3047,"href":"https:\/\/wp.ufpel.edu.br\/fae\/wp-json\/wp\/v2\/pages\/3041\/revisions\/3047"}],"up":[{"embeddable":true,"href":"https:\/\/wp.ufpel.edu.br\/fae\/wp-json\/wp\/v2\/pages\/3079"}],"wp:attachment":[{"href":"https:\/\/wp.ufpel.edu.br\/fae\/wp-json\/wp\/v2\/media?parent=3041"}],"curies":[{"name":"wp","href":"https:\/\/api.w.org\/{rel}","templated":true}]}}