{"id":2869,"date":"2025-04-15T21:07:13","date_gmt":"2025-04-16T00:07:13","guid":{"rendered":"https:\/\/wp.ufpel.edu.br\/fae\/?page_id=2869"},"modified":"2025-09-12T19:19:43","modified_gmt":"2025-09-12T22:19:43","slug":"ppge-e-especializacao-e-educacao","status":"publish","type":"page","link":"https:\/\/wp.ufpel.edu.br\/fae\/ppge-e-especializacao-e-educacao\/","title":{"rendered":"PPGE e Especializa\u00e7\u00e3o e Educa\u00e7\u00e3o"},"content":{"rendered":"<p style=\"text-align: center;\"><span style=\"font-size: 14pt;\"><strong>Semestre 2025\/02 &#8211; Come\u00e7o letivo em setembro de 2025<\/strong><\/span><\/p>\n<p>Para consultar a rela\u00e7\u00e3o de disciplinas do PPGE, acesse: <span style=\"color: #0000ff;\"><a style=\"color: #0000ff;\" href=\"https:\/\/wp.ufpel.edu.br\/ppge\/horarios\/\">https:\/\/wp.ufpel.edu.br\/ppge\/horarios\/ <\/a><\/span>.<\/p>\n<p>Para informa\u00e7\u00f5es sobre o curso de Especializa\u00e7\u00e3o em Educa\u00e7\u00e3o, clique em <span style=\"text-decoration: underline;\"><span style=\"color: #0000ff; text-decoration: underline;\">https:\/\/wp.ufpel.edu.br\/especializacaoeducacaofae\/<\/span><\/span>. As disciplinas desse curso est\u00e3o sendo realizadas na Sala de Defesas da FaE, \u00e0s quartas e quintas-feiras, das 19h \u00e0s 22h.<\/p>\n<p>Endere\u00e7o CCHS (FaE, IFISP, ICH): Rua Alberto Rosa, n\u00ba 154.<\/p>\n<p><strong data-start=\"575\" data-end=\"590\">Importante: <\/strong><span style=\"text-align: justify; color: var(--cor-texto); font-family: var(--fonte-corpo);\">N\u00c3O estamos agendando salas <\/span><span style=\"text-align: justify; color: var(--cor-texto); font-family: var(--fonte-corpo);\">para atividades eventuais, como <\/span><strong style=\"text-align: justify; color: var(--cor-texto); font-family: var(--fonte-corpo);\" data-start=\"898\" data-end=\"921\">defesas e palestras<\/strong><span style=\"text-align: justify; color: var(--cor-texto); font-family: var(--fonte-corpo);\">, por conta da interdi\u00e7\u00e3o do aul\u00e1rio da FaE.<\/span><\/p>\n","protected":false},"excerpt":{"rendered":"<p>Semestre 2025\/02 &#8211; Come\u00e7o letivo em setembro de 2025 Para consultar a rela\u00e7\u00e3o de disciplinas do PPGE, acesse: https:\/\/wp.ufpel.edu.br\/ppge\/horarios\/ . Para informa\u00e7\u00f5es sobre o curso de Especializa\u00e7\u00e3o em Educa\u00e7\u00e3o, clique em https:\/\/wp.ufpel.edu.br\/especializacaoeducacaofae\/. As disciplinas desse curso est\u00e3o sendo realizadas na Sala de Defesas da FaE, \u00e0s quartas e quintas-feiras, das 19h \u00e0s 22h. Endere\u00e7o CCHS [&hellip;]<\/p>\n","protected":false},"author":325,"featured_media":0,"parent":0,"menu_order":0,"comment_status":"closed","ping_status":"closed","template":"","meta":{"jetpack_post_was_ever_published":false,"footnotes":""},"class_list":["post-2869","page","type-page","status-publish","hentry"],"yoast_head":"<!-- This site is optimized with the Yoast SEO plugin v26.7 - https:\/\/yoast.com\/wordpress\/plugins\/seo\/ -->\n<title>PPGE e Especializa\u00e7\u00e3o e Educa\u00e7\u00e3o - FACULDADE DE EDUCA\u00c7\u00c3O - Ufpel<\/title>\n<meta name=\"robots\" content=\"index, follow, max-snippet:-1, max-image-preview:large, max-video-preview:-1\" \/>\n<link rel=\"canonical\" href=\"https:\/\/wp.ufpel.edu.br\/fae\/ppge-e-especializacao-e-educacao\/\" \/>\n<meta property=\"og:locale\" content=\"pt_BR\" \/>\n<meta property=\"og:type\" content=\"article\" \/>\n<meta property=\"og:title\" content=\"PPGE e Especializa\u00e7\u00e3o e Educa\u00e7\u00e3o - FACULDADE DE EDUCA\u00c7\u00c3O - Ufpel\" \/>\n<meta property=\"og:description\" content=\"Semestre 2025\/02 &#8211; Come\u00e7o letivo em setembro de 2025 Para consultar a rela\u00e7\u00e3o de disciplinas do PPGE, acesse: https:\/\/wp.ufpel.edu.br\/ppge\/horarios\/ . Para informa\u00e7\u00f5es sobre o curso de Especializa\u00e7\u00e3o em Educa\u00e7\u00e3o, clique em https:\/\/wp.ufpel.edu.br\/especializacaoeducacaofae\/. As disciplinas desse curso est\u00e3o sendo realizadas na Sala de Defesas da FaE, \u00e0s quartas e quintas-feiras, das 19h \u00e0s 22h. Endere\u00e7o CCHS [&hellip;]\" \/>\n<meta property=\"og:url\" content=\"https:\/\/wp.ufpel.edu.br\/fae\/ppge-e-especializacao-e-educacao\/\" \/>\n<meta property=\"og:site_name\" content=\"FACULDADE DE EDUCA\u00c7\u00c3O - Ufpel\" \/>\n<meta property=\"article:modified_time\" content=\"2025-09-12T22:19:43+00:00\" \/>\n<meta name=\"twitter:card\" content=\"summary_large_image\" \/>\n<meta name=\"twitter:label1\" content=\"Est. tempo de leitura\" \/>\n\t<meta name=\"twitter:data1\" content=\"1 minuto\" \/>\n<script type=\"application\/ld+json\" class=\"yoast-schema-graph\">{\"@context\":\"https:\/\/schema.org\",\"@graph\":[{\"@type\":\"WebPage\",\"@id\":\"https:\/\/wp.ufpel.edu.br\/fae\/ppge-e-especializacao-e-educacao\/\",\"url\":\"https:\/\/wp.ufpel.edu.br\/fae\/ppge-e-especializacao-e-educacao\/\",\"name\":\"PPGE e Especializa\u00e7\u00e3o e Educa\u00e7\u00e3o - FACULDADE DE EDUCA\u00c7\u00c3O - Ufpel\",\"isPartOf\":{\"@id\":\"https:\/\/wp.ufpel.edu.br\/fae\/#website\"},\"datePublished\":\"2025-04-16T00:07:13+00:00\",\"dateModified\":\"2025-09-12T22:19:43+00:00\",\"breadcrumb\":{\"@id\":\"https:\/\/wp.ufpel.edu.br\/fae\/ppge-e-especializacao-e-educacao\/#breadcrumb\"},\"inLanguage\":\"pt-BR\",\"potentialAction\":[{\"@type\":\"ReadAction\",\"target\":[\"https:\/\/wp.ufpel.edu.br\/fae\/ppge-e-especializacao-e-educacao\/\"]}]},{\"@type\":\"BreadcrumbList\",\"@id\":\"https:\/\/wp.ufpel.edu.br\/fae\/ppge-e-especializacao-e-educacao\/#breadcrumb\",\"itemListElement\":[{\"@type\":\"ListItem\",\"position\":1,\"name\":\"In\u00edcio\",\"item\":\"https:\/\/wp.ufpel.edu.br\/fae\/\"},{\"@type\":\"ListItem\",\"position\":2,\"name\":\"PPGE e Especializa\u00e7\u00e3o e Educa\u00e7\u00e3o\"}]},{\"@type\":\"WebSite\",\"@id\":\"https:\/\/wp.ufpel.edu.br\/fae\/#website\",\"url\":\"https:\/\/wp.ufpel.edu.br\/fae\/\",\"name\":\"FACULDADE DE EDUCA\u00c7\u00c3O - Ufpel\",\"description\":\"\",\"potentialAction\":[{\"@type\":\"SearchAction\",\"target\":{\"@type\":\"EntryPoint\",\"urlTemplate\":\"https:\/\/wp.ufpel.edu.br\/fae\/?s={search_term_string}\"},\"query-input\":{\"@type\":\"PropertyValueSpecification\",\"valueRequired\":true,\"valueName\":\"search_term_string\"}}],\"inLanguage\":\"pt-BR\"}]}<\/script>\n<!-- \/ Yoast SEO plugin. -->","yoast_head_json":{"title":"PPGE e Especializa\u00e7\u00e3o e Educa\u00e7\u00e3o - FACULDADE DE EDUCA\u00c7\u00c3O - Ufpel","robots":{"index":"index","follow":"follow","max-snippet":"max-snippet:-1","max-image-preview":"max-image-preview:large","max-video-preview":"max-video-preview:-1"},"canonical":"https:\/\/wp.ufpel.edu.br\/fae\/ppge-e-especializacao-e-educacao\/","og_locale":"pt_BR","og_type":"article","og_title":"PPGE e Especializa\u00e7\u00e3o e Educa\u00e7\u00e3o - FACULDADE DE EDUCA\u00c7\u00c3O - Ufpel","og_description":"Semestre 2025\/02 &#8211; Come\u00e7o letivo em setembro de 2025 Para consultar a rela\u00e7\u00e3o de disciplinas do PPGE, acesse: https:\/\/wp.ufpel.edu.br\/ppge\/horarios\/ . Para informa\u00e7\u00f5es sobre o curso de Especializa\u00e7\u00e3o em Educa\u00e7\u00e3o, clique em https:\/\/wp.ufpel.edu.br\/especializacaoeducacaofae\/. As disciplinas desse curso est\u00e3o sendo realizadas na Sala de Defesas da FaE, \u00e0s quartas e quintas-feiras, das 19h \u00e0s 22h. Endere\u00e7o CCHS [&hellip;]","og_url":"https:\/\/wp.ufpel.edu.br\/fae\/ppge-e-especializacao-e-educacao\/","og_site_name":"FACULDADE DE EDUCA\u00c7\u00c3O - Ufpel","article_modified_time":"2025-09-12T22:19:43+00:00","twitter_card":"summary_large_image","twitter_misc":{"Est. tempo de leitura":"1 minuto"},"schema":{"@context":"https:\/\/schema.org","@graph":[{"@type":"WebPage","@id":"https:\/\/wp.ufpel.edu.br\/fae\/ppge-e-especializacao-e-educacao\/","url":"https:\/\/wp.ufpel.edu.br\/fae\/ppge-e-especializacao-e-educacao\/","name":"PPGE e Especializa\u00e7\u00e3o e Educa\u00e7\u00e3o - FACULDADE DE EDUCA\u00c7\u00c3O - Ufpel","isPartOf":{"@id":"https:\/\/wp.ufpel.edu.br\/fae\/#website"},"datePublished":"2025-04-16T00:07:13+00:00","dateModified":"2025-09-12T22:19:43+00:00","breadcrumb":{"@id":"https:\/\/wp.ufpel.edu.br\/fae\/ppge-e-especializacao-e-educacao\/#breadcrumb"},"inLanguage":"pt-BR","potentialAction":[{"@type":"ReadAction","target":["https:\/\/wp.ufpel.edu.br\/fae\/ppge-e-especializacao-e-educacao\/"]}]},{"@type":"BreadcrumbList","@id":"https:\/\/wp.ufpel.edu.br\/fae\/ppge-e-especializacao-e-educacao\/#breadcrumb","itemListElement":[{"@type":"ListItem","position":1,"name":"In\u00edcio","item":"https:\/\/wp.ufpel.edu.br\/fae\/"},{"@type":"ListItem","position":2,"name":"PPGE e Especializa\u00e7\u00e3o e Educa\u00e7\u00e3o"}]},{"@type":"WebSite","@id":"https:\/\/wp.ufpel.edu.br\/fae\/#website","url":"https:\/\/wp.ufpel.edu.br\/fae\/","name":"FACULDADE DE EDUCA\u00c7\u00c3O - Ufpel","description":"","potentialAction":[{"@type":"SearchAction","target":{"@type":"EntryPoint","urlTemplate":"https:\/\/wp.ufpel.edu.br\/fae\/?s={search_term_string}"},"query-input":{"@type":"PropertyValueSpecification","valueRequired":true,"valueName":"search_term_string"}}],"inLanguage":"pt-BR"}]}},"jetpack_sharing_enabled":true,"jetpack_shortlink":"https:\/\/wp.me\/P6QmCH-Kh","jetpack_likes_enabled":true,"_links":{"self":[{"href":"https:\/\/wp.ufpel.edu.br\/fae\/wp-json\/wp\/v2\/pages\/2869","targetHints":{"allow":["GET"]}}],"collection":[{"href":"https:\/\/wp.ufpel.edu.br\/fae\/wp-json\/wp\/v2\/pages"}],"about":[{"href":"https:\/\/wp.ufpel.edu.br\/fae\/wp-json\/wp\/v2\/types\/page"}],"author":[{"embeddable":true,"href":"https:\/\/wp.ufpel.edu.br\/fae\/wp-json\/wp\/v2\/users\/325"}],"replies":[{"embeddable":true,"href":"https:\/\/wp.ufpel.edu.br\/fae\/wp-json\/wp\/v2\/comments?post=2869"}],"version-history":[{"count":3,"href":"https:\/\/wp.ufpel.edu.br\/fae\/wp-json\/wp\/v2\/pages\/2869\/revisions"}],"predecessor-version":[{"id":3033,"href":"https:\/\/wp.ufpel.edu.br\/fae\/wp-json\/wp\/v2\/pages\/2869\/revisions\/3033"}],"wp:attachment":[{"href":"https:\/\/wp.ufpel.edu.br\/fae\/wp-json\/wp\/v2\/media?parent=2869"}],"curies":[{"name":"wp","href":"https:\/\/api.w.org\/{rel}","templated":true}]}}