{"id":2801,"date":"2025-03-06T16:27:33","date_gmt":"2025-03-06T19:27:33","guid":{"rendered":"https:\/\/wp.ufpel.edu.br\/fae\/?page_id=2801"},"modified":"2025-05-09T17:09:12","modified_gmt":"2025-05-09T20:09:12","slug":"agendamento-de-salas","status":"publish","type":"page","link":"https:\/\/wp.ufpel.edu.br\/fae\/agendamento-de-salas\/","title":{"rendered":"Agendamento de Salas"},"content":{"rendered":"<p>Em raz\u00e3o da interdi\u00e7\u00e3o do nosso aul\u00e1rio, n\u00e3o estamos realizando reservas!<\/p>\n<p>&nbsp;<\/p>\n","protected":false},"excerpt":{"rendered":"<p>Em raz\u00e3o da interdi\u00e7\u00e3o do nosso aul\u00e1rio, n\u00e3o estamos realizando reservas! &nbsp;<\/p>\n","protected":false},"author":325,"featured_media":0,"parent":0,"menu_order":0,"comment_status":"closed","ping_status":"closed","template":"","meta":{"jetpack_post_was_ever_published":false,"footnotes":""},"class_list":["post-2801","page","type-page","status-publish","hentry"],"yoast_head":"<!-- This site is optimized with the Yoast SEO plugin v26.7 - https:\/\/yoast.com\/wordpress\/plugins\/seo\/ -->\n<title>Agendamento de Salas - FACULDADE DE EDUCA\u00c7\u00c3O - Ufpel<\/title>\n<meta name=\"robots\" content=\"index, follow, max-snippet:-1, max-image-preview:large, max-video-preview:-1\" \/>\n<link rel=\"canonical\" href=\"https:\/\/wp.ufpel.edu.br\/fae\/agendamento-de-salas\/\" \/>\n<meta property=\"og:locale\" content=\"pt_BR\" \/>\n<meta property=\"og:type\" content=\"article\" \/>\n<meta property=\"og:title\" content=\"Agendamento de Salas - FACULDADE DE EDUCA\u00c7\u00c3O - Ufpel\" \/>\n<meta property=\"og:description\" content=\"Em raz\u00e3o da interdi\u00e7\u00e3o do nosso aul\u00e1rio, n\u00e3o estamos realizando reservas! &nbsp;\" \/>\n<meta property=\"og:url\" content=\"https:\/\/wp.ufpel.edu.br\/fae\/agendamento-de-salas\/\" \/>\n<meta property=\"og:site_name\" content=\"FACULDADE DE EDUCA\u00c7\u00c3O - Ufpel\" \/>\n<meta property=\"article:modified_time\" content=\"2025-05-09T20:09:12+00:00\" \/>\n<meta name=\"twitter:card\" content=\"summary_large_image\" \/>\n<meta name=\"twitter:label1\" content=\"Est. tempo de leitura\" \/>\n\t<meta name=\"twitter:data1\" content=\"1 minuto\" \/>\n<script type=\"application\/ld+json\" class=\"yoast-schema-graph\">{\"@context\":\"https:\/\/schema.org\",\"@graph\":[{\"@type\":\"WebPage\",\"@id\":\"https:\/\/wp.ufpel.edu.br\/fae\/agendamento-de-salas\/\",\"url\":\"https:\/\/wp.ufpel.edu.br\/fae\/agendamento-de-salas\/\",\"name\":\"Agendamento de Salas - FACULDADE DE EDUCA\u00c7\u00c3O - Ufpel\",\"isPartOf\":{\"@id\":\"https:\/\/wp.ufpel.edu.br\/fae\/#website\"},\"datePublished\":\"2025-03-06T19:27:33+00:00\",\"dateModified\":\"2025-05-09T20:09:12+00:00\",\"breadcrumb\":{\"@id\":\"https:\/\/wp.ufpel.edu.br\/fae\/agendamento-de-salas\/#breadcrumb\"},\"inLanguage\":\"pt-BR\",\"potentialAction\":[{\"@type\":\"ReadAction\",\"target\":[\"https:\/\/wp.ufpel.edu.br\/fae\/agendamento-de-salas\/\"]}]},{\"@type\":\"BreadcrumbList\",\"@id\":\"https:\/\/wp.ufpel.edu.br\/fae\/agendamento-de-salas\/#breadcrumb\",\"itemListElement\":[{\"@type\":\"ListItem\",\"position\":1,\"name\":\"In\u00edcio\",\"item\":\"https:\/\/wp.ufpel.edu.br\/fae\/\"},{\"@type\":\"ListItem\",\"position\":2,\"name\":\"Agendamento de Salas\"}]},{\"@type\":\"WebSite\",\"@id\":\"https:\/\/wp.ufpel.edu.br\/fae\/#website\",\"url\":\"https:\/\/wp.ufpel.edu.br\/fae\/\",\"name\":\"FACULDADE DE EDUCA\u00c7\u00c3O - Ufpel\",\"description\":\"\",\"potentialAction\":[{\"@type\":\"SearchAction\",\"target\":{\"@type\":\"EntryPoint\",\"urlTemplate\":\"https:\/\/wp.ufpel.edu.br\/fae\/?s={search_term_string}\"},\"query-input\":{\"@type\":\"PropertyValueSpecification\",\"valueRequired\":true,\"valueName\":\"search_term_string\"}}],\"inLanguage\":\"pt-BR\"}]}<\/script>\n<!-- \/ Yoast SEO plugin. -->","yoast_head_json":{"title":"Agendamento de Salas - FACULDADE DE EDUCA\u00c7\u00c3O - Ufpel","robots":{"index":"index","follow":"follow","max-snippet":"max-snippet:-1","max-image-preview":"max-image-preview:large","max-video-preview":"max-video-preview:-1"},"canonical":"https:\/\/wp.ufpel.edu.br\/fae\/agendamento-de-salas\/","og_locale":"pt_BR","og_type":"article","og_title":"Agendamento de Salas - FACULDADE DE EDUCA\u00c7\u00c3O - Ufpel","og_description":"Em raz\u00e3o da interdi\u00e7\u00e3o do nosso aul\u00e1rio, n\u00e3o estamos realizando reservas! &nbsp;","og_url":"https:\/\/wp.ufpel.edu.br\/fae\/agendamento-de-salas\/","og_site_name":"FACULDADE DE EDUCA\u00c7\u00c3O - Ufpel","article_modified_time":"2025-05-09T20:09:12+00:00","twitter_card":"summary_large_image","twitter_misc":{"Est. tempo de leitura":"1 minuto"},"schema":{"@context":"https:\/\/schema.org","@graph":[{"@type":"WebPage","@id":"https:\/\/wp.ufpel.edu.br\/fae\/agendamento-de-salas\/","url":"https:\/\/wp.ufpel.edu.br\/fae\/agendamento-de-salas\/","name":"Agendamento de Salas - FACULDADE DE EDUCA\u00c7\u00c3O - Ufpel","isPartOf":{"@id":"https:\/\/wp.ufpel.edu.br\/fae\/#website"},"datePublished":"2025-03-06T19:27:33+00:00","dateModified":"2025-05-09T20:09:12+00:00","breadcrumb":{"@id":"https:\/\/wp.ufpel.edu.br\/fae\/agendamento-de-salas\/#breadcrumb"},"inLanguage":"pt-BR","potentialAction":[{"@type":"ReadAction","target":["https:\/\/wp.ufpel.edu.br\/fae\/agendamento-de-salas\/"]}]},{"@type":"BreadcrumbList","@id":"https:\/\/wp.ufpel.edu.br\/fae\/agendamento-de-salas\/#breadcrumb","itemListElement":[{"@type":"ListItem","position":1,"name":"In\u00edcio","item":"https:\/\/wp.ufpel.edu.br\/fae\/"},{"@type":"ListItem","position":2,"name":"Agendamento de Salas"}]},{"@type":"WebSite","@id":"https:\/\/wp.ufpel.edu.br\/fae\/#website","url":"https:\/\/wp.ufpel.edu.br\/fae\/","name":"FACULDADE DE EDUCA\u00c7\u00c3O - Ufpel","description":"","potentialAction":[{"@type":"SearchAction","target":{"@type":"EntryPoint","urlTemplate":"https:\/\/wp.ufpel.edu.br\/fae\/?s={search_term_string}"},"query-input":{"@type":"PropertyValueSpecification","valueRequired":true,"valueName":"search_term_string"}}],"inLanguage":"pt-BR"}]}},"jetpack_sharing_enabled":true,"jetpack_shortlink":"https:\/\/wp.me\/P6QmCH-Jb","jetpack_likes_enabled":true,"_links":{"self":[{"href":"https:\/\/wp.ufpel.edu.br\/fae\/wp-json\/wp\/v2\/pages\/2801","targetHints":{"allow":["GET"]}}],"collection":[{"href":"https:\/\/wp.ufpel.edu.br\/fae\/wp-json\/wp\/v2\/pages"}],"about":[{"href":"https:\/\/wp.ufpel.edu.br\/fae\/wp-json\/wp\/v2\/types\/page"}],"author":[{"embeddable":true,"href":"https:\/\/wp.ufpel.edu.br\/fae\/wp-json\/wp\/v2\/users\/325"}],"replies":[{"embeddable":true,"href":"https:\/\/wp.ufpel.edu.br\/fae\/wp-json\/wp\/v2\/comments?post=2801"}],"version-history":[{"count":8,"href":"https:\/\/wp.ufpel.edu.br\/fae\/wp-json\/wp\/v2\/pages\/2801\/revisions"}],"predecessor-version":[{"id":2998,"href":"https:\/\/wp.ufpel.edu.br\/fae\/wp-json\/wp\/v2\/pages\/2801\/revisions\/2998"}],"wp:attachment":[{"href":"https:\/\/wp.ufpel.edu.br\/fae\/wp-json\/wp\/v2\/media?parent=2801"}],"curies":[{"name":"wp","href":"https:\/\/api.w.org\/{rel}","templated":true}]}}