{"id":2741,"date":"2025-01-04T16:55:26","date_gmt":"2025-01-04T19:55:26","guid":{"rendered":"https:\/\/wp.ufpel.edu.br\/fae\/?page_id=2741"},"modified":"2026-01-29T16:20:22","modified_gmt":"2026-01-29T19:20:22","slug":"atendimento","status":"publish","type":"page","link":"https:\/\/wp.ufpel.edu.br\/fae\/atendimento\/","title":{"rendered":"Atendimento"},"content":{"rendered":"<p data-start=\"1317\" data-end=\"1583\">O atendimento administrativo da FaE ocorre em regime h\u00edbrido, com servidores T\u00e9cnicos alternando dias de trabalho presencial e remoto.\u00a0A tabela abaixo apresenta os dias presenciais habituais de cada servidor(a), e mais abaixo seguem os contatos institucionais. Eventualmente, podem ocorrer altera\u00e7\u00f5es pontuais na escala, em raz\u00e3o de afastamentos, f\u00e9rias ou situa\u00e7\u00f5es imprevistas, sem atualiza\u00e7\u00e3o imediata desta p\u00e1gina. Para melhor encaminhamento das demandas, recomenda-se o contato pr\u00e9vio pelos canais informados.<\/p>\n<p data-start=\"1590\" data-end=\"1952\">\n<table style=\"border-collapse: collapse; width: 100%;\" border=\"1\">\n<tbody>\n<tr style=\"height: 24px;\">\n<td style=\"width: 91.7088%; text-align: center; height: 24px;\" colspan=\"6\"><strong>Atendimento presencial na Faculdade de Educa\u00e7\u00e3o &#8211; 8h \u00e0s 20h<\/strong><\/td>\n<\/tr>\n<tr style=\"height: 24px;\">\n<td style=\"width: 8.73022%; text-align: center; height: 24px;\"><\/td>\n<td style=\"width: 8.84359%; text-align: center; height: 24px;\"><strong>Segunda<\/strong><\/td>\n<td style=\"width: 20.5215%; text-align: center; height: 24px;\"><strong>Ter\u00e7a<\/strong><\/td>\n<td style=\"width: 19.3878%; text-align: center; height: 24px;\"><strong>Quarta<\/strong><\/td>\n<td style=\"width: 13.9456%; text-align: center; height: 24px;\"><strong>Quinta<\/strong><\/td>\n<td style=\"width: 20.2801%; text-align: center; height: 24px;\"><strong>Sexta<\/strong><\/td>\n<\/tr>\n<tr style=\"height: 24px;\">\n<td style=\"width: 8.73022%; text-align: center; height: 24px;\"><strong>Manh\u00e3<\/strong><\/td>\n<td style=\"width: 8.84359%; text-align: center; height: 24px;\">ANA<\/td>\n<td style=\"width: 20.5215%; text-align: center; height: 24px;\">RAIZA<\/td>\n<td style=\"width: 19.3878%; text-align: center; height: 24px;\">GUILHERME<\/td>\n<td style=\"width: 13.9456%; text-align: center; height: 24px;\">GUILHERME<\/td>\n<td style=\"width: 20.2801%; text-align: center; height: 24px;\">ANA \/ GABRIELA<\/td>\n<\/tr>\n<tr style=\"height: 47px;\">\n<td style=\"width: 8.73022%; text-align: center; height: 47px;\"><strong>Tarde<\/strong><\/td>\n<td style=\"width: 8.84359%; text-align: center; height: 47px;\">RAIZA<\/td>\n<td style=\"width: 20.5215%; text-align: center; height: 47px;\">JEFERSON \/ GUSTAVO<\/td>\n<td style=\"width: 19.3878%; text-align: center; height: 47px;\">GUILHERME \/ RAIZA<\/td>\n<td style=\"width: 13.9456%; text-align: center; height: 47px;\">GABRIELA<\/td>\n<td style=\"width: 20.2801%; text-align: center; height: 47px;\">GABRIELA \/ GUSTAVO<\/td>\n<\/tr>\n<tr style=\"height: 24px;\">\n<td style=\"width: 8.73022%; text-align: center; height: 24px;\"><strong>Noite<\/strong><\/td>\n<td style=\"width: 8.84359%; text-align: center; height: 24px;\">NANCI<\/td>\n<td style=\"width: 20.5215%; text-align: center; height: 24px;\">JEFERSON<\/td>\n<td style=\"width: 19.3878%; text-align: center; height: 24px;\">JEFERSON<\/td>\n<td style=\"width: 13.9456%; text-align: center; height: 24px;\">ANA \/ NANCI<\/td>\n<td style=\"width: 20.2801%; text-align: center; height: 24px;\">GUSTAVO<\/td>\n<\/tr>\n<\/tbody>\n<\/table>\n<p>&nbsp;<\/p>\n<p>Para atendimento telef\u00f4nico por liga\u00e7\u00e3o, a unidade disp\u00f5e de um n\u00famero institucional \u00fanico: <span style=\"text-decoration: underline;\">(53) 3284-5537<\/span>.<\/p>\n<p>Nas tabelas a seguir, organizadas por setor, constam os nomes das chefias e servidores, bem como os respectivos e-mails institucionais e contatos de WhatsApp, destinados exclusivamente ao envio de mensagens, n\u00e3o sendo utilizados para chamadas.<\/p>\n<p>&nbsp;<\/p>\n<table style=\"height: 138px; width: 55%; border-collapse: collapse;\" border=\"1\">\n<tbody>\n<tr style=\"height: 23px;\">\n<td style=\"width: 29.1667%; text-align: center; height: 23px;\" colspan=\"2\"><strong>DIRE\u00c7\u00c3O<\/strong><\/td>\n<\/tr>\n<tr style=\"height: 23px;\">\n<td style=\"width: 29.1667%; height: 23px; text-align: center;\">Diretora<\/td>\n<td style=\"width: 70.8333%; text-align: center;\">GILSENIRA DE ALCINO RANGEL<\/td>\n<\/tr>\n<tr style=\"height: 23px;\">\n<td style=\"width: 29.1667%; height: 23px; text-align: center;\">Vice-diretora<\/td>\n<td style=\"width: 70.8333%; text-align: center;\">LILIAN LORENZATO RODRIGUEZ<\/td>\n<\/tr>\n<tr style=\"height: 23px;\">\n<td style=\"width: 29.1667%; height: 23px; text-align: center;\" colspan=\"2\">E-mail: fae.ufpel@gmail.com<\/td>\n<\/tr>\n<\/tbody>\n<\/table>\n<p>&nbsp;<\/p>\n<table style=\"height: 93px; width: 55%; border-collapse: collapse;\" border=\"1\">\n<tbody>\n<tr style=\"height: 24px;\">\n<td style=\"width: 15.8821%; text-align: center; height: 24px;\" colspan=\"2\"><strong>N\u00daCLEO ADMINISTRATIVO<\/strong><\/td>\n<\/tr>\n<tr style=\"height: 23px;\">\n<td style=\"width: 4.81887%; text-align: center; height: 23px;\">Chefe do N\u00facleo<\/td>\n<td style=\"width: 11.0632%; height: 23px;\">JEFERSON DE MELLO REICHOW<\/td>\n<\/tr>\n<tr style=\"height: 23px;\">\n<td style=\"width: 4.81887%; text-align: center; height: 23px;\">E-mail<\/td>\n<td style=\"width: 11.0632%; height: 23px;\">jeferson.mello@ufpel.edu.br<\/td>\n<\/tr>\n<tr style=\"height: 23px;\">\n<td style=\"width: 15.8821%; text-align: center; height: 23px;\" colspan=\"2\">Telefone\u00a0 (53) 3284-5534<\/td>\n<\/tr>\n<\/tbody>\n<\/table>\n<p>&nbsp;<\/p>\n<table style=\"width: 70%; border-collapse: collapse;\" border=\"1\">\n<tbody>\n<tr style=\"height: 23px;\">\n<td style=\"width: 60.531%; text-align: center; height: 23px;\" colspan=\"2\"><strong>DEPARTAMENTO DE ENSINO<\/strong><\/td>\n<\/tr>\n<tr style=\"height: 23px;\">\n<td style=\"width: 30.9808%; text-align: center; height: 23px;\">Chefe de Departamento<\/td>\n<td style=\"width: 29.5502%; height: 23px;\">CAROLINE TERRA DE OLIVEIRA<\/td>\n<\/tr>\n<tr style=\"height: 23px;\">\n<td style=\"width: 30.9808%; text-align: center; height: 23px;\">Chefe de Departamento Substituto<\/td>\n<td style=\"width: 29.5502%; height: 23px;\">FERNANDO CEZAR RIPE DA CRUZ<\/td>\n<\/tr>\n<tr style=\"height: 23px;\">\n<td style=\"width: 30.9808%; text-align: center; height: 23px;\">Secret\u00e1ria<\/td>\n<td style=\"width: 29.5502%; height: 23px;\">RAIZA ALVES PEREIRA<\/td>\n<\/tr>\n<tr style=\"height: 23px;\">\n<td style=\"width: 60.531%; text-align: center; height: 23px;\" colspan=\"2\">E-mail: depefae@gmail.com<\/td>\n<\/tr>\n<tr style=\"height: 23px;\">\n<td style=\"width: 60.531%; text-align: center; height: 23px;\" colspan=\"2\">WhatsApp (53) 3284-5541<\/td>\n<\/tr>\n<\/tbody>\n<\/table>\n<p>&nbsp;<\/p>\n<table style=\"width: 70%; border-collapse: collapse;\" border=\"1\">\n<tbody>\n<tr style=\"height: 23px;\">\n<td style=\"width: 66.4113%; height: 23px; text-align: center;\" colspan=\"2\"><strong>DEPARTAMENTO FUNDAMENTOS DA EDUCA\u00c7\u00c3O<\/strong><\/td>\n<\/tr>\n<tr style=\"height: 23px;\">\n<td style=\"width: 34.292%; height: 23px; text-align: center;\">Chefe de Departamento<\/td>\n<td style=\"width: 32.1193%; height: 23px;\">SIMONE GON\u00c7ALVES DA SILVA<\/td>\n<\/tr>\n<tr style=\"height: 23px;\">\n<td style=\"width: 34.292%; height: 23px; text-align: center;\">Chefe de Departamento Substituto<\/td>\n<td style=\"width: 32.1193%; height: 23px;\">DIRLEI DE AZAMBUJA PEREIRA<\/td>\n<\/tr>\n<tr style=\"height: 23px;\">\n<td style=\"width: 34.292%; height: 23px; text-align: center;\">Secret\u00e1ria<\/td>\n<td style=\"width: 32.1193%; height: 23px;\">NANCI DALLMANN GARCIA<\/td>\n<\/tr>\n<tr style=\"height: 23px;\">\n<td style=\"width: 66.4113%; height: 23px; text-align: center;\" colspan=\"2\">E-mail: depfundamentos@gmail.com<\/td>\n<\/tr>\n<tr style=\"height: 23px;\">\n<td style=\"width: 66.4113%; height: 23px; text-align: center;\" colspan=\"2\">WhatsApp (53) 3284-5540<\/td>\n<\/tr>\n<\/tbody>\n<\/table>\n<p>&nbsp;<\/p>\n<table style=\"height: 138px; width: 70%; border-collapse: collapse;\" border=\"1\">\n<tbody>\n<tr style=\"height: 23px;\">\n<td style=\"width: 46.7147%; text-align: center; height: 23px;\" colspan=\"2\"><strong>PEDAGOGIA<\/strong><\/td>\n<\/tr>\n<tr style=\"height: 23px;\">\n<td style=\"width: 22.6867%; height: 23px; text-align: center;\">Coordenadora do Curso Vespertino<\/td>\n<td style=\"width: 24.028%; height: 23px;\">HARDALLA SANTOS DO VALLE<\/td>\n<\/tr>\n<tr style=\"height: 23px;\">\n<td style=\"width: 22.6867%; height: 23px; text-align: center;\">Coordenadora do Curso Noturno<\/td>\n<td style=\"width: 24.028%; height: 23px;\">JOSIMARA WIKBOLDT SCHWANTZ<\/td>\n<\/tr>\n<tr style=\"height: 23px;\">\n<td style=\"width: 22.6867%; height: 23px; text-align: center;\">Secret\u00e1rio<\/td>\n<td style=\"width: 24.028%; height: 23px;\">GUSTAVO HOFFMANN MOREIRA<\/td>\n<\/tr>\n<tr style=\"height: 23px;\">\n<td style=\"width: 46.7147%; height: 23px; text-align: center;\" colspan=\"2\">E-mail: cursopedagogiaufpel@gmail.com<\/td>\n<\/tr>\n<tr style=\"height: 23px;\">\n<td style=\"width: 46.7147%; height: 23px; text-align: center;\" colspan=\"2\">Telefone: (53) 384-5537<\/td>\n<\/tr>\n<\/tbody>\n<\/table>\n<p>&nbsp;<\/p>\n<table style=\"width: 70%; border-collapse: collapse;\" border=\"1\">\n<tbody>\n<tr>\n<td style=\"width: 93.0999%; text-align: center;\" colspan=\"2\"><strong>ESPECIALIZA\u00c7\u00c3O EDUCA\u00c7\u00c3O<\/strong><\/td>\n<\/tr>\n<tr>\n<td style=\"width: 38.4415%;\">Coordenadora<\/td>\n<td style=\"width: 54.6584%;\">HELENARA PLASZEWSKI<\/td>\n<\/tr>\n<tr>\n<td style=\"width: 38.4415%;\">Coordenadora Adjunta<\/td>\n<td style=\"width: 54.6584%;\">ELISA DOS SANTOS VANTI<\/td>\n<\/tr>\n<tr>\n<td style=\"width: 38.4415%;\">Secret\u00e1ria<\/td>\n<td style=\"width: 54.6584%;\">ANA LUCIA DA SILVA FERNANDES<\/td>\n<\/tr>\n<tr>\n<td style=\"width: 93.0999%; text-align: center;\" colspan=\"2\">E-mail: educacao.especializacao.ufpel@gmail.com<\/td>\n<\/tr>\n<tr>\n<td style=\"width: 93.0999%; text-align: center;\" colspan=\"2\">Telefone: (53) 3284-5535<\/td>\n<\/tr>\n<\/tbody>\n<\/table>\n<p>&nbsp;<\/p>\n<table style=\"height: 164px; width: 70%; border-collapse: collapse;\" border=\"1\">\n<tbody>\n<tr style=\"height: 49px;\">\n<td style=\"width: 93.4978%; text-align: center; height: 49px;\" colspan=\"2\"><strong>PPGECM &#8211; Programa de P\u00f3s Gradua\u00e7\u00e3o em Ensino de Ci\u00eancias e Matem\u00e1tica \u2013 Mestrado Profissional<\/strong><\/td>\n<\/tr>\n<tr style=\"height: 23px;\">\n<td style=\"width: 37.3377%; height: 23px;\">Coordenador<\/td>\n<td style=\"width: 56.1601%; height: 23px;\">F\u00c1BIO ANDR\u00c9 SANGIOGO<\/td>\n<\/tr>\n<tr style=\"height: 23px;\">\n<td style=\"width: 37.3377%; height: 23px;\">Coordenador Adjunto<\/td>\n<td style=\"width: 56.1601%; height: 23px;\">DENISE NASCIMENTO SILVEIRA<\/td>\n<\/tr>\n<tr style=\"height: 23px;\">\n<td style=\"width: 37.3377%; height: 23px;\">Secret\u00e1ria<\/td>\n<td style=\"width: 56.1601%; height: 23px;\">GABRIELA PEREIRA DE PEREIRA<\/td>\n<\/tr>\n<tr style=\"height: 23px;\">\n<td style=\"width: 93.4978%; text-align: center; height: 23px;\" colspan=\"2\">E-mail: ppgecmufpel@gmail.com<\/td>\n<\/tr>\n<tr style=\"height: 23px;\">\n<td style=\"width: 93.4978%; text-align: center; height: 23px;\" colspan=\"2\">WhatsApp (53) 3284-5539<\/td>\n<\/tr>\n<\/tbody>\n<\/table>\n<p>&nbsp;<\/p>\n<table style=\"width: 70%; border-collapse: collapse;\" border=\"1\">\n<tbody>\n<tr>\n<td style=\"width: 93.517%; text-align: center;\" colspan=\"2\"><strong>PPGE &#8211; Programa de P\u00f3s-gradua\u00e7\u00e3o em Educa\u00e7\u00e3o<\/strong><\/td>\n<\/tr>\n<tr>\n<td style=\"width: 33.6039%;\">Coordenador<\/td>\n<td style=\"width: 59.9131%;\">MARCIO RODRIGO VALE CAETANO<\/td>\n<\/tr>\n<tr>\n<td style=\"width: 33.6039%;\">Coordenadora Adjunta<\/td>\n<td style=\"width: 59.9131%;\">MAIANE LIANA HATSCHBACH OURIQUE<\/td>\n<\/tr>\n<tr>\n<td style=\"width: 33.6039%;\">Secret\u00e1rio<\/td>\n<td style=\"width: 59.9131%;\">GUILHERME SANTOS MACHADO<\/td>\n<\/tr>\n<tr>\n<td style=\"width: 93.517%; text-align: center;\" colspan=\"2\">E-mail: ppgeufpel@gmail.com<\/td>\n<\/tr>\n<tr>\n<td style=\"width: 93.517%; text-align: center;\" colspan=\"2\">WhatsApp (53) 3284-5536<\/td>\n<\/tr>\n<\/tbody>\n<\/table>\n<p>&nbsp;<\/p>\n","protected":false},"excerpt":{"rendered":"<p>O atendimento administrativo da FaE ocorre em regime h\u00edbrido, com servidores T\u00e9cnicos alternando dias de trabalho presencial e remoto.\u00a0A tabela abaixo apresenta os dias presenciais habituais de cada servidor(a), e mais abaixo seguem os contatos institucionais. Eventualmente, podem ocorrer altera\u00e7\u00f5es pontuais na escala, em raz\u00e3o de afastamentos, f\u00e9rias ou situa\u00e7\u00f5es imprevistas, sem atualiza\u00e7\u00e3o imediata desta [&hellip;]<\/p>\n","protected":false},"author":325,"featured_media":0,"parent":0,"menu_order":0,"comment_status":"closed","ping_status":"closed","template":"","meta":{"jetpack_post_was_ever_published":false,"footnotes":""},"class_list":["post-2741","page","type-page","status-publish","hentry"],"yoast_head":"<!-- This site is optimized with the Yoast SEO plugin v26.7 - https:\/\/yoast.com\/wordpress\/plugins\/seo\/ -->\n<title>Atendimento - FACULDADE DE EDUCA\u00c7\u00c3O - Ufpel<\/title>\n<meta name=\"robots\" content=\"index, follow, max-snippet:-1, max-image-preview:large, max-video-preview:-1\" \/>\n<link rel=\"canonical\" href=\"https:\/\/wp.ufpel.edu.br\/fae\/atendimento\/\" \/>\n<meta property=\"og:locale\" content=\"pt_BR\" \/>\n<meta property=\"og:type\" content=\"article\" \/>\n<meta property=\"og:title\" content=\"Atendimento - FACULDADE DE EDUCA\u00c7\u00c3O - Ufpel\" \/>\n<meta property=\"og:description\" content=\"O atendimento administrativo da FaE ocorre em regime h\u00edbrido, com servidores T\u00e9cnicos alternando dias de trabalho presencial e remoto.\u00a0A tabela abaixo apresenta os dias presenciais habituais de cada servidor(a), e mais abaixo seguem os contatos institucionais. Eventualmente, podem ocorrer altera\u00e7\u00f5es pontuais na escala, em raz\u00e3o de afastamentos, f\u00e9rias ou situa\u00e7\u00f5es imprevistas, sem atualiza\u00e7\u00e3o imediata desta [&hellip;]\" \/>\n<meta property=\"og:url\" content=\"https:\/\/wp.ufpel.edu.br\/fae\/atendimento\/\" \/>\n<meta property=\"og:site_name\" content=\"FACULDADE DE EDUCA\u00c7\u00c3O - Ufpel\" \/>\n<meta property=\"article:modified_time\" content=\"2026-01-29T19:20:22+00:00\" \/>\n<meta name=\"twitter:card\" content=\"summary_large_image\" \/>\n<meta name=\"twitter:label1\" content=\"Est. tempo de leitura\" \/>\n\t<meta name=\"twitter:data1\" content=\"2 minutos\" \/>\n<script type=\"application\/ld+json\" class=\"yoast-schema-graph\">{\"@context\":\"https:\/\/schema.org\",\"@graph\":[{\"@type\":\"WebPage\",\"@id\":\"https:\/\/wp.ufpel.edu.br\/fae\/atendimento\/\",\"url\":\"https:\/\/wp.ufpel.edu.br\/fae\/atendimento\/\",\"name\":\"Atendimento - FACULDADE DE EDUCA\u00c7\u00c3O - Ufpel\",\"isPartOf\":{\"@id\":\"https:\/\/wp.ufpel.edu.br\/fae\/#website\"},\"datePublished\":\"2025-01-04T19:55:26+00:00\",\"dateModified\":\"2026-01-29T19:20:22+00:00\",\"breadcrumb\":{\"@id\":\"https:\/\/wp.ufpel.edu.br\/fae\/atendimento\/#breadcrumb\"},\"inLanguage\":\"pt-BR\",\"potentialAction\":[{\"@type\":\"ReadAction\",\"target\":[\"https:\/\/wp.ufpel.edu.br\/fae\/atendimento\/\"]}]},{\"@type\":\"BreadcrumbList\",\"@id\":\"https:\/\/wp.ufpel.edu.br\/fae\/atendimento\/#breadcrumb\",\"itemListElement\":[{\"@type\":\"ListItem\",\"position\":1,\"name\":\"In\u00edcio\",\"item\":\"https:\/\/wp.ufpel.edu.br\/fae\/\"},{\"@type\":\"ListItem\",\"position\":2,\"name\":\"Atendimento\"}]},{\"@type\":\"WebSite\",\"@id\":\"https:\/\/wp.ufpel.edu.br\/fae\/#website\",\"url\":\"https:\/\/wp.ufpel.edu.br\/fae\/\",\"name\":\"FACULDADE DE EDUCA\u00c7\u00c3O - Ufpel\",\"description\":\"\",\"potentialAction\":[{\"@type\":\"SearchAction\",\"target\":{\"@type\":\"EntryPoint\",\"urlTemplate\":\"https:\/\/wp.ufpel.edu.br\/fae\/?s={search_term_string}\"},\"query-input\":{\"@type\":\"PropertyValueSpecification\",\"valueRequired\":true,\"valueName\":\"search_term_string\"}}],\"inLanguage\":\"pt-BR\"}]}<\/script>\n<!-- \/ Yoast SEO plugin. -->","yoast_head_json":{"title":"Atendimento - FACULDADE DE EDUCA\u00c7\u00c3O - Ufpel","robots":{"index":"index","follow":"follow","max-snippet":"max-snippet:-1","max-image-preview":"max-image-preview:large","max-video-preview":"max-video-preview:-1"},"canonical":"https:\/\/wp.ufpel.edu.br\/fae\/atendimento\/","og_locale":"pt_BR","og_type":"article","og_title":"Atendimento - FACULDADE DE EDUCA\u00c7\u00c3O - Ufpel","og_description":"O atendimento administrativo da FaE ocorre em regime h\u00edbrido, com servidores T\u00e9cnicos alternando dias de trabalho presencial e remoto.\u00a0A tabela abaixo apresenta os dias presenciais habituais de cada servidor(a), e mais abaixo seguem os contatos institucionais. Eventualmente, podem ocorrer altera\u00e7\u00f5es pontuais na escala, em raz\u00e3o de afastamentos, f\u00e9rias ou situa\u00e7\u00f5es imprevistas, sem atualiza\u00e7\u00e3o imediata desta [&hellip;]","og_url":"https:\/\/wp.ufpel.edu.br\/fae\/atendimento\/","og_site_name":"FACULDADE DE EDUCA\u00c7\u00c3O - Ufpel","article_modified_time":"2026-01-29T19:20:22+00:00","twitter_card":"summary_large_image","twitter_misc":{"Est. tempo de leitura":"2 minutos"},"schema":{"@context":"https:\/\/schema.org","@graph":[{"@type":"WebPage","@id":"https:\/\/wp.ufpel.edu.br\/fae\/atendimento\/","url":"https:\/\/wp.ufpel.edu.br\/fae\/atendimento\/","name":"Atendimento - FACULDADE DE EDUCA\u00c7\u00c3O - Ufpel","isPartOf":{"@id":"https:\/\/wp.ufpel.edu.br\/fae\/#website"},"datePublished":"2025-01-04T19:55:26+00:00","dateModified":"2026-01-29T19:20:22+00:00","breadcrumb":{"@id":"https:\/\/wp.ufpel.edu.br\/fae\/atendimento\/#breadcrumb"},"inLanguage":"pt-BR","potentialAction":[{"@type":"ReadAction","target":["https:\/\/wp.ufpel.edu.br\/fae\/atendimento\/"]}]},{"@type":"BreadcrumbList","@id":"https:\/\/wp.ufpel.edu.br\/fae\/atendimento\/#breadcrumb","itemListElement":[{"@type":"ListItem","position":1,"name":"In\u00edcio","item":"https:\/\/wp.ufpel.edu.br\/fae\/"},{"@type":"ListItem","position":2,"name":"Atendimento"}]},{"@type":"WebSite","@id":"https:\/\/wp.ufpel.edu.br\/fae\/#website","url":"https:\/\/wp.ufpel.edu.br\/fae\/","name":"FACULDADE DE EDUCA\u00c7\u00c3O - Ufpel","description":"","potentialAction":[{"@type":"SearchAction","target":{"@type":"EntryPoint","urlTemplate":"https:\/\/wp.ufpel.edu.br\/fae\/?s={search_term_string}"},"query-input":{"@type":"PropertyValueSpecification","valueRequired":true,"valueName":"search_term_string"}}],"inLanguage":"pt-BR"}]}},"jetpack_sharing_enabled":true,"jetpack_shortlink":"https:\/\/wp.me\/P6QmCH-Id","jetpack_likes_enabled":true,"_links":{"self":[{"href":"https:\/\/wp.ufpel.edu.br\/fae\/wp-json\/wp\/v2\/pages\/2741","targetHints":{"allow":["GET"]}}],"collection":[{"href":"https:\/\/wp.ufpel.edu.br\/fae\/wp-json\/wp\/v2\/pages"}],"about":[{"href":"https:\/\/wp.ufpel.edu.br\/fae\/wp-json\/wp\/v2\/types\/page"}],"author":[{"embeddable":true,"href":"https:\/\/wp.ufpel.edu.br\/fae\/wp-json\/wp\/v2\/users\/325"}],"replies":[{"embeddable":true,"href":"https:\/\/wp.ufpel.edu.br\/fae\/wp-json\/wp\/v2\/comments?post=2741"}],"version-history":[{"count":3,"href":"https:\/\/wp.ufpel.edu.br\/fae\/wp-json\/wp\/v2\/pages\/2741\/revisions"}],"predecessor-version":[{"id":3087,"href":"https:\/\/wp.ufpel.edu.br\/fae\/wp-json\/wp\/v2\/pages\/2741\/revisions\/3087"}],"wp:attachment":[{"href":"https:\/\/wp.ufpel.edu.br\/fae\/wp-json\/wp\/v2\/media?parent=2741"}],"curies":[{"name":"wp","href":"https:\/\/api.w.org\/{rel}","templated":true}]}}